{"id":2798,"date":"2021-01-14T14:10:22","date_gmt":"2021-01-14T14:10:22","guid":{"rendered":"http:\/\/www.le-professionnel.com\/?post_type=product&#038;p=2798"},"modified":"2021-01-14T14:10:23","modified_gmt":"2021-01-14T14:10:23","slug":"echafaudage-roulant-generis-750-3","status":"publish","type":"product","link":"https:\/\/www.le-professionnel.com\/?product=echafaudage-roulant-generis-750-3","title":{"rendered":"\u00e9chafaudage roulant GENERIS 750-3"},"content":{"rendered":"<p>Le Generis 750 est un \u00e9chafaudage roulant en acier galvanis\u00e9 avec un plancher de 190 x 67 cm, lui procurant une tr\u00e8s grande stabilit\u00e9 et une utilisation en int\u00e9rieur comme en ext\u00e9rieur. Ses roues de 200 mm r\u00e9glables permettent un ajustement sur tout type de surface. Sa base pliante, ses garde-corps monobloc et ses planchers bacs permettent une mise en place tr\u00e8s rapide en s\u00e9curit\u00e9. Il dispose de la norme NF avec une hauteur de travail maximum de 14 m\u00e8tres.<\/p>\n","protected":false},"excerpt":{"rendered":"<ul>\n<li>Montage s\u00e9curit\u00e9 garde-corps et plateau par une seule personne.<\/li>\n<li>Kit escalier en option et r\u00e9glage des roues \u00f8 200 mm.<\/li>\n<li>Grutage possible avec un kit optionnel.<\/li>\n<li>Rangement optimis\u00e9 dans le rack Generis 750\/850\/950.*<\/li>\n<li>Base en croix monobloc pliante pour une mise en place simplifi\u00e9e \u00e0 une seule personne.<\/li>\n<li>Planchers bac avec plinthes int\u00e9gr\u00e9es et poign\u00e9es de pr\u00e9hension pour faciliter la mise en place.<\/li>\n<li>Le diam\u00e8tre des roues en fait des mod\u00e8les qui peuvent s\u2019adapter \u00e0 des chantiers encombr\u00e9s.<\/li>\n<\/ul>\n","protected":false},"featured_media":2799,"template":"","meta":[],"brands":[],"_links":{"self":[{"href":"https:\/\/www.le-professionnel.com\/index.php?rest_route=\/wp\/v2\/product\/2798"}],"collection":[{"href":"https:\/\/www.le-professionnel.com\/index.php?rest_route=\/wp\/v2\/product"}],"about":[{"href":"https:\/\/www.le-professionnel.com\/index.php?rest_route=\/wp\/v2\/types\/product"}],"version-history":[{"count":1,"href":"https:\/\/www.le-professionnel.com\/index.php?rest_route=\/wp\/v2\/product\/2798\/revisions"}],"predecessor-version":[{"id":2800,"href":"https:\/\/www.le-professionnel.com\/index.php?rest_route=\/wp\/v2\/product\/2798\/revisions\/2800"}],"wp:featuredmedia":[{"embeddable":true,"href":"https:\/\/www.le-professionnel.com\/index.php?rest_route=\/wp\/v2\/media\/2799"}],"wp:attachment":[{"href":"https:\/\/www.le-professionnel.com\/index.php?rest_route=%2Fwp%2Fv2%2Fmedia&parent=2798"}],"curies":[{"name":"wp","href":"https:\/\/api.w.org\/{rel}","templated":true}]}}