{"id":2758,"date":"2021-01-12T09:39:24","date_gmt":"2021-01-12T09:39:24","guid":{"rendered":"http:\/\/www.le-professionnel.com\/?post_type=product&#038;p=2758"},"modified":"2021-01-19T18:10:28","modified_gmt":"2021-01-19T18:10:28","slug":"palan-electrique-a-chaine-abk","status":"publish","type":"product","link":"https:\/\/www.le-professionnel.com\/?product=palan-electrique-a-chaine-abk","title":{"rendered":"Palan \u00e9lectrique \u00e0 cha\u00eene ABK"},"content":{"rendered":"<div class=\" stcode_title4\">\n<h3><span class=\"text\"><span>Palan \u00e9lectrique \u00e0 cha\u00eene ABK<\/span><\/span><\/h3>\n<\/div>\n<div class=\"vc_row wpb_row vc_inner vc_row-fluid\">\n<div class=\"wpb_column vc_column_container vc_col-sm-12\">\n<div class=\"wpb_wrapper\">\n<div class=\"wpb_text_column wpb_content_element \">\n<div class=\"wpb_wrapper\">\n<div class=\"catIntro\">\n<div class=\"itemIntroText\">\n<p><img loading=\"lazy\" class=\"alignright size-medium wp-image-790\" src=\"https:\/\/www.vicinaycemvisa.com\/ipm\/wp-content\/uploads\/2015\/04\/42-300x176.jpg\" alt=\"42\" width=\"300\" height=\"176\" \/><span>Le but principal des palans \u00e9lectriques \u00e0 cha\u00eene ABK fabriqu\u00e9s par Vicinay Cemvisa est de soulever des charges de mani\u00e8re simple et s\u00fbre.<\/span><\/p>\n<p><strong><span>Les<\/span><\/strong><span>\u00a0palans\u00a0<strong>Vicinay Cemvisa<\/strong>\u00a0sont construits sur un corps en aluminium moul\u00e9 sous pression sur lequel sont mont\u00e9s les engrenages et les m\u00e9canismes pour un levage de charge en toute s\u00e9curit\u00e9.<\/span><\/p>\n<p><strong><span>Vicinay Cemvisa<\/span><\/strong><span>\u00a0dispose d&rsquo;une \u00e9quipe professionnelle hautement qualifi\u00e9e pour la conception et la fabrication de ses palans.<\/span><\/p>\n<\/div>\n<p><strong><span>Le service<\/span><\/strong><span>\u00a0qualit\u00e9 de\u00a0<strong>Vicinay Cemvisa<\/strong>\u00a0s&rsquo;assure que ses palans ont \u00e9t\u00e9 con\u00e7us et fabriqu\u00e9s conform\u00e9ment aux normes et proc\u00e9dures de l&rsquo;entreprise et aux r\u00e9glementations FEM en vigueur.<\/span><\/p>\n<p><span>Une fois fabriqu\u00e9s, nos palans sont soumis \u00e0 des tests de charge rigoureux.<\/span><\/p>\n<p><strong><span>Vicinay Cemvisa<\/span><\/strong><span>\u00a0livre tous ses palans avec mode d&#8217;emploi, vues \u00e9clat\u00e9es et listes de pi\u00e8ces et garantie de 12 mois extensible \u00e0 36 mois.<\/span><\/p>\n<\/div>\n<\/div>\n<\/div>\n<\/div>\n<\/div>\n<\/div>\n","protected":false},"excerpt":{"rendered":"<p><span>Les principaux avantages des\u00a0<\/span><strong><span>palans<\/span><\/strong><span>\u00a0\u00e9lectriques \u00e0 cha\u00eene\u00a0<strong>Vicinay Cemvisa<\/strong>\u00a0sont:<\/span><\/p>\n<ul>\n<li><span>Conception efficace et construction exceptionnellement s\u00fbre.<\/span><\/li>\n<li><span>Tr\u00e8s faibles niveaux de maintenance.<\/span><\/li>\n<li><span>Facile \u00e0 utiliser.<\/span><\/li>\n<li><span>Gamme d&rsquo;accessoires disponibles.<\/span><\/li>\n<li><span>Engagement d&rsquo;assistance illimit\u00e9.\u00a0<\/span><strong><span>Vicinay Cemvisa<\/span><\/strong><span>\u00a0s&rsquo;engage \u00e0 fournir \u00e0 ses clients des services de haute qualit\u00e9 dans les plus brefs d\u00e9lais.<\/span><\/li>\n<li><span><span>Corps en alliage d&rsquo;aluminium l\u00e9ger haute r\u00e9sistance.<\/span><\/span><\/li>\n<li><span><span>Roulements et engrenages graiss\u00e9s et scell\u00e9s \u00e0 vie.<\/span><\/span><\/li>\n<li><span><span>Limiteurs de charge \u00e0 haut rendement \u00e0 bain d&rsquo;huile.<\/span><\/span><\/li>\n<li><span><span>Cha\u00eene calibr\u00e9e et durcie de grade 80 selon les sp\u00e9cifications EN-818-7.<\/span><\/span><\/li>\n<li><span><span>Moteur de frein s\u00e9curis\u00e9.<\/span><\/span><\/li>\n<li><span><span>Collecteur de cha\u00eene int\u00e9gr\u00e9.<\/span><\/span><\/li>\n<li><span><span>Alimentation 230 \/ 400V, 50 Hz.<\/span><\/span><\/li>\n<li><span><span>Moteur d&rsquo;isolation de classe F avec protection IP55.<\/span><\/span><\/li>\n<li><span><span>Bo\u00eetier de commande facilement accessible.<\/span><\/span><\/li>\n<li><span><span>Pendentif de commande avec bouton d&rsquo;arr\u00eat d&rsquo;urgence.<\/span><\/span><\/li>\n<li><span><span>Test\u00e9 dans nos locaux avec une surcharge de 25%.<\/span><\/span><\/li>\n<li><span><span>Interrupteurs de fin de course sup\u00e9rieur et inf\u00e9rieur.<\/span><\/span><\/li>\n<\/ul>\n","protected":false},"featured_media":2759,"template":"","meta":[],"brands":[{"id":131,"name":"Vicinay","slug":"vicinay"}],"_links":{"self":[{"href":"https:\/\/www.le-professionnel.com\/index.php?rest_route=\/wp\/v2\/product\/2758"}],"collection":[{"href":"https:\/\/www.le-professionnel.com\/index.php?rest_route=\/wp\/v2\/product"}],"about":[{"href":"https:\/\/www.le-professionnel.com\/index.php?rest_route=\/wp\/v2\/types\/product"}],"version-history":[{"count":3,"href":"https:\/\/www.le-professionnel.com\/index.php?rest_route=\/wp\/v2\/product\/2758\/revisions"}],"predecessor-version":[{"id":2776,"href":"https:\/\/www.le-professionnel.com\/index.php?rest_route=\/wp\/v2\/product\/2758\/revisions\/2776"}],"wp:featuredmedia":[{"embeddable":true,"href":"https:\/\/www.le-professionnel.com\/index.php?rest_route=\/wp\/v2\/media\/2759"}],"wp:attachment":[{"href":"https:\/\/www.le-professionnel.com\/index.php?rest_route=%2Fwp%2Fv2%2Fmedia&parent=2758"}],"curies":[{"name":"wp","href":"https:\/\/api.w.org\/{rel}","templated":true}]}}