{"id":2737,"date":"2021-01-09T11:13:12","date_gmt":"2021-01-09T11:13:12","guid":{"rendered":"http:\/\/www.le-professionnel.com\/?post_type=product&#038;p=2737"},"modified":"2021-01-09T11:13:16","modified_gmt":"2021-01-09T11:13:16","slug":"mastermig-300","status":"publish","type":"product","link":"https:\/\/www.le-professionnel.com\/?product=mastermig-300","title":{"rendered":"MASTERMIG 300"},"content":{"rendered":"<div class=\"text\">Poste de soudage \u00e0 fil MIG-MAG\/FLUX\/BRASAGE avec d\u00e9vidoir de fil amovible, indiqu\u00e9 pour une utilisation en milieu industriel.<br \/>\nUtilisation universelle pour diff\u00e9rents types de mat\u00e9riaux tels que acier, acier inox, aciers \u00e0 haute r\u00e9sistance et aluminium.<br \/>\nCaract\u00e9ristiques:<br \/>\n&#8211; Tr\u00e8s robuste<br \/>\n&#8211; Nombre \u00e9lev\u00e9 de phases de r\u00e9gulation de la tension de l\u2019arc<br \/>\n&#8211; R\u00e9gulation du temps de pointage<br \/>\n&#8211; Deuxpositions de r\u00e9actance<br \/>\n&#8211; Protection thermostatique<br \/>\nLes rallonges (en option) permettent d\u2019accro\u00eetrele rayon d\u2019action en portant \u00e0 10 m\u00e8tres la distance entre d\u00e9vidoir de fil et g\u00e9n\u00e9rateur de courant.<br \/>\nFourni avec accessoires de soudage MIG-MAG.<\/div>\n<div class=\"obj\"><span class=\"img\"><img title=\"MIG-MAG FLUX\" src=\"https:\/\/www.telwin.com\/webtelwin\/telwinimg.nsf\/TelWinImg\/IM2280\/$FILE\/IM2280.png?OpenElement\" alt=\"MIG-MAG FLUX\" \/><\/span><span class=\"nome\">MIG-MAG FLUX<\/span><\/div>\n<div class=\"obj\"><span class=\"img\"><img title=\"MARQUAGE CE\" src=\"https:\/\/www.telwin.com\/webtelwin\/telwinimg.nsf\/TelWinImg\/IM2700\/$FILE\/IM2700.png?OpenElement\" alt=\"MARQUAGE CE\" \/><\/span><span class=\"nome\">MARQUAGE CE<\/span><\/div>\n<div class=\"obj\"><span class=\"img\"><img title=\"3 PH 230V-400V\" src=\"https:\/\/www.telwin.com\/webtelwin\/telwinimg.nsf\/TelWinImg\/IM2390\/$FILE\/IM2390.png?OpenElement\" alt=\"3 PH 230V-400V\" \/><\/span><span class=\"nome\">3 PH 230V-400V<\/span><\/div>\n<div class=\"obj\"><span class=\"img\"><img title=\"CERTIFICATION EAC\" src=\"https:\/\/www.telwin.com\/webtelwin\/telwinimg.nsf\/TelWinImg\/IM2710\/$FILE\/IM2710.png?OpenElement\" alt=\"CERTIFICATION EAC\" \/><\/span><span class=\"nome\">CERTIFICATION EAC<\/span><\/div>\n<div class=\"obj\"><span class=\"img\"><img title=\"EXTENSION MAX 10 m\" src=\"https:\/\/www.telwin.com\/webtelwin\/telwinimg.nsf\/TelWinImg\/IM1490\/$FILE\/IM1490.png?OpenElement\" alt=\"EXTENSION MAX 10 m\" \/><\/span><span class=\"nome\">EXTENSION MAX 10 m<\/span><\/div>\n<div class=\"obj\"><span class=\"img\"><img title=\"CERTIFICATION  T\u00dcV\" src=\"https:\/\/www.telwin.com\/webtelwin\/telwinimg.nsf\/TelWinImg\/IM2720\/$FILE\/IM2720.png?OpenElement\" alt=\"CERTIFICATION  T\u00dcV\" \/><\/span><span class=\"nome\">CERTIFICATION T\u00dcV<\/span><\/div>\n<div class=\"obj\"><span class=\"img\"><img title=\"BOBINE 15 kg\" src=\"https:\/\/www.telwin.com\/webtelwin\/telwinimg.nsf\/TelWinImg\/IM2570\/$FILE\/IM2570.png?OpenElement\" alt=\"BOBINE 15 kg\" \/><\/span><span class=\"nome\">BOBINE 15 kg<\/span><\/div>\n","protected":false},"excerpt":{"rendered":"<div class=\"obj\"><span class=\"img\"><img title=\"\" src=\"https:\/\/www.telwin.com\/webtelwin\/telwinimg.nsf\/TelWinImg\/IM0009\/$FILE\/IM0009.png?OpenElement\" alt=\"\" \/><\/span><span class=\"nome\">CODE<\/span><span class=\"code\">827003<\/span><\/div>\n<div class=\"obj\"><span class=\"img\"><img title=\"\" src=\"https:\/\/www.telwin.com\/webtelwin\/telwinimg.nsf\/TelWinImg\/IM0031\/$FILE\/IM0031.png?OpenElement\" alt=\"\" \/><\/span><span class=\"nome\">POSITIONS DE REGLAGE<\/span><span class=\"code\">12<\/span><\/div>\n<div class=\"obj\"><span class=\"img\"><img title=\"\" src=\"https:\/\/www.telwin.com\/webtelwin\/telwinimg.nsf\/TelWinImg\/IM0151\/$FILE\/IM0151.png?OpenElement\" alt=\"\" \/><\/span><span class=\"nome\">TENSION DE RESEAU TRIPHASEE<\/span><span class=\"code\">230 \/ 400 V<\/span><\/div>\n<div class=\"obj\"><span class=\"img\"><img title=\"\" src=\"https:\/\/www.telwin.com\/webtelwin\/telwinimg.nsf\/TelWinImg\/IM0042\/$FILE\/IM0042.png?OpenElement\" alt=\"\" \/><\/span><span class=\"nome\">D. FIL DE SOUDAGE ACIER<\/span><span class=\"code\">0,6 &#8211; 1,2 mm<\/span><\/div>\n<div class=\"obj\"><span class=\"img\"><img title=\"\" src=\"https:\/\/www.telwin.com\/webtelwin\/telwinimg.nsf\/TelWinImg\/IM0140\/$FILE\/IM0140.png?OpenElement\" alt=\"\" \/><\/span><span class=\"nome\">FREQUENCE DU RESEAU<\/span><span class=\"code\">50 \/ 60 Hz<\/span><\/div>\n<div class=\"obj\"><span class=\"img\"><img title=\"\" src=\"https:\/\/www.telwin.com\/webtelwin\/telwinimg.nsf\/TelWinImg\/IM0043\/$FILE\/IM0043.png?OpenElement\" alt=\"\" \/><\/span><span class=\"nome\">D. FIL DE SOUDAGE INOX<\/span><span class=\"code\">0,6 &#8211; 1,2 mm<\/span><\/div>\n<div class=\"obj\"><span class=\"img\"><img title=\"\" src=\"https:\/\/www.telwin.com\/webtelwin\/telwinimg.nsf\/TelWinImg\/IM0014\/$FILE\/IM0014.png?OpenElement\" alt=\"\" \/><\/span><span class=\"nome\">PLAGE DE REGLAGE<\/span><span class=\"code\">40 &#8211; 300 A<\/span><\/div>\n<div class=\"obj\"><span class=\"img\"><img title=\"\" src=\"https:\/\/www.telwin.com\/webtelwin\/telwinimg.nsf\/TelWinImg\/IM0044\/$FILE\/IM0044.png?OpenElement\" alt=\"\" \/><\/span><span class=\"nome\">D. FIL DE SOUDAGE ALUMINIUM<\/span><span class=\"code\">0,8 &#8211; 1,2 mm<\/span><\/div>\n<div class=\"obj\"><span class=\"img\"><img title=\"\" src=\"https:\/\/www.telwin.com\/webtelwin\/telwinimg.nsf\/TelWinImg\/IM0018\/$FILE\/IM0018.png?OpenElement\" alt=\"\" \/><\/span><span class=\"nome\">COURANT MAX DC (EN 60974-1)<\/span><span class=\"code\">300 @ 25 % A<\/span><\/div>\n<div class=\"obj\"><span class=\"img\"><img title=\"\" src=\"https:\/\/www.telwin.com\/webtelwin\/telwinimg.nsf\/TelWinImg\/IM0045\/$FILE\/IM0045.png?OpenElement\" alt=\"\" \/><\/span><span class=\"nome\">D. FIL DE SOUDAGE FOURRE<\/span><span class=\"code\">1 &#8211; 1,2 mm<\/span><\/div>\n<div class=\"obj\"><span class=\"img\"><img title=\"\" src=\"https:\/\/www.telwin.com\/webtelwin\/telwinimg.nsf\/TelWinImg\/IM0020\/$FILE\/IM0020.png?OpenElement\" alt=\"\" \/><\/span><span class=\"nome\">COURANT EN DC<\/span><span class=\"code\">200 A<\/span><\/div>\n<div class=\"obj\"><span class=\"img\"><img title=\"\" src=\"https:\/\/www.telwin.com\/webtelwin\/telwinimg.nsf\/TelWinImg\/IM0046\/$FILE\/IM0046.png?OpenElement\" alt=\"\" \/><\/span><span class=\"nome\">D. FIL POUR BRASAGE<\/span><span class=\"code\">0,8 &#8211; 1,2 mm<\/span><\/div>\n<div class=\"obj\"><span class=\"img\"><img title=\"\" src=\"https:\/\/www.telwin.com\/webtelwin\/telwinimg.nsf\/TelWinImg\/IM0024\/$FILE\/IM0024.png?OpenElement\" alt=\"\" \/><\/span><span class=\"nome\">TENSION A VIDE MAX<\/span><span class=\"code\">41,5 V<\/span><\/div>\n<div class=\"obj\"><span class=\"img\"><img title=\"\" src=\"https:\/\/www.telwin.com\/webtelwin\/telwinimg.nsf\/TelWinImg\/IM0036\/$FILE\/IM0036.png?OpenElement\" alt=\"\" \/><\/span><span class=\"nome\">DEGRE DE PROTECTION<\/span><span class=\"code\">IP22<\/span><\/div>\n<div class=\"obj\"><span class=\"img\"><img title=\"\" src=\"https:\/\/www.telwin.com\/webtelwin\/telwinimg.nsf\/TelWinImg\/IM0153\/$FILE\/IM0153.png?OpenElement\" alt=\"\" \/><\/span><span class=\"nome\">PUISSANCE ABSORBEE MAX<\/span><span class=\"code\">11,5 kW<\/span><\/div>\n<div class=\"obj\"><span class=\"img\"><img title=\"\" src=\"https:\/\/www.telwin.com\/webtelwin\/telwinimg.nsf\/TelWinImg\/IM0037\/$FILE\/IM0037.png?OpenElement\" alt=\"\" \/><\/span><span class=\"nome\">DIMENSIONS<\/span><span class=\"code\">94,5 x 56,5 x 83 cm<\/span><\/div>\n<div class=\"obj\"><span class=\"img\"><img title=\"\" src=\"https:\/\/www.telwin.com\/webtelwin\/telwinimg.nsf\/TelWinImg\/IM0154\/$FILE\/IM0154.png?OpenElement\" alt=\"\" \/><\/span><span class=\"nome\">PUISSANCE ABSORBEE AU 60%<\/span><span class=\"code\">6 kW<\/span><\/div>\n<div class=\"obj\"><span class=\"img\"><img title=\"\" src=\"https:\/\/www.telwin.com\/webtelwin\/telwinimg.nsf\/TelWinImg\/IM0039\/$FILE\/IM0039.png?OpenElement\" alt=\"\" \/><\/span><span class=\"nome\">POIDS<\/span><span class=\"code\">96 kg<\/span><\/div>\n<div class=\"obj\"><span class=\"img\"><img title=\"\" src=\"https:\/\/www.telwin.com\/webtelwin\/telwinimg.nsf\/TelWinImg\/IM0028\/$FILE\/IM0028.png?OpenElement\" alt=\"\" \/><\/span><span class=\"nome\">FUSIBLE AU RESEAU<\/span><span class=\"code\">16 \/ 10 A<\/span><\/div>\n<div class=\"obj\"><span class=\"img\"><img title=\"\" src=\"https:\/\/www.telwin.com\/webtelwin\/telwinimg.nsf\/TelWinImg\/IM0010\/$FILE\/IM0010.png?OpenElement\" alt=\"\" \/><\/span><span class=\"nome\">CODE EAN<\/span><span class=\"code\">800489764042 6<\/span><\/div>\n<div class=\"obj\"><span class=\"img\"><img title=\"\" src=\"https:\/\/www.telwin.com\/webtelwin\/telwinimg.nsf\/TelWinImg\/IM0030\/$FILE\/IM0030.png?OpenElement\" alt=\"\" \/><\/span><span class=\"nome\">FACTEUR DE PUISSANCE (cosphi)<\/span><span class=\"code\">0,9<\/span><\/div>\n<div class=\"obj\"><span class=\"img\"><img title=\"\" src=\"https:\/\/www.telwin.com\/webtelwin\/telwinimg.nsf\/TelWinImg\/IM0124\/$FILE\/IM0124.png?OpenElement\" alt=\"\" \/><\/span><span class=\"nome\">PIECES\/PALETTE<\/span><span class=\"code\">2 pz\/pallet<\/span><\/div>\n","protected":false},"featured_media":2738,"template":"","meta":[],"brands":[{"id":30,"name":"TELWIN","slug":"telwin"}],"_links":{"self":[{"href":"https:\/\/www.le-professionnel.com\/index.php?rest_route=\/wp\/v2\/product\/2737"}],"collection":[{"href":"https:\/\/www.le-professionnel.com\/index.php?rest_route=\/wp\/v2\/product"}],"about":[{"href":"https:\/\/www.le-professionnel.com\/index.php?rest_route=\/wp\/v2\/types\/product"}],"version-history":[{"count":2,"href":"https:\/\/www.le-professionnel.com\/index.php?rest_route=\/wp\/v2\/product\/2737\/revisions"}],"predecessor-version":[{"id":2740,"href":"https:\/\/www.le-professionnel.com\/index.php?rest_route=\/wp\/v2\/product\/2737\/revisions\/2740"}],"wp:featuredmedia":[{"embeddable":true,"href":"https:\/\/www.le-professionnel.com\/index.php?rest_route=\/wp\/v2\/media\/2738"}],"wp:attachment":[{"href":"https:\/\/www.le-professionnel.com\/index.php?rest_route=%2Fwp%2Fv2%2Fmedia&parent=2737"}],"curies":[{"name":"wp","href":"https:\/\/api.w.org\/{rel}","templated":true}]}}