{"id":2701,"date":"2021-01-09T10:28:28","date_gmt":"2021-01-09T10:28:28","guid":{"rendered":"http:\/\/www.le-professionnel.com\/?post_type=product&#038;p=2701"},"modified":"2021-01-09T10:28:38","modified_gmt":"2021-01-09T10:28:38","slug":"linear-280","status":"publish","type":"product","link":"https:\/\/www.le-professionnel.com\/?product=linear-280","title":{"rendered":"LINEAR 280"},"content":{"rendered":"<p>Poste de soudage \u00e0 \u00e9lectrode, MMA en courant continu (DC). R\u00e9glage continu du courant de soudage. Utilisation universelle pour diff\u00e9rents types d\u2019\u00e9lectrodes: rutiles, basiques, inox, fonte, aluminium.<\/p>\n<div class=\"obj\"><span class=\"img\"><img title=\"MMA DC\" src=\"https:\/\/www.telwin.com\/webtelwin\/telwinimg.nsf\/TelWinImg\/IM2240\/$FILE\/IM2240.png?OpenElement\" alt=\"MMA DC\" \/><\/span><span class=\"nome\">MMA DC<\/span><\/div>\n<div class=\"obj\"><span class=\"img\"><img title=\"MARQUAGE CE\" src=\"https:\/\/www.telwin.com\/webtelwin\/telwinimg.nsf\/TelWinImg\/IM2700\/$FILE\/IM2700.png?OpenElement\" alt=\"MARQUAGE CE\" \/><\/span><span class=\"nome\">MARQUAGE CE<\/span><\/div>\n<div class=\"obj\"><span class=\"img\"><img title=\"RECTIFI\u00c9\" src=\"https:\/\/www.telwin.com\/webtelwin\/telwinimg.nsf\/TelWinImg\/IM1270\/$FILE\/IM1270.png?OpenElement\" alt=\"RECTIFI\u00c9\" \/><\/span><span class=\"nome\">RECTIFI\u00c9<\/span><\/div>\n<div class=\"obj\"><span class=\"img\"><img title=\"CERTIFICATION EAC\" src=\"https:\/\/www.telwin.com\/webtelwin\/telwinimg.nsf\/TelWinImg\/IM2710\/$FILE\/IM2710.png?OpenElement\" alt=\"CERTIFICATION EAC\" \/><\/span><span class=\"nome\">CERTIFICATION EAC<\/span><\/div>\n<div class=\"obj\"><span class=\"img\"><img title=\"3 PH 230V-400V\" src=\"https:\/\/www.telwin.com\/webtelwin\/telwinimg.nsf\/TelWinImg\/IM2390\/$FILE\/IM2390.png?OpenElement\" alt=\"3 PH 230V-400V\" \/><\/span><span class=\"nome\">3 PH 230V-400V<\/span><\/div>\n<div class=\"obj\"><span class=\"img\"><img title=\"CERTIFICATION  T\u00dcV\" src=\"https:\/\/www.telwin.com\/webtelwin\/telwinimg.nsf\/TelWinImg\/IM2720\/$FILE\/IM2720.png?OpenElement\" alt=\"CERTIFICATION  T\u00dcV\" \/><\/span><span class=\"nome\">CERTIFICATION T\u00dcV<\/span><\/div>\n","protected":false},"excerpt":{"rendered":"<div class=\"obj\"><span class=\"img\"><img title=\"\" src=\"https:\/\/www.telwin.com\/webtelwin\/telwinimg.nsf\/TelWinImg\/IM0009\/$FILE\/IM0009.png?OpenElement\" alt=\"\" \/><\/span><span class=\"nome\">CODE<\/span><span class=\"code\">818002<\/span><\/div>\n<div class=\"obj\"><span class=\"img\"><img title=\"\" src=\"https:\/\/www.telwin.com\/webtelwin\/telwinimg.nsf\/TelWinImg\/IM0154\/$FILE\/IM0154.png?OpenElement\" alt=\"\" \/><\/span><span class=\"nome\">PUISSANCE ABSORBEE AU 60%<\/span><span class=\"code\">5 kW<\/span><\/div>\n<div class=\"obj\"><span class=\"img\"><img title=\"\" src=\"https:\/\/www.telwin.com\/webtelwin\/telwinimg.nsf\/TelWinImg\/IM0151\/$FILE\/IM0151.png?OpenElement\" alt=\"\" \/><\/span><span class=\"nome\">TENSION DE RESEAU TRIPHASEE<\/span><span class=\"code\">230 \/ 400 V<\/span><\/div>\n<div class=\"obj\"><span class=\"img\"><img title=\"\" src=\"https:\/\/www.telwin.com\/webtelwin\/telwinimg.nsf\/TelWinImg\/IM0030\/$FILE\/IM0030.png?OpenElement\" alt=\"\" \/><\/span><span class=\"nome\">FACTEUR DE PUISSANCE (cosphi)<\/span><span class=\"code\">0,6<\/span><\/div>\n<div class=\"obj\"><span class=\"img\"><img title=\"\" src=\"https:\/\/www.telwin.com\/webtelwin\/telwinimg.nsf\/TelWinImg\/IM0140\/$FILE\/IM0140.png?OpenElement\" alt=\"\" \/><\/span><span class=\"nome\">FREQUENCE DU RESEAU<\/span><span class=\"code\">50 \/ 60 Hz<\/span><\/div>\n<div class=\"obj\"><span class=\"img\"><img title=\"\" src=\"https:\/\/www.telwin.com\/webtelwin\/telwinimg.nsf\/TelWinImg\/IM0034\/$FILE\/IM0034.png?OpenElement\" alt=\"\" \/><\/span><span class=\"nome\">D. ELECTRODE UTILISABLES EN DC<\/span><span class=\"code\">1,6 &#8211; 5 mm<\/span><\/div>\n<div>\n<div class=\"obj\"><span class=\"img\"><img title=\"\" src=\"https:\/\/www.telwin.com\/webtelwin\/telwinimg.nsf\/TelWinImg\/IM0014\/$FILE\/IM0014.png?OpenElement\" alt=\"\" \/><\/span><span class=\"nome\">PLAGE DE REGLAGE<\/span><span class=\"code\">50 &#8211; 260 A<\/span><\/div>\n<div class=\"obj\"><span class=\"img\"><img title=\"\" src=\"https:\/\/www.telwin.com\/webtelwin\/telwinimg.nsf\/TelWinImg\/IM0036\/$FILE\/IM0036.png?OpenElement\" alt=\"\" \/><\/span><span class=\"nome\">DEGRE DE PROTECTION<\/span><span class=\"code\">IP22<\/span><\/div>\n<div class=\"obj\"><span class=\"img\"><img title=\"\" src=\"https:\/\/www.telwin.com\/webtelwin\/telwinimg.nsf\/TelWinImg\/IM0018\/$FILE\/IM0018.png?OpenElement\" alt=\"\" \/><\/span><span class=\"nome\">COURANT MAX DC (EN 60974-1)<\/span><span class=\"code\">190 @ 35 % A<\/span><\/div>\n<div class=\"obj\"><span class=\"img\"><img title=\"\" src=\"https:\/\/www.telwin.com\/webtelwin\/telwinimg.nsf\/TelWinImg\/IM0037\/$FILE\/IM0037.png?OpenElement\" alt=\"\" \/><\/span><span class=\"nome\">DIMENSIONS<\/span><span class=\"code\">89 x 46 x 59 cm<\/span><\/div>\n<div class=\"obj\"><span class=\"img\"><img title=\"\" src=\"https:\/\/www.telwin.com\/webtelwin\/telwinimg.nsf\/TelWinImg\/IM0018\/$FILE\/IM0018.png?OpenElement\" alt=\"\" \/><\/span><span class=\"nome\">COURANT MAX DC (EN 60974-1)<\/span><span class=\"code\">230 @ 25 % A<\/span><\/div>\n<div class=\"obj\"><span class=\"img\"><img title=\"\" src=\"https:\/\/www.telwin.com\/webtelwin\/telwinimg.nsf\/TelWinImg\/IM0039\/$FILE\/IM0039.png?OpenElement\" alt=\"\" \/><\/span><span class=\"nome\">POIDS<\/span><span class=\"code\">65 kg<\/span><\/div>\n<div class=\"obj\"><span class=\"img\"><img title=\"\" src=\"https:\/\/www.telwin.com\/webtelwin\/telwinimg.nsf\/TelWinImg\/IM0020\/$FILE\/IM0020.png?OpenElement\" alt=\"\" \/><\/span><span class=\"nome\">COURANT EN DC<\/span><span class=\"code\">140 A<\/span><\/div>\n<div class=\"obj\"><span class=\"img\"><img title=\"\" src=\"https:\/\/www.telwin.com\/webtelwin\/telwinimg.nsf\/TelWinImg\/IM0010\/$FILE\/IM0010.png?OpenElement\" alt=\"\" \/><\/span><span class=\"nome\">CODE EAN<\/span><span class=\"code\">800489731251 4<\/span><\/div>\n<div class=\"obj\"><span class=\"img\"><img title=\"\" src=\"https:\/\/www.telwin.com\/webtelwin\/telwinimg.nsf\/TelWinImg\/IM0024\/$FILE\/IM0024.png?OpenElement\" alt=\"\" \/><\/span><span class=\"nome\">TENSION A VIDE MAX<\/span><span class=\"code\">62 V<\/span><\/div>\n<div class=\"obj\"><span class=\"img\"><img title=\"\" src=\"https:\/\/www.telwin.com\/webtelwin\/telwinimg.nsf\/TelWinImg\/IM0124\/$FILE\/IM0124.png?OpenElement\" alt=\"\" \/><\/span><span class=\"nome\">PIECES\/PALETTE<\/span><span class=\"code\">6 pz\/pallet<\/span><\/div>\n<div class=\"obj\"><span class=\"img\"><img title=\"\" src=\"https:\/\/www.telwin.com\/webtelwin\/telwinimg.nsf\/TelWinImg\/IM0153\/$FILE\/IM0153.png?OpenElement\" alt=\"\" \/><\/span><span class=\"nome\">PUISSANCE ABSORBEE MAX<\/span><span class=\"code\">8 kW<\/span><\/div>\n<div class=\"obj\"><span class=\"img\"><img title=\"\" src=\"https:\/\/www.telwin.com\/webtelwin\/telwinimg.nsf\/TelWinImg\/IM0123\/$FILE\/IM0123.png?OpenElement\" alt=\"\" \/><\/span><span class=\"nome\">PIECES\/PALETTE &#8211; B<\/span><span class=\"code\">3 pz\/pallet B<\/span><\/div>\n<\/div>\n","protected":false},"featured_media":2703,"template":"","meta":[],"brands":[{"id":30,"name":"TELWIN","slug":"telwin"}],"_links":{"self":[{"href":"https:\/\/www.le-professionnel.com\/index.php?rest_route=\/wp\/v2\/product\/2701"}],"collection":[{"href":"https:\/\/www.le-professionnel.com\/index.php?rest_route=\/wp\/v2\/product"}],"about":[{"href":"https:\/\/www.le-professionnel.com\/index.php?rest_route=\/wp\/v2\/types\/product"}],"version-history":[{"count":1,"href":"https:\/\/www.le-professionnel.com\/index.php?rest_route=\/wp\/v2\/product\/2701\/revisions"}],"predecessor-version":[{"id":2704,"href":"https:\/\/www.le-professionnel.com\/index.php?rest_route=\/wp\/v2\/product\/2701\/revisions\/2704"}],"wp:featuredmedia":[{"embeddable":true,"href":"https:\/\/www.le-professionnel.com\/index.php?rest_route=\/wp\/v2\/media\/2703"}],"wp:attachment":[{"href":"https:\/\/www.le-professionnel.com\/index.php?rest_route=%2Fwp%2Fv2%2Fmedia&parent=2701"}],"curies":[{"name":"wp","href":"https:\/\/api.w.org\/{rel}","templated":true}]}}