{"id":2698,"date":"2021-01-09T10:13:03","date_gmt":"2021-01-09T10:13:03","guid":{"rendered":"http:\/\/www.le-professionnel.com\/?post_type=product&#038;p=2698"},"modified":"2021-01-09T10:13:09","modified_gmt":"2021-01-09T10:13:09","slug":"tecnica-211s","status":"publish","type":"product","link":"https:\/\/www.le-professionnel.com\/?product=tecnica-211s","title":{"rendered":"TECNICA 211s"},"content":{"rendered":"<div class=\"text\">Poste de soudage inverter \u00e0 \u00e9lectrode, MMA et TIG, en courant continu (DC) avec amor\u00e7age \u00e0 contact.<br \/>\nUtilisation facile avec les \u00e9lectrodes les plus diff\u00e9rentes: rutiles, basiques, inox, fonte, etc.<br \/>\nCaract\u00e9ristiques:<br \/>\n&#8211; compact et l\u00e9ger<br \/>\n&#8211; tr\u00e8s haute stabilit\u00e9 du courant de soudage aux variations de tension d&rsquo;alimentation<br \/>\n&#8211; dispositifs arc force, hot start, anti-stick<br \/>\n&#8211; protections thermostatique, survoltage, sous-voltage, surcourant, motogenerateur (+\/- 15%).<br \/>\nFourni avec accessoires de soudage MMA et malette plastique.<\/div>\n<div class=\"obj\"><span class=\"img\"><img title=\"MMA TIG DC SCRATCH\" src=\"https:\/\/www.telwin.com\/webtelwin\/telwinimg.nsf\/TelWinImg\/IM2250\/$FILE\/IM2250.png?OpenElement\" alt=\"MMA TIG DC SCRATCH\" \/><\/span><span class=\"nome\">MMA TIG DC SCRATCH<\/span><\/div>\n<div class=\"obj\"><span class=\"img\"><img title=\"CERTIFICATION EAC\" src=\"https:\/\/www.telwin.com\/webtelwin\/telwinimg.nsf\/TelWinImg\/IM2710\/$FILE\/IM2710.png?OpenElement\" alt=\"CERTIFICATION EAC\" \/><\/span><span class=\"nome\">CERTIFICATION EAC<\/span><\/div>\n<div class=\"obj\"><span class=\"img\"><img title=\"1 PH 230V\" src=\"https:\/\/www.telwin.com\/webtelwin\/telwinimg.nsf\/TelWinImg\/IM2360\/$FILE\/IM2360.png?OpenElement\" alt=\"1 PH 230V\" \/><\/span><span class=\"nome\">1 PH 230V<\/span><\/div>\n<div class=\"obj\"><span class=\"img\"><img title=\"CERTIFICATION  T\u00dcV\" src=\"https:\/\/www.telwin.com\/webtelwin\/telwinimg.nsf\/TelWinImg\/IM2720\/$FILE\/IM2720.png?OpenElement\" alt=\"CERTIFICATION  T\u00dcV\" \/><\/span><span class=\"nome\">CERTIFICATION T\u00dcV<\/span><\/div>\n<div class=\"obj\"><span class=\"img\"><img title=\"MARQUAGE CE\" src=\"https:\/\/www.telwin.com\/webtelwin\/telwinimg.nsf\/TelWinImg\/IM2700\/$FILE\/IM2700.png?OpenElement\" alt=\"MARQUAGE CE\" \/><\/span><span class=\"nome\">MARQUAGE CE<\/span><\/div>\n<div class=\"iconDetails\"><\/div>\n","protected":false},"excerpt":{"rendered":"<div class=\"obj\"><span class=\"img\"><img title=\"\" src=\"https:\/\/www.telwin.com\/webtelwin\/telwinimg.nsf\/TelWinImg\/IM0009\/$FILE\/IM0009.png?OpenElement\" alt=\"\" \/><\/span><span class=\"nome\">CODE<\/span><span class=\"code\">816122<\/span><\/div>\n<div class=\"obj\"><span class=\"img\"><img title=\"\" src=\"https:\/\/www.telwin.com\/webtelwin\/telwinimg.nsf\/TelWinImg\/IM0102\/$FILE\/IM0102.png?OpenElement\" alt=\"\" \/><\/span><span class=\"nome\">PUISSANCE MIN MOTOGENERATEUR<\/span><span class=\"code\">7 kW<\/span><\/div>\n<div class=\"obj\"><span class=\"img\"><img title=\"\" src=\"https:\/\/www.telwin.com\/webtelwin\/telwinimg.nsf\/TelWinImg\/IM0150\/$FILE\/IM0150.png?OpenElement\" alt=\"\" \/><\/span><span class=\"nome\">TENSION DE RESEAU MONOPHASEE<\/span><span class=\"code\">230 V<\/span><\/div>\n<div class=\"obj\"><span class=\"img\"><img title=\"\" src=\"https:\/\/www.telwin.com\/webtelwin\/telwinimg.nsf\/TelWinImg\/IM0028\/$FILE\/IM0028.png?OpenElement\" alt=\"\" \/><\/span><span class=\"nome\">FUSIBLE AU RESEAU<\/span><span class=\"code\">16 A<\/span><\/div>\n<div class=\"obj\"><span class=\"img\"><img title=\"\" src=\"https:\/\/www.telwin.com\/webtelwin\/telwinimg.nsf\/TelWinImg\/IM0140\/$FILE\/IM0140.png?OpenElement\" alt=\"\" \/><\/span><span class=\"nome\">FREQUENCE DU RESEAU<\/span><span class=\"code\">50 \/ 60 Hz<\/span><\/div>\n<div class=\"obj\"><span class=\"img\"><img title=\"\" src=\"https:\/\/www.telwin.com\/webtelwin\/telwinimg.nsf\/TelWinImg\/IM0029\/$FILE\/IM0029.png?OpenElement\" alt=\"\" \/><\/span><span class=\"nome\">RENDEMENT<\/span><span class=\"code\">88 %<\/span><\/div>\n<div class=\"obj\"><span class=\"img\"><img title=\"\" src=\"https:\/\/www.telwin.com\/webtelwin\/telwinimg.nsf\/TelWinImg\/IM0014\/$FILE\/IM0014.png?OpenElement\" alt=\"\" \/><\/span><span class=\"nome\">PLAGE DE REGLAGE<\/span><span class=\"code\">15 &#8211; 180 A<\/span><\/div>\n<div class=\"obj\"><span class=\"img\"><img title=\"\" src=\"https:\/\/www.telwin.com\/webtelwin\/telwinimg.nsf\/TelWinImg\/IM0030\/$FILE\/IM0030.png?OpenElement\" alt=\"\" \/><\/span><span class=\"nome\">FACTEUR DE PUISSANCE (cosphi)<\/span><span class=\"code\">0,7<\/span><\/div>\n<div>\n<div class=\"obj\"><span class=\"img\"><img title=\"\" src=\"https:\/\/www.telwin.com\/webtelwin\/telwinimg.nsf\/TelWinImg\/IM0041\/$FILE\/IM0041.png?OpenElement\" alt=\"\" \/><\/span><span class=\"nome\">%USE (\u00c0 20\u00b0C)<\/span><span class=\"code\">65% @ 180A<\/span><\/div>\n<div class=\"obj\"><span class=\"img\"><img title=\"\" src=\"https:\/\/www.telwin.com\/webtelwin\/telwinimg.nsf\/TelWinImg\/IM0034\/$FILE\/IM0034.png?OpenElement\" alt=\"\" \/><\/span><span class=\"nome\">D. ELECTRODE UTILISABLES EN DC<\/span><span class=\"code\">1,6 &#8211; 4 mm<\/span><\/div>\n<div class=\"obj\"><span class=\"img\"><img title=\"\" src=\"https:\/\/www.telwin.com\/webtelwin\/telwinimg.nsf\/TelWinImg\/IM0018\/$FILE\/IM0018.png?OpenElement\" alt=\"\" \/><\/span><span class=\"nome\">COURANT MAX DC (EN 60974-1)<\/span><span class=\"code\">170 @ 18 % A<\/span><\/div>\n<div class=\"obj\"><span class=\"img\"><img title=\"\" src=\"https:\/\/www.telwin.com\/webtelwin\/telwinimg.nsf\/TelWinImg\/IM0036\/$FILE\/IM0036.png?OpenElement\" alt=\"\" \/><\/span><span class=\"nome\">DEGRE DE PROTECTION<\/span><span class=\"code\">IP23<\/span><\/div>\n<div class=\"obj\"><span class=\"img\"><img title=\"\" src=\"https:\/\/www.telwin.com\/webtelwin\/telwinimg.nsf\/TelWinImg\/IM0020\/$FILE\/IM0020.png?OpenElement\" alt=\"\" \/><\/span><span class=\"nome\">COURANT EN DC<\/span><span class=\"code\">105 A<\/span><\/div>\n<div class=\"obj\"><span class=\"img\"><img title=\"\" src=\"https:\/\/www.telwin.com\/webtelwin\/telwinimg.nsf\/TelWinImg\/IM0037\/$FILE\/IM0037.png?OpenElement\" alt=\"\" \/><\/span><span class=\"nome\">DIMENSIONS<\/span><span class=\"code\">38 x 48 x 17 cm<\/span><\/div>\n<div class=\"obj\"><span class=\"img\"><img title=\"\" src=\"https:\/\/www.telwin.com\/webtelwin\/telwinimg.nsf\/TelWinImg\/IM0024\/$FILE\/IM0024.png?OpenElement\" alt=\"\" \/><\/span><span class=\"nome\">TENSION A VIDE MAX<\/span><span class=\"code\">75 V<\/span><\/div>\n<div class=\"obj\"><span class=\"img\"><img title=\"\" src=\"https:\/\/www.telwin.com\/webtelwin\/telwinimg.nsf\/TelWinImg\/IM0039\/$FILE\/IM0039.png?OpenElement\" alt=\"\" \/><\/span><span class=\"nome\">POIDS<\/span><span class=\"code\">6,7 kg<\/span><\/div>\n<div class=\"obj\"><span class=\"img\"><img title=\"\" src=\"https:\/\/www.telwin.com\/webtelwin\/telwinimg.nsf\/TelWinImg\/IM0015\/$FILE\/IM0015.png?OpenElement\" alt=\"\" \/><\/span><span class=\"nome\">COURANT ABSORB\u00c9 MAX<\/span><span class=\"code\">34 A<\/span><\/div>\n<div class=\"obj\"><span class=\"img\"><img title=\"\" src=\"https:\/\/www.telwin.com\/webtelwin\/telwinimg.nsf\/TelWinImg\/IM0010\/$FILE\/IM0010.png?OpenElement\" alt=\"\" \/><\/span><span class=\"nome\">CODE EAN<\/span><span class=\"code\">800489785091 7<\/span><\/div>\n<div class=\"obj\"><span class=\"img\"><img title=\"\" src=\"https:\/\/www.telwin.com\/webtelwin\/telwinimg.nsf\/TelWinImg\/IM0025\/$FILE\/IM0025.png?OpenElement\" alt=\"\" \/><\/span><span class=\"nome\">COURANT ABSORBEE AU 60% &#8211; MAX<\/span><span class=\"code\">19 A<\/span><\/div>\n<div class=\"obj\"><span class=\"img\"><img title=\"\" src=\"https:\/\/www.telwin.com\/webtelwin\/telwinimg.nsf\/TelWinImg\/IM0124\/$FILE\/IM0124.png?OpenElement\" alt=\"\" \/><\/span><span class=\"nome\">PIECES\/PALETTE<\/span><span class=\"code\">36 pz\/pallet<\/span><\/div>\n<div class=\"obj\"><span class=\"img\"><img title=\"\" src=\"https:\/\/www.telwin.com\/webtelwin\/telwinimg.nsf\/TelWinImg\/IM0153\/$FILE\/IM0153.png?OpenElement\" alt=\"\" \/><\/span><span class=\"nome\">PUISSANCE ABSORBEE MAX<\/span><span class=\"code\">5,3 kW<\/span><\/div>\n<div class=\"obj\"><span class=\"img\"><img title=\"\" src=\"https:\/\/www.telwin.com\/webtelwin\/telwinimg.nsf\/TelWinImg\/IM0123\/$FILE\/IM0123.png?OpenElement\" alt=\"\" \/><\/span><span class=\"nome\">PIECES\/PALETTE &#8211; B<\/span><span class=\"code\">30 pz\/pallet B<\/span><\/div>\n<div class=\"obj\"><span class=\"img\"><img title=\"\" src=\"https:\/\/www.telwin.com\/webtelwin\/telwinimg.nsf\/TelWinImg\/IM0154\/$FILE\/IM0154.png?OpenElement\" alt=\"\" \/><\/span><span class=\"nome\">PUISSANCE ABSORBEE AU 60%<\/span><span class=\"code\">2,9 kW<\/span><\/div>\n<\/div>\n","protected":false},"featured_media":2699,"template":"","meta":[],"brands":[{"id":30,"name":"TELWIN","slug":"telwin"}],"_links":{"self":[{"href":"https:\/\/www.le-professionnel.com\/index.php?rest_route=\/wp\/v2\/product\/2698"}],"collection":[{"href":"https:\/\/www.le-professionnel.com\/index.php?rest_route=\/wp\/v2\/product"}],"about":[{"href":"https:\/\/www.le-professionnel.com\/index.php?rest_route=\/wp\/v2\/types\/product"}],"version-history":[{"count":2,"href":"https:\/\/www.le-professionnel.com\/index.php?rest_route=\/wp\/v2\/product\/2698\/revisions"}],"predecessor-version":[{"id":2702,"href":"https:\/\/www.le-professionnel.com\/index.php?rest_route=\/wp\/v2\/product\/2698\/revisions\/2702"}],"wp:featuredmedia":[{"embeddable":true,"href":"https:\/\/www.le-professionnel.com\/index.php?rest_route=\/wp\/v2\/media\/2699"}],"wp:attachment":[{"href":"https:\/\/www.le-professionnel.com\/index.php?rest_route=%2Fwp%2Fv2%2Fmedia&parent=2698"}],"curies":[{"name":"wp","href":"https:\/\/api.w.org\/{rel}","templated":true}]}}