{"id":268,"date":"2020-06-11T09:01:19","date_gmt":"2020-06-11T09:01:19","guid":{"rendered":"http:\/\/www.le-professionnel.com\/?post_type=product&#038;p=268"},"modified":"2020-06-22T10:22:30","modified_gmt":"2020-06-22T10:22:30","slug":"gsr-1080-2-li-professional","status":"publish","type":"product","link":"https:\/\/www.le-professionnel.com\/?product=gsr-1080-2-li-professional","title":{"rendered":"GSR 1080-2-LI Professional"},"content":{"rendered":"<section id=\"technicaldata\" class=\"o-technical_details-a trackingModule\" data-track_moduletype=\"O09a_technical_data\">\n<div class=\"container\">\n<div class=\"row\">\n<div class=\"col-xs-12\">\n<div class=\"headline hl1\"><strong>Caract\u00e9ristiques techniques<\/strong><\/div>\n<\/div>\n<\/div>\n<div class=\"row\">\n<div class=\"col-lg-8 col-xs-12\">\n<table class=\"table\">\n<colgroup>\n<col class=\"col-xs-5\" \/>\n<col class=\"col-xs-3\" \/><\/colgroup>\n<thead>\n<tr>\n<th class=\"headline hl4\" colspan=\"2\">Donn\u00e9es suppl\u00e9mentaires<\/th>\n<\/tr>\n<\/thead>\n<tbody>\n<tr>\n<td><b>Tension de la batterie*<\/b><\/td>\n<td><b>10,8<\/b>\u00a0<b>V<\/b><\/td>\n<\/tr>\n<tr>\n<td><b>Couple (tendre\/dur\/maxi)*<\/b><\/td>\n<td><b>11\/28\/-<\/b>\u00a0<b>Nm<\/b><\/td>\n<\/tr>\n<tr>\n<td>R\u00e9gime \u00e0 vide (1\u00e8re vitesse \/ 2\u00e8me vitesse)<\/td>\n<td>0 \u2013 430 \/ 0 \u2013 1,600\u00a0t\/min<\/td>\n<\/tr>\n<tr>\n<td>R\u00e9glages de couple<\/td>\n<td>15<\/td>\n<\/tr>\n<tr>\n<td>Porte-outils<\/td>\n<td>Mandrin \u00e0 trois mors<\/td>\n<\/tr>\n<\/tbody>\n<\/table>\n<p>&nbsp;<\/p>\n<table class=\"table\" style=\"height: 112px;\" width=\"500\">\n<colgroup>\n<col class=\"col-xs-5\" \/>\n<col class=\"col-xs-3\" \/><\/colgroup>\n<thead>\n<tr>\n<th class=\"headline hl4\" colspan=\"2\">Diam\u00e8tre de per\u00e7age<\/th>\n<\/tr>\n<\/thead>\n<tbody>\n<tr>\n<td>\u00d8 de per\u00e7age dans le bois, maxi.<\/td>\n<td>20\u00a0mm<\/td>\n<\/tr>\n<tr>\n<td>\u00d8 de per\u00e7age dans l\u2019acier, maxi.<\/td>\n<td>6\u00a0mm<\/td>\n<\/tr>\n<tr>\n<td><b>\u00d8 des vis, maxi.*<\/b><\/td>\n<td><b>7<\/b>\u00a0<b>mm<\/b><\/td>\n<\/tr>\n<\/tbody>\n<\/table>\n<table class=\"table\" style=\"height: 114px;\" width=\"499\">\n<colgroup>\n<col class=\"col-xs-5\" \/>\n<col class=\"col-xs-3\" \/><\/colgroup>\n<thead>\n<tr>\n<th class=\"headline hl4\" colspan=\"2\">\u00d8 des vis<\/th>\n<\/tr>\n<\/thead>\n<tbody>\n<tr>\n<td>\u00d8 de per\u00e7age dans le bois, maxi.<\/td>\n<td>20\u00a0mm<\/td>\n<\/tr>\n<tr>\n<td>\u00d8 de per\u00e7age dans l\u2019acier, maxi.<\/td>\n<td>6\u00a0mm<\/td>\n<\/tr>\n<tr>\n<td><b>\u00d8 des vis, maxi.*<\/b><\/td>\n<td><b>7<\/b>\u00a0<b>mm<\/b><\/td>\n<\/tr>\n<\/tbody>\n<\/table>\n<p>* Donn\u00e9es mises en surbrillance<\/p>\n<p>Le niveau sonore pond\u00e9r\u00e9 A de l&rsquo;outil \u00e9lectroportatif est typiquement de : niveau de pression acoustique dB(A) ; niveau de puissance acoustique dB(A). Incertitude K = dB.<\/p>\n<\/div>\n<\/div>\n<\/div>\n<\/section>\n<section id=\"highlights\" class=\"m-product_hightlights trackingModule\" data-track_moduletype=\"M49_product_highlights\">\n<div class=\"container\">\n<h2 class=\"headline hl1\">Avantages<\/h2>\n<div class=\"row\">\n<div class=\"col-md-6\">\n<div class=\"m-product_hightlights__content-wrapper\">\n<h3 class=\"headline hl4\">Offrez-vous encore plus de puissance. L\u2019investissement vaut la peine.<\/h3>\n<ul class=\"m-product_hightlights__list\">\n<li>Prix abordable et excellent rapport qualit\u00e9\/prix<\/li>\n<li>La qualit\u00e9 sans compromis de la marque Bosch\u00a0: meilleur syst\u00e8me sans fil de sa cat\u00e9gorie (ECP), longue dur\u00e9e de vie<\/li>\n<li>Perceuse-visseuse de 10,8\u00a0V \u00e0 2 vitesses particuli\u00e8rement performante (couple de 11\u00a0Nm dans les mat\u00e9riaux tendres) et con\u00e7ue pour les principaux domaines d\u2019utilisation<\/li>\n<\/ul>\n<\/div>\n<\/div>\n<div class=\"col-md-6\">\n<h3 class=\"headline hl4\">Fonctions<br \/>\n<img loading=\"lazy\" class=\"alignnone size-full wp-image-280\" src=\"http:\/\/www.le-professionnel.com\/wp-content\/uploads\/2020\/06\/o246751v54_construction_picto_01-1.png\" alt=\"\" width=\"100\" height=\"100\" \/> <img loading=\"lazy\" class=\"alignnone size-full wp-image-279\" src=\"http:\/\/www.le-professionnel.com\/wp-content\/uploads\/2020\/06\/o246750v54_wood_picto_01.png\" alt=\"\" width=\"100\" height=\"100\" \/> <img loading=\"lazy\" class=\"alignnone size-full wp-image-278\" src=\"http:\/\/www.le-professionnel.com\/wp-content\/uploads\/2020\/06\/o167393v54_Bosch_BI_Icon_FlexiblePowerSystem.png\" alt=\"\" width=\"100\" height=\"100\" \/> <img loading=\"lazy\" class=\"alignnone size-full wp-image-277\" src=\"http:\/\/www.le-professionnel.com\/wp-content\/uploads\/2020\/06\/o132423v54_Bosch_BI_Icon_Variable_Speed.png\" alt=\"\" width=\"100\" height=\"100\" \/> <img loading=\"lazy\" class=\"alignnone size-full wp-image-276\" src=\"http:\/\/www.le-professionnel.com\/wp-content\/uploads\/2020\/06\/o131968v54_Bosch_BI_Icon_RightLeftRotation.png\" alt=\"\" width=\"100\" height=\"100\" \/> <img loading=\"lazy\" class=\"alignnone size-full wp-image-275\" src=\"http:\/\/www.le-professionnel.com\/wp-content\/uploads\/2020\/06\/o18096v54_Bosch_BI_Icon_Case.png\" alt=\"\" width=\"100\" height=\"100\" \/> <img loading=\"lazy\" class=\"alignnone size-full wp-image-274\" src=\"http:\/\/www.le-professionnel.com\/wp-content\/uploads\/2020\/06\/o7427v54_Bosch_BI_Icon_LI-Ion.png\" alt=\"\" width=\"100\" height=\"100\" \/> <img loading=\"lazy\" class=\"alignnone size-full wp-image-273\" src=\"http:\/\/www.le-professionnel.com\/wp-content\/uploads\/2020\/06\/o7290v54_Bosch_BI_Icon_2Gear.png\" alt=\"\" width=\"100\" height=\"100\" \/><\/h3>\n<\/div>\n<\/div>\n<\/div>\n<\/section>\n<section id=\"pricescope\" class=\"o-product_variations-a trackingModule\" data-track_moduletype=\"O16a_product_variations\">\n<div class=\"o-product_variations-a__container container\">\n<div class=\"o-product_variations-a__row row\">\n<div class=\"m-detail_stage\">\n<div class=\"m-detail_stage__headline col-xs-12\">\n<div class=\"headline hl1\"><strong>Ce qui est inclus dans ce paquet<\/strong><\/div>\n<\/div>\n<\/div>\n<div class=\"m-conversion_area\">\n<div class=\"m-conversion_area__col\">\n<div class=\"m-conversion_area__information\">\n<div class=\"m-conversion_area__headline m-conversion_area__headline--hl3\">\n<div class=\"headline hl3\">dans coffret en plastique<\/div>\n<\/div>\n<div class=\"m-conversion_area__headline m-conversion_area__headline--hl5\">\n<div class=\"headline hl5\">R\u00e9f\u00e9rence:\u00a0<span class=\"a-ordernumber\">0\u00a0601\u00a09E2\u00a0000<\/span><\/div>\n<\/div>\n<ul class=\"m-conversion_area__ul\">\n<li class=\"m-conversion_area__li\">Coffret de transport en plastique<\/li>\n<li class=\"m-conversion_area__li\">2 batteries Li-Ion 1,5 Ah<\/li>\n<\/ul>\n<\/div>\n<\/div>\n<\/div>\n<\/div>\n<\/div>\n<\/section>\n","protected":false},"excerpt":{"rendered":"<div class=\"o-product_standard_stage__headline-3 headline hl3\">\n<p><strong>Perceuse-visseuse sans fil<\/strong><\/p>\n<p class=\"lg product-description\">Offrez-vous encore plus de puissance. L\u2019investissement vaut la peine.<\/p>\n<table class=\"product-listing-table table table--fixed\">\n<tbody>\n<tr>\n<td>Tension de la batterie<\/td>\n<td>10,8\u00a0V<\/td>\n<\/tr>\n<tr>\n<td>\u00d8 des vis, maxi.<\/td>\n<td>7\u00a0mm<\/td>\n<\/tr>\n<tr>\n<td>\u00d8 des vis, maxi.<\/td>\n<td>7\u00a0mm<\/td>\n<\/tr>\n<\/tbody>\n<\/table>\n<\/div>\n","protected":false},"featured_media":287,"template":"","meta":[],"brands":[{"id":19,"name":"BOSCH","slug":"bosch"}],"_links":{"self":[{"href":"https:\/\/www.le-professionnel.com\/index.php?rest_route=\/wp\/v2\/product\/268"}],"collection":[{"href":"https:\/\/www.le-professionnel.com\/index.php?rest_route=\/wp\/v2\/product"}],"about":[{"href":"https:\/\/www.le-professionnel.com\/index.php?rest_route=\/wp\/v2\/types\/product"}],"version-history":[{"count":1,"href":"https:\/\/www.le-professionnel.com\/index.php?rest_route=\/wp\/v2\/product\/268\/revisions"}],"predecessor-version":[{"id":272,"href":"https:\/\/www.le-professionnel.com\/index.php?rest_route=\/wp\/v2\/product\/268\/revisions\/272"}],"wp:featuredmedia":[{"embeddable":true,"href":"https:\/\/www.le-professionnel.com\/index.php?rest_route=\/wp\/v2\/media\/287"}],"wp:attachment":[{"href":"https:\/\/www.le-professionnel.com\/index.php?rest_route=%2Fwp%2Fv2%2Fmedia&parent=268"}],"curies":[{"name":"wp","href":"https:\/\/api.w.org\/{rel}","templated":true}]}}