{"id":2641,"date":"2021-01-08T14:33:43","date_gmt":"2021-01-08T14:33:43","guid":{"rendered":"http:\/\/www.le-professionnel.com\/?post_type=product&#038;p=2641"},"modified":"2021-01-08T14:34:42","modified_gmt":"2021-01-08T14:34:42","slug":"chauffage-infrarouge","status":"publish","type":"product","link":"https:\/\/www.le-professionnel.com\/?product=chauffage-infrarouge","title":{"rendered":"Chauffage infrarouge EE-IP3"},"content":{"rendered":"<p>\u00b7 Equipment de cuisson de v\u00e9hicule infrarouge \u00e0 ondes courtes, 3pcs 1000W \/ 525mm emp\u00eachent les tubes \u00e9blouissants, cadre \u00e9conomique, le couvercle de la lampe est en acier inoxydable fini miroir, recueille en moyenne la chaleur, dissipation de la chaleur concentr\u00e9e. Temps\u00a0de chauffage tr\u00e8s court, seulement environ 5-15min<\/p>\n<div>\u00b7\u00a0La technologie de microprocesseur de contr\u00f4le num\u00e9rique par groram. Il existe 2 m\u00e9thodes de chauffage: la chaleur puls\u00e9e et la chaleur \u00e0 pleine puissance<\/div>\n<div>\u00b7 Le\u00a0temps de chauffage peut librement \u00eatre configur\u00e9 de 0 \u00e0 60 minutes, l&rsquo;ensemble du processus de travail est contr\u00f4l\u00e9 automatiquement.il y a une invite d&rsquo;alarme automatique lorsque vous avez termin\u00e9 le travail.vous pouvez configurer 4 mod\u00e8les de travail en fonction de diff\u00e9rents temps de cuisson ou de diff\u00e9rentes peintures, la lampe peut s\u00e9par\u00e9ment ouvrir ou \u00e9teindre<\/div>\n<div>\u00b7\u00a0Peut cuire via 1 lampe, 2 lampes ou 3 lampes.<\/div>\n<div>\u00b7\u00a0\u00c9quip\u00e9 d&rsquo;un ascenseur d&rsquo;entra\u00eenement pneumatique professionnel, la lampe peut \u00eatre mont\u00e9e ou descendue, terminer le processus de cuisson.<\/div>\n<div>\u00b7\u00a0Les lampes peuvent tourner et peuvent tourner \u00e0 330 degr\u00e9s avec 3 directions.\u00a0Ajustez librement, afin de rencontrer les diff\u00e9rents angles de cuisson ou position de cuisson.<\/div>\n","protected":false},"excerpt":{"rendered":"<p>Des mod\u00e8les EE-IP3<br \/>\nSource de courant 220V \/ 50 \/ 1PH<br \/>\nActuel 14A<br \/>\nPuissance 3x1000W<br \/>\nTemp\u00e9rature 60 \u2103 -100 \u2103<br \/>\nZone de chauffage 1000 mm x 1200 mm<br \/>\nDistance de cuisson 400 \u00e0 600 mm<br \/>\nAppr\u00eat 3 \u00e0 5 min<br \/>\nLe premier pully 3 \u00e0 6 min<br \/>\nLe deuxi\u00e8me pully 5 \u00e0 8 min<br \/>\nFinition couche 10 \u00e0 15 min<br \/>\nVernis 10 \u00e0 15 min<br \/>\nAjuster la hauteur de la lampe 150 \u00e0 2000 mm<br \/>\nTaille d&#8217;emballage 1760 * 1120 * 200<br \/>\nNO 50 kg<br \/>\nGW 65 kg<\/p>\n","protected":false},"featured_media":2642,"template":"","meta":[],"brands":[{"id":32,"name":"EAE","slug":"eae"}],"_links":{"self":[{"href":"https:\/\/www.le-professionnel.com\/index.php?rest_route=\/wp\/v2\/product\/2641"}],"collection":[{"href":"https:\/\/www.le-professionnel.com\/index.php?rest_route=\/wp\/v2\/product"}],"about":[{"href":"https:\/\/www.le-professionnel.com\/index.php?rest_route=\/wp\/v2\/types\/product"}],"version-history":[{"count":2,"href":"https:\/\/www.le-professionnel.com\/index.php?rest_route=\/wp\/v2\/product\/2641\/revisions"}],"predecessor-version":[{"id":2644,"href":"https:\/\/www.le-professionnel.com\/index.php?rest_route=\/wp\/v2\/product\/2641\/revisions\/2644"}],"wp:featuredmedia":[{"embeddable":true,"href":"https:\/\/www.le-professionnel.com\/index.php?rest_route=\/wp\/v2\/media\/2642"}],"wp:attachment":[{"href":"https:\/\/www.le-professionnel.com\/index.php?rest_route=%2Fwp%2Fv2%2Fmedia&parent=2641"}],"curies":[{"name":"wp","href":"https:\/\/api.w.org\/{rel}","templated":true}]}}