{"id":2626,"date":"2021-01-08T13:23:07","date_gmt":"2021-01-08T13:23:07","guid":{"rendered":"http:\/\/www.le-professionnel.com\/?post_type=product&#038;p=2626"},"modified":"2021-01-08T13:23:15","modified_gmt":"2021-01-08T13:23:15","slug":"cabine-de-peinture-ee-7500","status":"publish","type":"product","link":"https:\/\/www.le-professionnel.com\/?product=cabine-de-peinture-ee-7500","title":{"rendered":"Cabine de peinture EE-7500"},"content":{"rendered":"<p><strong>\u00b7 Structure en acier, 2 rang\u00e9es de grilles, soud\u00e9es par acier plat 30&#215;4 et acier carr\u00e9 6&#215;6,<\/strong><\/p>\n<p><strong>\u00b7 3 rang\u00e9es de damier. 2 pi\u00e8ces de rampe de contr\u00f4le, largeur 630 mm, longueur 2000 mm<\/strong><\/p>\n<p><strong>\u00b7 Syst\u00e8me d&rsquo;air: ventilateur europ\u00e9en 1 * 7.5kw, un filtre de style M \u00e0 l&rsquo;entr\u00e9e, d\u00e9bit d&rsquo;air 24000m3 \/ h. La base du cadre \u00e9tait recouverte d&rsquo;une plaque galvanis\u00e9e. L&rsquo;admission par le haut, un amortisseur pneumatique de transition pulv\u00e9risation \/ cuisson se trouvait \u00e0 l&rsquo;int\u00e9rieur.<\/strong><\/p>\n<p><strong>\u00b7 Filtrage: filtre d&rsquo;entr\u00e9e chinois de qualit\u00e9 sup\u00e9rieure et filtre \u00e0 haute efficacit\u00e9 600G, efficacit\u00e9 de purification sup\u00e9rieure \u00e0 98%. Support de filtre de toit 4 pi\u00e8ces en acier soud\u00e9, enduit de poudre et mont\u00e9 par charni\u00e8re<\/strong><\/p>\n<p><strong>\u00b7 Chauffage: Aucun.<\/strong><\/p>\n<p><strong>\u00b7 Syst\u00e8me de contr\u00f4le: composants \u00e9lectriques chinois de qualit\u00e9 sup\u00e9rieure, surcharge, surchauffe, protection d\u00e9phas\u00e9e. La machine s&rsquo;arr\u00eate automatiquement lorsque la temp\u00e9rature et le temps pr\u00e9d\u00e9finis sont \u00e9coul\u00e9s. Il peut garder une temp\u00e9rature constante pour la peinture. <\/strong><\/p>\n","protected":false},"excerpt":{"rendered":"<div class=\"pvmin\">\n<div class=\"pvmm clearfix\">\n<div class=\"pvmml fl\"><\/div>\n<\/div>\n<\/div>\n<div class=\"pvc clearfix\">\n<div id=\"NavP920\" class=\"pvctit tab1s clearfix\">\n<p>&nbsp;<\/p>\n<\/div>\n<div class=\"swiper-container swiper-container3 container swiper-container-horizontal swiper-container-autoheight\">\n<div class=\"swiper-wrapper\">\n<div class=\"swiper-slide swiper-slide-active\">\n<div class=\"content-slide qh\">\n<table class=\"pro_table\" border=\"0\" width=\"100%\" cellspacing=\"1\" cellpadding=\"0\" bgcolor=\"#999999\">\n<tbody>\n<tr>\n<td class=\"cf\" align=\"center\" valign=\"middle\" bgcolor=\"#eb6112\"><strong>\u00a0<\/strong><strong><span>Des mod\u00e8les<\/span><\/strong><\/td>\n<td class=\"cf\" align=\"center\" valign=\"middle\" bgcolor=\"#eb6112\"><strong><span>\u00a0EE-7500<\/span><\/strong><\/td>\n<\/tr>\n<tr>\n<td align=\"center\" valign=\"middle\" bgcolor=\"#ffffff\"><span>Taille globale, m (L * W * H)<\/span><\/td>\n<td align=\"center\" valign=\"middle\" bgcolor=\"#ffffff\"><span>8,1 x 4,0 x 3,2<\/span><\/td>\n<\/tr>\n<tr>\n<td align=\"center\" valign=\"middle\" bgcolor=\"#ffffff\"><span>Taille int\u00e9rieure, m (L * W * H)<\/span><\/td>\n<td align=\"center\" valign=\"middle\" bgcolor=\"#ffffff\"><span>6,9 x 3,9 x 2,7<\/span><\/td>\n<\/tr>\n<tr>\n<td align=\"center\" valign=\"middle\" bgcolor=\"#ffffff\"><span>Porte d&rsquo;entr\u00e9e, m (L * H)<\/span><\/td>\n<td align=\"center\" valign=\"middle\" bgcolor=\"#ffffff\"><span>3&#215;2,66<\/span><\/td>\n<\/tr>\n<tr>\n<td align=\"center\" valign=\"middle\" bgcolor=\"#ffffff\"><span>Capacit\u00e9 du ventilateur d&rsquo;admission (M3 \/ H)<\/span><\/td>\n<td align=\"center\" valign=\"middle\" bgcolor=\"#ffffff\"><span>\/<\/span><\/td>\n<\/tr>\n<tr>\n<td align=\"center\" valign=\"middle\" bgcolor=\"#ffffff\"><span>Capacit\u00e9 du ventilateur d&rsquo;extraction (M3 \/ H)<\/span><\/td>\n<td align=\"center\" valign=\"middle\" bgcolor=\"#ffffff\"><span>21 000<\/span><\/td>\n<\/tr>\n<tr>\n<td align=\"center\" valign=\"middle\" bgcolor=\"#ffffff\"><span>\u00c9paisseur du panneau mural (mm)<\/span><\/td>\n<td align=\"center\" valign=\"middle\" bgcolor=\"#ffffff\"><span>50<\/span><\/td>\n<\/tr>\n<tr>\n<td align=\"center\" valign=\"middle\" bgcolor=\"#ffffff\"><span>Panneau mural Epaisseur acier \uff08mm\uff09<\/span><\/td>\n<td align=\"center\" valign=\"middle\" bgcolor=\"#ffffff\"><span>0,326<\/span><\/td>\n<\/tr>\n<tr>\n<td align=\"center\" valign=\"middle\" bgcolor=\"#ffffff\"><span>Vitesse de l&rsquo;air, m \/ s<\/span><\/td>\n<td align=\"center\" valign=\"middle\" bgcolor=\"#ffffff\"><span>0,25-0,35<\/span><\/td>\n<\/tr>\n<tr>\n<td align=\"center\" valign=\"middle\" bgcolor=\"#ffffff\"><span>Temps de ventilation d&rsquo;air<\/span><\/td>\n<td align=\"center\" valign=\"middle\" bgcolor=\"#ffffff\"><span>265<\/span><\/td>\n<\/tr>\n<tr>\n<td align=\"center\" valign=\"middle\" bgcolor=\"#ffffff\"><span>Temp\u00e9rature de fonctionnement<\/span><\/td>\n<td align=\"center\" valign=\"middle\" bgcolor=\"#ffffff\"><span>\/<\/span><\/td>\n<\/tr>\n<tr>\n<td align=\"center\" valign=\"middle\" bgcolor=\"#ffffff\"><span>Consommation d&rsquo;huile, kg \/ pc<\/span><\/td>\n<td align=\"center\" valign=\"middle\" bgcolor=\"#ffffff\"><span>\/<\/span><\/td>\n<\/tr>\n<tr>\n<td align=\"center\" valign=\"middle\" bgcolor=\"#ffffff\"><span>Panneau de plafond (acier galvanis\u00e9)<\/span><\/td>\n<td align=\"center\" valign=\"middle\" bgcolor=\"#ffffff\"><span>0,6 mm<\/span><\/td>\n<\/tr>\n<tr>\n<td align=\"center\" valign=\"middle\" bgcolor=\"#ffffff\"><span>Prise d&rsquo;air (KW)<\/span><\/td>\n<td align=\"center\" valign=\"middle\" bgcolor=\"#ffffff\"><span>\/<\/span><\/td>\n<\/tr>\n<tr>\n<td align=\"center\" valign=\"middle\" bgcolor=\"#ffffff\"><span>Air Exhauster (KW)<\/span><\/td>\n<td align=\"center\" valign=\"middle\" bgcolor=\"#ffffff\"><span>1 * 5.5KW<\/span><\/td>\n<\/tr>\n<tr>\n<td align=\"center\" valign=\"middle\" bgcolor=\"#ffffff\"><span>Puissance, (KW)<\/span><\/td>\n<td align=\"center\" valign=\"middle\" bgcolor=\"#ffffff\"><span>7KW<\/span><\/td>\n<\/tr>\n<tr>\n<td align=\"center\" valign=\"middle\" bgcolor=\"#ffffff\"><span>Porte s\u00fbre<\/span><\/td>\n<td align=\"center\" valign=\"middle\" bgcolor=\"#ffffff\"><span>1 pli de porte d&rsquo;entr\u00e9e comme porte s\u00fbre<\/span><\/td>\n<\/tr>\n<tr>\n<td align=\"center\" valign=\"middle\" bgcolor=\"#ffffff\"><span>Isolation thermique<\/span><\/td>\n<td align=\"center\" valign=\"middle\" bgcolor=\"#ffffff\"><span>Poly\u00e9thyl\u00e8ne<\/span><\/td>\n<\/tr>\n<tr>\n<td align=\"center\" valign=\"middle\" bgcolor=\"#ffffff\"><span>Br\u00fbleur d&rsquo;huile<\/span><\/td>\n<td align=\"center\" valign=\"middle\" bgcolor=\"#ffffff\"><span>X<\/span><\/td>\n<\/tr>\n<tr>\n<td align=\"center\" valign=\"middle\" bgcolor=\"#ffffff\"><span>Amortisseur<\/span><\/td>\n<td align=\"center\" valign=\"middle\" bgcolor=\"#ffffff\"><span>pneumatique<\/span><\/td>\n<\/tr>\n<tr>\n<td align=\"center\" valign=\"middle\" bgcolor=\"#ffffff\"><span>Syst\u00e8me de contr\u00f4le<\/span><\/td>\n<td align=\"center\" valign=\"middle\" bgcolor=\"#ffffff\">\n<div><span>Composants chinois,<\/span><\/div>\n<div><span>D\u00e9marrage direct du moteur<\/span><\/div>\n<\/td>\n<\/tr>\n<tr>\n<td align=\"center\" valign=\"middle\" bgcolor=\"#ffffff\"><span>Syst\u00e8me de filtration<\/span><\/td>\n<td align=\"center\" valign=\"middle\" bgcolor=\"#ffffff\"><span>Fabriqu\u00e9 en Chine<\/span><\/td>\n<\/tr>\n<tr>\n<td align=\"center\" valign=\"middle\" bgcolor=\"#ffffff\"><span>\u00c9clairage d&rsquo;angle sup\u00e9rieur<\/span><\/td>\n<td align=\"center\" valign=\"middle\" bgcolor=\"#ffffff\"><span>LED 32 pi\u00e8ces<\/span><\/td>\n<\/tr>\n<tr>\n<td align=\"center\" valign=\"middle\" bgcolor=\"#ffffff\"><span>Lumi\u00e8re lat\u00e9rale<\/span><\/td>\n<td align=\"center\" valign=\"middle\" bgcolor=\"#ffffff\"><span>X<\/span><\/td>\n<\/tr>\n<tr>\n<td align=\"center\" valign=\"middle\" bgcolor=\"#ffffff\"><span>Compteur de pression<\/span><\/td>\n<td align=\"center\" valign=\"middle\" bgcolor=\"#ffffff\"><span>optionnel<\/span><\/td>\n<\/tr>\n<tr>\n<td align=\"center\" valign=\"middle\" bgcolor=\"#ffffff\"><span>Syst\u00e8me d&rsquo;environnement<\/span><\/td>\n<td align=\"center\" valign=\"middle\" bgcolor=\"#ffffff\"><span>optionnel<\/span><\/td>\n<\/tr>\n<tr>\n<td align=\"center\" valign=\"middle\" bgcolor=\"#ffffff\"><span>peinture soluble dans l&rsquo;eau<\/span><\/td>\n<td align=\"center\" valign=\"middle\" bgcolor=\"#ffffff\"><span>optionnel<\/span><\/td>\n<\/tr>\n<tr>\n<td align=\"center\" valign=\"middle\" bgcolor=\"#ffffff\"><span>Br\u00fbleur \u00e0 gaz<\/span><\/td>\n<td align=\"center\" valign=\"middle\" bgcolor=\"#ffffff\"><span>optionnel<\/span><\/td>\n<\/tr>\n<tr>\n<td align=\"center\" valign=\"middle\" bgcolor=\"#ffffff\"><span>chauffage par lumi\u00e8re infrarouge<\/span><\/td>\n<td align=\"center\" valign=\"middle\" bgcolor=\"#ffffff\"><span>optionnel<\/span><\/td>\n<\/tr>\n<\/tbody>\n<\/table>\n<\/div>\n<\/div>\n<\/div>\n<\/div>\n<\/div>\n","protected":false},"featured_media":2627,"template":"","meta":[],"brands":[{"id":32,"name":"EAE","slug":"eae"}],"_links":{"self":[{"href":"https:\/\/www.le-professionnel.com\/index.php?rest_route=\/wp\/v2\/product\/2626"}],"collection":[{"href":"https:\/\/www.le-professionnel.com\/index.php?rest_route=\/wp\/v2\/product"}],"about":[{"href":"https:\/\/www.le-professionnel.com\/index.php?rest_route=\/wp\/v2\/types\/product"}],"version-history":[{"count":1,"href":"https:\/\/www.le-professionnel.com\/index.php?rest_route=\/wp\/v2\/product\/2626\/revisions"}],"predecessor-version":[{"id":2628,"href":"https:\/\/www.le-professionnel.com\/index.php?rest_route=\/wp\/v2\/product\/2626\/revisions\/2628"}],"wp:featuredmedia":[{"embeddable":true,"href":"https:\/\/www.le-professionnel.com\/index.php?rest_route=\/wp\/v2\/media\/2627"}],"wp:attachment":[{"href":"https:\/\/www.le-professionnel.com\/index.php?rest_route=%2Fwp%2Fv2%2Fmedia&parent=2626"}],"curies":[{"name":"wp","href":"https:\/\/api.w.org\/{rel}","templated":true}]}}