{"id":2589,"date":"2021-01-06T14:11:09","date_gmt":"2021-01-06T14:11:09","guid":{"rendered":"http:\/\/www.le-professionnel.com\/?post_type=product&#038;p=2589"},"modified":"2021-01-06T14:11:16","modified_gmt":"2021-01-06T14:11:16","slug":"6604-bwf-elevateur-a-ciseaux-a-profil-bas-4-0t","status":"publish","type":"product","link":"https:\/\/www.le-professionnel.com\/?product=6604-bwf-elevateur-a-ciseaux-a-profil-bas-4-0t","title":{"rendered":"6604.BWF | \u00c9l\u00e9vateur \u00e0 ciseaux \u00e0 profil bas 4.0T"},"content":{"rendered":"<ul>\n<li><span>Capacit\u00e9 de\u00a0<\/span><span>\u00a0levage de\u00a0\u00a04000Kg<\/span><\/li>\n<li><span>Levage libre de roue standard\u00a0<\/span><\/li>\n<li><span>Installation hors sol<\/span><\/li>\n<li><span lang=\"EN-US\"><span>Les pistes \u00e0 profil bas n\u00e9cessitent moins d&rsquo;espace et permettent aux v\u00e9hicules de d\u00e9marrer et de descendre facilement\u00a0<\/span><\/span><\/li>\n<li><span lang=\"EN-US\"><span>La grande plan\u00e9it\u00e9 des pistes est parfaite pour un alignement pr\u00e9cis des roues\u00a0<\/span><\/span><\/li>\n<li><span>Nivellement \u00e9lectrique\u00a0<\/span><\/li>\n<li><span>Syst\u00e8me de protection de synchronisation infrarouge<\/span><\/li>\n<li><span>La <\/span><span lang=\"EN-US\"><span>longue plaque antid\u00e9rapante et les positions r\u00e9glables du plateau tournant s&rsquo;adaptent \u00e0 diff\u00e9rents types d&#8217;empattements\u00a0<\/span><\/span><\/li>\n<li><span>Syst\u00e8me de verrouillage de s\u00e9curit\u00e9 pneumatique<\/span><span style=\"font-family: Calibri;\">\u00a0<\/span><\/li>\n<li><span>Voies r\u00e9serv\u00e9es sur les plates-formes adapt\u00e9es aux crics roulants en option (\u00e0 l&rsquo;exception du type BWF)<\/span><\/li>\n<li><span>Syst\u00e8me de contr\u00f4le s\u00e9curis\u00e9 24V<\/span><\/li>\n<li><span>Bague et roulement autolubrifi\u00e9s<\/span><\/li>\n<li><span>Le buzzer d&rsquo;alarme pour une descente en toute s\u00e9curit\u00e9<\/span><\/li>\n<li><span lang=\"EN-US\"><span>Moteur en aluminium avec ventilateur sur le dessus pour \u00e9viter la surchauffe caus\u00e9e par un travail de longue dur\u00e9e<\/span><\/span><\/li>\n<li><span lang=\"EN-US\"><span>Cric roulant en option<\/span><\/span><\/li>\n<\/ul>\n<table class=\"pro_table\" border=\"0\" width=\"100%\" cellspacing=\"1\" cellpadding=\"0\" bgcolor=\"#999999\">\n<tbody>\n<tr>\n<td class=\"cf\" align=\"center\" valign=\"middle\" bgcolor=\"#eb6112\"><strong>\u00a0<\/strong><strong><span>MOD\u00c8LE NO.<\/span><\/strong><\/td>\n<td class=\"cf\" align=\"center\" valign=\"middle\" bgcolor=\"#eb6112\"><strong>\u00a0<\/strong><b><span>6604.BWF<\/span><\/b><\/td>\n<\/tr>\n<tr>\n<td align=\"center\" valign=\"middle\" bgcolor=\"#ffffff\">\u00a0<span>Capacit\u00e9 de levage<\/span><\/td>\n<td align=\"center\" valign=\"middle\" bgcolor=\"#ffffff\"><span>4000 kg<\/span><\/td>\n<\/tr>\n<tr>\n<td align=\"center\" valign=\"middle\" bgcolor=\"#ffffff\"><span>Hauteur de levage maximale<\/span><\/td>\n<td align=\"center\" valign=\"middle\" bgcolor=\"#ffffff\"><span>1900 mm<\/span><\/td>\n<\/tr>\n<tr>\n<td align=\"center\" valign=\"middle\" bgcolor=\"#ffffff\">\u00a0<span>Hauteur min<\/span><\/td>\n<td align=\"center\" valign=\"middle\" bgcolor=\"#ffffff\"><span>180 mm<\/span><\/td>\n<\/tr>\n<tr>\n<td align=\"center\" valign=\"middle\" bgcolor=\"#ffffff\"><span>\u00a0Temps de levage<\/span><\/td>\n<td align=\"center\" valign=\"middle\" bgcolor=\"#ffffff\"><span>62S<\/span><\/td>\n<\/tr>\n<tr>\n<td align=\"center\" valign=\"middle\" bgcolor=\"#ffffff\"><span>Arriv\u00e9e d&rsquo;air<\/span><\/td>\n<td align=\"center\" valign=\"middle\" bgcolor=\"#ffffff\"><span>6-8 bar<\/span><\/td>\n<\/tr>\n<tr>\n<td align=\"center\" valign=\"middle\" bgcolor=\"#ffffff\"><span>Capacit\u00e9 du moteur<\/span><\/td>\n<td align=\"center\" valign=\"middle\" bgcolor=\"#ffffff\"><span>3,5 kW<\/span><\/td>\n<\/tr>\n<tr>\n<td align=\"center\" valign=\"middle\" bgcolor=\"#ffffff\"><span>Largeur de la plateforme<\/span><\/td>\n<td align=\"center\" valign=\"middle\" bgcolor=\"#ffffff\"><span>660 mm<\/span><\/td>\n<\/tr>\n<tr>\n<td align=\"center\" valign=\"middle\" bgcolor=\"#ffffff\"><span>\u00a0L&rsquo;approvisionnement en \u00e9lectricit\u00e9<\/span><\/td>\n<td align=\"center\" valign=\"middle\" bgcolor=\"#ffffff\"><span>\u00a0\u00a0Selon les besoins du client<\/span><\/td>\n<\/tr>\n<\/tbody>\n<\/table>\n<div class=\"text-center qhwz\"><span>* Machine illustr\u00e9e avec \u00e9quipement en option. L&rsquo;apparence r\u00e9elle du produit peut diff\u00e9rer.<\/span><\/div>\n","protected":false},"excerpt":{"rendered":"<p>Capacit\u00e9 de\u00a0\u00a0levage de\u00a0\u00a04000Kg Levage libre de roue standard\u00a0 Installation hors sol Les pistes \u00e0 profil bas n\u00e9cessitent moins d&rsquo;espace et&#8230;<\/p>\n","protected":false},"featured_media":2590,"template":"","meta":[],"brands":[{"id":32,"name":"EAE","slug":"eae"}],"_links":{"self":[{"href":"https:\/\/www.le-professionnel.com\/index.php?rest_route=\/wp\/v2\/product\/2589"}],"collection":[{"href":"https:\/\/www.le-professionnel.com\/index.php?rest_route=\/wp\/v2\/product"}],"about":[{"href":"https:\/\/www.le-professionnel.com\/index.php?rest_route=\/wp\/v2\/types\/product"}],"version-history":[{"count":2,"href":"https:\/\/www.le-professionnel.com\/index.php?rest_route=\/wp\/v2\/product\/2589\/revisions"}],"predecessor-version":[{"id":2592,"href":"https:\/\/www.le-professionnel.com\/index.php?rest_route=\/wp\/v2\/product\/2589\/revisions\/2592"}],"wp:featuredmedia":[{"embeddable":true,"href":"https:\/\/www.le-professionnel.com\/index.php?rest_route=\/wp\/v2\/media\/2590"}],"wp:attachment":[{"href":"https:\/\/www.le-professionnel.com\/index.php?rest_route=%2Fwp%2Fv2%2Fmedia&parent=2589"}],"curies":[{"name":"wp","href":"https:\/\/api.w.org\/{rel}","templated":true}]}}