{"id":2531,"date":"2021-01-06T12:06:37","date_gmt":"2021-01-06T12:06:37","guid":{"rendered":"http:\/\/www.le-professionnel.com\/?post_type=product&#038;p=2531"},"modified":"2021-01-06T12:06:40","modified_gmt":"2021-01-06T12:06:40","slug":"touret-a-meuler-gbg-60-20","status":"publish","type":"product","link":"https:\/\/www.le-professionnel.com\/?product=touret-a-meuler-gbg-60-20","title":{"rendered":"Touret \u00e0 meuler GBG 60-20"},"content":{"rendered":"<p><strong>Le touret \u00e0 meuler rapide et performant pour les applications les plus applications les plus difficiles<\/strong><br \/>\n<strong>Moteur \u00e0 induction puissant pour r\u00e9sister \u00e0 toutes les conditions de travail et utilisations<\/strong><br \/>\n<strong>Corps compact moul\u00e9 sous pression avec roulements \u00e0 billes encapsul\u00e9s pour prot\u00e9ger le moteur de la poussi\u00e8re<\/strong><br \/>\n<strong>Une base solide et robuste pour une plus grande long\u00e9vit\u00e9 et une meilleure stabilit\u00e9<\/strong><\/p>\n","protected":false},"excerpt":{"rendered":"<p>Donn\u00e9es suppl\u00e9mentaires<br \/>\n\u00d8 de la meule*<br \/>\n200mm<br \/>\nPuissance absorb\u00e9e nominale*<br \/>\n600W<br \/>\nLargeurs des meules*<br \/>\n25mm<br \/>\nR\u00e9gime \u00e0 vide<br \/>\n3 600t\/min<br \/>\nPer\u00e7age des meules<br \/>\n32mm<br \/>\nGrain<br \/>\n24, 60<\/p>\n<p>Poids<br \/>\n15kg<br \/>\nDimensions de l\u2019outil (largeur)<br \/>\n230mm<br \/>\nDimensions de l\u2019outil (longueur)<br \/>\n370mm<br \/>\nDimensions de l\u2019outil (hauteur)<br \/>\n260mm<\/p>\n","protected":false},"featured_media":2532,"template":"","meta":[],"brands":[{"id":19,"name":"BOSCH","slug":"bosch"}],"_links":{"self":[{"href":"https:\/\/www.le-professionnel.com\/index.php?rest_route=\/wp\/v2\/product\/2531"}],"collection":[{"href":"https:\/\/www.le-professionnel.com\/index.php?rest_route=\/wp\/v2\/product"}],"about":[{"href":"https:\/\/www.le-professionnel.com\/index.php?rest_route=\/wp\/v2\/types\/product"}],"version-history":[{"count":1,"href":"https:\/\/www.le-professionnel.com\/index.php?rest_route=\/wp\/v2\/product\/2531\/revisions"}],"predecessor-version":[{"id":2533,"href":"https:\/\/www.le-professionnel.com\/index.php?rest_route=\/wp\/v2\/product\/2531\/revisions\/2533"}],"wp:featuredmedia":[{"embeddable":true,"href":"https:\/\/www.le-professionnel.com\/index.php?rest_route=\/wp\/v2\/media\/2532"}],"wp:attachment":[{"href":"https:\/\/www.le-professionnel.com\/index.php?rest_route=%2Fwp%2Fv2%2Fmedia&parent=2531"}],"curies":[{"name":"wp","href":"https:\/\/api.w.org\/{rel}","templated":true}]}}