{"id":2449,"date":"2021-01-06T10:08:17","date_gmt":"2021-01-06T10:08:17","guid":{"rendered":"http:\/\/www.le-professionnel.com\/?post_type=product&#038;p=2449"},"modified":"2021-01-06T10:08:22","modified_gmt":"2021-01-06T10:08:22","slug":"perforateur-sds-plus-gbh-4-32-dfr","status":"publish","type":"product","link":"https:\/\/www.le-professionnel.com\/?product=perforateur-sds-plus-gbh-4-32-dfr","title":{"rendered":"Perforateur SDS plus GBH 4-32 DFR"},"content":{"rendered":"<p><strong>Le perforateur multifonctions le plus rapide de la cat\u00e9gorie des 4 kg<\/strong><br \/>\n<strong>Utilisation polyvalente pour des travaux de burinage et de per\u00e7age ainsi que pour travailler avec des scies-tr\u00e9pans<\/strong><br \/>\n<strong>Perce jusqu\u2019\u00e0 30 % plus vite (\u00d8 25 mm) que les autres outils de sa cat\u00e9gorie<\/strong><br \/>\n<strong>Le syst\u00e8me Vibration Control Bosch permet de r\u00e9duire les vibrations \u00e0 seulement 12 m\/s\u00b2 pour un travail moins p\u00e9nible<\/strong><\/p>\n","protected":false},"excerpt":{"rendered":"<p><strong>Donn\u00e9es suppl\u00e9mentaires<\/strong><br \/>\n<strong>Puissance absorb\u00e9e nominale*<\/strong><br \/>\n<strong>900W<\/strong><br \/>\n<strong>Force de frappe*<\/strong><br \/>\n<strong>4.2J<\/strong><br \/>\n<strong>Fr\u00e9quence de frappe \u00e0 vitesse de rotation nominale<\/strong><br \/>\n<strong>0 \u2013 3,600cps\/min<\/strong><br \/>\n<strong>Vitesse de rotation nominale<\/strong><br \/>\n<strong>0 \u2013 800t\/min<\/strong><br \/>\n<strong>Poids<\/strong><br \/>\n<strong>4,7kg<\/strong><br \/>\n<strong>Porte-outils<\/strong><br \/>\n<strong>SDS plus<\/strong><\/p>\n<p><strong>Plage de per\u00e7age<\/strong><br \/>\n<strong>\u00d8 de per\u00e7age dans le b\u00e9ton avec forets pour perforateur*<\/strong><br \/>\n<strong>6 \u2013 32mm<\/strong><br \/>\n<strong>Plage d\u2019utilisation optimale b\u00e9ton avec forets pour perforateur<\/strong><br \/>\n<strong>14 \u2013 25mm<\/strong><br \/>\n<strong>\u00d8 per\u00e7age maxi dans ma\u00e7onnerie, couronnes-tr\u00e9pans<\/strong><br \/>\n<strong>90mm<\/strong><br \/>\n<strong>\u00d8 de per\u00e7age maxi. dans le m\u00e9tal<\/strong><br \/>\n<strong>13mm<\/strong><br \/>\n<strong>\u00d8 de per\u00e7age maxi. dans le bois<\/strong><br \/>\n<strong>32mm<\/strong><br \/>\n<strong>Valeurs totales des vibrations (Per\u00e7age en frappe du b\u00e9ton)<\/strong><br \/>\n<strong>Valeur d\u2019\u00e9mission vibratoire ah<\/strong><br \/>\n<strong>12m\/s\u00b2<\/strong><br \/>\n<strong>Incertitude K<\/strong><br \/>\n<strong>1,5m\/s\u00b2<\/strong><br \/>\n<strong>Valeurs totales des vibrations (Burinage)<\/strong><br \/>\n<strong>Valeur d\u2019\u00e9mission vibratoire ah<\/strong><br \/>\n<strong>9m\/s\u00b2<\/strong><br \/>\n<strong>Incertitude K<\/strong><br \/>\n<strong>1,5m\/s\u00b2<\/strong><\/p>\n","protected":false},"featured_media":2450,"template":"","meta":[],"brands":[{"id":19,"name":"BOSCH","slug":"bosch"}],"_links":{"self":[{"href":"https:\/\/www.le-professionnel.com\/index.php?rest_route=\/wp\/v2\/product\/2449"}],"collection":[{"href":"https:\/\/www.le-professionnel.com\/index.php?rest_route=\/wp\/v2\/product"}],"about":[{"href":"https:\/\/www.le-professionnel.com\/index.php?rest_route=\/wp\/v2\/types\/product"}],"version-history":[{"count":1,"href":"https:\/\/www.le-professionnel.com\/index.php?rest_route=\/wp\/v2\/product\/2449\/revisions"}],"predecessor-version":[{"id":2451,"href":"https:\/\/www.le-professionnel.com\/index.php?rest_route=\/wp\/v2\/product\/2449\/revisions\/2451"}],"wp:featuredmedia":[{"embeddable":true,"href":"https:\/\/www.le-professionnel.com\/index.php?rest_route=\/wp\/v2\/media\/2450"}],"wp:attachment":[{"href":"https:\/\/www.le-professionnel.com\/index.php?rest_route=%2Fwp%2Fv2%2Fmedia&parent=2449"}],"curies":[{"name":"wp","href":"https:\/\/api.w.org\/{rel}","templated":true}]}}