{"id":2436,"date":"2021-01-06T09:55:42","date_gmt":"2021-01-06T09:55:42","guid":{"rendered":"http:\/\/www.le-professionnel.com\/?post_type=product&#038;p=2436"},"modified":"2021-01-06T09:55:46","modified_gmt":"2021-01-06T09:55:46","slug":"perforateur-sds-max-gbh-7-46-de","status":"publish","type":"product","link":"https:\/\/www.le-professionnel.com\/?product=perforateur-sds-max-gbh-7-46-de","title":{"rendered":"Perforateur SDS max GBH 7-46 DE"},"content":{"rendered":"<p><strong>Un concentr\u00e9 de puissance et de robustesse<\/strong><br \/>\n<strong>Perforateur robuste et performant avec puissant moteur de 1 350 W<\/strong><br \/>\n<strong>Forte capacit\u00e9 d\u2019enl\u00e8vement en mode burinage gr\u00e2ce au syst\u00e8me Turbo Power (force de frappe allant jusqu\u2019\u00e0 9,3 J)<\/strong><br \/>\n<strong>Grande dur\u00e9e de vie gr\u00e2ce \u00e0 la robustesse des composants m\u00e9talliques<\/strong><\/p>\n","protected":false},"excerpt":{"rendered":"<p><strong>Donn\u00e9es suppl\u00e9mentaires<\/strong><br \/>\n<strong>Puissance absorb\u00e9e nominale*<\/strong><br \/>\n<strong>1 350W<\/strong><br \/>\n<strong>Force de frappe*<\/strong><br \/>\n<strong>2 &#8211; 15J<\/strong><br \/>\n<strong>Fr\u00e9quence de frappe \u00e0 vitesse de rotation nominale<\/strong><br \/>\n<strong>1,375 \u2013 2,800cps\/min<\/strong><br \/>\n<strong>Vitesse de rotation nominale<\/strong><br \/>\n<strong>145 \u2013 280t\/min<\/strong><br \/>\n<strong>Poids<\/strong><br \/>\n<strong>8,2kg<\/strong><br \/>\n<strong>Dimensions de l\u2019outil (largeur)<\/strong><br \/>\n<strong>288mm<\/strong><br \/>\n<strong>Dimensions de l\u2019outil (longueur)<\/strong><br \/>\n<strong>545mm<\/strong><br \/>\n<strong>Dimensions de l\u2019outil (hauteur)<\/strong><br \/>\n<strong>105mm<\/strong><br \/>\n<strong>Porte-outils<\/strong><br \/>\n<strong>SDS max<\/strong><\/p>\n<p><strong>Plage de per\u00e7age<\/strong><br \/>\n<strong>\u00d8 de per\u00e7age dans le b\u00e9ton avec forets pour perforateur*<\/strong><br \/>\n<strong>12 \u2013 45mm<\/strong><br \/>\n<strong>Plage d\u2019utilisation optimale b\u00e9ton avec forets pour perforateur<\/strong><br \/>\n<strong>25 \u2013 40mm<\/strong><br \/>\n<strong>\u00d8 de per\u00e7age dans le b\u00e9ton avec forets h\u00e9lico\u00efdaux \u00e0 multi-taillants<\/strong><br \/>\n<strong>45 \u2013 80mm<\/strong><br \/>\n<strong>Diam\u00e8tre de per\u00e7age dans le b\u00e9ton avec couronnes-tr\u00e9pans<\/strong><br \/>\n<strong>40 \u2013 150mm<\/strong><br \/>\n<strong>Valeurs totales des vibrations (Per\u00e7age en frappe du b\u00e9ton)<\/strong><br \/>\n<strong>Valeur d\u2019\u00e9mission vibratoire ah<\/strong><br \/>\n<strong>21m\/s\u00b2<\/strong><br \/>\n<strong>Incertitude K<\/strong><br \/>\n<strong>1,5m\/s\u00b2<\/strong><br \/>\n<strong>Valeurs totales des vibrations (Burinage)<\/strong><br \/>\n<strong>Valeur d\u2019\u00e9mission vibratoire ah<\/strong><br \/>\n<strong>15m\/s\u00b2<\/strong><br \/>\n<strong>Incertitude K<\/strong><br \/>\n<strong>1,5m\/s\u00b2<\/strong><\/p>\n","protected":false},"featured_media":2438,"template":"","meta":[],"brands":[{"id":19,"name":"BOSCH","slug":"bosch"}],"_links":{"self":[{"href":"https:\/\/www.le-professionnel.com\/index.php?rest_route=\/wp\/v2\/product\/2436"}],"collection":[{"href":"https:\/\/www.le-professionnel.com\/index.php?rest_route=\/wp\/v2\/product"}],"about":[{"href":"https:\/\/www.le-professionnel.com\/index.php?rest_route=\/wp\/v2\/types\/product"}],"version-history":[{"count":1,"href":"https:\/\/www.le-professionnel.com\/index.php?rest_route=\/wp\/v2\/product\/2436\/revisions"}],"predecessor-version":[{"id":2439,"href":"https:\/\/www.le-professionnel.com\/index.php?rest_route=\/wp\/v2\/product\/2436\/revisions\/2439"}],"wp:featuredmedia":[{"embeddable":true,"href":"https:\/\/www.le-professionnel.com\/index.php?rest_route=\/wp\/v2\/media\/2438"}],"wp:attachment":[{"href":"https:\/\/www.le-professionnel.com\/index.php?rest_route=%2Fwp%2Fv2%2Fmedia&parent=2436"}],"curies":[{"name":"wp","href":"https:\/\/api.w.org\/{rel}","templated":true}]}}