{"id":2429,"date":"2021-01-06T09:46:08","date_gmt":"2021-01-06T09:46:08","guid":{"rendered":"http:\/\/www.le-professionnel.com\/?post_type=product&#038;p=2429"},"modified":"2021-01-06T09:46:10","modified_gmt":"2021-01-06T09:46:10","slug":"perforateur-sds-max-gbh-12-52-dv","status":"publish","type":"product","link":"https:\/\/www.le-professionnel.com\/?product=perforateur-sds-max-gbh-12-52-dv","title":{"rendered":"Perforateur SDS max GBH 12-52 DV"},"content":{"rendered":"<h3 class=\"headline hl4\">Le perforateur Bosch le plus puissant, avec Vibration Control<\/h3>\n<ul class=\"m-product_hightlights__list\">\n<li>Puissance exceptionnelle pour les travaux de per\u00e7age et de burinage gr\u00e2ce au moteur de 1 700 W et \u00e0 la force de frappe de 19 J<\/li>\n<li>Blocage automatique du commutateur pour un plus grand confort d\u2019utilisation lors de travaux de burinage de longue dur\u00e9e<\/li>\n<li>Faibles vibrations : seulement 8 m\/s\u00b2 en mode burinage et de 10 m\/s\u00b2 en mode per\u00e7age gr\u00e2ce au triple syst\u00e8me de r\u00e9duction des vibrations intelligent<\/li>\n<\/ul>\n","protected":false},"excerpt":{"rendered":"<p><strong>Donn\u00e9es suppl\u00e9mentaires<\/strong><br \/>\n<strong>Puissance absorb\u00e9e nominale*<\/strong><br \/>\n<strong>1 700W<\/strong><br \/>\n<strong>Force de frappe*<\/strong><br \/>\n<strong>19J<\/strong><br \/>\n<strong>Fr\u00e9quence de frappe \u00e0 vitesse de rotation nominale<\/strong><br \/>\n<strong>1,750 \u2013 2,150cps\/min<\/strong><br \/>\n<strong>Vitesse de rotation nominale<\/strong><br \/>\n<strong>0 \u2013 220t\/min<\/strong><br \/>\n<strong>Poids<\/strong><br \/>\n<strong>11,9kg<\/strong><br \/>\n<strong>Dimensions de l\u2019outil (largeur)<\/strong><br \/>\n<strong>120mm<\/strong><br \/>\n<strong>Dimensions de l\u2019outil (longueur)<\/strong><br \/>\n<strong>600mm<\/strong><br \/>\n<strong>Dimensions de l\u2019outil (hauteur)<\/strong><br \/>\n<strong>312mm<\/strong><br \/>\n<strong>Porte-outils<\/strong><br \/>\n<strong>SDS max<\/strong><\/p>\n<p><strong>Plage de per\u00e7age<\/strong><br \/>\n<strong>\u00d8 de per\u00e7age dans le b\u00e9ton avec forets pour perforateur*<\/strong><br \/>\n<strong>12 \u2013 52mm<\/strong><br \/>\n<strong>Plage d\u2019utilisation optimale b\u00e9ton avec forets pour perforateur<\/strong><br \/>\n<strong>30 \u2013 50mm<\/strong><br \/>\n<strong>\u00d8 de per\u00e7age dans le b\u00e9ton avec forets h\u00e9lico\u00efdaux \u00e0 multi-taillants<\/strong><br \/>\n<strong>80mm<\/strong><br \/>\n<strong>Diam\u00e8tre de per\u00e7age dans le b\u00e9ton avec couronnes-tr\u00e9pans<\/strong><br \/>\n<strong>150mm<\/strong><br \/>\n<strong>Valeurs totales des vibrations (Per\u00e7age en frappe du b\u00e9ton)<\/strong><br \/>\n<strong>Valeur d\u2019\u00e9mission vibratoire ah<\/strong><br \/>\n<strong>10m\/s\u00b2<\/strong><br \/>\n<strong>Incertitude K<\/strong><br \/>\n<strong>1,5m\/s\u00b2<\/strong><br \/>\n<strong>Valeurs totales des vibrations (Burinage)<\/strong><br \/>\n<strong>Valeur d\u2019\u00e9mission vibratoire ah<\/strong><br \/>\n<strong>8m\/s\u00b2<\/strong><br \/>\n<strong>Incertitude K<\/strong><br \/>\n<strong>1,5m\/s\u00b2<\/strong><\/p>\n","protected":false},"featured_media":2431,"template":"","meta":[],"brands":[{"id":19,"name":"BOSCH","slug":"bosch"}],"_links":{"self":[{"href":"https:\/\/www.le-professionnel.com\/index.php?rest_route=\/wp\/v2\/product\/2429"}],"collection":[{"href":"https:\/\/www.le-professionnel.com\/index.php?rest_route=\/wp\/v2\/product"}],"about":[{"href":"https:\/\/www.le-professionnel.com\/index.php?rest_route=\/wp\/v2\/types\/product"}],"version-history":[{"count":1,"href":"https:\/\/www.le-professionnel.com\/index.php?rest_route=\/wp\/v2\/product\/2429\/revisions"}],"predecessor-version":[{"id":2432,"href":"https:\/\/www.le-professionnel.com\/index.php?rest_route=\/wp\/v2\/product\/2429\/revisions\/2432"}],"wp:featuredmedia":[{"embeddable":true,"href":"https:\/\/www.le-professionnel.com\/index.php?rest_route=\/wp\/v2\/media\/2431"}],"wp:attachment":[{"href":"https:\/\/www.le-professionnel.com\/index.php?rest_route=%2Fwp%2Fv2%2Fmedia&parent=2429"}],"curies":[{"name":"wp","href":"https:\/\/api.w.org\/{rel}","templated":true}]}}