{"id":2419,"date":"2021-01-06T09:26:28","date_gmt":"2021-01-06T09:26:28","guid":{"rendered":"http:\/\/www.le-professionnel.com\/?post_type=product&#038;p=2419"},"modified":"2021-01-06T09:26:34","modified_gmt":"2021-01-06T09:26:34","slug":"perforateur-sds-plus-gbh-2-20-d","status":"publish","type":"product","link":"https:\/\/www.le-professionnel.com\/?product=perforateur-sds-plus-gbh-2-20-d","title":{"rendered":"Perforateur SDS plus GBH 2-20 D"},"content":{"rendered":"<h3 class=\"headline hl4\">Puissance record dans la cat\u00e9gorie compacte<\/h3>\n<p class=\"m-product_hightlights__paragraph\">\n<ul class=\"m-product_hightlights__list\">\n<li>Progression de per\u00e7age rapide et rendement de 30\u2009% sup\u00e9rieur \u00e0 celui des autres perforateurs d&rsquo;entr\u00e9e de gamme<\/li>\n<li>L\u00e9g\u00e8ret\u00e9 et compacit\u00e9 : id\u00e9al pour le travail \u00e0 bout de bras<\/li>\n<li>Conception modulaire robuste garantissant une longue dur\u00e9e de vie<\/li>\n<\/ul>\n","protected":false},"excerpt":{"rendered":"<p>Donn\u00e9es suppl\u00e9mentaires<br \/>\nPuissance absorb\u00e9e nominale*<br \/>\n650W<br \/>\nForce de frappe*<br \/>\n1.7J<br \/>\nFr\u00e9quence de frappe \u00e0 vitesse de rotation nominale<br \/>\n0 \u2013 4,200cps\/min<br \/>\nVitesse de rotation nominale<br \/>\n0 \u2013 1,300t\/min<br \/>\nPoids<br \/>\n2,3kg<br \/>\nDimensions de l\u2019outil (largeur)<br \/>\n82mm<br \/>\nDimensions de l\u2019outil (longueur)<br \/>\n323mm<br \/>\nDimensions de l\u2019outil (hauteur)<br \/>\n210mm<br \/>\nPorte-outils<br \/>\nSDS plus<\/p>\n<p>Plage de per\u00e7age<br \/>\n\u00d8 de per\u00e7age dans le b\u00e9ton avec forets pour perforateur*<br \/>\n4 \u2013 20mm<br \/>\nPlage d\u2019utilisation optimale b\u00e9ton avec forets pour perforateur<br \/>\n4 \u2013 10mm<br \/>\nDiam\u00e8tre de per\u00e7age dans le b\u00e9ton avec couronnes-tr\u00e9pans<br \/>\n68mm<br \/>\n\u00d8 per\u00e7age maxi dans ma\u00e7onnerie, couronnes-tr\u00e9pans<br \/>\n68mm<br \/>\n\u00d8 de per\u00e7age maxi. dans le m\u00e9tal<br \/>\n13mm<br \/>\n\u00d8 de per\u00e7age maxi. dans le bois<br \/>\n30mm<br \/>\nValeurs totales des vibrations (Per\u00e7age en frappe du b\u00e9ton)<br \/>\nValeur d\u2019\u00e9mission vibratoire ah<br \/>\n13,5m\/s\u00b2<br \/>\nIncertitude K<br \/>\n1,5m\/s\u00b2<br \/>\nValeurs totales des vibrations (Burinage)<br \/>\nValeur d\u2019\u00e9mission vibratoire ah<br \/>\n9,5m\/s\u00b2<br \/>\nIncertitude K<br \/>\n1,5m\/s\u00b2<\/p>\n","protected":false},"featured_media":2420,"template":"","meta":[],"brands":[{"id":19,"name":"BOSCH","slug":"bosch"}],"_links":{"self":[{"href":"https:\/\/www.le-professionnel.com\/index.php?rest_route=\/wp\/v2\/product\/2419"}],"collection":[{"href":"https:\/\/www.le-professionnel.com\/index.php?rest_route=\/wp\/v2\/product"}],"about":[{"href":"https:\/\/www.le-professionnel.com\/index.php?rest_route=\/wp\/v2\/types\/product"}],"version-history":[{"count":1,"href":"https:\/\/www.le-professionnel.com\/index.php?rest_route=\/wp\/v2\/product\/2419\/revisions"}],"predecessor-version":[{"id":2421,"href":"https:\/\/www.le-professionnel.com\/index.php?rest_route=\/wp\/v2\/product\/2419\/revisions\/2421"}],"wp:featuredmedia":[{"embeddable":true,"href":"https:\/\/www.le-professionnel.com\/index.php?rest_route=\/wp\/v2\/media\/2420"}],"wp:attachment":[{"href":"https:\/\/www.le-professionnel.com\/index.php?rest_route=%2Fwp%2Fv2%2Fmedia&parent=2419"}],"curies":[{"name":"wp","href":"https:\/\/api.w.org\/{rel}","templated":true}]}}