{"id":2416,"date":"2021-01-06T09:20:57","date_gmt":"2021-01-06T09:20:57","guid":{"rendered":"http:\/\/www.le-professionnel.com\/?post_type=product&#038;p=2416"},"modified":"2021-01-06T09:21:06","modified_gmt":"2021-01-06T09:21:06","slug":"perforateur-sds-plus-gbh-2000","status":"publish","type":"product","link":"https:\/\/www.le-professionnel.com\/?product=perforateur-sds-plus-gbh-2000","title":{"rendered":"Perforateur SDS plus GBH 2000"},"content":{"rendered":"<h3 class=\"headline hl4\">L\u2019association de puissance et vitesse en une conception compacte<\/h3>\n<p class=\"m-product_hightlights__paragraph\">\n<ul class=\"m-product_hightlights__list\">\n<li>Bloc robuste \u2013 construction modulaire cylindrique pour une fiabilit\u00e9 et une durabilit\u00e9 sup\u00e9rieures<\/li>\n<li>Flexibilit\u00e9 accrue pour les t\u00e2ches de burinage usuelles<\/li>\n<li>Compact, avec un poids de 2,3\u00a0kg pour une utilisation confortable et pratique. Adapt\u00e9 aux applications en hauteur<\/li>\n<\/ul>\n","protected":false},"excerpt":{"rendered":"<p><strong>Donn\u00e9es suppl\u00e9mentaires<\/strong><br \/>\n<strong>Puissance absorb\u00e9e nominale*<\/strong><br \/>\n<strong>600W<\/strong><br \/>\n<strong>Force de frappe*<\/strong><br \/>\n<strong>0 &#8211; 1.7J<\/strong><br \/>\n<strong>Fr\u00e9quence de frappe \u00e0 vitesse de rotation nominale<\/strong><br \/>\n<strong>0 \u2013 4,400cps\/min<\/strong><br \/>\n<strong>Vitesse de rotation nominale<\/strong><br \/>\n<strong>0 \u2013 1,400t\/min<\/strong><br \/>\n<strong>Poids<\/strong><br \/>\n<strong>2,3kg<\/strong><br \/>\n<strong>Porte-outils<\/strong><br \/>\n<strong>SDS plus<\/strong><\/p>\n<p><strong>Plage de per\u00e7age<\/strong><br \/>\n<strong>\u00d8 de per\u00e7age dans le b\u00e9ton avec forets pour perforateur*<\/strong><br \/>\n<strong>4 \u2013 20mm<\/strong><br \/>\n<strong>\u00d8 per\u00e7age maxi dans ma\u00e7onnerie, couronnes-tr\u00e9pans<\/strong><br \/>\n<strong>68mm<\/strong><br \/>\n<strong>\u00d8 de per\u00e7age maxi. dans le m\u00e9tal<\/strong><br \/>\n<strong>13mm<\/strong><\/p>\n","protected":false},"featured_media":2417,"template":"","meta":[],"brands":[{"id":19,"name":"BOSCH","slug":"bosch"}],"_links":{"self":[{"href":"https:\/\/www.le-professionnel.com\/index.php?rest_route=\/wp\/v2\/product\/2416"}],"collection":[{"href":"https:\/\/www.le-professionnel.com\/index.php?rest_route=\/wp\/v2\/product"}],"about":[{"href":"https:\/\/www.le-professionnel.com\/index.php?rest_route=\/wp\/v2\/types\/product"}],"version-history":[{"count":1,"href":"https:\/\/www.le-professionnel.com\/index.php?rest_route=\/wp\/v2\/product\/2416\/revisions"}],"predecessor-version":[{"id":2418,"href":"https:\/\/www.le-professionnel.com\/index.php?rest_route=\/wp\/v2\/product\/2416\/revisions\/2418"}],"wp:featuredmedia":[{"embeddable":true,"href":"https:\/\/www.le-professionnel.com\/index.php?rest_route=\/wp\/v2\/media\/2417"}],"wp:attachment":[{"href":"https:\/\/www.le-professionnel.com\/index.php?rest_route=%2Fwp%2Fv2%2Fmedia&parent=2416"}],"curies":[{"name":"wp","href":"https:\/\/api.w.org\/{rel}","templated":true}]}}