{"id":2404,"date":"2021-01-06T09:04:50","date_gmt":"2021-01-06T09:04:50","guid":{"rendered":"http:\/\/www.le-professionnel.com\/?post_type=product&#038;p=2404"},"modified":"2021-01-06T09:04:58","modified_gmt":"2021-01-06T09:04:58","slug":"perforateur-sds-plus-gbh-3-28-dfr","status":"publish","type":"product","link":"https:\/\/www.le-professionnel.com\/?product=perforateur-sds-plus-gbh-3-28-dfr","title":{"rendered":"Perforateur SDS plus GBH 3-28 DFR"},"content":{"rendered":"<p><strong>Une performance optimale avec 20 % de vibrations en moins<\/strong><br \/>\n<strong>Progression de per\u00e7age rapide et rendement accru de 20 % par rapport aux perforateurs de sa cat\u00e9gorie.<\/strong><br \/>\n<strong>20 % de vibrations en moins par rapport aux autres perforateurs de sa cat\u00e9gories pour une utilisation plus confortable gr\u00e2ce \u00e0 la technologie Bosch Vibration Control.<\/strong><br \/>\n<strong>Mandrin interchangeable pour changer rapidement entre le per\u00e7age \u00e0 percussion dans le b\u00e9ton et le per\u00e7age sans percussion dans le bois et le m\u00e9tal.<\/strong><\/p>\n","protected":false},"excerpt":{"rendered":"<p>Donn\u00e9es suppl\u00e9mentaires<br \/>\nPuissance absorb\u00e9e nominale*<br \/>\n800W<br \/>\nForce de frappe*<br \/>\n3.1J<br \/>\nFr\u00e9quence de frappe \u00e0 vitesse de rotation nominale<br \/>\n0 \u2013 4,000cps\/min<br \/>\nVitesse de rotation nominale<br \/>\n0 \u2013 900t\/min<br \/>\nPoids<br \/>\n3,6kg<br \/>\nDimensions de l\u2019outil (longueur)<br \/>\n354mm<br \/>\nDimensions de l\u2019outil (hauteur)<br \/>\n233mm<br \/>\nPorte-outils<br \/>\nSDS plus<\/p>\n<p>Plage de per\u00e7age<br \/>\n\u00d8 de per\u00e7age dans le b\u00e9ton avec forets pour perforateur*<br \/>\n4 \u2013 28mm<br \/>\nPlage d\u2019utilisation optimale b\u00e9ton avec forets pour perforateur<br \/>\n12 \u2013 18mm<br \/>\nDiam\u00e8tre de per\u00e7age dans le b\u00e9ton avec couronnes-tr\u00e9pans<br \/>\n68mm<br \/>\n\u00d8 per\u00e7age maxi dans ma\u00e7onnerie, couronnes-tr\u00e9pans<br \/>\n82mm<br \/>\n\u00d8 de per\u00e7age maxi. dans le m\u00e9tal<br \/>\n13mm<br \/>\n\u00d8 de per\u00e7age maxi. dans le bois<br \/>\n30mm<br \/>\nValeurs totales des vibrations (Per\u00e7age en frappe du b\u00e9ton)<br \/>\nValeur d\u2019\u00e9mission vibratoire ah<br \/>\n13m\/s\u00b2<br \/>\nIncertitude K<br \/>\n2m\/s\u00b2<br \/>\nValeurs totales des vibrations (Burinage)<br \/>\nValeur d\u2019\u00e9mission vibratoire ah<br \/>\n9,5m\/s\u00b2<br \/>\nIncertitude K<br \/>\n1,5m\/s\u00b2<\/p>\n","protected":false},"featured_media":2407,"template":"","meta":[],"brands":[{"id":19,"name":"BOSCH","slug":"bosch"}],"_links":{"self":[{"href":"https:\/\/www.le-professionnel.com\/index.php?rest_route=\/wp\/v2\/product\/2404"}],"collection":[{"href":"https:\/\/www.le-professionnel.com\/index.php?rest_route=\/wp\/v2\/product"}],"about":[{"href":"https:\/\/www.le-professionnel.com\/index.php?rest_route=\/wp\/v2\/types\/product"}],"version-history":[{"count":1,"href":"https:\/\/www.le-professionnel.com\/index.php?rest_route=\/wp\/v2\/product\/2404\/revisions"}],"predecessor-version":[{"id":2409,"href":"https:\/\/www.le-professionnel.com\/index.php?rest_route=\/wp\/v2\/product\/2404\/revisions\/2409"}],"wp:featuredmedia":[{"embeddable":true,"href":"https:\/\/www.le-professionnel.com\/index.php?rest_route=\/wp\/v2\/media\/2407"}],"wp:attachment":[{"href":"https:\/\/www.le-professionnel.com\/index.php?rest_route=%2Fwp%2Fv2%2Fmedia&parent=2404"}],"curies":[{"name":"wp","href":"https:\/\/api.w.org\/{rel}","templated":true}]}}