{"id":2332,"date":"2021-01-05T13:25:22","date_gmt":"2021-01-05T13:25:22","guid":{"rendered":"http:\/\/www.le-professionnel.com\/?post_type=product&#038;p=2332"},"modified":"2021-01-05T13:25:24","modified_gmt":"2021-01-05T13:25:24","slug":"perceuse-a-percussion-gsb-21-2-rct","status":"publish","type":"product","link":"https:\/\/www.le-professionnel.com\/?product=perceuse-a-percussion-gsb-21-2-rct","title":{"rendered":"Perceuse \u00e0 percussion GSB 21-2 RCT"},"content":{"rendered":"<p><strong>La plus puissante de sa cat\u00e9gorie avec r\u00e9gulation \u00e9lectronique constante et Torque Control pour les fortes sollicitations<\/strong><br \/>\n<strong>Moteur haute performance Bosch (1\u2009300 W) dot\u00e9 d\u2019un couple \u00e9lev\u00e9 pour des applications tr\u00e8s difficiles avec des diam\u00e8tres importants (per\u00e7age, travail avec couronnes-tr\u00e9pans et scies-tr\u00e9pans) ainsi que vissage et malaxage<\/strong><br \/>\n<strong>R\u00e9gulation \u00e9lectronique constante pour un grand confort d&rsquo;utilisation : maintient la vitesse de rotation constante quelle que soit la charge<\/strong><br \/>\n<strong>Torque Control pour une pr\u00e9cision \u00e9lev\u00e9e : pr\u00e9s\u00e9lection du couple pour un vissage r\u00e9gulier des vis<\/strong><\/p>\n","protected":false},"excerpt":{"rendered":"<p>Donn\u00e9es suppl\u00e9mentaires<br \/>\nPuissance absorb\u00e9e nominale*<br \/>\n1 300W<br \/>\nPoids<br \/>\n2,85kg<br \/>\nR\u00e9gime \u00e0 vide, 1\u00e8re vitesse<br \/>\n0 \u2013 900t\/min<br \/>\nR\u00e9gime \u00e0 vide, vitesse 2<br \/>\n3,000t\/min<br \/>\nPuissance restitu\u00e9e<br \/>\n695W<br \/>\nVitesse de rotation nominale<br \/>\n3,000t\/min<br \/>\nCouple nominal<br \/>\n7.8 \/ 2.6Nm<br \/>\nFiletage de la broche de per\u00e7age<br \/>\n1\/2&Prime; \u2013 20 UNF<\/p>\n<p>Plage de serrage du mandrin, min.\/max.<br \/>\n1.5 \u2013 13mm<br \/>\nFr\u00e9quence de frappe \u00e0 vide<br \/>\n0 \u2013 15,300 \/ 51,000cps\/min<br \/>\nCouple maxi.<br \/>\n43.0 \/ 20.5Nm<br \/>\nPlage de per\u00e7age<br \/>\n\u00d8 per\u00e7age b\u00e9ton<br \/>\n22 \/ 13mm<br \/>\n\u00d8 per\u00e7age bois*<br \/>\n40 \/ 25mm<br \/>\n\u00d8 per\u00e7age acier<br \/>\n16 \/ 10mm<br \/>\n\u00d8 de per\u00e7age dans la ma\u00e7onnerie*<br \/>\n24 \/ 16mm<br \/>\nValeurs totales des vibrations (Per\u00e7age dans le m\u00e9tal)<br \/>\nValeur d\u2019\u00e9mission vibratoire ah<br \/>\n5,6m\/s\u00b2<br \/>\nIncertitude K<br \/>\n1,5m\/s\u00b2<br \/>\nValeurs totales des vibrations (Per\u00e7age avec percussion dans le b\u00e9ton)<br \/>\nValeur d\u2019\u00e9mission vibratoire ah<br \/>\n14,6m\/s\u00b2<br \/>\nIncertitude K<br \/>\n1,8m\/s\u00b2<br \/>\nValeurs totales des vibrations (Vissage)<br \/>\nValeur d\u2019\u00e9mission vibratoire ah<br \/>\n2,5m\/s\u00b2<br \/>\nIncertitude K<br \/>\n1,5m\/s\u00b2<\/p>\n","protected":false},"featured_media":2333,"template":"","meta":[],"brands":[{"id":19,"name":"BOSCH","slug":"bosch"}],"_links":{"self":[{"href":"https:\/\/www.le-professionnel.com\/index.php?rest_route=\/wp\/v2\/product\/2332"}],"collection":[{"href":"https:\/\/www.le-professionnel.com\/index.php?rest_route=\/wp\/v2\/product"}],"about":[{"href":"https:\/\/www.le-professionnel.com\/index.php?rest_route=\/wp\/v2\/types\/product"}],"version-history":[{"count":1,"href":"https:\/\/www.le-professionnel.com\/index.php?rest_route=\/wp\/v2\/product\/2332\/revisions"}],"predecessor-version":[{"id":2334,"href":"https:\/\/www.le-professionnel.com\/index.php?rest_route=\/wp\/v2\/product\/2332\/revisions\/2334"}],"wp:featuredmedia":[{"embeddable":true,"href":"https:\/\/www.le-professionnel.com\/index.php?rest_route=\/wp\/v2\/media\/2333"}],"wp:attachment":[{"href":"https:\/\/www.le-professionnel.com\/index.php?rest_route=%2Fwp%2Fv2%2Fmedia&parent=2332"}],"curies":[{"name":"wp","href":"https:\/\/api.w.org\/{rel}","templated":true}]}}