{"id":2323,"date":"2021-01-05T13:15:45","date_gmt":"2021-01-05T13:15:45","guid":{"rendered":"http:\/\/www.le-professionnel.com\/?post_type=product&#038;p=2323"},"modified":"2021-01-05T13:15:51","modified_gmt":"2021-01-05T13:15:51","slug":"perceuse-a-percussion-gsb-13","status":"publish","type":"product","link":"https:\/\/www.le-professionnel.com\/?product=perceuse-a-percussion-gsb-13","title":{"rendered":"Perceuse \u00e0 percussion GSB 13"},"content":{"rendered":"<p><strong>Puissance compacte \u2013 la perceuse \u00e0 percussion la plus compacte et puissante de sa cat\u00e9gorie<\/strong><br \/>\n<strong>Moteur robuste et puissant de 600 W<\/strong><br \/>\n<strong>Maniabilit\u00e9 extr\u00eame : une taille ne d\u00e9passant pas celle d\u2019un gant de travail et un poids de 1,7 kg seulement<\/strong><br \/>\n<strong>Poign\u00e9e en ligne ergonomique pour une prise en main s\u00fbre<\/strong><\/p>\n","protected":false},"excerpt":{"rendered":"<p>Donn\u00e9es suppl\u00e9mentaires<br \/>\nPuissance absorb\u00e9e nominale*<br \/>\n600W<br \/>\nPoids<br \/>\n1,7kg<br \/>\nR\u00e9gime \u00e0 vide, 1\u00e8re vitesse<br \/>\n0 \u2013 2,800t\/min<br \/>\nPuissance restitu\u00e9e<br \/>\n301W<br \/>\nVitesse de rotation nominale<br \/>\n1,570t\/min<br \/>\nFiletage de la broche de per\u00e7age<br \/>\n1\/2&Prime;-20 UNF<\/p>\n<p>Plage de serrage du mandrin, min.\/max.<br \/>\n1.5 \u2013 13mm<br \/>\nFr\u00e9quence de frappe \u00e0 vide<br \/>\n0 \u2013 44,800cps\/min<br \/>\nPlage de per\u00e7age<br \/>\n\u00d8 per\u00e7age b\u00e9ton*<br \/>\n13mm<br \/>\n\u00d8 per\u00e7age bois*<br \/>\n25mm<br \/>\n\u00d8 per\u00e7age acier<br \/>\n10mm<\/p>\n","protected":false},"featured_media":2324,"template":"","meta":[],"brands":[{"id":19,"name":"BOSCH","slug":"bosch"}],"_links":{"self":[{"href":"https:\/\/www.le-professionnel.com\/index.php?rest_route=\/wp\/v2\/product\/2323"}],"collection":[{"href":"https:\/\/www.le-professionnel.com\/index.php?rest_route=\/wp\/v2\/product"}],"about":[{"href":"https:\/\/www.le-professionnel.com\/index.php?rest_route=\/wp\/v2\/types\/product"}],"version-history":[{"count":1,"href":"https:\/\/www.le-professionnel.com\/index.php?rest_route=\/wp\/v2\/product\/2323\/revisions"}],"predecessor-version":[{"id":2325,"href":"https:\/\/www.le-professionnel.com\/index.php?rest_route=\/wp\/v2\/product\/2323\/revisions\/2325"}],"wp:featuredmedia":[{"embeddable":true,"href":"https:\/\/www.le-professionnel.com\/index.php?rest_route=\/wp\/v2\/media\/2324"}],"wp:attachment":[{"href":"https:\/\/www.le-professionnel.com\/index.php?rest_route=%2Fwp%2Fv2%2Fmedia&parent=2323"}],"curies":[{"name":"wp","href":"https:\/\/api.w.org\/{rel}","templated":true}]}}