{"id":2320,"date":"2021-01-05T13:12:36","date_gmt":"2021-01-05T13:12:36","guid":{"rendered":"http:\/\/www.le-professionnel.com\/?post_type=product&#038;p=2320"},"modified":"2021-01-05T13:12:40","modified_gmt":"2021-01-05T13:12:40","slug":"perceuse-a-percussion-gsb-13-re","status":"publish","type":"product","link":"https:\/\/www.le-professionnel.com\/?product=perceuse-a-percussion-gsb-13-re","title":{"rendered":"Perceuse \u00e0 percussion GSB 13 RE"},"content":{"rendered":"<p><strong>Une avanc\u00e9e technologique qui \u00e9tablit de nouvelles normes Performance am\u00e9lior\u00e9e, efficacit\u00e9 d\u00e9cupl\u00e9e<\/strong><br \/>\n<strong>Carter d\u2019engrenage cylindrique et carter de moteur avec collier de fixation pour r\u00e9sister aux conditions de travail les plus difficiles<\/strong><br \/>\n<strong>Un moteur puissant de 650 W pour s\u2019adapter \u00e0 tous les besoins professionnels<\/strong><br \/>\n<strong>Conception compacte et ergonomique pour une utilisation sans fatigue<\/strong><\/p>\n","protected":false},"excerpt":{"rendered":"<p>Donn\u00e9es suppl\u00e9mentaires<br \/>\nPuissance absorb\u00e9e nominale*<br \/>\n650W<br \/>\nPoids<br \/>\n2kg<br \/>\nR\u00e9gime \u00e0 vide, 1\u00e8re vitesse<br \/>\n0 \u2013 3,150t\/min<br \/>\nPlage de serrage du mandrin, min.\/max.<br \/>\n1.5 \u2013 13mm<br \/>\nDimensions de l\u2019outil (largeur)<br \/>\n70mm<br \/>\nDimensions de l\u2019outil (longueur)<br \/>\n262mm<br \/>\nDimensions de l\u2019outil (hauteur)<br \/>\n190mm<br \/>\nFr\u00e9quence de frappe \u00e0 vide<br \/>\n0 \u2013 47,000cps\/min<br \/>\nPlage de per\u00e7age<br \/>\n\u00d8 per\u00e7age b\u00e9ton*<br \/>\n13mm<br \/>\n\u00d8 per\u00e7age bois*<br \/>\n20mm<br \/>\n\u00d8 per\u00e7age acier<br \/>\n10mm<\/p>\n","protected":false},"featured_media":2321,"template":"","meta":[],"brands":[{"id":19,"name":"BOSCH","slug":"bosch"}],"_links":{"self":[{"href":"https:\/\/www.le-professionnel.com\/index.php?rest_route=\/wp\/v2\/product\/2320"}],"collection":[{"href":"https:\/\/www.le-professionnel.com\/index.php?rest_route=\/wp\/v2\/product"}],"about":[{"href":"https:\/\/www.le-professionnel.com\/index.php?rest_route=\/wp\/v2\/types\/product"}],"version-history":[{"count":1,"href":"https:\/\/www.le-professionnel.com\/index.php?rest_route=\/wp\/v2\/product\/2320\/revisions"}],"predecessor-version":[{"id":2322,"href":"https:\/\/www.le-professionnel.com\/index.php?rest_route=\/wp\/v2\/product\/2320\/revisions\/2322"}],"wp:featuredmedia":[{"embeddable":true,"href":"https:\/\/www.le-professionnel.com\/index.php?rest_route=\/wp\/v2\/media\/2321"}],"wp:attachment":[{"href":"https:\/\/www.le-professionnel.com\/index.php?rest_route=%2Fwp%2Fv2%2Fmedia&parent=2320"}],"curies":[{"name":"wp","href":"https:\/\/api.w.org\/{rel}","templated":true}]}}