{"id":2256,"date":"2021-01-04T09:32:31","date_gmt":"2021-01-04T09:32:31","guid":{"rendered":"http:\/\/www.le-professionnel.com\/?post_type=product&#038;p=2256"},"modified":"2021-01-04T09:38:02","modified_gmt":"2021-01-04T09:38:02","slug":"ts6600-elevateur-a-ciseaux-3-0t-a-hauteur-moyenne-2","status":"publish","type":"product","link":"https:\/\/www.le-professionnel.com\/?product=ts6600-elevateur-a-ciseaux-3-0t-a-hauteur-moyenne-2","title":{"rendered":"HX6BWF | \u00c9l\u00e9vateur \u00e0 ciseaux \u00e0 plate-forme longue 6.0T"},"content":{"rendered":"<ul>\n<li><span>Capacit\u00e9 de\u00a0<\/span><span>\u00a0levage de\u00a0\u00a06000Kg<\/span><\/li>\n<li><span lang=\"EN-US\"><span>Pistes plates de 5424 mm de long pour un usage g\u00e9n\u00e9ral<\/span><\/span><span lang=\"EN-US\">\u00a0<\/span><\/li>\n<li><span>Syst\u00e8me de protection de synchronisation infrarouge<\/span><\/li>\n<li><span>Nivellement \u00e9lectrique\u00a0<\/span><\/li>\n<li><span>Syst\u00e8me de verrouillage de s\u00e9curit\u00e9 pneumatique<\/span><span style=\"font-family: Calibri;\">\u00a0<\/span><\/li>\n<li><span>Voies r\u00e9serv\u00e9es sur les plates-formes adapt\u00e9es aux crics roulants en option\u00a0<\/span><\/li>\n<li><span>Syst\u00e8me de contr\u00f4le s\u00e9curis\u00e9 24V<\/span><\/li>\n<li><span>Bague et roulement autolubrifi\u00e9s<\/span><\/li>\n<li><span lang=\"EN-US\"><span>Buzzer d&rsquo;\u00a0<\/span><\/span><span><span lang=\"EN-US\">alarme de\u00a0<\/span><span lang=\"EN-US\">descente de s\u00e9curit\u00e9\u00a0<\/span><\/span><\/li>\n<li><span lang=\"EN-US\"><span>Moteur en aluminium avec ventilateur sur le dessus pour \u00e9viter la surchauffe caus\u00e9e par un travail de longue dur\u00e9e<\/span><\/span><\/li>\n<li><span lang=\"EN-US\"><span>Cric roulant en option<\/span><\/span><\/li>\n<\/ul>\n<table class=\"pro_table\" border=\"0\" width=\"100%\" cellspacing=\"1\" cellpadding=\"0\" bgcolor=\"#999999\">\n<tbody>\n<tr>\n<td class=\"cf\" align=\"center\" valign=\"middle\" bgcolor=\"#eb6112\"><strong>\u00a0<\/strong><strong><span>MOD\u00c8LE NO.<\/span><\/strong><\/td>\n<td class=\"cf\" align=\"center\" valign=\"middle\" bgcolor=\"#eb6112\"><strong>\u00a0<\/strong><b><span>HX6BWF<\/span><\/b><\/td>\n<\/tr>\n<tr>\n<td align=\"center\" valign=\"middle\" bgcolor=\"#ffffff\">\u00a0<span>Capacit\u00e9 de levage<\/span><\/td>\n<td align=\"center\" valign=\"middle\" bgcolor=\"#ffffff\"><span>6000 kg<\/span><\/td>\n<\/tr>\n<tr>\n<td align=\"center\" valign=\"middle\" bgcolor=\"#ffffff\"><span>Hauteur de levage maximale<\/span><\/td>\n<td align=\"center\" valign=\"middle\" bgcolor=\"#ffffff\"><span>2100 mm<\/span><\/td>\n<\/tr>\n<tr>\n<td align=\"center\" valign=\"middle\" bgcolor=\"#ffffff\"><span>Hauteur min<\/span><\/td>\n<td align=\"center\" valign=\"middle\" bgcolor=\"#ffffff\"><span>380 mm<\/span><\/td>\n<\/tr>\n<tr>\n<td align=\"center\" valign=\"middle\" bgcolor=\"#ffffff\"><span>\u00a0Temps de levage<\/span><\/td>\n<td align=\"center\" valign=\"middle\" bgcolor=\"#ffffff\"><span>72S<\/span><\/td>\n<\/tr>\n<tr>\n<td align=\"center\" valign=\"middle\" bgcolor=\"#ffffff\"><span>Arriv\u00e9e d&rsquo;air<\/span><\/td>\n<td align=\"center\" valign=\"middle\" bgcolor=\"#ffffff\"><span>6-8 bar<\/span><\/td>\n<\/tr>\n<tr>\n<td align=\"center\" valign=\"middle\" bgcolor=\"#ffffff\"><span>Capacit\u00e9 du moteur<\/span><\/td>\n<td align=\"center\" valign=\"middle\" bgcolor=\"#ffffff\"><span>2,2 kW x 2<\/span><\/td>\n<\/tr>\n<tr>\n<td align=\"center\" valign=\"middle\" bgcolor=\"#ffffff\"><span>Largeur de la plateforme<\/span><\/td>\n<td align=\"center\" valign=\"middle\" bgcolor=\"#ffffff\"><span>750 mm<\/span><\/td>\n<\/tr>\n<tr>\n<td align=\"center\" valign=\"middle\" bgcolor=\"#ffffff\"><span>Poids<\/span><\/td>\n<td align=\"center\" valign=\"middle\" bgcolor=\"#ffffff\"><span>4500 kg<\/span><\/td>\n<\/tr>\n<tr>\n<td align=\"center\" valign=\"middle\" bgcolor=\"#ffffff\"><span>\u00a0L&rsquo;approvisionnement en \u00e9lectricit\u00e9<\/span><\/td>\n<td align=\"center\" valign=\"middle\" bgcolor=\"#ffffff\"><span>\u00a0\u00a0Selon les besoins du client<\/span><\/td>\n<\/tr>\n<\/tbody>\n<\/table>\n","protected":false},"excerpt":{"rendered":"<p>Capacit\u00e9 de\u00a0\u00a0levage de\u00a0\u00a06000Kg Pistes plates de 5424 mm de long pour un usage g\u00e9n\u00e9ral\u00a0 Syst\u00e8me de protection de synchronisation infrarouge&#8230;<\/p>\n","protected":false},"featured_media":2257,"template":"","meta":[],"brands":[{"id":32,"name":"EAE","slug":"eae"}],"_links":{"self":[{"href":"https:\/\/www.le-professionnel.com\/index.php?rest_route=\/wp\/v2\/product\/2256"}],"collection":[{"href":"https:\/\/www.le-professionnel.com\/index.php?rest_route=\/wp\/v2\/product"}],"about":[{"href":"https:\/\/www.le-professionnel.com\/index.php?rest_route=\/wp\/v2\/types\/product"}],"version-history":[{"count":3,"href":"https:\/\/www.le-professionnel.com\/index.php?rest_route=\/wp\/v2\/product\/2256\/revisions"}],"predecessor-version":[{"id":2260,"href":"https:\/\/www.le-professionnel.com\/index.php?rest_route=\/wp\/v2\/product\/2256\/revisions\/2260"}],"wp:featuredmedia":[{"embeddable":true,"href":"https:\/\/www.le-professionnel.com\/index.php?rest_route=\/wp\/v2\/media\/2257"}],"wp:attachment":[{"href":"https:\/\/www.le-professionnel.com\/index.php?rest_route=%2Fwp%2Fv2%2Fmedia&parent=2256"}],"curies":[{"name":"wp","href":"https:\/\/api.w.org\/{rel}","templated":true}]}}