{"id":2241,"date":"2021-01-04T09:06:13","date_gmt":"2021-01-04T09:06:13","guid":{"rendered":"http:\/\/www.le-professionnel.com\/?post_type=product&#038;p=2241"},"modified":"2021-01-04T09:09:12","modified_gmt":"2021-01-04T09:09:12","slug":"mr35-elevateur-a-ciseaux-35t-a-hauteur-moyenne","status":"publish","type":"product","link":"https:\/\/www.le-professionnel.com\/?product=mr35-elevateur-a-ciseaux-35t-a-hauteur-moyenne","title":{"rendered":"MR35 | \u00c9l\u00e9vateur \u00e0 ciseaux 3,5T \u00e0 hauteur moyenne"},"content":{"rendered":"<ul>\n<li><span lang=\"EN-US\">Capacit\u00e9 de levage de 3500KG<\/span><span lang=\"EN-US\">\u00a0<\/span><\/li>\n<li>Id\u00e9al pour l&rsquo;entretien des pneus et les baies \u00e9troites<span lang=\"EN-US\">\u00a0<\/span><\/li>\n<li>Conception de montage mobile ou fixe<\/li>\n<li>Sortie \u00e9lectrique<\/li>\n<li>Cylindres durables avec soupapes anti-surtension<\/li>\n<li>Syst\u00e8me de contr\u00f4le s\u00e9curis\u00e9 24V<\/li>\n<li>Interrupteur de limite de hauteur<\/li>\n<li>Finition enduite de poudre<\/li>\n<li>Bague et roulement autolubrifi\u00e9s<\/li>\n<li>La protection contre le basculement d&rsquo;une extr\u00e9mit\u00e9 permet \u00e0 la voiture de conduire de chaque c\u00f4t\u00e9<\/li>\n<li>Les rampes d&rsquo;acc\u00e8s se verrouillent en position d&rsquo;extension de plate-forme pour les v\u00e9hicules longs<\/li>\n<li>Le kit mobile en option facilite le d\u00e9placement de l&rsquo;ascenseur dans votre garage<\/li>\n<li><span lang=\"EN-US\">Moteur en aluminium avec ventilateur sur le dessus pour \u00e9viter la surchauffe caus\u00e9e par un temps de travail plus long<\/span><\/li>\n<\/ul>\n<table class=\"pro_table\" border=\"0\" width=\"100%\" cellspacing=\"1\" cellpadding=\"0\" bgcolor=\"#999999\">\n<tbody>\n<tr>\n<td class=\"cf\" align=\"center\" valign=\"middle\" bgcolor=\"#eb6112\"><strong>\u00a0<\/strong><strong>MOD\u00c8LE NO.<\/strong><\/td>\n<td class=\"cf\" align=\"center\" valign=\"middle\" bgcolor=\"#eb6112\"><strong>\u00a0<\/strong><b>MR35<\/b><\/td>\n<\/tr>\n<tr>\n<td align=\"center\" valign=\"middle\" bgcolor=\"#ffffff\">Capacit\u00e9 de levage<\/td>\n<td align=\"center\" valign=\"middle\" bgcolor=\"#ffffff\">3500 kg<\/td>\n<\/tr>\n<tr>\n<td align=\"center\" valign=\"middle\" bgcolor=\"#ffffff\">Hauteur de levage maximale<\/td>\n<td align=\"center\" valign=\"middle\" bgcolor=\"#ffffff\">1000 mm<\/td>\n<\/tr>\n<tr>\n<td align=\"center\" valign=\"middle\" bgcolor=\"#ffffff\">Hauteur min<\/td>\n<td align=\"center\" valign=\"middle\" bgcolor=\"#ffffff\">110 mm<\/td>\n<\/tr>\n<tr>\n<td align=\"center\" valign=\"middle\" bgcolor=\"#ffffff\">Temps de levage<\/td>\n<td align=\"center\" valign=\"middle\" bgcolor=\"#ffffff\">30S<\/td>\n<\/tr>\n<tr>\n<td align=\"center\" valign=\"middle\" bgcolor=\"#ffffff\">Capacit\u00e9 du moteur<\/td>\n<td align=\"center\" valign=\"middle\" bgcolor=\"#ffffff\">2,2 kW<\/td>\n<\/tr>\n<tr>\n<td align=\"center\" valign=\"middle\" bgcolor=\"#ffffff\">Largeur de la plateforme<\/td>\n<td align=\"center\" valign=\"middle\" bgcolor=\"#ffffff\">460 mm<\/td>\n<\/tr>\n<tr>\n<td align=\"center\" valign=\"middle\" bgcolor=\"#ffffff\">Poids<\/td>\n<td align=\"center\" valign=\"middle\" bgcolor=\"#ffffff\">580 kg<\/td>\n<\/tr>\n<tr>\n<td align=\"center\" valign=\"middle\" bgcolor=\"#ffffff\">\u00a0L&rsquo;approvisionnement en \u00e9lectricit\u00e9<\/td>\n<td align=\"center\" valign=\"middle\" bgcolor=\"#ffffff\">\u00a0Selon les besoins du client<\/td>\n<\/tr>\n<\/tbody>\n<\/table>\n<div class=\"text-center qhwz\">* Machine illustr\u00e9e avec \u00e9quipement en option. L&rsquo;apparence r\u00e9elle du produit peut diff\u00e9rer.<\/div>\n","protected":false},"excerpt":{"rendered":"<p>Capacit\u00e9 de levage de 3500KG\u00a0 Id\u00e9al pour l&rsquo;entretien des pneus et les baies \u00e9troites\u00a0 Conception de montage mobile ou fixe&#8230;<\/p>\n","protected":false},"featured_media":2242,"template":"","meta":[],"brands":[{"id":32,"name":"EAE","slug":"eae"}],"_links":{"self":[{"href":"https:\/\/www.le-professionnel.com\/index.php?rest_route=\/wp\/v2\/product\/2241"}],"collection":[{"href":"https:\/\/www.le-professionnel.com\/index.php?rest_route=\/wp\/v2\/product"}],"about":[{"href":"https:\/\/www.le-professionnel.com\/index.php?rest_route=\/wp\/v2\/types\/product"}],"version-history":[{"count":4,"href":"https:\/\/www.le-professionnel.com\/index.php?rest_route=\/wp\/v2\/product\/2241\/revisions"}],"predecessor-version":[{"id":2247,"href":"https:\/\/www.le-professionnel.com\/index.php?rest_route=\/wp\/v2\/product\/2241\/revisions\/2247"}],"wp:featuredmedia":[{"embeddable":true,"href":"https:\/\/www.le-professionnel.com\/index.php?rest_route=\/wp\/v2\/media\/2242"}],"wp:attachment":[{"href":"https:\/\/www.le-professionnel.com\/index.php?rest_route=%2Fwp%2Fv2%2Fmedia&parent=2241"}],"curies":[{"name":"wp","href":"https:\/\/api.w.org\/{rel}","templated":true}]}}