{"id":2237,"date":"2020-12-29T12:05:26","date_gmt":"2020-12-29T12:05:26","guid":{"rendered":"http:\/\/www.le-professionnel.com\/?post_type=product&#038;p=2237"},"modified":"2020-12-29T12:05:30","modified_gmt":"2020-12-29T12:05:30","slug":"6501-elevateur-a-ciseaux-a-pleine-hauteur-3-0t","status":"publish","type":"product","link":"https:\/\/www.le-professionnel.com\/?product=6501-elevateur-a-ciseaux-a-pleine-hauteur-3-0t","title":{"rendered":"6501 | \u00c9l\u00e9vateur \u00e0 ciseaux \u00e0 pleine hauteur 3.0T"},"content":{"rendered":"<ul>\n<li><span lang=\"EN-US\"><span>Capacit\u00e9 de levage de 3000KG<\/span><\/span><span lang=\"EN-US\">\u00a0<\/span><\/li>\n<li><span>Hors-sol\u00a0 <\/span><span>ou\u00a0\u00a0<\/span><span>dans le sol\u00a0 d&rsquo;\u00a0<\/span><span>installation<\/span><\/li>\n<li><span>\u00a0Hauteur initiale de\u00a0<\/span><span>110 mm<\/span><span style=\"font-family: Calibri;\">\u00a0<\/span><\/li>\n<li><span>Syst\u00e8me de protection de synchronisation infrarouge<\/span><\/li>\n<li><span>Conception \u00e0 quatre cylindres\u00a0<\/span><\/li>\n<li><span>Syst\u00e8me de verrouillage de s\u00e9curit\u00e9 \u00e0 d\u00e9clenchement pneumatique\u00a0<\/span><\/li>\n<li><span>Les <\/span><span>rampes d&rsquo;acc\u00e8s se verrouillent en position comme extensions de plate-forme\u00a0<\/span><\/li>\n<li><span>Mont\u00e9e et descente r\u00e9guli\u00e8res, pas de bruit une fois abaiss\u00e9 au sol\u00a0<\/span><\/li>\n<li><span>Cylindres durables avec soupapes anti-surtension<\/span><\/li>\n<li><span>Syst\u00e8me de contr\u00f4le s\u00e9curis\u00e9 24V<\/span><\/li>\n<li><span>Interrupteur de limite de hauteur\u00a0<\/span><\/li>\n<li><span>Finition enduite de poudre\u00a0<\/span><\/li>\n<li><span>Bague et roulement autolubrifi\u00e9s<\/span><\/li>\n<li><span lang=\"EN-US\"><span>Moteur en aluminium avec ventilateur sur le dessus pour \u00e9viter la surchauffe caus\u00e9e par un travail de longue dur\u00e9e<\/span><\/span><\/li>\n<\/ul>\n<table class=\"pro_table\" border=\"0\" width=\"100%\" cellspacing=\"1\" cellpadding=\"0\" bgcolor=\"#999999\">\n<tbody>\n<tr>\n<td class=\"cf\" align=\"center\" valign=\"middle\" bgcolor=\"#eb6112\"><strong>\u00a0<\/strong><strong><span>MOD\u00c8LE NO.<\/span><\/strong><\/td>\n<td class=\"cf\" align=\"center\" valign=\"middle\" bgcolor=\"#eb6112\"><strong>\u00a0<\/strong><b><span>6501<\/span><\/b><\/td>\n<\/tr>\n<tr>\n<td align=\"center\" valign=\"middle\" bgcolor=\"#ffffff\"><span>Capacit\u00e9 de levage<\/span><\/td>\n<td align=\"center\" valign=\"middle\" bgcolor=\"#ffffff\"><span>3000 kg<\/span><\/td>\n<\/tr>\n<tr>\n<td align=\"center\" valign=\"middle\" bgcolor=\"#ffffff\"><span>Hauteur de levage maximale<\/span><\/td>\n<td align=\"center\" valign=\"middle\" bgcolor=\"#ffffff\"><span>1850 mm<\/span><\/td>\n<\/tr>\n<tr>\n<td align=\"center\" valign=\"middle\" bgcolor=\"#ffffff\"><span>Hauteur min<\/span><\/td>\n<td align=\"center\" valign=\"middle\" bgcolor=\"#ffffff\"><span>110 mm<\/span><\/td>\n<\/tr>\n<tr>\n<td align=\"center\" valign=\"middle\" bgcolor=\"#ffffff\"><span>Temps de levage<\/span><\/td>\n<td align=\"center\" valign=\"middle\" bgcolor=\"#ffffff\"><span>50S-60S<\/span><\/td>\n<\/tr>\n<tr>\n<td align=\"center\" valign=\"middle\" bgcolor=\"#ffffff\"><span>Arriv\u00e9e d&rsquo;air<\/span><\/td>\n<td align=\"center\" valign=\"middle\" bgcolor=\"#ffffff\"><span>6-8 bar<\/span><\/td>\n<\/tr>\n<tr>\n<td align=\"center\" valign=\"middle\" bgcolor=\"#ffffff\"><span>Capacit\u00e9 du moteur<\/span><\/td>\n<td align=\"center\" valign=\"middle\" bgcolor=\"#ffffff\"><span>2,2 kW \/ 3,0 kW<\/span><\/td>\n<\/tr>\n<tr>\n<td align=\"center\" valign=\"middle\" bgcolor=\"#ffffff\"><span>Largeur de la plateforme<\/span><\/td>\n<td align=\"center\" valign=\"middle\" bgcolor=\"#ffffff\"><span>650 mm<\/span><\/td>\n<\/tr>\n<tr>\n<td align=\"center\" valign=\"middle\" bgcolor=\"#ffffff\"><span>Poids<\/span><\/td>\n<td align=\"center\" valign=\"middle\" bgcolor=\"#ffffff\"><span>900 kg<\/span><\/td>\n<\/tr>\n<tr>\n<td align=\"center\" valign=\"middle\" bgcolor=\"#ffffff\"><span>\u00a0L&rsquo;approvisionnement en \u00e9lectricit\u00e9<\/span><\/td>\n<td align=\"center\" valign=\"middle\" bgcolor=\"#ffffff\"><span>\u00a0Selon les besoins du client<\/span><\/td>\n<\/tr>\n<\/tbody>\n<\/table>\n<div class=\"text-center qhwz\"><span>* Machine illustr\u00e9e avec \u00e9quipement en option. L&rsquo;apparence r\u00e9elle du produit peut diff\u00e9rer.<\/span><\/div>\n","protected":false},"excerpt":{"rendered":"<p>Capacit\u00e9 de levage de 3000KG\u00a0 Hors-sol\u00a0 ou\u00a0\u00a0dans le sol\u00a0 d&rsquo;\u00a0installation \u00a0Hauteur initiale de\u00a0110 mm\u00a0 Syst\u00e8me de protection de synchronisation infrarouge&#8230;<\/p>\n","protected":false},"featured_media":2238,"template":"","meta":[],"brands":[{"id":32,"name":"EAE","slug":"eae"}],"_links":{"self":[{"href":"https:\/\/www.le-professionnel.com\/index.php?rest_route=\/wp\/v2\/product\/2237"}],"collection":[{"href":"https:\/\/www.le-professionnel.com\/index.php?rest_route=\/wp\/v2\/product"}],"about":[{"href":"https:\/\/www.le-professionnel.com\/index.php?rest_route=\/wp\/v2\/types\/product"}],"version-history":[{"count":1,"href":"https:\/\/www.le-professionnel.com\/index.php?rest_route=\/wp\/v2\/product\/2237\/revisions"}],"predecessor-version":[{"id":2239,"href":"https:\/\/www.le-professionnel.com\/index.php?rest_route=\/wp\/v2\/product\/2237\/revisions\/2239"}],"wp:featuredmedia":[{"embeddable":true,"href":"https:\/\/www.le-professionnel.com\/index.php?rest_route=\/wp\/v2\/media\/2238"}],"wp:attachment":[{"href":"https:\/\/www.le-professionnel.com\/index.php?rest_route=%2Fwp%2Fv2%2Fmedia&parent=2237"}],"curies":[{"name":"wp","href":"https:\/\/api.w.org\/{rel}","templated":true}]}}