{"id":2234,"date":"2020-12-29T12:01:16","date_gmt":"2020-12-29T12:01:16","guid":{"rendered":"http:\/\/www.le-professionnel.com\/?post_type=product&#038;p=2234"},"modified":"2020-12-29T12:01:18","modified_gmt":"2020-12-29T12:01:18","slug":"6503-plateforme-elevatrice-a-ciseaux-35t","status":"publish","type":"product","link":"https:\/\/www.le-professionnel.com\/?product=6503-plateforme-elevatrice-a-ciseaux-35t","title":{"rendered":"6503 | Plateforme \u00e9l\u00e9vatrice \u00e0 ciseaux 3,5T"},"content":{"rendered":"<ul>\n<li>Capacit\u00e9 de levage de 3500KG<\/li>\n<li>Installation dans le sol<\/li>\n<li>Syst\u00e8me de protection de synchronisation infrarouge<\/li>\n<li>Syst\u00e8me de verrouillage de s\u00e9curit\u00e9 \u00e0 d\u00e9clenchement pneumatique<\/li>\n<li>Les plates-formes peuvent \u00eatre \u00e9tendues pour des v\u00e9hicules plus longs<\/li>\n<li>Les cylindres durables dans chaque colonne portent avec des soupapes anti-surtension<\/li>\n<li>Syst\u00e8me de contr\u00f4le s\u00e9curis\u00e9 24V<\/li>\n<li>Interrupteur de limite de hauteur<\/li>\n<li>Buzzer d&rsquo;alarme de descente de s\u00e9curit\u00e9<\/li>\n<li>Finition enduite de poudre<\/li>\n<li>Bague et roulement autolubrifi\u00e9s<\/li>\n<li>Moteur en aluminium avec ventilateur sur le dessus pour \u00e9viter la surchauffe caus\u00e9e par un travail de longue dur\u00e9e<\/li>\n<\/ul>\n","protected":false},"excerpt":{"rendered":"<p>Capacit\u00e9 de levage de 3500KG Installation dans le sol Syst\u00e8me de protection de synchronisation infrarouge Syst\u00e8me de verrouillage de s\u00e9curit\u00e9&#8230;<\/p>\n","protected":false},"featured_media":2235,"template":"","meta":[],"brands":[{"id":32,"name":"EAE","slug":"eae"}],"_links":{"self":[{"href":"https:\/\/www.le-professionnel.com\/index.php?rest_route=\/wp\/v2\/product\/2234"}],"collection":[{"href":"https:\/\/www.le-professionnel.com\/index.php?rest_route=\/wp\/v2\/product"}],"about":[{"href":"https:\/\/www.le-professionnel.com\/index.php?rest_route=\/wp\/v2\/types\/product"}],"version-history":[{"count":1,"href":"https:\/\/www.le-professionnel.com\/index.php?rest_route=\/wp\/v2\/product\/2234\/revisions"}],"predecessor-version":[{"id":2236,"href":"https:\/\/www.le-professionnel.com\/index.php?rest_route=\/wp\/v2\/product\/2234\/revisions\/2236"}],"wp:featuredmedia":[{"embeddable":true,"href":"https:\/\/www.le-professionnel.com\/index.php?rest_route=\/wp\/v2\/media\/2235"}],"wp:attachment":[{"href":"https:\/\/www.le-professionnel.com\/index.php?rest_route=%2Fwp%2Fv2%2Fmedia&parent=2234"}],"curies":[{"name":"wp","href":"https:\/\/api.w.org\/{rel}","templated":true}]}}