{"id":2224,"date":"2020-12-29T11:37:59","date_gmt":"2020-12-29T11:37:59","guid":{"rendered":"http:\/\/www.le-professionnel.com\/?post_type=product&#038;p=2224"},"modified":"2020-12-29T11:38:36","modified_gmt":"2020-12-29T11:38:36","slug":"6445p-ascenseur-de-stationnement-4-0t","status":"publish","type":"product","link":"https:\/\/www.le-professionnel.com\/?product=6445p-ascenseur-de-stationnement-4-0t","title":{"rendered":"6445P | Ascenseur de stationnement 4.0T"},"content":{"rendered":"<ul>\n<li>Poids de levage de 4000 kg, hauteur de levage de 1970 mm<\/li>\n<li>Une longueur de piste de 4900 mm peut r\u00e9pondre \u00e0 vos divers besoins de stationnement pour la plupart des voitures particuli\u00e8res, SUV ou camionnettes<\/li>\n<li>Min.\u00a0Piste \u00e0 profil bas de 140 mm, essentielle pour garer une voiture de sport \u00e0 ch\u00e2ssis bas<\/li>\n<li>Conception simple mais fiable.\u00a0Installation conviviale, facile sur site et moins exigeante sur les fondations<\/li>\n<li>Bac de r\u00e9cup\u00e9ration d&rsquo;huile et plateau de cric standard<\/li>\n<li>Tension de contr\u00f4le de s\u00e9curit\u00e9 24V<\/li>\n<li>Kits mobiles en option pour un retrait et une installation plus faciles<\/li>\n<li>Le platelage en alliage d&rsquo;aluminium en option rend l&rsquo;aire de stationnement dans son ensemble.\u00a0Les petits v\u00e9hicules comme la moto, le VTT, la tondeuse \u00e0 gazon peuvent s&rsquo;y garer<\/li>\n<li>Un d\u00e9verrouillage lat\u00e9ral pour les verrous de s\u00e9curit\u00e9, facile pour l&rsquo;op\u00e9ration de descente<\/li>\n<li>Poulies autolubrifiantes et c\u00e2ble m\u00e9tallique pr\u00e9-tendu pour une dur\u00e9e de vie prolong\u00e9e<\/li>\n<li>Verrous m\u00e9caniques automatiquement mis en place dans le processus ascendant<\/li>\n<li>Protection hors niveau, s\u00fbre et fiable<\/li>\n<\/ul>\n<table class=\"pro_table\" border=\"0\" width=\"100%\" cellspacing=\"1\" cellpadding=\"0\" bgcolor=\"#999999\">\n<tbody>\n<tr>\n<td class=\"cf\" align=\"center\" valign=\"middle\" bgcolor=\"#eb6112\"><strong>\u00a0<\/strong><strong><span>MOD\u00c8LE NO.<\/span><\/strong><\/td>\n<td class=\"cf\" align=\"center\" valign=\"middle\" bgcolor=\"#eb6112\"><b><span>6445P<\/span><\/b><\/td>\n<\/tr>\n<tr>\n<td align=\"center\" valign=\"middle\" bgcolor=\"#ffffff\"><span>Capacit\u00e9 de levage<\/span><\/td>\n<td align=\"center\" valign=\"middle\" bgcolor=\"#ffffff\"><span>4000 kg<\/span><\/td>\n<\/tr>\n<tr>\n<td align=\"center\" valign=\"middle\" bgcolor=\"#ffffff\"><span>\u00a0Hauteur de levage maximale<\/span><\/td>\n<td align=\"center\" valign=\"middle\" bgcolor=\"#ffffff\"><span>1970mm<\/span><\/td>\n<\/tr>\n<tr>\n<td align=\"center\" valign=\"middle\" bgcolor=\"#ffffff\"><span>Hauteur min<\/span><\/td>\n<td align=\"center\" valign=\"middle\" bgcolor=\"#ffffff\"><span>140 mm<\/span><\/td>\n<\/tr>\n<tr>\n<td align=\"center\" valign=\"middle\" bgcolor=\"#ffffff\"><span>Hauteur du poteau<\/span><\/td>\n<td align=\"center\" valign=\"middle\" bgcolor=\"#ffffff\"><span>2472 mm<\/span><\/td>\n<\/tr>\n<tr>\n<td align=\"center\" valign=\"middle\" bgcolor=\"#ffffff\"><span>Dans la largeur de la voiture<\/span><\/td>\n<td align=\"center\" valign=\"middle\" bgcolor=\"#ffffff\"><span>2850 mm<\/span><\/td>\n<\/tr>\n<tr>\n<td align=\"center\" valign=\"middle\" bgcolor=\"#ffffff\"><span>\u00a0Exigences de hauteur<\/span><\/td>\n<td align=\"center\" valign=\"middle\" bgcolor=\"#ffffff\"><span>\u22653800mm<\/span><\/td>\n<\/tr>\n<tr>\n<td align=\"center\" valign=\"middle\" bgcolor=\"#ffffff\"><span>\u00a0Temps de levage<\/span><\/td>\n<td align=\"center\" valign=\"middle\" bgcolor=\"#ffffff\"><span>70S<\/span><\/td>\n<\/tr>\n<tr>\n<td align=\"center\" valign=\"middle\" bgcolor=\"#ffffff\"><span>\u00a0Capacit\u00e9 du moteur<\/span><\/td>\n<td align=\"center\" valign=\"middle\" bgcolor=\"#ffffff\"><span>2,2 kW<\/span><\/td>\n<\/tr>\n<tr>\n<td align=\"center\" valign=\"middle\" bgcolor=\"#ffffff\"><span>\u00a0\u00a0L&rsquo;approvisionnement en \u00e9lectricit\u00e9<\/span><\/td>\n<td align=\"center\" valign=\"middle\" bgcolor=\"#ffffff\"><span>\u00a0Selon les besoins du client<\/span><\/td>\n<\/tr>\n<\/tbody>\n<\/table>\n<div class=\"text-center qhwz\"><span>* Machine illustr\u00e9e avec \u00e9quipement en option. L&rsquo;apparence r\u00e9elle du produit peut diff\u00e9rer.<\/span><\/div>\n","protected":false},"excerpt":{"rendered":"<p>Poids de levage de 4000 kg, hauteur de levage de 1970 mm Une longueur de piste de 4900 mm peut&#8230;<\/p>\n","protected":false},"featured_media":2226,"template":"","meta":[],"brands":[{"id":32,"name":"EAE","slug":"eae"}],"_links":{"self":[{"href":"https:\/\/www.le-professionnel.com\/index.php?rest_route=\/wp\/v2\/product\/2224"}],"collection":[{"href":"https:\/\/www.le-professionnel.com\/index.php?rest_route=\/wp\/v2\/product"}],"about":[{"href":"https:\/\/www.le-professionnel.com\/index.php?rest_route=\/wp\/v2\/types\/product"}],"version-history":[{"count":2,"href":"https:\/\/www.le-professionnel.com\/index.php?rest_route=\/wp\/v2\/product\/2224\/revisions"}],"predecessor-version":[{"id":2228,"href":"https:\/\/www.le-professionnel.com\/index.php?rest_route=\/wp\/v2\/product\/2224\/revisions\/2228"}],"wp:featuredmedia":[{"embeddable":true,"href":"https:\/\/www.le-professionnel.com\/index.php?rest_route=\/wp\/v2\/media\/2226"}],"wp:attachment":[{"href":"https:\/\/www.le-professionnel.com\/index.php?rest_route=%2Fwp%2Fv2%2Fmedia&parent=2224"}],"curies":[{"name":"wp","href":"https:\/\/api.w.org\/{rel}","templated":true}]}}