{"id":2220,"date":"2020-12-29T11:26:24","date_gmt":"2020-12-29T11:26:24","guid":{"rendered":"http:\/\/www.le-professionnel.com\/?post_type=product&#038;p=2220"},"modified":"2020-12-29T11:28:50","modified_gmt":"2020-12-29T11:28:50","slug":"4s-elevateur-a-quatre-colonnes-4-0t","status":"publish","type":"product","link":"https:\/\/www.le-professionnel.com\/?product=4s-elevateur-a-quatre-colonnes-4-0t","title":{"rendered":"4S | \u00c9l\u00e9vateur \u00e0 quatre colonnes 4.0T"},"content":{"rendered":"<ul>\n<li>Poids de levage de 4000 kg, hauteur de levage de 1970 mm<\/li>\n<li>Hauteur initiale tr\u00e8s basse de 140 mm, cruciale pour les voitures de sport \u00e0 faible empattement<\/li>\n<li>Fonctionnement en un seul point avec d\u00e9verrouillage manuel ou pneumatique pour l&rsquo;unit\u00e9 de verrouillage de s\u00e9curit\u00e9 m\u00e9canique.\u00a0Utilisation simple et conviviale<\/li>\n<li>Avec une protection fiable contre l&rsquo;enl\u00e8vement des c\u00e2bles en acier<\/li>\n<li>Rampes d&rsquo;acc\u00e8s pliables, gain de place et emp\u00eachant le v\u00e9hicule soulev\u00e9 de rouler<\/li>\n<li>Compatible avec les crics roulants mobiles en option<\/li>\n<li>La finition enduite de poudre am\u00e9liore la durabilit\u00e9 et la dur\u00e9e de vie de la peinture<\/li>\n<\/ul>\n<table class=\"pro_table\" border=\"0\" width=\"100%\" cellspacing=\"1\" cellpadding=\"0\" bgcolor=\"#999999\">\n<tbody>\n<tr>\n<td class=\"cf\" align=\"center\" valign=\"middle\" bgcolor=\"#eb6112\"><strong>\u00a0<\/strong><strong>MOD\u00c8LE NO.<\/strong><\/td>\n<td class=\"cf\" align=\"center\" valign=\"middle\" bgcolor=\"#eb6112\"><strong>\u00a0<\/strong><b>4S<\/b><\/td>\n<\/tr>\n<tr>\n<td align=\"center\" valign=\"middle\" bgcolor=\"#ffffff\">Capacit\u00e9 de levage<\/td>\n<td align=\"center\" valign=\"middle\" bgcolor=\"#ffffff\">4000 kg<\/td>\n<\/tr>\n<tr>\n<td align=\"center\" valign=\"middle\" bgcolor=\"#ffffff\">\u00a0Hauteur de levage maximale<\/td>\n<td align=\"center\" valign=\"middle\" bgcolor=\"#ffffff\">1970mm<\/td>\n<\/tr>\n<tr>\n<td align=\"center\" valign=\"middle\" bgcolor=\"#ffffff\">Hauteur min<\/td>\n<td align=\"center\" valign=\"middle\" bgcolor=\"#ffffff\">140 mm<\/td>\n<\/tr>\n<tr>\n<td align=\"center\" valign=\"middle\" bgcolor=\"#ffffff\">Hauteur du poteau<\/td>\n<td align=\"center\" valign=\"middle\" bgcolor=\"#ffffff\">2472 mm<\/td>\n<\/tr>\n<tr>\n<td align=\"center\" valign=\"middle\" bgcolor=\"#ffffff\">Dans la largeur de la voiture<\/td>\n<td align=\"center\" valign=\"middle\" bgcolor=\"#ffffff\">2850 mm<\/td>\n<\/tr>\n<tr>\n<td align=\"center\" valign=\"middle\" bgcolor=\"#ffffff\">\u00a0Temps de levage<\/td>\n<td align=\"center\" valign=\"middle\" bgcolor=\"#ffffff\">75S<\/td>\n<\/tr>\n<tr>\n<td align=\"center\" valign=\"middle\" bgcolor=\"#ffffff\">\u00a0Capacit\u00e9 du moteur<\/td>\n<td align=\"center\" valign=\"middle\" bgcolor=\"#ffffff\">2,2 kW<\/td>\n<\/tr>\n<tr>\n<td align=\"center\" valign=\"middle\" bgcolor=\"#ffffff\">Poids<\/td>\n<td align=\"center\" valign=\"middle\" bgcolor=\"#ffffff\">1 250 kg<\/td>\n<\/tr>\n<tr>\n<td align=\"center\" valign=\"middle\" bgcolor=\"#ffffff\">\u00a0\u00a0L&rsquo;approvisionnement en \u00e9lectricit\u00e9<\/td>\n<td align=\"center\" valign=\"middle\" bgcolor=\"#ffffff\">\u00a0Selon les besoins du client<\/td>\n<\/tr>\n<\/tbody>\n<\/table>\n<div class=\"text-center qhwz\">* Machine illustr\u00e9e avec \u00e9quipement en option. L&rsquo;apparence r\u00e9elle du produit peut diff\u00e9rer.<\/div>\n","protected":false},"excerpt":{"rendered":"<p>Poids de levage de 4000 kg, hauteur de levage de 1970 mm Hauteur initiale tr\u00e8s basse de 140 mm, cruciale&#8230;<\/p>\n","protected":false},"featured_media":2221,"template":"","meta":[],"brands":[{"id":32,"name":"EAE","slug":"eae"}],"_links":{"self":[{"href":"https:\/\/www.le-professionnel.com\/index.php?rest_route=\/wp\/v2\/product\/2220"}],"collection":[{"href":"https:\/\/www.le-professionnel.com\/index.php?rest_route=\/wp\/v2\/product"}],"about":[{"href":"https:\/\/www.le-professionnel.com\/index.php?rest_route=\/wp\/v2\/types\/product"}],"version-history":[{"count":2,"href":"https:\/\/www.le-professionnel.com\/index.php?rest_route=\/wp\/v2\/product\/2220\/revisions"}],"predecessor-version":[{"id":2223,"href":"https:\/\/www.le-professionnel.com\/index.php?rest_route=\/wp\/v2\/product\/2220\/revisions\/2223"}],"wp:featuredmedia":[{"embeddable":true,"href":"https:\/\/www.le-professionnel.com\/index.php?rest_route=\/wp\/v2\/media\/2221"}],"wp:attachment":[{"href":"https:\/\/www.le-professionnel.com\/index.php?rest_route=%2Fwp%2Fv2%2Fmedia&parent=2220"}],"curies":[{"name":"wp","href":"https:\/\/api.w.org\/{rel}","templated":true}]}}