{"id":2191,"date":"2020-12-17T21:46:02","date_gmt":"2020-12-17T21:46:02","guid":{"rendered":"http:\/\/www.le-professionnel.com\/?post_type=product&#038;p=2191"},"modified":"2020-12-17T21:47:00","modified_gmt":"2020-12-17T21:47:00","slug":"612fe-elevateur-a-poteau-unique-fixe-2-5t","status":"publish","type":"product","link":"https:\/\/www.le-professionnel.com\/?product=612fe-elevateur-a-poteau-unique-fixe-2-5t","title":{"rendered":"612FE | \u00c9l\u00e9vateur \u00e0 poteau unique fixe 2.5T"},"content":{"rendered":"<ul>\n<li>Certifi\u00e9 CE par SGS UK<\/li>\n<li>Type fixe<\/li>\n<li>Syst\u00e8me de d\u00e9verrouillage de s\u00e9curit\u00e9 \u00e9lectrique<\/li>\n<li>Moteur en aluminium<\/li>\n<li>Coussinets r\u00e9glables en hauteur \u00e0 vis avec hauteur de d\u00e9gagement \u2264115 mm<\/li>\n<li>Fini enduit de poudre<\/li>\n<li>Coussinets de protection de porte<\/li>\n<li>Bo\u00eetier de commande ABS<\/li>\n<li>Valve hydraulique anti-surtension<\/li>\n<li>Verrous de bras \u00e0 engagement automatique<\/li>\n<li>Syst\u00e8me hydraulique \u00e0 pression fixe<\/li>\n<li>Connexion hydraulique r\u00e9serv\u00e9e pour une pompe manuelle en option<\/li>\n<\/ul>\n<table class=\"pro_table\" border=\"0\" width=\"100%\" cellspacing=\"1\" cellpadding=\"0\" bgcolor=\"#999999\">\n<tbody>\n<tr>\n<td class=\"cf\" align=\"center\" valign=\"middle\" bgcolor=\"#eb6112\"><strong>\u00a0MOD\u00c8LE NO.<\/strong><\/td>\n<td class=\"cf\" align=\"center\" valign=\"middle\" bgcolor=\"#eb6112\"><b>612FE<\/b><\/td>\n<\/tr>\n<tr>\n<td align=\"center\" valign=\"middle\" bgcolor=\"#ffffff\">\u00a0Capacit\u00e9 de levage<\/td>\n<td align=\"center\" valign=\"middle\" bgcolor=\"#ffffff\">2500 kg<\/td>\n<\/tr>\n<tr>\n<td align=\"center\" valign=\"middle\" bgcolor=\"#ffffff\">Hauteur de levage maximale<\/td>\n<td align=\"center\" valign=\"middle\" bgcolor=\"#ffffff\">1870 mm<\/td>\n<\/tr>\n<tr>\n<td align=\"center\" valign=\"middle\" bgcolor=\"#ffffff\">Hauteur min<\/td>\n<td align=\"center\" valign=\"middle\" bgcolor=\"#ffffff\">115 mm<\/td>\n<\/tr>\n<tr>\n<td align=\"center\" valign=\"middle\" bgcolor=\"#ffffff\">\u00a0Temps de levage<\/td>\n<td align=\"center\" valign=\"middle\" bgcolor=\"#ffffff\">50S<\/td>\n<\/tr>\n<tr>\n<td align=\"center\" valign=\"middle\" bgcolor=\"#ffffff\">Capacit\u00e9 du moteur<\/td>\n<td align=\"center\" valign=\"middle\" bgcolor=\"#ffffff\">2,2 kW<\/td>\n<\/tr>\n<tr>\n<td align=\"center\" valign=\"middle\" bgcolor=\"#ffffff\">Poids<\/td>\n<td align=\"center\" valign=\"middle\" bgcolor=\"#ffffff\">860 kg<\/td>\n<\/tr>\n<tr>\n<td align=\"center\" valign=\"middle\" bgcolor=\"#ffffff\">\u00a0L&rsquo;approvisionnement en \u00e9lectricit\u00e9<\/td>\n<td align=\"center\" valign=\"middle\" bgcolor=\"#ffffff\">\u00a0Selon les besoins du client<\/td>\n<\/tr>\n<\/tbody>\n<\/table>\n<div class=\"text-center qhwz\">\u00a0 * Machine illustr\u00e9e avec \u00e9quipement en option.\u00a0L&rsquo;apparence exacte du produit peut diff\u00e9rer<\/div>\n","protected":false},"excerpt":{"rendered":"<p>Certifi\u00e9 CE par SGS UK Type fixe Syst\u00e8me de d\u00e9verrouillage de s\u00e9curit\u00e9 \u00e9lectrique Moteur en aluminium Coussinets r\u00e9glables en hauteur&#8230;<\/p>\n","protected":false},"featured_media":2185,"template":"","meta":[],"brands":[{"id":32,"name":"EAE","slug":"eae"}],"_links":{"self":[{"href":"https:\/\/www.le-professionnel.com\/index.php?rest_route=\/wp\/v2\/product\/2191"}],"collection":[{"href":"https:\/\/www.le-professionnel.com\/index.php?rest_route=\/wp\/v2\/product"}],"about":[{"href":"https:\/\/www.le-professionnel.com\/index.php?rest_route=\/wp\/v2\/types\/product"}],"version-history":[{"count":2,"href":"https:\/\/www.le-professionnel.com\/index.php?rest_route=\/wp\/v2\/product\/2191\/revisions"}],"predecessor-version":[{"id":2193,"href":"https:\/\/www.le-professionnel.com\/index.php?rest_route=\/wp\/v2\/product\/2191\/revisions\/2193"}],"wp:featuredmedia":[{"embeddable":true,"href":"https:\/\/www.le-professionnel.com\/index.php?rest_route=\/wp\/v2\/media\/2185"}],"wp:attachment":[{"href":"https:\/\/www.le-professionnel.com\/index.php?rest_route=%2Fwp%2Fv2%2Fmedia&parent=2191"}],"curies":[{"name":"wp","href":"https:\/\/api.w.org\/{rel}","templated":true}]}}