{"id":2158,"date":"2020-12-16T20:51:53","date_gmt":"2020-12-16T20:51:53","guid":{"rendered":"http:\/\/www.le-professionnel.com\/?post_type=product&#038;p=2158"},"modified":"2020-12-16T20:52:01","modified_gmt":"2020-12-16T20:52:01","slug":"c12e-liberation-electrique-6-0t-et-avec-la-technologie-aps","status":"publish","type":"product","link":"https:\/\/www.le-professionnel.com\/?product=c12e-liberation-electrique-6-0t-et-avec-la-technologie-aps","title":{"rendered":"C12E | Lib\u00e9ration \u00e9lectrique 6.0T et avec la technologie APS"},"content":{"rendered":"<ul>\n<li><span>Capacit\u00e9 de<\/span><span>\u00a0levage de\u00a0\u00a06000kg<\/span><\/li>\n<li><span>Hauteur de levage de 1900 mm<\/span><\/li>\n<li>D\u00e9verrouillage \u00e9lectrique, appuyez simplement sur le bouton Haut et Bas pour faire fonctionner l&rsquo;ascenseur<\/li>\n<li>Dispositif sup\u00e9rieur droit de cylindre, fonctionne plus facilement<\/li>\n<li>Conception de plancher clair pour un d\u00e9placement facile de l&rsquo;\u00e9quipement d&rsquo;entretien sous le v\u00e9hicule sur\u00e9lev\u00e9<span lang=\"EN-US\">\u00a0<\/span><\/li>\n<li>Les cylindres durables dans chaque colonne portent avec des soupapes anti-surtension<\/li>\n<li>Coussinets de levage viss\u00e9s avec hauteur de d\u00e9gagement inf\u00e9rieure \u00e0 110 mm<\/li>\n<li>Les verrous de bras s&rsquo;engagent et se d\u00e9sengagent automatiquement<\/li>\n<li><span lang=\"EN-US\">Avec protection du toit du v\u00e9hicule.Le syst\u00e8me d&rsquo;alimentation s&rsquo;\u00e9teint lorsque le toit du v\u00e9hicule touche la barre de toit prot\u00e9g\u00e9e en caoutchouc\u00a0<\/span><\/li>\n<li>Le moteur en aluminium \u00e9vite la surchauffe et assure une longue dur\u00e9e de vie<\/li>\n<li>Coussinets de protection de porte standard pour \u00e9viter d&rsquo;endommager la porte ouverte sans pr\u00e9caution<\/li>\n<li>La pression hydraulique pr\u00e9-fixe emp\u00eache le fonctionnement en surcharge<\/li>\n<li>Rideau de protection de cha\u00eene standard<\/li>\n<li><span lang=\"EN-US\">Bo\u00eetier de commande ABS avec joint d&rsquo;\u00e9tanch\u00e9it\u00e9 en caoutchouc\u00a0<\/span><\/li>\n<\/ul>\n<table class=\"pro_table\" border=\"0\" width=\"100%\" cellspacing=\"1\" cellpadding=\"0\" bgcolor=\"#999999\">\n<tbody>\n<tr>\n<td class=\"cf\" align=\"center\" valign=\"middle\" bgcolor=\"#eb6112\"><strong>\u00a0<\/strong><strong><span>MOD\u00c8LE NO.<\/span><\/strong><\/td>\n<td class=\"cf\" align=\"center\" valign=\"middle\" bgcolor=\"#eb6112\"><strong>\u00a0<\/strong><b><span>C12E<\/span><\/b><\/td>\n<\/tr>\n<tr>\n<td align=\"center\" valign=\"middle\" bgcolor=\"#ffffff\"><span>Capacit\u00e9 de levage<\/span><\/td>\n<td align=\"center\" valign=\"middle\" bgcolor=\"#ffffff\"><span>6000 kg<\/span><\/td>\n<\/tr>\n<tr>\n<td align=\"center\" valign=\"middle\" bgcolor=\"#ffffff\"><span>Hauteur de levage maximale<\/span><\/td>\n<td align=\"center\" valign=\"middle\" bgcolor=\"#ffffff\"><span>1900 mm\u00a0<\/span><\/td>\n<\/tr>\n<tr>\n<td align=\"center\" valign=\"middle\" bgcolor=\"#ffffff\"><span>Hauteur min<\/span><\/td>\n<td align=\"center\" valign=\"middle\" bgcolor=\"#ffffff\"><span>110 mm\u00a0<\/span><\/td>\n<\/tr>\n<tr>\n<td align=\"center\" valign=\"middle\" bgcolor=\"#ffffff\"><span>Largeur de passage<\/span><\/td>\n<td align=\"center\" valign=\"middle\" bgcolor=\"#ffffff\"><span>3025 mm\u00a0<\/span><\/td>\n<\/tr>\n<tr>\n<td align=\"center\" valign=\"middle\" bgcolor=\"#ffffff\"><span>Temps de levage<\/span><\/td>\n<td align=\"center\" valign=\"middle\" bgcolor=\"#ffffff\"><span>85S<\/span><\/td>\n<\/tr>\n<tr>\n<td align=\"center\" valign=\"middle\" bgcolor=\"#ffffff\"><span>Capacit\u00e9 du moteur<\/span><\/td>\n<td align=\"center\" valign=\"middle\" bgcolor=\"#ffffff\"><span>2,2 kW<\/span><\/td>\n<\/tr>\n<tr>\n<td align=\"center\" valign=\"middle\" bgcolor=\"#ffffff\"><span>Poids<\/span><\/td>\n<td align=\"center\" valign=\"middle\" bgcolor=\"#ffffff\"><span>1400 kg<\/span><\/td>\n<\/tr>\n<tr>\n<td align=\"center\" valign=\"middle\" bgcolor=\"#ffffff\"><span>\u00a0L&rsquo;approvisionnement en \u00e9lectricit\u00e9<\/span><\/td>\n<td align=\"center\" valign=\"middle\" bgcolor=\"#ffffff\"><span>\u00a0Selon les besoins du client<\/span><\/td>\n<\/tr>\n<\/tbody>\n<\/table>\n<div class=\"text-center qhwz\"><span>* La hauteur de levage maximale est mesur\u00e9e avec des patins \u00e0 vis r\u00e9glables dans la position la plus \u00e9lev\u00e9e.\u00a0<\/span><\/div>\n<div class=\"text-center qhwz\"><span>* Machine illustr\u00e9e avec \u00e9quipement en option. L&rsquo;apparence r\u00e9elle du produit peut diff\u00e9rer.<\/span><\/div>\n","protected":false},"excerpt":{"rendered":"<p>Capacit\u00e9 de\u00a0levage de\u00a0\u00a06000kg Hauteur de levage de 1900 mm D\u00e9verrouillage \u00e9lectrique, appuyez simplement sur le bouton Haut et Bas pour&#8230;<\/p>\n","protected":false},"featured_media":2160,"template":"","meta":[],"brands":[{"id":32,"name":"EAE","slug":"eae"}],"_links":{"self":[{"href":"https:\/\/www.le-professionnel.com\/index.php?rest_route=\/wp\/v2\/product\/2158"}],"collection":[{"href":"https:\/\/www.le-professionnel.com\/index.php?rest_route=\/wp\/v2\/product"}],"about":[{"href":"https:\/\/www.le-professionnel.com\/index.php?rest_route=\/wp\/v2\/types\/product"}],"version-history":[{"count":1,"href":"https:\/\/www.le-professionnel.com\/index.php?rest_route=\/wp\/v2\/product\/2158\/revisions"}],"predecessor-version":[{"id":2161,"href":"https:\/\/www.le-professionnel.com\/index.php?rest_route=\/wp\/v2\/product\/2158\/revisions\/2161"}],"wp:featuredmedia":[{"embeddable":true,"href":"https:\/\/www.le-professionnel.com\/index.php?rest_route=\/wp\/v2\/media\/2160"}],"wp:attachment":[{"href":"https:\/\/www.le-professionnel.com\/index.php?rest_route=%2Fwp%2Fv2%2Fmedia&parent=2158"}],"curies":[{"name":"wp","href":"https:\/\/api.w.org\/{rel}","templated":true}]}}