{"id":163,"date":"2020-04-19T20:54:16","date_gmt":"2020-04-19T20:54:16","guid":{"rendered":"http:\/\/www.le-professionnel.com\/?post_type=product&#038;p=163"},"modified":"2020-09-16T17:02:14","modified_gmt":"2020-09-16T17:02:14","slug":"ee-e28-8-0t-two-post-lift","status":"publish","type":"product","link":"https:\/\/www.le-professionnel.com\/?product=ee-e28-8-0t-two-post-lift","title":{"rendered":"EE-E28 | 8.0T TWO POST LIFT"},"content":{"rendered":"<div>\n<div>\u00b7\u00a0Gr\u00e2ce au contr\u00f4le PLC, l&rsquo;ascenseur peut se synchroniser automatiquement lorsque sa hauteur de levage est inf\u00e9rieure \u00e0 300 mm au-dessus du sol.\u00a0Il fonctionne de mani\u00e8re stable avec de meilleures performances de synchronisation bien qu&rsquo;il n&rsquo;y ait pas de corde en acier pour l&rsquo;\u00e9quilibre.\u00a0Cela peut \u00eatre identifi\u00e9 dans le processus de levage complet.<\/div>\n<div>\u00b7 L&rsquo;\u00a0\u00e9l\u00e9vation de la hauteur est constamment d\u00e9tect\u00e9e par un capteur.\u00a0Dans le cas o\u00f9 la d\u00e9synchronisation d\u00e9passe la d\u00e9viation maximale autoris\u00e9e (soit 40 mm), l&rsquo;ascenseur s&rsquo;arr\u00eatera automatiquement pour \u00e9viter tout autre accident<\/div>\n<div>\u00b7\u00a0Bras \u00e0 trois \u00e9tages plus\u00a0robuste\u00a0standard avec divers adaptateurs de ramassage en option pour adapter plus de v\u00e9hicules.<\/div>\n<div>\u00b7\u00a0Le syst\u00e8me de contr\u00f4le est con\u00e7u pour s&rsquo;adapter \u00e0 une large plage de tension de 220v \u00e0 450v.\u00a0Changez le moteur UNIQUEMENT pour adapter les diff\u00e9rentes exigences de tension.<\/div>\n<div>\n<div>\u00b7\u00a0Un dispositif de verrouillage m\u00e9canique ind\u00e9pendant garantit la s\u00e9curit\u00e9 du levage.<\/div>\n<div>\u00b7\u00a0La derni\u00e8re partie de l&rsquo;abaissement est accompagn\u00e9e d&rsquo;un avertissement sonore pour \u00e9viter le pincement ou le cisaillement.<\/div>\n<div>\u00b7 Les\u00a0bras porteurs sont \u00e9quip\u00e9s de syst\u00e8mes de verrouillage m\u00e9canique automatique qui emp\u00eachent les bras de basculer lorsque le v\u00e9hicule est soulev\u00e9 du sol.\u00a0Les syst\u00e8mes de verrouillage se lib\u00e8rent automatiquement lorsque les bras porteurs s&rsquo;approchent du sol.<\/div>\n<div>\u00b7\u00a0Chaque cylindre est install\u00e9 avec un clapet anti-retour pour se pr\u00e9munir contre les fuites.<\/div>\n<\/div>\n<div>\u00b7\u00a0Armoire de commande int\u00e9gr\u00e9e, gain de place et installation plus facile.<\/div>\n<div>\u00b7\u00a0Contr\u00f4le des boutons, facile et pratique.<\/div>\n<div>\n<div class=\"swiper-container swiper-container3 container swiper-container-horizontal swiper-container-autoheight\">\n<div class=\"swiper-wrapper\">\n<div class=\"swiper-slide swiper-slide-active\">\n<div class=\"content-slide qh\">\n<table class=\"pro_table\" border=\"0\" width=\"100%\" cellspacing=\"1\" cellpadding=\"0\" bgcolor=\"#999999\">\n<tbody>\n<tr>\n<td class=\"cf\" align=\"center\" valign=\"middle\" bgcolor=\"#eb6112\"><strong>\u00a0<\/strong><strong>MOD\u00c8LE NO.<\/strong><\/td>\n<td class=\"cf\" align=\"center\" valign=\"middle\" bgcolor=\"#eb6112\"><strong>\u00a0EE-\u00a0<\/strong><b>E28<\/b><\/td>\n<\/tr>\n<tr>\n<td align=\"center\" valign=\"middle\" bgcolor=\"#ffffff\">Capacit\u00e9 de levage<\/td>\n<td align=\"center\" valign=\"middle\" bgcolor=\"#ffffff\">8000kg<\/td>\n<\/tr>\n<tr>\n<td align=\"center\" valign=\"middle\" bgcolor=\"#ffffff\">Hauteur de levage max<\/td>\n<td align=\"center\" valign=\"middle\" bgcolor=\"#ffffff\">1900mm<\/td>\n<\/tr>\n<tr>\n<td align=\"center\" valign=\"middle\" bgcolor=\"#ffffff\">Hauteur min<\/td>\n<td align=\"center\" valign=\"middle\" bgcolor=\"#ffffff\">130mm<\/td>\n<\/tr>\n<tr>\n<td align=\"center\" valign=\"middle\" bgcolor=\"#ffffff\">Temps de levage<\/td>\n<td align=\"center\" valign=\"middle\" bgcolor=\"#ffffff\">75S<\/td>\n<\/tr>\n<tr>\n<td align=\"center\" valign=\"middle\" bgcolor=\"#ffffff\">Capacit\u00e9 du moteur<\/td>\n<td align=\"center\" valign=\"middle\" bgcolor=\"#ffffff\">3,5 kW<\/td>\n<\/tr>\n<tr>\n<td align=\"center\" valign=\"middle\" bgcolor=\"#ffffff\">Largeur de passage<\/td>\n<td align=\"center\" valign=\"middle\" bgcolor=\"#ffffff\">3000 mm<\/td>\n<\/tr>\n<tr>\n<td align=\"center\" valign=\"middle\" bgcolor=\"#ffffff\">Poids<\/td>\n<td align=\"center\" valign=\"middle\" bgcolor=\"#ffffff\">1200kg<\/td>\n<\/tr>\n<tr>\n<td align=\"center\" valign=\"middle\" bgcolor=\"#ffffff\">\u00a0L&rsquo;approvisionnement en \u00e9lectricit\u00e9<\/td>\n<td align=\"center\" valign=\"middle\" bgcolor=\"#ffffff\">\u00a0Selon les besoins des clients<\/td>\n<\/tr>\n<tr>\n<td align=\"center\" valign=\"middle\" bgcolor=\"#ffffff\">Hauteur totale<\/td>\n<td align=\"center\" valign=\"middle\" bgcolor=\"#ffffff\">5500mm<\/td>\n<\/tr>\n<\/tbody>\n<\/table>\n<div class=\"text-center qhwz\" style=\"text-align: center;\">* La hauteur de levage maximale est mesur\u00e9e avec des tampons \u00e0 vis r\u00e9glables en position la plus haute.<\/div>\n<div class=\"text-center qhwz\" style=\"text-align: center;\">* Machine illustr\u00e9e avec \u00e9quipement en option.L&rsquo;apparence r\u00e9elle du produit peut diff\u00e9rer.<\/div>\n<\/div>\n<\/div>\n<\/div>\n<\/div>\n<\/div>\n<\/div>\n","protected":false},"excerpt":{"rendered":"<div>\u00b7\u00a0Avec une capacit\u00e9 de levage maximale de 8 tonnes, il peut soulever des camions fourgons, des camions l\u00e9gers, des bus interm\u00e9diaires, des camionnettes, des v\u00e9hicules r\u00e9cr\u00e9atifs et la plupart des voitures particuli\u00e8res.<\/div>\n<div>\u00b7 L&rsquo;\u00a0E28 est innovant dans sa structure unique.\u00a0Compar\u00e9 \u00e0 ces \u00e9l\u00e9vateurs \u00e0 deux poteaux courants, il n&rsquo;a pas de poutre sup\u00e9rieure en haut et pas de plaque de recouvrement de base en bas.\u00a0Comme il n&rsquo;y a pas de plaque de recouvrement de base crois\u00e9e entre les deux montants, les v\u00e9rins et les chariots \u00e0 outils peuvent se d\u00e9placer librement sous le v\u00e9hicule soulev\u00e9.<\/div>\n<div>\u00b7\u00a0Plus de travaux laborieux pour reconstruire un plan d&rsquo;installation et moins exigeants sur les fondations garantissent que la plupart des ateliers de r\u00e9paration peuvent avoir un E28 sans faire beaucoup de travail de pr\u00e9paration.<\/div>\n","protected":false},"featured_media":164,"template":"","meta":[],"brands":[{"id":32,"name":"EAE","slug":"eae"}],"_links":{"self":[{"href":"https:\/\/www.le-professionnel.com\/index.php?rest_route=\/wp\/v2\/product\/163"}],"collection":[{"href":"https:\/\/www.le-professionnel.com\/index.php?rest_route=\/wp\/v2\/product"}],"about":[{"href":"https:\/\/www.le-professionnel.com\/index.php?rest_route=\/wp\/v2\/types\/product"}],"version-history":[{"count":0,"href":"https:\/\/www.le-professionnel.com\/index.php?rest_route=\/wp\/v2\/product\/163\/revisions"}],"wp:featuredmedia":[{"embeddable":true,"href":"https:\/\/www.le-professionnel.com\/index.php?rest_route=\/wp\/v2\/media\/164"}],"wp:attachment":[{"href":"https:\/\/www.le-professionnel.com\/index.php?rest_route=%2Fwp%2Fv2%2Fmedia&parent=163"}],"curies":[{"name":"wp","href":"https:\/\/api.w.org\/{rel}","templated":true}]}}