{"id":1126,"date":"2020-09-14T15:58:11","date_gmt":"2020-09-14T15:58:11","guid":{"rendered":"http:\/\/www.le-professionnel.com\/?post_type=product&#038;p=1126"},"modified":"2021-01-20T10:07:47","modified_gmt":"2021-01-20T10:07:47","slug":"transpalette-manuel-bz20915","status":"publish","type":"product","link":"https:\/\/www.le-professionnel.com\/?product=transpalette-manuel-bz20915","title":{"rendered":"Gerbeur manuel"},"content":{"rendered":"<p><span>\u25cf Conception compacte pour palette europ\u00e9enne 550 \/ 580mm x 1100 \/ 1150mm.<\/span><br \/>\n<span>\u25cf Le m\u00e2t en acier de haute qualit\u00e9 et la construction en acier solide garantissent rigidit\u00e9 et durabilit\u00e9.<\/span><br \/>\n<span>\u25cf Les fourches soud\u00e9es offrent une solution \u00e9conomique.<\/span><br \/>\n<span>\u25cf Les pompes \u00e0 haut rendement facilitent le fonctionnement de la commande.<\/span><br \/>\n<span>\u25cf La fonction de levage command\u00e9e au pied et \u00e0 la main permet \u00e0 l&rsquo;op\u00e9rateur de travailler sans avoir \u00e0 effectuer des mouvements corporels extr\u00eames.<\/span><br \/>\n<span>\u25cf La grille m\u00e9tallique prot\u00e8ge l&rsquo;utilisateur des cha\u00eenes de levage.<\/span><br \/>\n<span>\u25cf Avec protection de roue de s\u00e9curit\u00e9 et syst\u00e8me de freinage pour assurer la s\u00e9curit\u00e9 pendant le fonctionnement.<\/span><\/p>\n","protected":false},"excerpt":{"rendered":"<table class=\"table table-bordered\">\n<tbody>\n<tr>\n<td width=\"181\">\n<p align=\"left\">\u00a0<b><span>Mod\u00e8le<\/span><\/b><\/p>\n<\/td>\n<td width=\"83\">\n<p align=\"left\"><b>\u00a0<\/b><\/p>\n<\/td>\n<td>\n<p align=\"center\"><b><span>SDJ500<\/span><\/b><\/p>\n<\/td>\n<td>\n<p align=\"center\"><b><span>SDJ1000<\/span><\/b><\/p>\n<\/td>\n<td>\n<p align=\"center\"><b><span>SDJ1500<\/span><\/b><\/p>\n<\/td>\n<\/tr>\n<tr>\n<td width=\"181\">\n<p align=\"left\">\u00a0<b><span>Capacit\u00e9 de charge \/ charge nominale<\/span><\/b><\/p>\n<\/td>\n<td width=\"83\">\n<p align=\"left\"><b><span>\u00a0Q (kg)<\/span><\/b><\/p>\n<\/td>\n<td>\n<p align=\"center\"><b><span>500<\/span><\/b><\/p>\n<\/td>\n<td>\n<p align=\"center\"><b><span>1000<\/span><\/b><\/p>\n<\/td>\n<td>\n<p align=\"center\"><b><span>1500<\/span><\/b><\/p>\n<\/td>\n<\/tr>\n<tr>\n<td width=\"181\">\n<p align=\"left\"><span>\u00a0Distance du centre de charge<\/span><\/p>\n<\/td>\n<td width=\"83\">\n<p align=\"left\"><span>\u00a0c (millim\u00e8tre)<\/span><\/p>\n<\/td>\n<td>\n<p align=\"center\"><span>600<\/span><\/p>\n<\/td>\n<td>\n<p align=\"center\"><span>600<\/span><\/p>\n<\/td>\n<td>\n<p align=\"center\"><span>400<\/span><\/p>\n<\/td>\n<\/tr>\n<tr>\n<td width=\"181\">\n<p align=\"left\"><span>\u00a0Hauteur de fourche, abaiss\u00e9e<\/span><\/p>\n<\/td>\n<td width=\"83\">\n<p align=\"left\"><span>\u00a0h13 (millim\u00e8tre)<\/span><\/p>\n<\/td>\n<td>\n<p align=\"center\"><span>90<\/span><\/p>\n<\/td>\n<td>\n<p align=\"center\"><span>90<\/span><\/p>\n<\/td>\n<td>\n<p align=\"center\"><span>90<\/span><\/p>\n<\/td>\n<\/tr>\n<tr>\n<td width=\"181\">\n<p align=\"left\"><span>\u00a0Hauteur, m\u00e2t abaiss\u00e9<\/span><\/p>\n<\/td>\n<td width=\"83\">\n<p align=\"left\"><span>\u00a0h1 (millim\u00e8tre)<\/span><\/p>\n<\/td>\n<td>\n<p align=\"center\"><span>1490\/2080<\/span><\/p>\n<\/td>\n<td>\n<p align=\"center\"><span>1490\/1720\/2080\/1838\/2080<\/span><\/p>\n<\/td>\n<td>\n<p align=\"center\"><span>2080<\/span><\/p>\n<\/td>\n<\/tr>\n<tr>\n<td width=\"181\">\n<p align=\"left\">\u00a0<b><span>Max.\u00a0hauteur de levage<\/span><\/b><\/p>\n<\/td>\n<td width=\"83\">\n<p align=\"left\"><b><span>\u00a0h3 (millim\u00e8tre)<\/span><\/b><\/p>\n<\/td>\n<td>\n<p align=\"center\"><b><span>1000\/1600<\/span><\/b><\/p>\n<\/td>\n<td>\n<p align=\"center\"><b><span>1000\/1200\/1600\/2500\/3000<\/span><\/b><\/p>\n<\/td>\n<td>\n<p align=\"center\"><b><span>1600<\/span><\/b><\/p>\n<\/td>\n<\/tr>\n<tr>\n<td width=\"181\">\n<p align=\"left\"><span>\u00a0Hauteur, m\u00e2t d\u00e9ploy\u00e9<\/span><\/p>\n<\/td>\n<td width=\"83\">\n<p align=\"left\"><span>\u00a0h4 (millim\u00e8tre)<\/span><\/p>\n<\/td>\n<td>\n<p align=\"center\"><span>1490\/2080<\/span><\/p>\n<\/td>\n<td>\n<p align=\"center\"><span>1490\/1720\/2080\/2925\/3420<\/span><\/p>\n<\/td>\n<td>\n<p align=\"center\"><span>2080<\/span><\/p>\n<\/td>\n<\/tr>\n<tr>\n<td width=\"181\">\n<p align=\"left\"><span>\u00a0Longueur totale<\/span><\/p>\n<\/td>\n<td width=\"83\">\n<p align=\"left\"><span>\u00a0l1 (millim\u00e8tre)<\/span><\/p>\n<\/td>\n<td>\n<p align=\"center\"><span>1655\/1705<\/span><\/p>\n<\/td>\n<td>\n<p align=\"center\"><span>1655\/1705<\/span><\/p>\n<\/td>\n<td>\n<p align=\"center\"><span>1655\/1705<\/span><\/p>\n<\/td>\n<\/tr>\n<tr>\n<td width=\"181\">\n<p align=\"left\"><span>\u00a0Largeur hors tout<\/span><\/p>\n<\/td>\n<td width=\"83\">\n<p align=\"left\"><span>\u00a0b1 (millim\u00e8tre)<\/span><\/p>\n<\/td>\n<td>\n<p align=\"center\"><span>755<\/span><\/p>\n<\/td>\n<td>\n<p align=\"center\"><span>755\/755\/755\/860\/860<\/span><\/p>\n<\/td>\n<td>\n<p align=\"center\"><span>755<\/span><\/p>\n<\/td>\n<\/tr>\n<tr>\n<td width=\"181\">\n<p align=\"left\"><span>\u00a0Dimensions des fourches<\/span><\/p>\n<\/td>\n<td width=\"83\">\n<p align=\"left\"><span>\u00a0s \/ e \/ l (mm)<\/span><\/p>\n<\/td>\n<td colspan=\"3\">\n<p align=\"center\"><span>61\/170\/1100 (1150)<\/span><\/p>\n<\/td>\n<\/tr>\n<tr>\n<td width=\"181\">\n<p align=\"left\"><span>\u00a0Largeur hors tout des fourches<\/span><\/p>\n<\/td>\n<td width=\"83\">\n<p align=\"left\"><span>\u00a0b5 (millim\u00e8tre)<\/span><\/p>\n<\/td>\n<td>\n<p align=\"center\"><span>550<\/span><\/p>\n<\/td>\n<td>\n<p align=\"center\"><span>550\/550\/550\/580\/580<\/span><\/p>\n<\/td>\n<td>\n<p align=\"center\"><span>550<\/span><\/p>\n<\/td>\n<\/tr>\n<tr>\n<td width=\"181\">\n<p align=\"left\"><span>\u00a0Garde au sol, charg\u00e9, sous le m\u00e2t<\/span><\/p>\n<\/td>\n<td width=\"83\">\n<p align=\"left\"><span>\u00a0m1 (millim\u00e8tre)<\/span><\/p>\n<\/td>\n<td>\n<p align=\"center\"><span>25<\/span><\/p>\n<\/td>\n<td>\n<p align=\"center\"><span>25<\/span><\/p>\n<\/td>\n<td>\n<p align=\"center\"><span>25<\/span><\/p>\n<\/td>\n<\/tr>\n<tr>\n<td width=\"181\">\n<p align=\"left\"><span>\u00a0Largeur d&rsquo;all\u00e9e pour palettes 1000 \u00d7 1200 transversalement<\/span><\/p>\n<\/td>\n<td width=\"83\">\n<p align=\"left\"><span>\u00a0Ast (millim\u00e8tre)<\/span><\/p>\n<\/td>\n<td>\n<p align=\"center\"><span>2112<\/span><\/p>\n<\/td>\n<td>\n<p align=\"center\"><span>2112<\/span><\/p>\n<\/td>\n<td>\n<p align=\"center\"><span>2112<\/span><\/p>\n<\/td>\n<\/tr>\n<tr>\n<td width=\"181\">\n<p align=\"left\"><span>\u00a0Largeur d&rsquo;all\u00e9e pour palettes 800 \u00d7 1200 dans le sens de la longueur<\/span><\/p>\n<\/td>\n<td width=\"83\">\n<p align=\"left\"><span>\u00a0Ast (millim\u00e8tre)<\/span><\/p>\n<\/td>\n<td>\n<p align=\"center\"><span>1945<\/span><\/p>\n<\/td>\n<td>\n<p align=\"center\"><span>1945<\/span><\/p>\n<\/td>\n<td>\n<p align=\"center\"><span>1945<\/span><\/p>\n<\/td>\n<\/tr>\n<tr>\n<td width=\"181\">\n<p align=\"left\"><span>\u00a0Rayon de braquage<\/span><\/p>\n<\/td>\n<td width=\"83\">\n<p align=\"left\"><span>\u00a0Wa (mm)<\/span><\/p>\n<\/td>\n<td>\n<p align=\"center\"><span>1380<\/span><\/p>\n<\/td>\n<td>\n<p align=\"center\"><span>1380<\/span><\/p>\n<\/td>\n<td>\n<p align=\"center\"><span>1380<\/span><\/p>\n<\/td>\n<\/tr>\n<tr>\n<td width=\"181\">\n<p align=\"left\"><span>\u00a0Vitesse de levage, en charge \/ \u00e0 vide<\/span><\/p>\n<\/td>\n<td width=\"83\">\n<p align=\"left\"><span>\u00a0mm \/ heure<\/span><\/p>\n<\/td>\n<td>\n<p align=\"center\"><span>25<\/span><\/p>\n<\/td>\n<td>\n<p align=\"center\"><span>25<\/span><\/p>\n<\/td>\n<td>\n<p align=\"center\"><span>21<\/span><\/p>\n<\/td>\n<\/tr>\n<tr>\n<td width=\"181\">\n<p align=\"left\"><span>\u00a0Vitesse de descente, en charge \/ \u00e0 vide<\/span><\/p>\n<\/td>\n<td width=\"83\">\n<p align=\"left\"><span>\u00a0mm \/ s<\/span><\/p>\n<\/td>\n<td colspan=\"3\">\n<p align=\"center\"><span>Contr\u00f4le manuel<\/span><\/p>\n<\/td>\n<\/tr>\n<tr>\n<td width=\"181\">\n<p align=\"left\"><span>\u00a0Poids de service<\/span><\/p>\n<\/td>\n<td width=\"83\">\n<p align=\"left\"><span>\u00a0kg<\/span><\/p>\n<\/td>\n<td>\n<p align=\"center\"><span>185\/213<\/span><\/p>\n<\/td>\n<td>\n<p align=\"center\"><span>190\/198\/214\/292\/305<\/span><\/p>\n<\/td>\n<td>\n<p align=\"center\"><span>239<\/span><\/p>\n<\/td>\n<\/tr>\n<\/tbody>\n<\/table>\n","protected":false},"featured_media":3147,"template":"","meta":[],"brands":[{"id":50,"name":"BENZA","slug":"benza"}],"_links":{"self":[{"href":"https:\/\/www.le-professionnel.com\/index.php?rest_route=\/wp\/v2\/product\/1126"}],"collection":[{"href":"https:\/\/www.le-professionnel.com\/index.php?rest_route=\/wp\/v2\/product"}],"about":[{"href":"https:\/\/www.le-professionnel.com\/index.php?rest_route=\/wp\/v2\/types\/product"}],"version-history":[{"count":3,"href":"https:\/\/www.le-professionnel.com\/index.php?rest_route=\/wp\/v2\/product\/1126\/revisions"}],"predecessor-version":[{"id":3148,"href":"https:\/\/www.le-professionnel.com\/index.php?rest_route=\/wp\/v2\/product\/1126\/revisions\/3148"}],"wp:featuredmedia":[{"embeddable":true,"href":"https:\/\/www.le-professionnel.com\/index.php?rest_route=\/wp\/v2\/media\/3147"}],"wp:attachment":[{"href":"https:\/\/www.le-professionnel.com\/index.php?rest_route=%2Fwp%2Fv2%2Fmedia&parent=1126"}],"curies":[{"name":"wp","href":"https:\/\/api.w.org\/{rel}","templated":true}]}}