{"id":1101,"date":"2020-09-14T14:43:11","date_gmt":"2020-09-14T14:43:11","guid":{"rendered":"http:\/\/www.le-professionnel.com\/?post_type=product&#038;p=1101"},"modified":"2020-09-15T11:55:00","modified_gmt":"2020-09-15T11:55:00","slug":"generateur-tryd-5500","status":"publish","type":"product","link":"https:\/\/www.le-professionnel.com\/?product=generateur-tryd-5500","title":{"rendered":"G\u00e9n\u00e9rateur TRYD 5500"},"content":{"rendered":"<p>Les g\u00e9n\u00e9rateurs triphas\u00e9s sont un outil essentiel pour les utilisateurs professionnels, gr\u00e2ce \u00e0 leur conception robuste et \u00e0 l&rsquo;alimentation de haute pr\u00e9cision qu&rsquo;ils fournissent.\u00a0Sa grande polyvalence, due au fait qu&rsquo;il comprend une prise triphas\u00e9e et monophas\u00e9e, garantit des performances fiables dans les applications et les outils de construction, industriels, commerciaux, domestiques et agricoles.<\/p>\n<p><strong>Caract\u00e9ristiques du g\u00e9n\u00e9rateur TRYD 5500 Benza:<\/strong><\/p>\n<ul>\n<li>G\u00e9n\u00e9rateur avec moteur diesel.<\/li>\n<li>G\u00e9n\u00e8re un courant \u00e9lectrique triphas\u00e9.<\/li>\n<li>Groupe \u00e9lectrog\u00e8ne triphas\u00e9 professionnel 5,5 Kvas, facile \u00e0 transporter car \u00e9quip\u00e9 de roues.<\/li>\n<li>Moteur diesel 4 temps Yanmar L100 d&rsquo;une puissance de 10 ch.<\/li>\n<li>D\u00e9marrage manuel.<\/li>\n<li>Alternateur triphas\u00e9 Soga 5,5 Kvas, avec un standard d&rsquo;isolation contre la poussi\u00e8re et les projections d&rsquo;eau (IP23).<\/li>\n<li>Les g\u00e9n\u00e9rateurs triphas\u00e9s disposent de 2 prises de courant \u00e9lectrique, un triphas\u00e9 400V et un monophas\u00e9 230V.<\/li>\n<li>Robuste, avec ch\u00e2ssis renforc\u00e9 en acier de 35 mm. diam\u00e8tre.<\/li>\n<li>Ensemble moteur et alternateur prot\u00e9g\u00e9 par des panneaux renforc\u00e9s.<\/li>\n<li>G\u00e9n\u00e9rateur \u00e9lectrique \u00e9quip\u00e9 d&rsquo;un diff\u00e9rentiel comme protection contre les contacts \u00e9lectriques indirects, comme mesure de s\u00e9curit\u00e9 pour prot\u00e9ger l&rsquo;utilisateur.<\/li>\n<li>Avec deux roues en caoutchouc plein et une poign\u00e9e ergonomique pour faciliter le transport du g\u00e9n\u00e9rateur.<\/li>\n<li>G\u00e9n\u00e9rateur avec une garantie de 2 ans.<\/li>\n<li>R\u00e9servoir de carburant de 16 litres, ce qui donne au g\u00e9n\u00e9rateur une autonomie de fonctionnement allant jusqu&rsquo;\u00e0 10 heures.<\/li>\n<\/ul>\n<p><strong>Accessoires optionnels:<\/strong><\/p>\n<ul>\n<li>Pointe de mise \u00e0 la terre: \u00e9vite d&rsquo;\u00e9ventuels chocs \u00e9lectriques pour l&rsquo;op\u00e9rateur.<\/li>\n<\/ul>\n<table class=\"table-data-sheet\">\n<tbody>\n<tr class=\"odd\">\n<td>Moteur<\/td>\n<td>Yanmar L100<\/td>\n<\/tr>\n<tr class=\"even\">\n<td>HP \/ CC<\/td>\n<td>10 CV \/ 406 CC<\/td>\n<\/tr>\n<tr class=\"odd\">\n<td>Puissance kw \/ kva<\/td>\n<td>4,4kW \/ 5,5kva<\/td>\n<\/tr>\n<tr class=\"even\">\n<td>poids (kg)<\/td>\n<td>108<\/td>\n<\/tr>\n<tr class=\"odd\">\n<td>d\u00e9but<\/td>\n<td>Manuel<\/td>\n<\/tr>\n<tr class=\"even\">\n<td>Pouvez.\u00a0Acoustique<\/td>\n<td>97 dbA<\/td>\n<\/tr>\n<tr class=\"odd\">\n<td>Pouvez.\u00a0max.<\/td>\n<td>6kva<\/td>\n<\/tr>\n<tr class=\"even\">\n<td>Autonomie<\/td>\n<td>10h<\/td>\n<\/tr>\n<tr class=\"odd\">\n<td>Dim. (LxAnxAl)<\/td>\n<td>785x655x715 millim\u00e8tre<\/td>\n<\/tr>\n<\/tbody>\n<\/table>\n","protected":false},"excerpt":{"rendered":"<p>G\u00e9n\u00e9rateur diesel triphas\u00e9 Benza TRYD 5000 avec moteur Yanmar L100<\/p>\n<p>\u25ba Puissance 4,4 Kw \/ 5,5 Kva<\/p>\n<p>\u25ba D\u00e9marrage manuel<\/p>\n","protected":false},"featured_media":1100,"template":"","meta":[],"brands":[{"id":50,"name":"BENZA","slug":"benza"}],"_links":{"self":[{"href":"https:\/\/www.le-professionnel.com\/index.php?rest_route=\/wp\/v2\/product\/1101"}],"collection":[{"href":"https:\/\/www.le-professionnel.com\/index.php?rest_route=\/wp\/v2\/product"}],"about":[{"href":"https:\/\/www.le-professionnel.com\/index.php?rest_route=\/wp\/v2\/types\/product"}],"version-history":[{"count":2,"href":"https:\/\/www.le-professionnel.com\/index.php?rest_route=\/wp\/v2\/product\/1101\/revisions"}],"predecessor-version":[{"id":1103,"href":"https:\/\/www.le-professionnel.com\/index.php?rest_route=\/wp\/v2\/product\/1101\/revisions\/1103"}],"wp:featuredmedia":[{"embeddable":true,"href":"https:\/\/www.le-professionnel.com\/index.php?rest_route=\/wp\/v2\/media\/1100"}],"wp:attachment":[{"href":"https:\/\/www.le-professionnel.com\/index.php?rest_route=%2Fwp%2Fv2%2Fmedia&parent=1101"}],"curies":[{"name":"wp","href":"https:\/\/api.w.org\/{rel}","templated":true}]}}