{"id":1075,"date":"2020-09-14T11:47:48","date_gmt":"2020-09-14T11:47:48","guid":{"rendered":"http:\/\/www.le-professionnel.com\/?post_type=product&#038;p=1075"},"modified":"2020-09-14T11:48:22","modified_gmt":"2020-09-14T11:48:22","slug":"generateur-es-12000","status":"publish","type":"product","link":"https:\/\/www.le-professionnel.com\/?product=generateur-es-12000","title":{"rendered":"G\u00e9n\u00e9rateur ES 12000"},"content":{"rendered":"<p>Le\u00a0\u00a0<strong>g\u00e9n\u00e9rateur \u00e0 essence monophas\u00e9 Benza ES 12000<\/strong>\u00a0a \u00e9t\u00e9 con\u00e7u pour l&rsquo;utilisateur professionnel.\u00a0C&rsquo;est pourquoi le groupe \u00e9lectrog\u00e8ne Benza ES 12000 dispose d&rsquo;un ch\u00e2ssis renforc\u00e9 de 35 mm.\u00a0diam\u00e8tre, plaque de protection sup\u00e9rieure et lat\u00e9rale et roues pleines en caoutchouc de s\u00e9rie Les plaques prot\u00e8gent l&rsquo;alternateur, le moteur et les composants internes contre les chocs et les roues facilitent le transport.\u00a0Parfait pour tous les utilisateurs et travaux.<\/p>\n<p>Ce mod\u00e8le est le groupe \u00e9lectrog\u00e8ne monophas\u00e9 professionnel le plus puissant de la gamme Benza avec des moteurs refroidis par air, fournissant une puissance continue de 12,0 Kvas.\u00a0Le moteur essence Subaru EH65, \u00e0 deux cylindres en V, d\u00e9veloppe une puissance de 22 ch, ce qui garantit des performances optimales lorsque les exigences sont les plus \u00e9lev\u00e9es.\u00a0Les deux prises disponibles sur le panneau de l&rsquo;alternateur permettent \u00e0 l&rsquo;utilisateur d&rsquo;alimenter simultan\u00e9ment deux outils \u00e0 fort amp\u00e9rage au d\u00e9marrage (compresseurs, nettoyeurs haute pression, cong\u00e9lateurs, etc.).<\/p>\n<ul>\n<li>Le g\u00e9n\u00e9rateur est \u00e9quip\u00e9 en standard d&rsquo;un diff\u00e9rentiel comme mesure de s\u00e9curit\u00e9 pour prot\u00e9ger l&rsquo;utilisateur.<\/li>\n<li>G\u00e9n\u00e9ratrice \u00e9lectrique avec un moteur essence quatre temps Subaru EH65, d&rsquo;une puissance de 22 ch, qui convainc par sa fiabilit\u00e9, ses hautes performances et sa longue dur\u00e9e de vie.<\/li>\n<li>Groupe \u00e9lectrog\u00e8ne avec alternateur monophas\u00e9 Soga 12 Kvas, avec une norme d&rsquo;isolation contre la poussi\u00e8re et les projections d&rsquo;eau (IP23).<\/li>\n<li>L&rsquo;ensemble moteur et alternateur est prot\u00e9g\u00e9 par un ch\u00e2ssis en acier renforc\u00e9.<\/li>\n<li>Mobilit\u00e9 parfaite et facilit\u00e9 de transport gr\u00e2ce \u00e0 sa poign\u00e9e ergonomique et ses solides roues en caoutchouc.<\/li>\n<li>R\u00e9servoir de carburant de 50 litres.<\/li>\n<li>G\u00e9n\u00e9rateur avec 3 ans de garantie.<\/li>\n<\/ul>\n<p><strong>Compl\u00e9ments optionnels (*):<\/strong><\/p>\n<ul>\n<li>Alternateur avec AVR (Automatic Voltage Regulator): il garantit une alimentation \u00e9lectrique de haute pr\u00e9cision sans pointes, ce qui est indispensable lorsque vous devez connecter des appareils int\u00e9grant des cartes \u00e9lectroniques, tels que des ordinateurs, des t\u00e9l\u00e9visions, etc. au g\u00e9n\u00e9rateur.<\/li>\n<li>Pointe de mise \u00e0 la terre: \u00e9vite d&rsquo;\u00e9ventuels chocs \u00e9lectriques pour l&rsquo;op\u00e9rateur.<\/li>\n<li>R\u00e9servoir de carburant de 27,5 litres: Grand r\u00e9servoir en m\u00e9tal offrant une grande autonomie, facilitant le travail sans avoir \u00e0 faire le plein fr\u00e9quemment.<\/li>\n<li>D\u00e9marrez l&rsquo;\u00e9lectrique \u00e0 la main.<\/li>\n<\/ul>\n<table class=\"table-data-sheet\">\n<tbody>\n<tr class=\"odd\">\n<td>Moteur<\/td>\n<td>Subaru EH 65<\/td>\n<\/tr>\n<tr class=\"even\">\n<td>HP \/ CC<\/td>\n<td>653 cm3 22 ch<\/td>\n<\/tr>\n<tr class=\"odd\">\n<td>Puissance kw \/ kva<\/td>\n<td>9,6 kW &#8211; 12 pieds carr\u00e9s<\/td>\n<\/tr>\n<tr class=\"even\">\n<td>poids (kg)<\/td>\n<td>187<\/td>\n<\/tr>\n<tr class=\"odd\">\n<td>d\u00e9but<\/td>\n<td>\u00e9lectrique<\/td>\n<\/tr>\n<tr class=\"even\">\n<td>Pouvez.\u00a0Acoustique<\/td>\n<td>97 dbA<\/td>\n<\/tr>\n<tr class=\"odd\">\n<td>Pouvez.\u00a0max.<\/td>\n<td>13,2 kva<\/td>\n<\/tr>\n<tr class=\"even\">\n<td>Consommation<\/td>\n<td>6,8 l\/h<\/td>\n<\/tr>\n<tr class=\"odd\">\n<td>Intensit\u00e9 de courant<\/td>\n<td>52 Un<\/td>\n<\/tr>\n<tr class=\"even\">\n<td>Autonomie<\/td>\n<td>10 h<\/td>\n<\/tr>\n<tr class=\"odd\">\n<td>Dim. (LxAnxAl)<\/td>\n<td>860 x 795 x 840<\/td>\n<\/tr>\n<\/tbody>\n<\/table>\n","protected":false},"excerpt":{"rendered":"<p>Groupe \u00e9lectrog\u00e8ne essence monophas\u00e9 Benza ES12000 avec moteur Subaru EH65<\/p>\n<p>\u25ba Puissance 9,6 Kw \/ 12 Kva<\/p>\n<p>\u25ba D\u00e9marrage \u00e9lectrique<\/p>\n<p>\u25ba R\u00e9servoir de carburant de 50 litres.<\/p>\n","protected":false},"featured_media":1076,"template":"","meta":[],"brands":[{"id":50,"name":"BENZA","slug":"benza"}],"_links":{"self":[{"href":"https:\/\/www.le-professionnel.com\/index.php?rest_route=\/wp\/v2\/product\/1075"}],"collection":[{"href":"https:\/\/www.le-professionnel.com\/index.php?rest_route=\/wp\/v2\/product"}],"about":[{"href":"https:\/\/www.le-professionnel.com\/index.php?rest_route=\/wp\/v2\/types\/product"}],"version-history":[{"count":3,"href":"https:\/\/www.le-professionnel.com\/index.php?rest_route=\/wp\/v2\/product\/1075\/revisions"}],"predecessor-version":[{"id":1079,"href":"https:\/\/www.le-professionnel.com\/index.php?rest_route=\/wp\/v2\/product\/1075\/revisions\/1079"}],"wp:featuredmedia":[{"embeddable":true,"href":"https:\/\/www.le-professionnel.com\/index.php?rest_route=\/wp\/v2\/media\/1076"}],"wp:attachment":[{"href":"https:\/\/www.le-professionnel.com\/index.php?rest_route=%2Fwp%2Fv2%2Fmedia&parent=1075"}],"curies":[{"name":"wp","href":"https:\/\/api.w.org\/{rel}","templated":true}]}}