{"id":1071,"date":"2020-09-14T10:23:28","date_gmt":"2020-09-14T10:23:28","guid":{"rendered":"http:\/\/www.le-professionnel.com\/?post_type=product&#038;p=1071"},"modified":"2020-09-16T16:59:13","modified_gmt":"2020-09-16T16:59:13","slug":"generateur-e8000","status":"publish","type":"product","link":"https:\/\/www.le-professionnel.com\/?product=generateur-e8000","title":{"rendered":"G\u00e9n\u00e9rateur E8000"},"content":{"rendered":"<p>Le\u00a0\u00a0g\u00e9n\u00e9rateur \u00e0 essence monophas\u00e9 Benza E 8000 est destin\u00e9 \u00e0\u00a0\u00a0un usage professionnel.\u00a0C&rsquo;est un groupe \u00e9lectrog\u00e8ne avec un courant monophas\u00e9 de 8 Kvas, con\u00e7u avec des composants de qualit\u00e9 sup\u00e9rieure pour fonctionner dans des conditions tr\u00e8s exigeantes.\u00a0Id\u00e9al pour alimenter \u00e9lectriquement les outils \u00e0 fort amp\u00e9rage au d\u00e9marrage, tels que les compresseurs, les nettoyeurs haute pression ou m\u00eame les cong\u00e9lateurs\u00a0.\u00a0Son ch\u00e2ssis en acier renforc\u00e9 avec amortisseurs et panneaux de protection sur tous les c\u00f4t\u00e9s, r\u00e9siste et absorbe les chocs pour prot\u00e9ger le moteur et l&rsquo;alternateur \u00e0 tout moment, garantissant une grande fiabilit\u00e9 et une longue dur\u00e9e de vie.<\/p>\n<ul>\n<li>Groupe \u00e9lectrog\u00e8ne monophas\u00e9 professionnel 8 Kvas, facile \u00e0 manipuler et \u00e0 transporter.<\/li>\n<li>Groupe \u00e9lectrog\u00e8ne avec un moteur essence 4 temps Subaru EX40 d&rsquo;une puissance de 14 CV.<\/li>\n<li>D\u00e9marrage manuel<\/li>\n<li>G\u00e9n\u00e9rateur de ch\u00e2ssis robuste en acier de 35 mm renforc\u00e9. diam\u00e8tre.<\/li>\n<li>L&rsquo;ensemble moteur et alternateur est prot\u00e9g\u00e9 par des panneaux renforc\u00e9s.<\/li>\n<li>Alternateur monophas\u00e9 Soga 8 Kvas, avec une norme d&rsquo;isolation contre la poussi\u00e8re et les projections d&rsquo;eau (IP23).<\/li>\n<li>Le g\u00e9n\u00e9rateur est \u00e9quip\u00e9 d&rsquo;un diff\u00e9rentiel comme protection contre les contacts \u00e9lectriques indirects.<\/li>\n<li>G\u00e9n\u00e9rateur avec roues en caoutchouc solide pour un transport facile.<\/li>\n<li>Garantie de 3 ans.<\/li>\n<li>R\u00e9servoir de carburant de 7 litres<\/li>\n<\/ul>\n<p><strong>Ce mod\u00e8le de g\u00e9n\u00e9rateur est \u00e9galement disponible avec:<\/strong><\/p>\n<ul>\n<li>D\u00e9marrage \u00e9lectrique<\/li>\n<li>D\u00e9marrage \u00e9lectrique avec r\u00e9servoir suppl\u00e9mentaire de 27 litres<\/li>\n<li>D\u00e9marrage manuel avec r\u00e9servoir suppl\u00e9mentaire de 27 litres<\/li>\n<li>AVR avec d\u00e9marrage \u00e9lectrique<\/li>\n<li>AVR avec d\u00e9marrage manuel<\/li>\n<\/ul>\n<p><strong>AVR\u00a0<\/strong>: mod\u00e8les de g\u00e9n\u00e9rateurs \u00e0 essence avec alternateur avec AVR (Automatic Voltage Regulator), garantissent une alimentation de haute pr\u00e9cision (sans pointes), ce qui est indispensable lorsque vous devez connecter des appareils int\u00e9grant des cartes \u00e9lectroniques, tels que des ordinateurs, des t\u00e9l\u00e9viseurs, au g\u00e9n\u00e9rateur , etc.<\/p>\n","protected":false},"excerpt":{"rendered":"<p>G\u00e9n\u00e9rateur\u00a0<strong>phase essence\u00a0\u00a0<\/strong>Benza E8000 avec Subaru EX40<\/p>\n<p>\u25ba Puissance moteur 6,4 Kw \/ 8 Kva<\/p>\n<p>\u25ba Manuel de d\u00e9marrage<\/p>\n","protected":false},"featured_media":1073,"template":"","meta":[],"brands":[{"id":50,"name":"BENZA","slug":"benza"}],"_links":{"self":[{"href":"https:\/\/www.le-professionnel.com\/index.php?rest_route=\/wp\/v2\/product\/1071"}],"collection":[{"href":"https:\/\/www.le-professionnel.com\/index.php?rest_route=\/wp\/v2\/product"}],"about":[{"href":"https:\/\/www.le-professionnel.com\/index.php?rest_route=\/wp\/v2\/types\/product"}],"version-history":[{"count":2,"href":"https:\/\/www.le-professionnel.com\/index.php?rest_route=\/wp\/v2\/product\/1071\/revisions"}],"predecessor-version":[{"id":1074,"href":"https:\/\/www.le-professionnel.com\/index.php?rest_route=\/wp\/v2\/product\/1071\/revisions\/1074"}],"wp:featuredmedia":[{"embeddable":true,"href":"https:\/\/www.le-professionnel.com\/index.php?rest_route=\/wp\/v2\/media\/1073"}],"wp:attachment":[{"href":"https:\/\/www.le-professionnel.com\/index.php?rest_route=%2Fwp%2Fv2%2Fmedia&parent=1071"}],"curies":[{"name":"wp","href":"https:\/\/api.w.org\/{rel}","templated":true}]}}