{"id":1056,"date":"2020-09-14T09:30:50","date_gmt":"2020-09-14T09:30:50","guid":{"rendered":"http:\/\/www.le-professionnel.com\/?post_type=product&#038;p=1056"},"modified":"2020-09-14T09:31:27","modified_gmt":"2020-09-14T09:31:27","slug":"generateur-e-5000","status":"publish","type":"product","link":"https:\/\/www.le-professionnel.com\/?product=generateur-e-5000","title":{"rendered":"G\u00e9n\u00e9rateur E 5000"},"content":{"rendered":"<p>Le\u00a0\u00a0<strong>g\u00e9n\u00e9rateur \u00e0 essence monophas\u00e9 Benza E 5000 \u00e0\u00a0<\/strong>\u00a0usage professionnel.\u00a0Le groupe \u00e9lectrog\u00e8ne monophas\u00e9 professionnel 4.8 Kvas est con\u00e7u avec des composants de qualit\u00e9 sup\u00e9rieure pour fonctionner dans des conditions d\u00e9favorables et extr\u00eames telles qu&rsquo;un chantier de construction.\u00a0Son ch\u00e2ssis en acier renforc\u00e9 avec amortisseurs et panneaux de protection sur tous les c\u00f4t\u00e9s, r\u00e9siste et absorbe les chocs pour prot\u00e9ger le moteur et l&rsquo;alternateur \u00e0 tout moment, garantissant une grande fiabilit\u00e9 et une longue dur\u00e9e de vie.<\/p>\n<ul>\n<li>Groupe \u00e9lectrog\u00e8ne monophas\u00e9 professionnel de 4,8 Kvas, facile \u00e0 utiliser et \u00e0 transporter.<\/li>\n<li>Moteur essence quatre temps Subaru EX27 d&rsquo;une puissance de 9,0 ch.<\/li>\n<li>G\u00e9n\u00e9rateur compact et silencieux.<\/li>\n<li>D\u00e9marrage manuel<\/li>\n<li>G\u00e9n\u00e9rateur de ch\u00e2ssis robuste en acier de 35 mm renforc\u00e9. diam\u00e8tre.<\/li>\n<li>L&rsquo;ensemble moteur et alternateur est prot\u00e9g\u00e9 par des panneaux renforc\u00e9s.<\/li>\n<li>Alternateur monophas\u00e9 Soga 4,8 Kvas, avec un standard d&rsquo;isolation contre la poussi\u00e8re et les projections d&rsquo;eau (IP23).<\/li>\n<li>Le g\u00e9n\u00e9rateur est \u00e9quip\u00e9 d&rsquo;un diff\u00e9rentiel comme protection contre les contacts \u00e9lectriques indirects.<\/li>\n<li>G\u00e9n\u00e9rateur avec roues en caoutchouc solide pour un transport facile.<\/li>\n<li>Garantie de 3 ans.<\/li>\n<li>R\u00e9servoir de carburant de 6 litres<\/li>\n<\/ul>\n<p>Ce mod\u00e8le de g\u00e9n\u00e9rateur est \u00e9galement disponible avec diff\u00e9rentes capacit\u00e9s de r\u00e9servoir de carburant, d\u00e9marrage manuel ou \u00e9lectrique, et avec AVR.<\/p>\n<ul>\n<li><strong>G\u00e9n\u00e9rateur avec d\u00e9marrage \u00e9lectrique<\/strong><\/li>\n<li>R\u00e9servoir 6 litres<\/li>\n<li>R\u00e9servoir 27 litres<\/li>\n<li>Avec alternateur AVR<\/li>\n<li><strong>\u2022 G\u00e9n\u00e9rateur avec d\u00e9marrage manuel<\/strong><\/li>\n<li>R\u00e9servoir 6 litres<\/li>\n<li>R\u00e9servoir 27 litres<\/li>\n<li>Avec alternateur AVR<\/li>\n<\/ul>\n<p><strong>G\u00e9n\u00e9rateur avec AVR:<\/strong>\u00a0Si vous souhaitez utiliser le g\u00e9n\u00e9rateur avec des appareils qui int\u00e8grent des cartes \u00e9lectroniques, tels que des ordinateurs, une t\u00e9l\u00e9vision, etc.\u00a0Il est indispensable d&rsquo;acheter un mod\u00e8le avec alternateur avec AVR (Automatic Voltage Regulator), qui garantit une alimentation de haute pr\u00e9cision sans pics.<\/p>\n<table class=\"table-data-sheet\">\n<tbody>\n<tr class=\"odd\">\n<td>Moteur<\/td>\n<td>Subaru EX 27<\/td>\n<\/tr>\n<tr class=\"even\">\n<td>HP \/ CC<\/td>\n<td>265 cm3 9 ch<\/td>\n<\/tr>\n<tr class=\"odd\">\n<td>Puissance kw \/ kva<\/td>\n<td>3,9 kW &#8211; 5 kV<\/td>\n<\/tr>\n<tr class=\"even\">\n<td>Pouvez.\u00a0Acoustique<\/td>\n<td>97 dbA<\/td>\n<\/tr>\n<tr class=\"odd\">\n<td>Pouvez.\u00a0max.<\/td>\n<td>5,5 kva<\/td>\n<\/tr>\n<tr class=\"even\">\n<td>Consommation<\/td>\n<td>3,3 l\/h<\/td>\n<\/tr>\n<tr class=\"odd\">\n<td>Intensit\u00e9 de courant<\/td>\n<td>20 A<\/td>\n<\/tr>\n<tr class=\"even\">\n<td>Autonomie<\/td>\n<td>3h 40<\/td>\n<\/tr>\n<\/tbody>\n<\/table>\n","protected":false},"excerpt":{"rendered":"<p>Groupe \u00e9lectrog\u00e8ne\u00a0<strong>essence monophas\u00e9\u00a0<\/strong>\u00a0Benza E5000 avec moteur Subaru EX27<\/p>\n<p>\u25ba Puissance 3,9 Kw \/ 4,8 Kva<\/p>\n<p>\u25ba D\u00e9marrage manuel<\/p>\n","protected":false},"featured_media":1057,"template":"","meta":[],"brands":[{"id":50,"name":"BENZA","slug":"benza"}],"_links":{"self":[{"href":"https:\/\/www.le-professionnel.com\/index.php?rest_route=\/wp\/v2\/product\/1056"}],"collection":[{"href":"https:\/\/www.le-professionnel.com\/index.php?rest_route=\/wp\/v2\/product"}],"about":[{"href":"https:\/\/www.le-professionnel.com\/index.php?rest_route=\/wp\/v2\/types\/product"}],"version-history":[{"count":2,"href":"https:\/\/www.le-professionnel.com\/index.php?rest_route=\/wp\/v2\/product\/1056\/revisions"}],"predecessor-version":[{"id":1059,"href":"https:\/\/www.le-professionnel.com\/index.php?rest_route=\/wp\/v2\/product\/1056\/revisions\/1059"}],"wp:featuredmedia":[{"embeddable":true,"href":"https:\/\/www.le-professionnel.com\/index.php?rest_route=\/wp\/v2\/media\/1057"}],"wp:attachment":[{"href":"https:\/\/www.le-professionnel.com\/index.php?rest_route=%2Fwp%2Fv2%2Fmedia&parent=1056"}],"curies":[{"name":"wp","href":"https:\/\/api.w.org\/{rel}","templated":true}]}}