{"id":1038,"date":"2020-09-14T08:31:51","date_gmt":"2020-09-14T08:31:51","guid":{"rendered":"http:\/\/www.le-professionnel.com\/?post_type=product&#038;p=1038"},"modified":"2020-09-16T16:59:23","modified_gmt":"2020-09-16T16:59:23","slug":"generateur-bxs-6000-avr","status":"publish","type":"product","link":"https:\/\/www.le-professionnel.com\/?product=generateur-bxs-6000-avr","title":{"rendered":"G\u00e9n\u00e9rateur BXS 6000 AVR"},"content":{"rendered":"<p>Les g\u00e9n\u00e9rateurs BENZA BXS 60000 AVR sont des g\u00e9n\u00e9rateurs \u00e9lectriques puissants d&rsquo;une autonomie allant jusqu&rsquo;\u00e0 9 heures.\u00a0Le d\u00e9marrage \u00e9lectrique des g\u00e9n\u00e9rateurs de courant facilite leur d\u00e9marrage.\u00a0Les niveaux sonores sont parmi les plus bas du march\u00e9, au sein des g\u00e9n\u00e9rateurs de la gamme.<\/p>\n<p>Groupe \u00e9lectrog\u00e8ne monophas\u00e9 l\u00e9ger et fiable de 6,4 Kvas, avec de bonnes performances techniques \u00e0 un prix comp\u00e9titif.\u00a0Il int\u00e8gre en standard un alternateur avec AVR, ce qui \u00e9limine tout risque d&rsquo;endommagement des appareils de haute technologie ou des outils \u00e0 r\u00e9gulation \u00e9lectronique.<\/p>\n<p>Le g\u00e9n\u00e9rateur poss\u00e8de un r\u00e9servoir m\u00e9tallique de 25 litres, et son panneau incorporant deux prises, un voltm\u00e8tre, un diff\u00e9rentiel et une prise 12V, ce qui en fait un g\u00e9n\u00e9rateur tr\u00e8s polyvalent, adapt\u00e9 \u00e0 d&rsquo;innombrables applications.<\/p>\n<ul>\n<li>Le g\u00e9n\u00e9rateur est \u00e9quip\u00e9 en standard d&rsquo;un diff\u00e9rentiel comme mesure de s\u00e9curit\u00e9 pour prot\u00e9ger l&rsquo;utilisateur.<\/li>\n<li>Le moteur \u00e0 essence RatoR420 est \u00e0 4 temps et a une puissance de 11,5 CV. Un moteur tr\u00e8s r\u00e9sistant et fiable.<\/li>\n<li>Alternateur monophas\u00e9 6,4 Kvas avec AVR, garantissant une alimentation de haute pr\u00e9cision sans pic, ce qui est indispensable lorsque vous devez connecter des appareils int\u00e9grant des cartes \u00e9lectroniques.<\/li>\n<li>Le r\u00e9servoir de carburant est m\u00e9tallique et a une capacit\u00e9 de 25 litres, ce qui vous permet de travailler longtemps sans avoir \u00e0 faire le plein fr\u00e9quemment.<\/li>\n<\/ul>\n<table class=\"table-data-sheet\">\n<tbody>\n<tr class=\"odd\">\n<td>Moteur<\/td>\n<td>R420<\/td>\n<\/tr>\n<tr class=\"even\">\n<td>HP \/ CC<\/td>\n<td>11,5 \/ 420<\/td>\n<\/tr>\n<tr class=\"odd\">\n<td>poids (kg)<\/td>\n<td>87<\/td>\n<\/tr>\n<tr class=\"even\">\n<td>d\u00e9but<\/td>\n<td>\u00c9lectrique<\/td>\n<\/tr>\n<tr class=\"odd\">\n<td>Pouvez.\u00a0Acoustique<\/td>\n<td>95 dB<\/td>\n<\/tr>\n<tr class=\"even\">\n<td>Pouvez.\u00a0max.<\/td>\n<td>7 KVA<\/td>\n<\/tr>\n<tr class=\"odd\">\n<td>Intensit\u00e9 de courant<\/td>\n<td>26 A<\/td>\n<\/tr>\n<tr class=\"even\">\n<td>Puissance continue<\/td>\n<td>6,4 kVA<\/td>\n<\/tr>\n<tr class=\"odd\">\n<td>Autonomie<\/td>\n<td>9 h<\/td>\n<\/tr>\n<tr class=\"even\">\n<td>Dim. (LxAnxAl)<\/td>\n<td>683 x 540 x 542<\/td>\n<\/tr>\n<\/tbody>\n<\/table>\n","protected":false},"excerpt":{"rendered":"<p>Les g\u00e9n\u00e9rateurs BENZA BXS 60000 AVR sont fabriqu\u00e9s avec un moteur R420<\/p>\n<p>\u25ba Puissance: 5,5 Kw \/ 7 Kva<\/p>\n<p>\u25ba HP \/ CC 11,5 \/ 420<\/p>\n<p>\u25ba D\u00e9marrage \u00e9lectrique<\/p>\n<p>\u25ba Monophas\u00e9 \u00e0 essence<\/p>\n","protected":false},"featured_media":1041,"template":"","meta":[],"brands":[{"id":50,"name":"BENZA","slug":"benza"}],"_links":{"self":[{"href":"https:\/\/www.le-professionnel.com\/index.php?rest_route=\/wp\/v2\/product\/1038"}],"collection":[{"href":"https:\/\/www.le-professionnel.com\/index.php?rest_route=\/wp\/v2\/product"}],"about":[{"href":"https:\/\/www.le-professionnel.com\/index.php?rest_route=\/wp\/v2\/types\/product"}],"version-history":[{"count":2,"href":"https:\/\/www.le-professionnel.com\/index.php?rest_route=\/wp\/v2\/product\/1038\/revisions"}],"predecessor-version":[{"id":1042,"href":"https:\/\/www.le-professionnel.com\/index.php?rest_route=\/wp\/v2\/product\/1038\/revisions\/1042"}],"wp:featuredmedia":[{"embeddable":true,"href":"https:\/\/www.le-professionnel.com\/index.php?rest_route=\/wp\/v2\/media\/1041"}],"wp:attachment":[{"href":"https:\/\/www.le-professionnel.com\/index.php?rest_route=%2Fwp%2Fv2%2Fmedia&parent=1038"}],"curies":[{"name":"wp","href":"https:\/\/api.w.org\/{rel}","templated":true}]}}