{"id":1035,"date":"2020-09-14T08:26:30","date_gmt":"2020-09-14T08:26:30","guid":{"rendered":"http:\/\/www.le-professionnel.com\/?post_type=product&#038;p=1035"},"modified":"2020-09-14T08:26:35","modified_gmt":"2020-09-14T08:26:35","slug":"generateur-e3000","status":"publish","type":"product","link":"https:\/\/www.le-professionnel.com\/?product=generateur-e3000","title":{"rendered":"G\u00e9n\u00e9rateur E3000"},"content":{"rendered":"<p><span>Le\u00a0<\/span><strong><span>g\u00e9n\u00e9rateur \u00e0 essence monophas\u00e9 Benza E3000\u00a0<\/span><\/strong><span>\u00a0a \u00e9t\u00e9 con\u00e7u pour un usage professionnel.\u00a0C&rsquo;est pourquoi le g\u00e9n\u00e9rateur Benza E3000 dispose d&rsquo;un ch\u00e2ssis renforc\u00e9 de 35 mm.\u00a0de diam\u00e8tre, plaque de protection sup\u00e9rieure et lat\u00e9rale et roues en caoutchouc plein de s\u00e9rie, ce qui en fait un g\u00e9n\u00e9rateur tr\u00e8s r\u00e9sistant.\u00a0Les plaques prot\u00e8gent l&rsquo;alternateur, le moteur et les composants internes contre les chocs.<\/span><\/p>\n<p><strong><span>Caract\u00e9ristiques du g\u00e9n\u00e9rateur \u00e0 essence E3000<\/span><\/strong><\/p>\n<ul>\n<li><span>Groupe \u00e9lectrog\u00e8ne professionnel 3.0 Kvas tr\u00e8s facile \u00e0 utiliser.<\/span><\/li>\n<li><span>G\u00e9n\u00e9rateur avec roues et poign\u00e9e ergonomique, ce qui le rend tr\u00e8s facile \u00e0 transporter.<\/span><\/li>\n<li><span>G\u00e9n\u00e9rateur compact et silencieux, id\u00e9al pour alimenter \u00e9lectriquement une grande vari\u00e9t\u00e9 d&rsquo;\u00e9quipements et d&rsquo;outils.<\/span><\/li>\n<li><span>Le g\u00e9n\u00e9rateur est \u00e9quip\u00e9 en standard d&rsquo;un diff\u00e9rentiel comme mesure de s\u00e9curit\u00e9 pour prot\u00e9ger l&rsquo;utilisateur contre les contacts \u00e9lectriques indirects.<\/span><\/li>\n<li><span>\u00a0Le moteur \u00e0 essence Subaru EX17 est \u00e0 4 temps et d&rsquo;une puissance de 6,0 CV.<\/span><\/li>\n<li><span>Le g\u00e9n\u00e9rateur E3000 a une garantie de 3 ans.<\/span><\/li>\n<li><span>Alternateur monophas\u00e9 Soga 3.0 Kvas, avec une norme d&rsquo;isolation contre la poussi\u00e8re et les projections d&rsquo;eau (IP23).<\/span><\/li>\n<li><span>\u00a0L&rsquo;ensemble moteur et alternateur du g\u00e9n\u00e9rateur est prot\u00e9g\u00e9 par un ch\u00e2ssis en acier renforc\u00e9 de 35 mm de diam\u00e8tre et des panneaux de protection.<\/span><\/li>\n<li><span>Mobilit\u00e9 parfaite gr\u00e2ce \u00e0 sa poign\u00e9e ergonomique et ses 2 roues en caoutchouc plein.<\/span><\/li>\n<\/ul>\n<ul>\n<li><span>Capacit\u00e9 du r\u00e9servoir d&rsquo;essence de 3,6 litres.<\/span><\/li>\n<\/ul>\n<table class=\"table-data-sheet\">\n<tbody>\n<tr class=\"odd\">\n<td><span>Moteur<\/span><\/td>\n<td>Subaru EX 17<\/td>\n<\/tr>\n<tr class=\"even\">\n<td><span>HP \/ CC<\/span><\/td>\n<td><span>169 cm3 6 ch<\/span><\/td>\n<\/tr>\n<tr class=\"odd\">\n<td><span>Puissance kw \/ kva<\/span><\/td>\n<td><span>2,4 kW &#8211; 3 kva<\/span><\/td>\n<\/tr>\n<tr class=\"even\">\n<td><span>poids (kg)<\/span><\/td>\n<td>46<\/td>\n<\/tr>\n<tr class=\"odd\">\n<td><span>d\u00e9but<\/span><\/td>\n<td><span>Manuel<\/span><\/td>\n<\/tr>\n<tr class=\"even\">\n<td><span>Pouvez.\u00a0Acoustique<\/span><\/td>\n<td><span>96 dbA<\/span><\/td>\n<\/tr>\n<tr class=\"odd\">\n<td><span>Pouvez.\u00a0max.<\/span><\/td>\n<td><span>3,3 kva<\/span><\/td>\n<\/tr>\n<tr class=\"even\">\n<td><span>Consommation<\/span><\/td>\n<td>2,2 l\/h<\/td>\n<\/tr>\n<tr class=\"odd\">\n<td><span>Intensit\u00e9 de courant<\/span><\/td>\n<td><span>13 A<\/span><\/td>\n<\/tr>\n<tr class=\"even\">\n<td><span>Autonomie<\/span><\/td>\n<td>3 h 40<\/td>\n<\/tr>\n<tr class=\"odd\">\n<td>Dim. (LxAnxAl)<\/td>\n<td><span>640 x 600 x 510<\/span><\/td>\n<\/tr>\n<\/tbody>\n<\/table>\n","protected":false},"excerpt":{"rendered":"<p><span>\u00a0Groupe\u00a0<strong>\u00e9lectrog\u00e8ne \u00e0 essence monophas\u00e9\u00a0<\/strong><\/span><\/p>\n<p><strong><span>\u25ba<\/span><\/strong><span>\u00a0Moteur Subaru EX17 <\/span><\/p>\n<p><span>\u25ba Puissance: 2,4 Kw \/ 3 Kva <\/span><\/p>\n<p><span>\u25ba D\u00e9marrage manuel<\/span><\/p>\n","protected":false},"featured_media":1036,"template":"","meta":[],"brands":[{"id":50,"name":"BENZA","slug":"benza"}],"_links":{"self":[{"href":"https:\/\/www.le-professionnel.com\/index.php?rest_route=\/wp\/v2\/product\/1035"}],"collection":[{"href":"https:\/\/www.le-professionnel.com\/index.php?rest_route=\/wp\/v2\/product"}],"about":[{"href":"https:\/\/www.le-professionnel.com\/index.php?rest_route=\/wp\/v2\/types\/product"}],"version-history":[{"count":1,"href":"https:\/\/www.le-professionnel.com\/index.php?rest_route=\/wp\/v2\/product\/1035\/revisions"}],"predecessor-version":[{"id":1037,"href":"https:\/\/www.le-professionnel.com\/index.php?rest_route=\/wp\/v2\/product\/1035\/revisions\/1037"}],"wp:featuredmedia":[{"embeddable":true,"href":"https:\/\/www.le-professionnel.com\/index.php?rest_route=\/wp\/v2\/media\/1036"}],"wp:attachment":[{"href":"https:\/\/www.le-professionnel.com\/index.php?rest_route=%2Fwp%2Fv2%2Fmedia&parent=1035"}],"curies":[{"name":"wp","href":"https:\/\/api.w.org\/{rel}","templated":true}]}}