{"id":3425,"date":"2021-03-02T12:38:02","date_gmt":"2021-03-02T12:38:02","guid":{"rendered":"http:\/\/www.le-professionnel.com\/?post_type=product&#038;p=3425"},"modified":"2021-03-02T12:46:50","modified_gmt":"2021-03-02T12:46:50","slug":"perceuse-visseuse-sans-fil-gsr-180-li","status":"publish","type":"product","link":"http:\/\/www.le-professionnel.com\/?product=perceuse-visseuse-sans-fil-gsr-180-li","title":{"rendered":"Perceuse-visseuse sans fil GSR 180-LI"},"content":{"rendered":"<div class=\"row\">\n<div class=\"col-xs-12\">\n<div class=\"headline hl1\">Caract\u00e9ristiques techniques<\/div>\n<\/div>\n<\/div>\n<div class=\"row\">\n<div class=\"col-lg-8 col-xs-12\">\n<table class=\"table\">\n<colgroup>\n<col class=\"col-xs-5\" \/>\n<col class=\"col-xs-3\" \/><\/colgroup>\n<thead>\n<tr>\n<th class=\"headline hl4\" colspan=\"2\">Donn\u00e9es suppl\u00e9mentaires<\/th>\n<\/tr>\n<\/thead>\n<tbody>\n<tr>\n<td>Tension de la batterie<\/td>\n<td>18\u00a0V<\/td>\n<\/tr>\n<tr>\n<td>Type de batterie<\/td>\n<td>Lithium-Ion<\/td>\n<\/tr>\n<tr>\n<td>R\u00e9gime \u00e0 vide (1\u00e8re vitesse \/ 2\u00e8me vitesse)<\/td>\n<td>0 \u2013 500 \/ 0 \u2013 1,900\u00a0t\/min<\/td>\n<\/tr>\n<tr>\n<td>Plage de serrage du mandrin, min.\/max.<\/td>\n<td>1.5 \/ 13\u00a0mm<\/td>\n<\/tr>\n<tr>\n<td>R\u00e9glages de couple<\/td>\n<td>20+1<\/td>\n<\/tr>\n<tr>\n<td>Couple (tendre\/dur\/maxi)<\/td>\n<td>21\/54\/-\u00a0Nm<\/td>\n<\/tr>\n<\/tbody>\n<\/table>\n<table class=\"table\">\n<colgroup>\n<col class=\"col-xs-5\" \/>\n<col class=\"col-xs-3\" \/><\/colgroup>\n<thead>\n<tr>\n<th class=\"headline hl4\" colspan=\"2\">Diam\u00e8tre de per\u00e7age<\/th>\n<\/tr>\n<\/thead>\n<tbody>\n<tr>\n<td>\u00d8 de per\u00e7age dans le bois, maxi.<\/td>\n<td>35\u00a0mm<\/td>\n<\/tr>\n<tr>\n<td>\u00d8 de per\u00e7age dans l\u2019acier, maxi.<\/td>\n<td>10\u00a0mm<\/td>\n<\/tr>\n<tr>\n<td>\u00d8 des vis, maxi.<\/td>\n<td>10\u00a0mm<\/td>\n<\/tr>\n<\/tbody>\n<\/table>\n<table class=\"table\">\n<colgroup>\n<col class=\"col-xs-5\" \/>\n<col class=\"col-xs-3\" \/><\/colgroup>\n<thead>\n<tr>\n<th class=\"headline hl4\" colspan=\"2\">\u00d8 des vis<\/th>\n<\/tr>\n<\/thead>\n<tbody>\n<tr>\n<td>\u00d8 de per\u00e7age dans le bois, maxi.<\/td>\n<td>35\u00a0mm<\/td>\n<\/tr>\n<tr>\n<td>\u00d8 de per\u00e7age dans l\u2019acier, maxi.<\/td>\n<td>10\u00a0mm<\/td>\n<\/tr>\n<tr>\n<td>\u00d8 des vis, maxi.<\/td>\n<td>10\u00a0mm<\/td>\n<\/tr>\n<\/tbody>\n<\/table>\n<\/div>\n<\/div>\n","protected":false},"excerpt":{"rendered":"<h2 class=\"headline hl1\">Avantages<\/h2>\n<div class=\"row\">\n<div class=\"col-md-6\">\n<div class=\"m-product_hightlights__content-wrapper\">\n<h3 class=\"headline hl4\">Plus puissant. Plus robuste.<\/h3>\n<p class=\"m-product_hightlights__paragraph\">\n<ul class=\"m-product_hightlights__list\">\n<li>Abordable : la qualit\u00e9 Bosch \u00e0 un prix abordable !<\/li>\n<li>Endurant : dot\u00e9 d\u2019un bo\u00eetier r\u00e9sistant et d\u2019une batterie avec \u00e9lectronique de protection des cellules<\/li>\n<li>Facile d\u2019entretien : le moteur est dot\u00e9 de charbons rempla\u00e7ables<\/li>\n<\/ul>\n<\/div>\n<\/div>\n<\/div>\n","protected":false},"featured_media":3426,"template":"","meta":[],"brands":[{"id":19,"name":"BOSCH","slug":"bosch"}],"_links":{"self":[{"href":"http:\/\/www.le-professionnel.com\/index.php?rest_route=\/wp\/v2\/product\/3425"}],"collection":[{"href":"http:\/\/www.le-professionnel.com\/index.php?rest_route=\/wp\/v2\/product"}],"about":[{"href":"http:\/\/www.le-professionnel.com\/index.php?rest_route=\/wp\/v2\/types\/product"}],"version-history":[{"count":1,"href":"http:\/\/www.le-professionnel.com\/index.php?rest_route=\/wp\/v2\/product\/3425\/revisions"}],"predecessor-version":[{"id":3427,"href":"http:\/\/www.le-professionnel.com\/index.php?rest_route=\/wp\/v2\/product\/3425\/revisions\/3427"}],"wp:featuredmedia":[{"embeddable":true,"href":"http:\/\/www.le-professionnel.com\/index.php?rest_route=\/wp\/v2\/media\/3426"}],"wp:attachment":[{"href":"http:\/\/www.le-professionnel.com\/index.php?rest_route=%2Fwp%2Fv2%2Fmedia&parent=3425"}],"curies":[{"name":"wp","href":"https:\/\/api.w.org\/{rel}","templated":true}]}}