{"id":2781,"date":"2021-01-12T10:13:04","date_gmt":"2021-01-12T10:13:04","guid":{"rendered":"http:\/\/www.le-professionnel.com\/?post_type=product&#038;p=2781"},"modified":"2021-01-12T10:13:10","modified_gmt":"2021-01-12T10:13:10","slug":"chariots-manuels","status":"publish","type":"product","link":"http:\/\/www.le-professionnel.com\/?product=chariots-manuels","title":{"rendered":"Chariots manuels"},"content":{"rendered":"<p><span>Les chariots manuels que\u00a0<\/span><strong><span>Vicinay Cemvisa<\/span><\/strong><span>\u00a0con\u00e7oit et fabrique\u00a0\u00a0sont des m\u00e9canismes de d\u00e9placement des palans le long de la bride inf\u00e9rieure des profil\u00e9s lamin\u00e9s (IPN, IPE, etc.).\u00a0Le profil sp\u00e9cial des roues permet au chariot de rouler sur des poutres \u00e0 faces parall\u00e8les (IPE, HEB) ou \u00e0 faces inclin\u00e9es (IPN).<\/span><\/p>\n<p><span>Ils ont un \u00e9l\u00e9ment de suspension en bas.<\/span><\/p>\n<p><span>Ils permettent le mouvement des palans manuels et \u00e9lectriques le long de chemins de roulement droits, courbes ou mixtes.<\/span><\/p>\n<p><span>Ils peuvent \u00e9galement \u00eatre utilis\u00e9s pour d\u00e9placer d&rsquo;autres \u00e9l\u00e9ments (machines \u00e0 souder, composants de cabine de peinture, portes mobiles, etc.)<\/span><\/p>\n<p><span>Selon la mani\u00e8re de se d\u00e9placer, il en existe deux types: entra\u00eenement en poussant sur la charge et entra\u00eenement par cha\u00eene.<\/span><\/p>\n","protected":false},"excerpt":{"rendered":"<ul>\n<li><span>Roues en acier, avec roulements \u00e0 billes, valables pour tout type de profil (m\u00eame \u00e0 faces parall\u00e8les).<\/span><\/li>\n<li><span>C\u00f4t\u00e9s en t\u00f4le gaufr\u00e9e.<\/span><\/li>\n<li><span>Boulon en acier pour suspension de charge.<\/span><\/li>\n<li><span>R\u00e9glage de la largeur \u00e0 l&rsquo;aide de rondelles, qui permettent d&rsquo;utiliser le m\u00eame chariot pour plusieurs profils.<\/span><\/li>\n<li><span>Sur les chariots \u00e0 cha\u00eene, le volant d&rsquo;inertie en t\u00f4le emboutie profonde avec des poches profondes assure un engagement parfait avec la cha\u00eene.<\/span><\/li>\n<\/ul>\n","protected":false},"featured_media":2782,"template":"","meta":[],"brands":[],"_links":{"self":[{"href":"http:\/\/www.le-professionnel.com\/index.php?rest_route=\/wp\/v2\/product\/2781"}],"collection":[{"href":"http:\/\/www.le-professionnel.com\/index.php?rest_route=\/wp\/v2\/product"}],"about":[{"href":"http:\/\/www.le-professionnel.com\/index.php?rest_route=\/wp\/v2\/types\/product"}],"version-history":[{"count":1,"href":"http:\/\/www.le-professionnel.com\/index.php?rest_route=\/wp\/v2\/product\/2781\/revisions"}],"predecessor-version":[{"id":2783,"href":"http:\/\/www.le-professionnel.com\/index.php?rest_route=\/wp\/v2\/product\/2781\/revisions\/2783"}],"wp:featuredmedia":[{"embeddable":true,"href":"http:\/\/www.le-professionnel.com\/index.php?rest_route=\/wp\/v2\/media\/2782"}],"wp:attachment":[{"href":"http:\/\/www.le-professionnel.com\/index.php?rest_route=%2Fwp%2Fv2%2Fmedia&parent=2781"}],"curies":[{"name":"wp","href":"https:\/\/api.w.org\/{rel}","templated":true}]}}