{"id":2777,"date":"2021-01-12T10:10:44","date_gmt":"2021-01-12T10:10:44","guid":{"rendered":"http:\/\/www.le-professionnel.com\/?post_type=product&#038;p=2777"},"modified":"2021-01-19T18:09:27","modified_gmt":"2021-01-19T18:09:27","slug":"palan-manuel-a-levier-tpk","status":"publish","type":"product","link":"http:\/\/www.le-professionnel.com\/?product=palan-manuel-a-levier-tpk","title":{"rendered":"Palan manuel \u00e0 levier TPK"},"content":{"rendered":"<p><span>L&rsquo;utilit\u00e9 fondamentale des palans fabriqu\u00e9s par\u00a0<\/span><strong><span>Vicinay Cemvisa<\/span><\/strong><span>\u00a0\u00a0est le levage, la tra\u00een\u00e9e et le positionnement des charges d&rsquo;une mani\u00e8re confortable et s\u00fbre au moyen d&rsquo;un levier.<\/span><\/p>\n<p><strong><span>Vicinay Cemvisa<\/span><\/strong><span>\u00a0\u00a0dispose d&rsquo;une \u00e9quipe professionnelle hautement qualifi\u00e9e pour sa conception et sa fabrication.<\/span><\/p>\n<p><span>Le\u00a0<\/span><strong><span>service<\/span><\/strong><span>\u00a0qualit\u00e9\u00a0<strong>Vicinay Cemvisa<\/strong>\u00a0\u00a0garantit que la conception et la fabrication des palans\u00a0<\/span><strong>\u00a0<\/strong><span>ont \u00e9t\u00e9 r\u00e9alis\u00e9es conform\u00e9ment aux proc\u00e9dures standard de l&rsquo;entreprise et aux r\u00e9glementations FEM applicables en vigueur.<\/span><\/p>\n<p><span>Une fois construits, ils sont soumis \u00e0 des tests de charge stricts.<\/span><\/p>\n<p>&nbsp;<\/p>\n","protected":false},"excerpt":{"rendered":"<ul>\n<li><span>Palan \u00ab\u00a0tout acier\u00a0\u00bb.<\/span><\/li>\n<li><span>Carter d&rsquo;engrenage et volant en acier.<\/span><\/li>\n<li><span>Arbres, pignons, \u00e9crous et crochets en acier trait\u00e9.<\/span><\/li>\n<li><span>Cha\u00eene de charge de grade 80.<\/span><\/li>\n<li><span>Crochets, pignons et arbres avec roulements.<\/span><\/li>\n<li><span>Frein automatique instantan\u00e9.<\/span><\/li>\n<li><span>Facteur de s\u00e9curit\u00e9 minimum: 5.<\/span><\/li>\n<\/ul>\n","protected":false},"featured_media":2778,"template":"","meta":[],"brands":[{"id":131,"name":"Vicinay","slug":"vicinay"}],"_links":{"self":[{"href":"http:\/\/www.le-professionnel.com\/index.php?rest_route=\/wp\/v2\/product\/2777"}],"collection":[{"href":"http:\/\/www.le-professionnel.com\/index.php?rest_route=\/wp\/v2\/product"}],"about":[{"href":"http:\/\/www.le-professionnel.com\/index.php?rest_route=\/wp\/v2\/types\/product"}],"version-history":[{"count":1,"href":"http:\/\/www.le-professionnel.com\/index.php?rest_route=\/wp\/v2\/product\/2777\/revisions"}],"predecessor-version":[{"id":2779,"href":"http:\/\/www.le-professionnel.com\/index.php?rest_route=\/wp\/v2\/product\/2777\/revisions\/2779"}],"wp:featuredmedia":[{"embeddable":true,"href":"http:\/\/www.le-professionnel.com\/index.php?rest_route=\/wp\/v2\/media\/2778"}],"wp:attachment":[{"href":"http:\/\/www.le-professionnel.com\/index.php?rest_route=%2Fwp%2Fv2%2Fmedia&parent=2777"}],"curies":[{"name":"wp","href":"https:\/\/api.w.org\/{rel}","templated":true}]}}