{"id":2764,"date":"2021-01-12T09:45:37","date_gmt":"2021-01-12T09:45:37","guid":{"rendered":"http:\/\/www.le-professionnel.com\/?post_type=product&#038;p=2764"},"modified":"2021-01-19T18:09:53","modified_gmt":"2021-01-19T18:09:53","slug":"palan-electrique-a-cable-eurobloc","status":"publish","type":"product","link":"http:\/\/www.le-professionnel.com\/?product=palan-electrique-a-cable-eurobloc","title":{"rendered":"Palan \u00e9lectrique \u00e0 c\u00e2ble EUROBLOC"},"content":{"rendered":"<div id=\"breadcrumb\" class=\"container-fluid breadcrumbs page_title2\">\n<div class=\"container\">\n<div class=\"col-md-12\">\n<div class=\"title\">\n<h1><\/h1>\n<\/div>\n<\/div>\n<\/div>\n<\/div>\n<div id=\"primary\" class=\"site-content\">\n<div id=\"content\" class=\"container\">\n<article id=\"post-834\" class=\"post-834 page type-page status-publish hentry\">\n<div class=\"entry-content blog_postcontent\">\n<div id=\"devn-787016\" class=\"wpb_row vc_row-fluid \">\n<div class=\"container \">\n<div class=\"vc_col-sm-9 menup wpb_column vc_column_container \">\n<div class=\"wpb_wrapper\">\n<div class=\" stcode_title4\">\n<h3><span class=\"text\">Palan \u00e9lectrique \u00e0 c\u00e2ble EUROBLOC<\/span><\/h3>\n<\/div>\n<div class=\"vc_row wpb_row vc_inner vc_row-fluid\">\n<div class=\"wpb_column vc_column_container vc_col-sm-12\">\n<div class=\"wpb_wrapper\">\n<div class=\"wpb_text_column wpb_content_element \">\n<div class=\"wpb_wrapper\">\n<div class=\"catIntro\">\n<div class=\"itemIntroText\">\n<p>Les palans \u00e9lectriques \u00e0 c\u00e2ble EUROBLOC fabriqu\u00e9s par <strong>Vicinay Cemvisa<\/strong>\u00a0\u00a0sont sp\u00e9cialement con\u00e7us pour une utilisation dans des conditions de travail difficiles (taux de manoeuvre \u00e9lev\u00e9s, charges typiques proches du maximum, etc.), ou lorsque des vitesses \u00e9lev\u00e9es sont requises ou de grandes courses de crochet sont n\u00e9cessaires. .<\/p>\n<p><strong>Vicinay Cemvisa<\/strong>\u00a0\u00a0dispose d&rsquo;une \u00e9quipe professionnelle hautement qualifi\u00e9e pour sa conception et sa fabrication.<\/p>\n<p>Le\u00a0<strong>service<\/strong>\u00a0Qualit\u00e9 de\u00a0<strong>Vicinay Cemvisa<\/strong>\u00a0\u00a0garantit que la conception et la fabrication des palans ont \u00e9t\u00e9 r\u00e9alis\u00e9es conform\u00e9ment aux proc\u00e9dures standard de l&rsquo;entreprise et aux r\u00e9glementations FEM applicables en vigueur.<\/p>\n<p>Une fois construits, ils sont soumis \u00e0 des tests de charge stricts.<\/p>\n<p><strong>Vicinay Cemvisa<\/strong>\u00a0\u00a0livre tous les palans avec un manuel d&rsquo;utilisation et des instructions, une panne compl\u00e8te et une garantie de 12 mois, extensible \u00e0 36 mois.<\/p>\n<p>&nbsp;<\/p>\n<\/div>\n<\/div>\n<\/div>\n<\/div>\n<div class=\"vc_empty_space\"><img loading=\"lazy\" class=\"attachment-large\" src=\"https:\/\/www.vicinaycemvisa.com\/wp-content\/uploads\/2015\/05\/POSADO-w.jpg\" alt=\"polipasto-electrico-posado\" width=\"454\" height=\"360\" \/><\/div>\n<div class=\"vc_btn3-container vc_btn3-left\"><\/div>\n<div class=\"wpb_images_carousel wpb_content_element vc_clearfix\">\n<div class=\"wpb_wrapper\">\n<div id=\"vc_images-carousel-1-1610444420\" class=\"vc_slide vc_images_carousel vc_per-view-more vc_per-view-3 vc_build\" data-ride=\"vc_carousel\" data-wrap=\"true\" data-interval=\"1500\" data-auto-height=\"yes\" data-mode=\"horizontal\" data-partial=\"false\" data-per-view=\"3\" data-hide-on-end=\"false\">\n<div class=\"vc_carousel-inner\">\n<div class=\"vc_carousel-slideline\">\n<div class=\"vc_carousel-slideline-inner\">\n<div class=\"vc_item\">\n<div class=\"vc_inner\"><img loading=\"lazy\" class=\"attachment-large\" src=\"https:\/\/www.vicinaycemvisa.com\/wp-content\/uploads\/2015\/05\/BICARRIL-FD-w.jpg\" alt=\"polipasto-electrico-eurobloc-bicarril\" width=\"454\" height=\"360\" \/><\/div>\n<div><\/div>\n<\/div>\n<\/div>\n<\/div>\n<\/div>\n<\/div>\n<\/div>\n<\/div>\n<\/div>\n<\/div>\n<\/div>\n<div class=\"wpb_accordion devn-spoiler-style3 not-column-inherit\" data-collapsible=\"no\" data-vc-disable-keydown=\"false\" data-active-tab=\"1\">\n<div class=\"wpb_wrapper wpb_accordion_wrapper ui-accordion devn-accordion-toggle devn-spoiler-icon-plus devn-spoiler-style1 ui-widget ui-helper-reset\" role=\"tablist\">\n<div class=\"wpb_accordion_section devn-spoiler-content acc-container devn-spoiler group\">\n<div id=\"ui-id-2\" class=\"content ui-accordion-content devn-clearfix ui-helper-reset ui-widget-content ui-corner-bottom ui-accordion-content-active\" role=\"tabpanel\" aria-labelledby=\"ui-id-1\" aria-hidden=\"false\">\n<div class=\"wpb_text_column wpb_content_element \">\n<div class=\"wpb_wrapper\">\n<p><img loading=\"lazy\" class=\"attachment-large\" src=\"https:\/\/www.vicinaycemvisa.com\/wp-content\/uploads\/2015\/05\/APN-L-w.jpg\" alt=\"polipasto-electrico-eurobloc-apnl\" width=\"454\" height=\"360\" \/><\/p>\n<\/div>\n<\/div>\n<\/div>\n<\/div>\n<\/div>\n<\/div>\n<\/div>\n<\/div>\n<\/div>\n<\/div>\n<\/div>\n<\/article>\n<\/div>\n<\/div>\n","protected":false},"excerpt":{"rendered":"<ul>\n<li>Conception efficace et construction exceptionnellement s\u00fbre.<\/li>\n<li>Tr\u00e8s faible niveau de maintenance.<\/li>\n<li>Facilit\u00e9 de manipulation.<\/li>\n<li>Gamme d&rsquo;accessoires disponibles.<\/li>\n<li>Engagement d&rsquo;assistance illimit\u00e9.\u00a0<strong>Vicinay Cemvisa<\/strong>\u00a0\u00a0s&rsquo;engage aupr\u00e8s de tous ses clients et leur garantit une assistance dans les plus brefs d\u00e9lais<\/li>\n<li>Limiteur de charge \u00e9lectronique.<\/li>\n<li>Frein \u00e0 disque \u00e9lectromagn\u00e9tique.<\/li>\n<li>Fin de carri\u00e8re.<\/li>\n<li>Isolation de classe F.<\/li>\n<li>Protection standard IP55.<\/li>\n<li>Curseur de guide de c\u00e2ble.<\/li>\n<li>Tension de commande 48 V avec champignon de secours.<\/li>\n<li>Test\u00e9 avec une surcharge dynamique de 25% et statique de 40%.<\/li>\n<\/ul>\n","protected":false},"featured_media":2767,"template":"","meta":[],"brands":[{"id":131,"name":"Vicinay","slug":"vicinay"}],"_links":{"self":[{"href":"http:\/\/www.le-professionnel.com\/index.php?rest_route=\/wp\/v2\/product\/2764"}],"collection":[{"href":"http:\/\/www.le-professionnel.com\/index.php?rest_route=\/wp\/v2\/product"}],"about":[{"href":"http:\/\/www.le-professionnel.com\/index.php?rest_route=\/wp\/v2\/types\/product"}],"version-history":[{"count":3,"href":"http:\/\/www.le-professionnel.com\/index.php?rest_route=\/wp\/v2\/product\/2764\/revisions"}],"predecessor-version":[{"id":2774,"href":"http:\/\/www.le-professionnel.com\/index.php?rest_route=\/wp\/v2\/product\/2764\/revisions\/2774"}],"wp:featuredmedia":[{"embeddable":true,"href":"http:\/\/www.le-professionnel.com\/index.php?rest_route=\/wp\/v2\/media\/2767"}],"wp:attachment":[{"href":"http:\/\/www.le-professionnel.com\/index.php?rest_route=%2Fwp%2Fv2%2Fmedia&parent=2764"}],"curies":[{"name":"wp","href":"https:\/\/api.w.org\/{rel}","templated":true}]}}