{"id":2547,"date":"2021-01-06T12:26:32","date_gmt":"2021-01-06T12:26:32","guid":{"rendered":"http:\/\/www.le-professionnel.com\/?post_type=product&#038;p=2547"},"modified":"2021-01-06T12:26:36","modified_gmt":"2021-01-06T12:26:36","slug":"pistolet-a-colle-gkp-200-ce","status":"publish","type":"product","link":"http:\/\/www.le-professionnel.com\/?product=pistolet-a-colle-gkp-200-ce","title":{"rendered":"Pistolet \u00e0 colle GKP 200 CE"},"content":{"rendered":"<h3 class=\"headline hl4\">Avec r\u00e9gulation \u00e9lectronique de la temp\u00e9rature<\/h3>\n<ul class=\"m-product_hightlights__list\">\n<li>El\u00e9ments chauffants \u00e0 r\u00e9gulation \u00e9lectronique pour une disponibilit\u00e9 rapide et une temp\u00e9rature de travail constante<\/li>\n<li>Avance m\u00e9canique<\/li>\n<li>Possibilit\u00e9 de travailler sans-fil<\/li>\n<\/ul>\n","protected":false},"excerpt":{"rendered":"<p>Donn\u00e9es suppl\u00e9mentaires<br \/>\nPuissance absorb\u00e9e nominale*<br \/>\n500W<br \/>\nPoids<br \/>\n0,4kg<br \/>\nDimensions de l\u2019outil (longueur)<br \/>\n205mm<br \/>\nDimensions de l\u2019outil (hauteur)<br \/>\n175mm<br \/>\nCaract\u00e9ristiques, utilisation<br \/>\nCapacit\u00e9 de collage*<br \/>\n30g\/min<br \/>\nDur\u00e9e de pr\u00e9chauffage*<br \/>\n4min<br \/>\nNombre d&rsquo;\u00e9l\u00e9ments chauffants<br \/>\n2Unit.<br \/>\nR\u00e9gulation en continu de la temp\u00e9rature<br \/>\n&#8211;<\/p>\n<p>Niveau froid,50\u00b0 C<br \/>\n&#8211;<\/p>\n<p>\u00d8 b\u00e2tonnet de colle<br \/>\n11mm<br \/>\nLongueur maxi. b\u00e2tonnet de colle<br \/>\n200mm<\/p>\n","protected":false},"featured_media":2549,"template":"","meta":[],"brands":[{"id":19,"name":"BOSCH","slug":"bosch"}],"_links":{"self":[{"href":"http:\/\/www.le-professionnel.com\/index.php?rest_route=\/wp\/v2\/product\/2547"}],"collection":[{"href":"http:\/\/www.le-professionnel.com\/index.php?rest_route=\/wp\/v2\/product"}],"about":[{"href":"http:\/\/www.le-professionnel.com\/index.php?rest_route=\/wp\/v2\/types\/product"}],"version-history":[{"count":1,"href":"http:\/\/www.le-professionnel.com\/index.php?rest_route=\/wp\/v2\/product\/2547\/revisions"}],"predecessor-version":[{"id":2550,"href":"http:\/\/www.le-professionnel.com\/index.php?rest_route=\/wp\/v2\/product\/2547\/revisions\/2550"}],"wp:featuredmedia":[{"embeddable":true,"href":"http:\/\/www.le-professionnel.com\/index.php?rest_route=\/wp\/v2\/media\/2549"}],"wp:attachment":[{"href":"http:\/\/www.le-professionnel.com\/index.php?rest_route=%2Fwp%2Fv2%2Fmedia&parent=2547"}],"curies":[{"name":"wp","href":"https:\/\/api.w.org\/{rel}","templated":true}]}}