{"id":2282,"date":"2021-01-05T11:49:27","date_gmt":"2021-01-05T11:49:27","guid":{"rendered":"http:\/\/www.le-professionnel.com\/?post_type=product&#038;p=2282"},"modified":"2021-01-05T12:37:17","modified_gmt":"2021-01-05T12:37:17","slug":"telemetre-laser-glm-50-c","status":"publish","type":"product","link":"http:\/\/www.le-professionnel.com\/?product=telemetre-laser-glm-50-c","title":{"rendered":"T\u00e9l\u00e9m\u00e8tre laser GLM 50 C"},"content":{"rendered":"<p><strong>Une connectivit\u00e9 hors pair \u2013 la solution intelligente pour mesurer et documenter<\/strong><br \/>\n<strong>Transfert de donn\u00e9es et rapide et efficace vers l\u2019application Bosch Measuring Master \u00e0 des fins de documentation gr\u00e2ce \u00e0 la \u00aeBluetooth connectivity<\/strong><br \/>\n<strong>Grand nombre de fonctions, notamment suivi d\u2019\u00e9cartement et inclinom\u00e8tre sur 360\u00b0<\/strong><br \/>\n<strong>Utilisation facile et pratique gr\u00e2ce \u00e0 l\u2019interface utilisateur simple et \u00e0 l\u2019\u00e9cran couleur r\u00e9tro-\u00e9clair\u00e9 \u00e0 affichage pivotant<\/strong><\/p>\n","protected":false},"excerpt":{"rendered":"<p><strong>Donn\u00e9es suppl\u00e9mentaires<\/strong><br \/>\n<strong>Diode laser*<\/strong><br \/>\n<strong>635 nm, &lt; 1 mW<\/strong><\/p>\n<p><strong>Port\u00e9e*<\/strong><br \/>\n<strong>0.05 \u2013 50.00<\/strong><\/p>\n<p><strong>m<\/strong><br \/>\n<strong>Poids approx.*<\/strong><br \/>\n<strong>0,1<\/strong><\/p>\n<p><strong>kg<\/strong><br \/>\n<strong>Temps de mesure typ.<\/strong><br \/>\n<strong>&lt; 0,5 s<\/strong><\/p>\n<p><strong>Unit\u00e9s de mesure<\/strong><br \/>\n<strong>m\/cm, ft\/inch<\/strong><\/p>\n<p><strong>Classe laser<\/strong><br \/>\n<strong>2<\/strong><\/p>\n<p><strong>Pr\u00e9cision de mesure, typ.<\/strong><br \/>\n<strong>\u00b1 1,5 mm (plus l\u2019\u00e9cart li\u00e9 au type d\u2019utilisation)<\/strong><\/p>\n<p><strong>Plage de mesure d\u2019inclinaison<\/strong><br \/>\n<strong>0 &#8211; 360\u00b0 (4 x 90\u00b0)<\/strong><\/p>\n<p><strong>Pr\u00e9cision mesure d\u2019inclinaison<\/strong><br \/>\n<strong>\u00b1 0,2\u00b0<\/strong><\/p>\n<p><strong>Temps de mesure, maxi.<\/strong><br \/>\n<strong>4<\/strong><\/p>\n<p><strong>s<\/strong><br \/>\n<strong>Alimentation<\/strong><br \/>\n<strong>2 piles 1,5 V LR03 (AAA)<\/strong><\/p>\n<p><strong>D\u00e9sactivation automatique<\/strong><br \/>\n<strong>5<\/strong><\/p>\n<p><strong>min.<\/strong><br \/>\n<strong>Capacit\u00e9 m\u00e9moire (valeurs)<\/strong><br \/>\n<strong>30<\/strong><\/p>\n<p><strong>\u00c9tanch\u00e9it\u00e9 \u00e0 l\u2019eau et \u00e0 la poussi\u00e8re<\/strong><br \/>\n<strong>IP 54<\/strong><\/p>\n<p><strong>Filetage de tr\u00e9pied<\/strong><br \/>\n<strong>1\/4&Prime;<\/strong><\/p>\n<p><strong>Transfert de donn\u00e9es<\/strong><br \/>\n<strong>Bluetooth&#x2122; Smart, Bluetooth&#x2122; Classic<\/strong><\/p>\n<p><strong>Appareils Android support\u00e9s<\/strong><br \/>\n<strong>Smartphones \u00e0 partir de Android 6.0.x<\/strong><\/p>\n<p><strong>Appareils iOS support\u00e9s<\/strong><br \/>\n<strong>iPhone avec iOS 11 ou plus r\u00e9cent<\/strong><\/p>\n","protected":false},"featured_media":2283,"template":"","meta":[],"brands":[{"id":19,"name":"BOSCH","slug":"bosch"}],"_links":{"self":[{"href":"http:\/\/www.le-professionnel.com\/index.php?rest_route=\/wp\/v2\/product\/2282"}],"collection":[{"href":"http:\/\/www.le-professionnel.com\/index.php?rest_route=\/wp\/v2\/product"}],"about":[{"href":"http:\/\/www.le-professionnel.com\/index.php?rest_route=\/wp\/v2\/types\/product"}],"version-history":[{"count":1,"href":"http:\/\/www.le-professionnel.com\/index.php?rest_route=\/wp\/v2\/product\/2282\/revisions"}],"predecessor-version":[{"id":2284,"href":"http:\/\/www.le-professionnel.com\/index.php?rest_route=\/wp\/v2\/product\/2282\/revisions\/2284"}],"wp:featuredmedia":[{"embeddable":true,"href":"http:\/\/www.le-professionnel.com\/index.php?rest_route=\/wp\/v2\/media\/2283"}],"wp:attachment":[{"href":"http:\/\/www.le-professionnel.com\/index.php?rest_route=%2Fwp%2Fv2%2Fmedia&parent=2282"}],"curies":[{"name":"wp","href":"https:\/\/api.w.org\/{rel}","templated":true}]}}