{"id":2269,"date":"2021-01-05T11:26:09","date_gmt":"2021-01-05T11:26:09","guid":{"rendered":"http:\/\/www.le-professionnel.com\/?post_type=product&#038;p=2269"},"modified":"2021-01-05T12:35:24","modified_gmt":"2021-01-05T12:35:24","slug":"telemetre-laser","status":"publish","type":"product","link":"http:\/\/www.le-professionnel.com\/?product=telemetre-laser","title":{"rendered":"T\u00e9l\u00e9m\u00e8tre laser GLM 250 VF"},"content":{"rendered":"<h3 class=\"headline hl4\">Le t\u00e9l\u00e9m\u00e8tre laser avec la plus grande port\u00e9e<\/h3>\n<ul class=\"m-product_hightlights__list\">\n<li>Id\u00e9al pour l\u2019ext\u00e9rieur\u00a0: viseur t\u00e9lescopique int\u00e9gr\u00e9 pour une visibilit\u00e9 optimum du point laser jusqu\u2019\u00e0 une distance de 250\u00a0m<\/li>\n<li>Performance de mesure et pr\u00e9cision maximales m\u00eame dans des conditions de luminosit\u00e9 d\u00e9favorables gr\u00e2ce \u00e0 la grande lentille en verre et au ch\u00e2ssis optique en c\u00e9ramique<\/li>\n<li>Nombreuses fonctions de mesure faciles \u00e0 utiliser pour le calcul rapide et pr\u00e9cis de longueurs, surfaces et volumes<\/li>\n<\/ul>\n","protected":false},"excerpt":{"rendered":"<p>&nbsp;<\/p>\n<table class=\"table\">\n<colgroup>\n<col class=\"col-xs-5\" \/>\n<col class=\"col-xs-3\" \/><\/colgroup>\n<thead>\n<tr>\n<th class=\"headline hl4\" colspan=\"2\">Donn\u00e9es suppl\u00e9mentaires<\/th>\n<\/tr>\n<\/thead>\n<tbody>\n<tr>\n<td><b>Diode laser*<\/b><\/td>\n<td><b>635 nm, &lt; 1 mW<\/b><\/td>\n<\/tr>\n<tr>\n<td><b>Port\u00e9e*<\/b><\/td>\n<td><b>0.05 \u2013 250.00<\/b>\u00a0<b>m<\/b><\/td>\n<\/tr>\n<tr>\n<td><b>Poids approx.*<\/b><\/td>\n<td><b>0,24<\/b>\u00a0<b>kg<\/b><\/td>\n<\/tr>\n<tr>\n<td>Temps de mesure typ.<\/td>\n<td>&lt; 0,5 s<\/td>\n<\/tr>\n<tr>\n<td>Classe laser<\/td>\n<td>2<\/td>\n<\/tr>\n<tr>\n<td>Pr\u00e9cision de mesure, typ.<\/td>\n<td>\u00b1 1,0 mm (plus l\u2019\u00e9cart li\u00e9 au type d\u2019utilisation)<\/td>\n<\/tr>\n<tr>\n<td>Temps de mesure, maxi.<\/td>\n<td>4\u00a0s<\/td>\n<\/tr>\n<tr>\n<td>Alimentation<\/td>\n<td>4 piles 1,5 V LR03 (AAA)<\/td>\n<\/tr>\n<tr>\n<td>D\u00e9sactivation automatique<\/td>\n<td>5\u00a0min.<\/td>\n<\/tr>\n<tr>\n<td>Unit\u00e9s de mesure<\/td>\n<td>m\/cm\/mm<\/td>\n<\/tr>\n<tr>\n<td>Capacit\u00e9 m\u00e9moire (valeurs)<\/td>\n<td>30<\/td>\n<\/tr>\n<tr>\n<td>\u00c9tanch\u00e9it\u00e9 \u00e0 l\u2019eau et \u00e0 la poussi\u00e8re<\/td>\n<td>IP 54<\/td>\n<\/tr>\n<tr>\n<td>Filetage de tr\u00e9pied<\/td>\n<td>1\/4&Prime;<\/td>\n<\/tr>\n<tr>\n<td>Viseur<\/td>\n<td>int\u00e9gr\u00e9e<\/td>\n<\/tr>\n<\/tbody>\n<\/table>\n","protected":false},"featured_media":2270,"template":"","meta":[],"brands":[{"id":19,"name":"BOSCH","slug":"bosch"}],"_links":{"self":[{"href":"http:\/\/www.le-professionnel.com\/index.php?rest_route=\/wp\/v2\/product\/2269"}],"collection":[{"href":"http:\/\/www.le-professionnel.com\/index.php?rest_route=\/wp\/v2\/product"}],"about":[{"href":"http:\/\/www.le-professionnel.com\/index.php?rest_route=\/wp\/v2\/types\/product"}],"version-history":[{"count":3,"href":"http:\/\/www.le-professionnel.com\/index.php?rest_route=\/wp\/v2\/product\/2269\/revisions"}],"predecessor-version":[{"id":2274,"href":"http:\/\/www.le-professionnel.com\/index.php?rest_route=\/wp\/v2\/product\/2269\/revisions\/2274"}],"wp:featuredmedia":[{"embeddable":true,"href":"http:\/\/www.le-professionnel.com\/index.php?rest_route=\/wp\/v2\/media\/2270"}],"wp:attachment":[{"href":"http:\/\/www.le-professionnel.com\/index.php?rest_route=%2Fwp%2Fv2%2Fmedia&parent=2269"}],"curies":[{"name":"wp","href":"https:\/\/api.w.org\/{rel}","templated":true}]}}