{"id":2011,"date":"2020-12-15T14:58:49","date_gmt":"2020-12-15T14:58:49","guid":{"rendered":"http:\/\/www.le-professionnel.com\/?post_type=product&#038;p=2011"},"modified":"2020-12-15T14:58:52","modified_gmt":"2020-12-15T14:58:52","slug":"force-10318r-607-servante-datelier-jumbo-607-outils","status":"publish","type":"product","link":"http:\/\/www.le-professionnel.com\/?product=force-10318r-607-servante-datelier-jumbo-607-outils","title":{"rendered":"Force 10318R-607 Servante d&rsquo;atelier Jumbo 607 outils"},"content":{"rendered":"<p><strong>Caract\u00e9ristiques:<\/strong><\/p>\n<ul>\n<li>8 Tiroirs sur roulement \u00e0 billes avec syst\u00e8me anti basculement<\/li>\n<li>Ouverture des tiroirs \u00e0 100%<\/li>\n<li>4 Roues en caoutchouc, 2 fixes et 2 rotatives avec frein<\/li>\n<li>Plan de travail en polypropyl\u00e8ne<\/li>\n<li>Verroullage \u00e0 cl\u00e9 centralis\u00e9<\/li>\n<li>2 Porte flacons lat\u00e9rals<\/li>\n<li>Disponible: rouge, noir\u00a0et bleu<\/li>\n<li>Dim. L950 x B500 x H1030 mm<\/li>\n<\/ul>\n<p>&nbsp;<\/p>\n<p><img loading=\"lazy\" class=\"\" src=\"https:\/\/www.forcetools-kepmar.eu\/WebRoot\/StoreNL\/Shops\/457210838\/MediaGallery\/Lades\/607.jpg\" alt=\"607\" width=\"490\" height=\"590\" \/><\/p>\n<p>&nbsp;<\/p>\n<p><b>Tiroir 1:<\/b><\/p>\n<ul>\n<li>1\/4&Prime; Douilles 6-pans: 4-4.5-5-5.5-6-7-8-9-10-11-12-13 mm<\/li>\n<li>1\/4&Prime; Douilles longue 6-pans: 4-4.5-5-5.5-6-7-8-9-10-11-12-13 mm<\/li>\n<li>1\/4&Prime; Douilles tournevis Philips: PH.0-PH.1-PH.2-PH.3<\/li>\n<li>1\/4&Prime; Douilles tournevis Pozidriv: PZ.0-PZ.1-PZ.2-PZ.3<\/li>\n<li>1\/4&Prime; Douilles tournevis Fente: 3-4-5.5-6-6.5 mm<\/li>\n<li>1\/4&Prime; Douilles tournevis Hex: 3-4-5-6-7-8-9-10 mm<\/li>\n<li>1\/4&Prime; Douilles tournevis Torx: T8-T9-T10-T15-T20-T25-T27-T30-T40<\/li>\n<li>1\/4&Prime; Douilles tournevis Torx perc\u00e9: T8H-T9H-T10H-T15H-T20H-T25H-T27H-T30H-T40H<\/li>\n<li>1\/4&Prime; Douilles tournevis Torx TS 5-pans perc\u00e9: TS10-TS15-TS20-TS25-TS27-TS30-TS40<\/li>\n<li>1\/4&Prime; Porte-embout magn\u00e9tique<\/li>\n<li>1\/4&Prime; Embouts Torq: 2-4-6-8-10 mm<\/li>\n<li>1\/4&Prime; Embouts Tri-Wing: 1-2-3-4<\/li>\n<li>1\/4&Prime; Embouts Fourche: 4-6-8-10-12-14 mm<\/li>\n<li>1\/4&Prime; Embouts Carr\u00e9: No.0 &#8211; No.1 &#8211; No.2 &#8211; No.3<\/li>\n<li>1\/4&Prime; Embouts de s\u00e9curit\u00e9 hexagones: 2-2.5-3-4-5-6 mm<\/li>\n<li>1\/4&Prime; Embouts de s\u00e9curit\u00e9 hexagones: 5\/64&Prime; &#8211; 3\/32&Prime; &#8211; 7\/64&Prime; &#8211; 1\/8&Prime; &#8211; 9\/64&Prime; &#8211; 5\/32&Prime;<\/li>\n<li>1\/4&Prime; Cliquet r\u00e9versible \u00ab\u00a0Quick-Release\u00a0\u00bb 24 dents<\/li>\n<li>1\/4&Prime; Poign\u00e9e articul\u00e9e 140 mm<\/li>\n<li>1\/4&Prime; Poign\u00e9e en T 115 mm<\/li>\n<li>1\/4&Prime; Rallonges 50-150 mm<\/li>\n<li>1\/4&Prime; Rallonge flexible 145 mm<\/li>\n<li>1\/4&Prime; Cardan universel<\/li>\n<li>1\/4&Prime; Tournevis porte-douille carr\u00e9<\/li>\n<li>Adaptateur d&#8217;embouts 1\/4&Prime; Hex x 1\/4&Prime; Carr\u00e9<\/li>\n<li>Porte embouts 1\/4&Prime; (F) x 1\/4&Prime; (F)<\/li>\n<li>Douille adaptateur 1\/4&Prime; (F) &#8211; 3\/8&Prime; (M)<\/li>\n<li>3\/8&Prime; Douilles 6-pans: 8-9-10-11-12-13-14-15-16-17-18-19-20-21-22 mm<\/li>\n<li>3\/8&Prime; Douilles Torx: E4-E5-E6-E7-E8-E10-E11-E12-E14-E16-E18<\/li>\n<li>3\/8&Prime; Douilles Torx longue: E4-E5-E6-E7-E8-E10-E11-E12-E14-E16-E18<\/li>\n<li>3\/8&Prime; Douilles pour bougie: 14-16-18-20.6 mm<\/li>\n<li>3\/8&Prime; Douilles tournevis Philips: PH.3-PH.4<\/li>\n<li>3\/8&Prime; Douilles tournevis Pozidriv: PZ.3-PZ.4<\/li>\n<li>3\/8&Prime; Douilles tournevis Fente: 5-5.5-6-6.5-7-8 mm<\/li>\n<li>3\/8&Prime; Douilles tournevis Torx TS 5-pans perc\u00e9: TS45-TS50<\/li>\n<li>3\/8&Prime; Cliquet r\u00e9versible \u00ab\u00a0Quick-Release\u00a0\u00bb 24 dents<\/li>\n<li>3\/8&Prime; Poign\u00e9e articul\u00e9e 215 mm<\/li>\n<li>3\/8&Prime; Poign\u00e9e en T 165 mm<\/li>\n<li>3\/8&Prime; Rallonges 75-150 mm<\/li>\n<li>3\/8&Prime; Cardan universel<\/li>\n<li>Douille adaptateur 3\/8&Prime; (F) x 1\/4&Prime; (M)<\/li>\n<li>Douille adaptateur 1\/2&Prime; (F) x 3\/8&Prime; (M)<\/li>\n<li>Tournevis Philips avec zone de frappe: PH.1-PH.2-PH.3<\/li>\n<li>Tournevis Fente avec zone de frappe: 5.5-6.5-8-10-12 mm<\/li>\n<li>Jeu de cl\u00e9s m\u00e2les coud\u00e9es XL Hex t\u00eate sph\u00e9rique: 1.5-2-2.5-3-4-5-6-7-8-10-12 mm<\/li>\n<li>Jeu de cl\u00e9s m\u00e2les coud\u00e9es XL Torx: T10-T15-T20-T25-T27-T30-T40-T45-T50<\/li>\n<\/ul>\n<p>&nbsp;<\/p>\n<p><b>Tiroir 2:<\/b><\/p>\n<ul>\n<li>1\/2&Prime; Douilles 6-pans: 10-11-12-13-14-15-16-17-18-19-20-21-22-23-24-25-26-27-28-30-32 mm<\/li>\n<li>1\/2&Prime; Douilles longue 6-pans: 10-11-12-13-14-15-16-17-18-19-20-21-22-23-24-25-26-27-28-30-32 mm<\/li>\n<li>1\/2&Prime; Douilles Torx: E8-E10-E11-E12-E14-E16-E18-E20-E22-E24<\/li>\n<li>1\/2&Prime; Douilles tournevis Hex: 5-6-7-8-9-10-12-14-17-19 mm<\/li>\n<li>1\/2&Prime; Douilles tournevis Torx: T27-T30-T40-T45-T50-T55-T60-T70<\/li>\n<li>1\/2&Prime; Douilles tournevis Torx perc\u00e9: T27H-T30H-T40H-T45H-T50H-T55H-T60H-T70H<\/li>\n<li>1\/2&Prime; Douilles tournevis XZN (denture multiple): M5-M6-M7-M8-M9-M10-M12-M14-M16-M18 (100mmL)<\/li>\n<li>1\/2&Prime; Douille tournevis XZN perc\u00e9: M16 (100mmL)<\/li>\n<li>1\/2&Prime; Douille tournevis Ribe: M5-M6-M7-M8-M9-M10-M12-M13-M14 (100mmL)<\/li>\n<li>1\/2&Prime; Cliquet r\u00e9versible \u00ab\u00a0Quick-Release\u00a0\u00bb 24 dents<\/li>\n<li>1\/2&Prime; Poign\u00e9e articul\u00e9e 380 mm<\/li>\n<li>1\/2&Prime; Poign\u00e9e en T 250 mm<\/li>\n<li>1\/2&Prime; Rallonges 125-250 mm<\/li>\n<li>1\/2&Prime; Cardan universel<\/li>\n<li>Douille adaptateur 3\/8&Prime; (F) x 1\/2&Prime; (M)<\/li>\n<li>Douille adaptateur 3\/4&Prime; (F) x 1\/2&Prime; (M)<\/li>\n<\/ul>\n<p>&nbsp;<\/p>\n<p><strong>Tiroir 3:<\/strong><\/p>\n<ul>\n<li>Pince \u00e0 long bec 200 mm<\/li>\n<li>Pince \u00e0 long bec coud\u00e9 200 mm<\/li>\n<li>Pince universelle 175 mm<\/li>\n<li>Pince coupante 175 mm<\/li>\n<li>Pince multiprise 250 mm<\/li>\n<li>Pince grip 250 mm<\/li>\n<li>Couteau cutter<\/li>\n<li>M\u00e8tre \u00e0 ruban 5m<\/li>\n<li>Grattoir pour joint<\/li>\n<li>Lime plate<\/li>\n<li>Lime demi-ronde<\/li>\n<li>Lime ronde<\/li>\n<li>Lime carr\u00e9e<\/li>\n<li>Lime triangulaire<\/li>\n<li>Marteau massette t\u00eate plate 1250 gr.<\/li>\n<li>Marteau de m\u00e9canicien 500 gr.<\/li>\n<li>Pointeau ergonomique<\/li>\n<li>Burin pointu ergonomique<\/li>\n<li>Burins \u00e0 profil constant ergonomique: 150-200-220 mm<\/li>\n<li>Chasse-goupilles ergonomique: 2-3-4-5-6-8-10 mm<\/li>\n<\/ul>\n<p>&nbsp;<\/p>\n<p><b>Tiroir 4:<\/b><\/p>\n<ul>\n<li>3\/4&Prime; Douilles 12-pans: 17-19-21-22-23-24-27-30-32-33-34-35-36-38-41-46-50 mm<\/li>\n<li>3\/4&Prime; Douilles tournevis Hex: 14-16-17-19-22 mm<\/li>\n<li>3\/4&Prime; Douilles tournevis Torx: T60-T70-T80-T90-T100<\/li>\n<li>3\/4&Prime; Cliquet r\u00e9versible \u00ab\u00a0Quick-Release\u00a0\u00bb 24 dents 500 mm<\/li>\n<li>3\/4&Prime; Poign\u00e9e en T 500 mm<\/li>\n<li>3\/4&Prime; Rallonges 200-400 mm<\/li>\n<li>Douille adaptateur 1\/2&Prime; (F) x 3\/4&Prime; (M)<\/li>\n<li>Douille adaptateur 1&Prime; (F) x 3\/4&Prime; (M)<\/li>\n<\/ul>\n<p>&nbsp;<\/p>\n<p><b>Tiroir 5:<\/b><\/p>\n<ul>\n<li>1\/2&Prime; Douilles \u00e0 choc 6-pans: 8-9-10-11-12-13-14-15-16-17-18-19-20-21-22-23-24-25-26-27-28-29-30-32 mm<\/li>\n<li>1\/2&Prime; Douilles longues \u00e0 choc 6-pans: 8-9-10-11-12-13-14-15-16-17-18-19-20-21-22-23-24-25-26-27-28-29-30-32 mm<\/li>\n<li>1\/2&Prime; Douilles \u00e0 choc longues pour jantes alu: 17-19-21-22-24 mm<\/li>\n<li>1\/2&Prime; Douilles \u00e0 choc Torx: E6-E7-E8-E10-E11-E12-E14-E16-E18-E20-E22-E24<\/li>\n<li>1\/2&Prime; Douilles \u00e0 choc tournevis Hex: 4-5-6-7-8-10-12-14-16-17-19-21-22-24 mm<\/li>\n<li>1\/2&Prime; Douilles \u00e0 choc tournevis Torx: T20-T25-T27-T30-T40-T45-T50-T55-T60-T70<\/li>\n<li>1\/2&Prime; Douilles \u00e0 choc tournevis XZN (denture multiple): M8-M10-M12-M14-M16-M18<\/li>\n<li>1\/2&Prime; Rallonges \u00e0 choc 125-250 mm<\/li>\n<li>1\/2&Prime; Cardan \u00e0 choc<\/li>\n<li>Adaptateur \u00e0 choc 3\/8&Prime; (F) x 1\/2&Prime; (M)<\/li>\n<li>Adaptateur \u00e0 choc 3\/4&Prime; (F) x 1\/2&Prime; (M)<\/li>\n<\/ul>\n<p>&nbsp;<\/p>\n<p><b>Tiroir 6:<\/b><\/p>\n<ul>\n<li>3\/4&Prime; Douilles \u00e0 choc 6-pans: 17-19-21-22-23-24-27-28-30-32-33-34-35-36-38-41-46 mm<\/li>\n<li>3\/4&Prime; Douilles longues \u00e0 choc 6-pans: 17-19-21-22-23-24-27-28-30-32-33-34-35-36-38-41-46 mm<\/li>\n<li>3\/4&Prime; Douilles longues \u00e0 choc Torx: E18-E20-E22-E24<\/li>\n<li>3\/4&Prime; Rallonges \u00e0 choc 175-250 mm<\/li>\n<li>3\/4&Prime; Cardan \u00e0 choc<\/li>\n<li>Adaptateur \u00e0 choc 1\/2&Prime; (F) x 3\/4&Prime; (M)<\/li>\n<li>Adaptateur \u00e0 choc 1&Prime; (F) x 3\/4&Prime; (M)<\/li>\n<\/ul>\n<p>&nbsp;<\/p>\n<p><b>Tiroir 7:<\/b><\/p>\n<ul>\n<li>Cl\u00e9s \u00e0 tuyauter: 8&#215;10 &#8211; 9&#215;11 &#8211; 12&#215;13 &#8211; 14&#215;15 &#8211; 16&#215;18 &#8211; 17&#215;19 &#8211; 19&#215;22 &#8211; 24&#215;27 &#8211; 30&#215;32 mm<\/li>\n<li>Cl\u00e9s \u00e0 fourches: 6&#215;7 &#8211; 8&#215;9 &#8211; 10&#215;11 &#8211; 12&#215;13 &#8211; 14&#215;15 &#8211; 16&#215;17 &#8211; 18&#215;19 &#8211; 20&#215;22 &#8211; 21&#215;23 &#8211; 24&#215;26 &#8211; 25&#215;28 &#8211; 27&#215;30 &#8211; 32&#215;36 mm<\/li>\n<li>Cl\u00e9s polygonales (t\u00eate 45\u00b0): 8&#215;9 &#8211; 10&#215;11 &#8211; 12&#215;13 &#8211; 14&#215;15 &#8211; 16&#215;17 &#8211; 18&#215;19 &#8211; 21&#215;23 &#8211; 22&#215;24 mm<\/li>\n<li>Cl\u00e9s polygonales demi lune: 8&#215;10 &#8211; 11&#215;13 &#8211; 12&#215;14 &#8211; 13&#215;15 &#8211; 17&#215;19 mm<\/li>\n<li>Cl\u00e9s mixtes \u00e0 cliquet r\u00e9versible: 8-9-10-11-12-13-14-15-16-17-18-19-20-21-22-23-24 mm<\/li>\n<\/ul>\n<p>&nbsp;<\/p>\n<p><strong>Tiroir 8:<\/strong><\/p>\n<ul>\n<li>Cl\u00e9s mixtes: 6-7-8-9-10-11-12-13-14-15-16-17-18-19-20-21-22-23-24-25-26-27-28-29-30-32-33-34-36-38 mm<\/li>\n<li>Mini cl\u00e9s mixtes: 8-9-10-11-12-13-14-15-16-17-18-19 mm<\/li>\n<\/ul>\n","protected":false},"excerpt":{"rendered":"<p>Cette servante d&rsquo;atelier Force\u00a0<strong>Jumbo<\/strong>\u00a0est robuste, de qualit\u00e9 professionnelle, id\u00e9ale pour votre garage ou atelier.<br \/>\nEquip\u00e9e de 8 modules de servante en mousse avec 607 outils \u00e0 main. Cette servante d&rsquo;atelier offre une capacit\u00e9 de rangement importante pour vos outils. Avec 8 tiroirs, cette servante d&rsquo;atelier r\u00e9pondra \u00e0 vos besoins de rangement d&rsquo;outils pour une dur\u00e9e de vie extr\u00eamement longue.<br \/>\nL&rsquo;ouverture des tiroirs se fait \u00e0 100%. La fermeture se fait par verrouillage centralis\u00e9 (2 cl\u00e9 incluses.)\u00a0Gr\u00e2ce \u00e0 ses 4 roues en caoutchouc, 2 fixes et 2 rotatives avec freins. La peinture ext\u00e9rieure poudr\u00e9e offre une finition impeccable.<br \/>\nGrand plan de travail en mat\u00e9riel composite,\u00a0r\u00e9sistance aux impacts et aux hydrocarbures. Equip\u00e9 d&rsquo;une poign\u00e9e pour d\u00e9placer facilement.<br \/>\nId\u00e9al pour le transport d&rsquo;outils sur les zones de travaux, les chantiers, les ateliers, les garages.<\/p>\n","protected":false},"featured_media":1871,"template":"","meta":[],"brands":[{"id":29,"name":"FORCE","slug":"force"}],"_links":{"self":[{"href":"http:\/\/www.le-professionnel.com\/index.php?rest_route=\/wp\/v2\/product\/2011"}],"collection":[{"href":"http:\/\/www.le-professionnel.com\/index.php?rest_route=\/wp\/v2\/product"}],"about":[{"href":"http:\/\/www.le-professionnel.com\/index.php?rest_route=\/wp\/v2\/types\/product"}],"version-history":[{"count":1,"href":"http:\/\/www.le-professionnel.com\/index.php?rest_route=\/wp\/v2\/product\/2011\/revisions"}],"predecessor-version":[{"id":2019,"href":"http:\/\/www.le-professionnel.com\/index.php?rest_route=\/wp\/v2\/product\/2011\/revisions\/2019"}],"wp:featuredmedia":[{"embeddable":true,"href":"http:\/\/www.le-professionnel.com\/index.php?rest_route=\/wp\/v2\/media\/1871"}],"wp:attachment":[{"href":"http:\/\/www.le-professionnel.com\/index.php?rest_route=%2Fwp%2Fv2%2Fmedia&parent=2011"}],"curies":[{"name":"wp","href":"https:\/\/api.w.org\/{rel}","templated":true}]}}