{"id":2007,"date":"2020-12-15T11:20:11","date_gmt":"2020-12-15T11:20:11","guid":{"rendered":"http:\/\/www.le-professionnel.com\/?post_type=product&#038;p=2007"},"modified":"2020-12-17T08:25:59","modified_gmt":"2020-12-17T08:25:59","slug":"force-10318r-531-servante-datelier-jumbo-531-outils","status":"publish","type":"product","link":"http:\/\/www.le-professionnel.com\/?product=force-10318r-531-servante-datelier-jumbo-531-outils","title":{"rendered":"Force 10318R-531 Servante d&rsquo;atelier Jumbo 531 outils"},"content":{"rendered":"<p><strong>Caract\u00e9ristiques:<\/strong><\/p>\n<ul>\n<li>8 Tiroirs sur roulement \u00e0 billes avec syst\u00e8me anti basculement<\/li>\n<li>Ouverture des tiroirs \u00e0 100%<\/li>\n<li>4 Roues en caoutchouc, 2 fixes et 2 rotatives avec frein<\/li>\n<li>Plan de travail en polypropyl\u00e8ne<\/li>\n<li>Verroullage \u00e0 cl\u00e9 centralis\u00e9<\/li>\n<li>2 Porte flacons lat\u00e9rals<\/li>\n<li>Disponible: rouge, noir\u00a0et bleu<\/li>\n<li>Dim. L950 x B500 x H1030 mm<\/li>\n<\/ul>\n<p>&nbsp;<\/p>\n<p><img loading=\"lazy\" class=\"\" src=\"https:\/\/www.forcetools-kepmar.eu\/WebRoot\/StoreNL\/Shops\/457210838\/MediaGallery\/Lades\/531.jpg\" alt=\"531\" width=\"490\" height=\"587\" \/><\/p>\n<p>&nbsp;<\/p>\n<p><b>Tiroir 1:<\/b><\/p>\n<ul>\n<li>Tournevis Fente: 3-3.5-4-5.5-6.5-8mm<\/li>\n<li>Tournevis Boule Fente: 5.5-6.5mm<\/li>\n<li>Tournevis Philips: PH.0-PH.1-PH.2-PH.3<\/li>\n<li>Tournevis Boule Philips: PH.1-PH.2<\/li>\n<li>Tournevis Fente XL: 4-5-6-8mm (300mmL)<\/li>\n<li>Tournevis Philips XL: PH.1-PH.2 (300mmL)<\/li>\n<li>Tournevis Torx XL: T10-T15-T20-T25-T27-T30-T40\u00a0(300mmL)<\/li>\n<li>Cl\u00e9s m\u00e2les coud\u00e9es Torx: T10-T15-T20-T25-T27-T30-T40-T45-T50<\/li>\n<li>Aimanteur \/ d\u00e9saimanteur<\/li>\n<\/ul>\n<p>&nbsp;<\/p>\n<p><b>Tiroir 2:<\/b><\/p>\n<ul>\n<li>Cl\u00e9s hexagonales t\u00eate sph\u00e9rique poign\u00e9e en T: 2-2.5-3-4-5-6-7-8-10-12mm<\/li>\n<li>Cl\u00e9s \u00e0 douille 6 pans poign\u00e9e en T: 6-7-8-9-10-11-12-13-14mm<\/li>\n<li>Outils pour clips de tableau de bord et garnitures 5 pcs<\/li>\n<li>Grattoir<\/li>\n<li>Extracteur de clips (large)<\/li>\n<li>Extracteur de clips (\u00e9troit)<\/li>\n<li>Grande crochet<\/li>\n<li>Petit crochet<\/li>\n<\/ul>\n<p>&nbsp;<\/p>\n<p><b>Tiroir 3:<\/b><\/p>\n<ul>\n<li>1\/4&Prime; Douilles 3.2-4-4.5-5-5.5-6-7-8-9-10-11-12-13-14mm<\/li>\n<li>1\/4&Prime; Douilles longue 6-7-8-9-10-11-12-13mm<\/li>\n<li>1\/4&Prime; Douilles Torx E4-E5-E6-E7-E8-E10<\/li>\n<li>1\/4&Prime; Douilles tournevis Fente 3-4-5.5-6.5mm<\/li>\n<li>1\/4&Prime; Douilles tournevis Philips PH.0-PH.1-PH.2-PH.3<\/li>\n<li>1\/4&Prime; Douilles tournevis Pozidriv PZ.0-PZ.1-PZ.2-PZ.3<\/li>\n<li>1\/4&Prime; Douilles tournevis Hex 3-4-5-6-7-8-9-10mm<\/li>\n<li>1\/4&Prime; Douilles tournevis Torx T8-T10-T15-T20-T25-T27-T30-T35-T40<\/li>\n<li>1\/4&Prime; Douilles tournevis Torx perc\u00e9 T8H-T10H-T15H-T20H-T25H-T27H-T30H-T35H-T40H<\/li>\n<li>1\/4&Prime; Cliquet r\u00e9versible 20 dents<\/li>\n<li>1\/4&Prime; Cliquet de poign\u00e9e T 48 dents<\/li>\n<li>1\/4&Prime; Poign\u00e9e T 115mmL<\/li>\n<li>Tournevis porte-douille carr\u00e9 1\/4&Prime;<\/li>\n<li>1\/4&Prime; Rallonges 50-100mmL<\/li>\n<li>1\/4&Prime; Rallonge flexible 145mmL<\/li>\n<li>1\/4&Prime; Cardan universel<\/li>\n<li>1\/4&Prime; Douille magn\u00e9tique<\/li>\n<li>3\/8&Prime; Douilles 6-7-8-9-10-11-12-13-14-15-16-17-18-19-20-21-22-23-24mm<\/li>\n<li>3\/8&Prime; Douilles longue 8-9-10-12-13-14mm<\/li>\n<li>3\/8&Prime; Cliquet r\u00e9versible 30 dents<\/li>\n<li>3\/8&Prime; Cliquet r\u00e9versible t\u00eate flexible 30 dents<\/li>\n<li>3\/8&Prime; Rallonges 44-75-150mmL<\/li>\n<li>3\/8&Prime; Cardan universel<\/li>\n<li>3\/8&Prime; Adaptateur pour rallonge 1\/2&Prime; x 3\/8&Prime;<\/li>\n<li>3\/8&Prime; Douilles pour bougie 14-16-18-20.6mm<\/li>\n<li>3\/8&Prime; Douilles tournevis XZN M5-M6-M8-M9-M10-M12<\/li>\n<li>1\/2&Prime; Douilles 10-11-12-13-14-15-16-17-18-19-21-22-24-27-30-32mm<\/li>\n<li>1\/2&Prime; Douilles longue 14-15-17-19-22-24mm<\/li>\n<li>1\/2&Prime; Douilles Torx E12-E14-E16-E18-E20-E22-E24<\/li>\n<li>1\/2&Prime; Cliquet r\u00e9versible 36 dents<\/li>\n<li>1\/2&Prime; Rallonges 125-250mmL<\/li>\n<li>1\/2&Prime; Cardan universel<\/li>\n<li>1\/2&Prime; Adaptateur pour rallonge 3\/8&Prime; x 1\/2&Prime;<\/li>\n<li>Cl\u00e9s m\u00e2les coud\u00e9es XL Hex t\u00eate sph\u00e9rique 1.27-1.5-2-2.5-3-4-5-6-8-10mm<\/li>\n<\/ul>\n<p>&nbsp;<\/p>\n<p><b>Tiroir 4:<\/b><\/p>\n<ul>\n<li>Burins \u00e0 profil constant 12-15-19-25mm<\/li>\n<li>Chasse-goupilles 2-3-4-5-6mm<\/li>\n<li>Chasse-clous 2.5-4-6mm<\/li>\n<li>Marteau 300 gr.<\/li>\n<li>Marteau caoutchouc 520 gr.<\/li>\n<li>Pince attrape bougie 275mmL<\/li>\n<li>Cl\u00e9 \u00e0 molette 250mmL<\/li>\n<li>Pince circlips int\u00e9rieur \u00e0 bec 90\u00b0 180mmL<\/li>\n<li>Pince circlips ext\u00e9rieur \u00e0 becs 90\u00b0 180mmL<\/li>\n<li>Pince circlips int\u00e9rieur \u00e0 bec droits 180mmL<\/li>\n<li>Pince circlips ext\u00e9rieur \u00e0 becs droits 180mmL<\/li>\n<li>Pince multiprise 250mmL<\/li>\n<li>Pince grip 250mmL<\/li>\n<li>Pince \u00e0 sertir 200mmL<\/li>\n<li>Pince \u00e0 long bec 200mmL<\/li>\n<li>Pince universelle 175mmL<\/li>\n<li>Pince coupante 175mmL<\/li>\n<li>Ciseaux<\/li>\n<li>Cutter<\/li>\n<\/ul>\n<p>&nbsp;<\/p>\n<p><b>Tiroir 5:<\/b><\/p>\n<ul>\n<li>Cl\u00e9s \u00e0 fourches: 6&#215;7-8&#215;9-10&#215;11-12&#215;13-14&#215;15-16&#215;17-18&#215;19-20&#215;22-21&#215;23-24&#215;27-25&#215;28-30x32mm<\/li>\n<li>Cl\u00e9s mixtes: 6-7-8-9-10-11-12-13-14-15-16-17-18-19-20-21-22-23-24-25-26-27-28-29-30-32mm<\/li>\n<li>Cl\u00e9s polygonales (t\u00eate 75\u00b0):\u00a06&#215;7-8&#215;9-10&#215;11-12&#215;13-14&#215;15-16&#215;17-18&#215;19-20&#215;22-21&#215;23-24&#215;27-25&#215;28-30x32mm<\/li>\n<\/ul>\n<p>&nbsp;<\/p>\n<p><b>Tiroir 6:<\/b><\/p>\n<ul>\n<li>Cl\u00e9s polygonales demi lune: 8&#215;10-11&#215;13-12&#215;14-16&#215;18-17&#215;19-22x24mm<\/li>\n<li>Cl\u00e9s \u00e0 tuyauter: 8&#215;10-9&#215;11-12&#215;13-14&#215;15-16&#215;18-17&#215;19-22x24mm<\/li>\n<li>Cl\u00e9s mixtes Mini: 8-9-10-11-12-13-14-15-16-17-18-19mm<\/li>\n<li>Cl\u00e9s polygonales XL: 8&#215;10-12&#215;14-13&#215;15-16&#215;18-17&#215;19-21&#215;23-22x24mm<\/li>\n<\/ul>\n<p>&nbsp;<\/p>\n<p><b>Tiroir 7:<\/b><\/p>\n<ul>\n<li>3\/8&Prime; Douilles tournevis Hex t\u00eate sph\u00e9rique 3-4-5-6-7-8-10mm (62mmL)<\/li>\n<li>3\/8&Prime; Douilles tournevis Hex t\u00eate sph\u00e9rique 3-4mm (100mmL)<\/li>\n<li>3\/8&Prime; Adaptateur 1\/2&Prime; x 3\/8&Prime;<\/li>\n<li>1\/2&Prime; Douilles tournevis Fente 9-10-11-12-14-16mm<\/li>\n<li>1\/2&Prime; Douille tournevis Philips PH.4<\/li>\n<li>1\/2&Prime; Douille tournevis Pozidriv PZ.4<\/li>\n<li>1\/2&Prime; Douilles tournevis Hex 5-6-7-8-9-10-12mm (55mmL)<\/li>\n<li>1\/2&Prime; Douille tournevis Hex 14mm (65mmL)<\/li>\n<li>1\/2&Prime; Douilles tournevis Hex 17-19mm (70mmL)<\/li>\n<li>1\/2&Prime; Douilles tournevis Hex 5-6-7-8-9-10-11-12-13-14mm (100mmL)<\/li>\n<li>1\/2&Prime; Douilles tournevis Hex 17-19mm (110mmL)<\/li>\n<li>1\/2&Prime; Douille tournevis Hex 10mm (140mmL)<\/li>\n<li>1\/2&Prime; Douilles tournevis Hex t\u00eate sph\u00e9rique 5-6-7-8-9-10-12mm (100mmL)<\/li>\n<li>1\/2&Prime; Douilles tournevis Torx T40-T45-T47-T50-T55-T60-T70 (55mmL)<\/li>\n<li>1\/2&Prime; Douille tournevis Torx T80 (70mmL)<\/li>\n<li>1\/2&Prime; Douilles tournevis Torx T20-T25-T27-T30-T40-T45-T50-T55-T60-T70-T80-T90-T100 (100mmL)<\/li>\n<li>1\/2&Prime; Douille tournevis Torx T60 (140mmL)<\/li>\n<li>1\/2&Prime; Douille tournevis Torx perc\u00e9 T55H (100mmL)<\/li>\n<li>1\/2&Prime; Douille tournevis Torx perc\u00e9 T70H (105mmL)<\/li>\n<li>1\/2&Prime; Douille tournevis Torx perc\u00e9 T30H (130mmL)<\/li>\n<li>1\/2&Prime; Douille tournevis Torx perc\u00e9 T80H (140mmL)<\/li>\n<li>1\/2&Prime; Douilles tournevis XZN M5-M6-M8-M9-M10-M12-M14-M16 (55mmL)<\/li>\n<li>1\/2&Prime; Douille tournevis XZN perc\u00e9 M16 (55mmL)<\/li>\n<li>1\/2&Prime; Douilles tournevis XZN M5-M6-M8-M9-M10-M12-M14-M16 (100mmL)<\/li>\n<li>1\/2&Prime; Douille tournevis XZN perc\u00e9 M16 (100mmL)<\/li>\n<li>1\/2&Prime; Douilles tournevis XZN M9-M10-M12-M14 (140mmL)<\/li>\n<li>1\/2&Prime; Douilles tournevis Ribe M5-M6-M7-M8-M9-M10-M12-M13-M14-M16 (100mmL)<\/li>\n<li>1\/2&Prime; Douilles tournevis Ribe M8-M9-M10-M12 (140mmL)<\/li>\n<li>1\/2&Prime; Cl\u00e9 douille pour poulie debrayable d&rsquo;alternateur XZN M10 (110mmL)<\/li>\n<li>1\/2&Prime; Cl\u00e9 douille pour poulie debrayable d&rsquo;alternateur Torx T50 (110mmL)<\/li>\n<\/ul>\n<p>&nbsp;<\/p>\n<p><b>Tiroir 8:<\/b><\/p>\n<ul>\n<li>1\/2&Prime; Douilles \u00e0 choc 8-10-11-12-13-14-15-16-17-18-19-21-22-23-24-27-30-32-36mm<\/li>\n<li>1\/2&Prime; Douilles longues \u00e0 choc 8-10-11-12-13-14-15-16-17-18-19-21-22-23-24-27-30-32-36mm<\/li>\n<li>1\/2&Prime; Douilles longues \u00e0 choc mince 17-19-21mm<\/li>\n<li>1\/2&Prime; Douilles \u00e0 choc longues pour jantes alu 17-19-21mm<\/li>\n<li>1\/2&Prime; Douilles \u00e0 choc tournevis Hex 4-5-6-7-8-10-12-14-17-19mm (60mmL)<\/li>\n<li>1\/2&Prime; Douilles \u00e0 choc tournevis Torx T20-T25-T27-T30-T40-T45-T50-T55-T60-T70 (60mmL)<\/li>\n<li>1\/2&Prime; Douilles \u00e0 choc tournevis XZN M8-M10-M12 (60mmL)<\/li>\n<li>1\/2&Prime; Douilles \u00e0 choc tournevis XZN M12-M14-M16-M18 (78mmL)<\/li>\n<li>1\/2&Prime; Rallonges \u00e0 choc 75-150mmL<\/li>\n<li>1\/2&Prime; Cardan \u00e0 choc<\/li>\n<li>1\/2&Prime; Adaptateur \u00e0 choc 3\/8&Prime; x 1\/2&Prime;<\/li>\n<li>1\/2&Prime; Adaptateur \u00e0 choc 3\/4&Prime; x 1\/2&Prime;<\/li>\n<li>1\/2&Prime; Porte embouts \u00e0 choc 1\/4&Prime;<\/li>\n<li>1\/2&Prime; Porte embouts \u00e0 choc 5\/16&Prime;<\/li>\n<li>1\/2&Prime; Cl\u00e9 dynamometrique 40 ~ 210Nm (535mmL)<\/li>\n<\/ul>\n","protected":false},"excerpt":{"rendered":"<p>Cette servante d&rsquo;atelier Force\u00a0<strong>Jumbo<\/strong>\u00a0est robuste, de qualit\u00e9 professionnelle, id\u00e9ale pour votre garage ou atelier.<br \/>\nEquip\u00e9e de 8 modules de servante en mousse avec 531 outils \u00e0 main. Cette servante d&rsquo;atelier offre une capacit\u00e9 de rangement importante pour vos outils. Avec 8 tiroirs, cette servante d&rsquo;atelier r\u00e9pondra \u00e0 vos besoins de rangement d&rsquo;outils pour une dur\u00e9e de vie extr\u00eamement longue.<br \/>\nL&rsquo;ouverture des tiroirs se fait \u00e0 100%. La fermeture se fait par verrouillage centralis\u00e9 (2 cl\u00e9 incluses.)\u00a0Gr\u00e2ce \u00e0 ses 4 roues en caoutchouc, 2 fixes et 2 rotatives avec freins. La peinture ext\u00e9rieure poudr\u00e9e offre une finition impeccable.<br \/>\nGrand plan de travail en mat\u00e9riel composite,\u00a0r\u00e9sistance aux impacts et aux hydrocarbures. Equip\u00e9 d&rsquo;une poign\u00e9e pour d\u00e9placer facilement.<br \/>\nId\u00e9al pour le transport d&rsquo;outils sur les zones de travaux, les chantiers, les ateliers, les garages.<\/p>\n","protected":false},"featured_media":1997,"template":"","meta":[],"brands":[{"id":29,"name":"FORCE","slug":"force"}],"_links":{"self":[{"href":"http:\/\/www.le-professionnel.com\/index.php?rest_route=\/wp\/v2\/product\/2007"}],"collection":[{"href":"http:\/\/www.le-professionnel.com\/index.php?rest_route=\/wp\/v2\/product"}],"about":[{"href":"http:\/\/www.le-professionnel.com\/index.php?rest_route=\/wp\/v2\/types\/product"}],"version-history":[{"count":1,"href":"http:\/\/www.le-professionnel.com\/index.php?rest_route=\/wp\/v2\/product\/2007\/revisions"}],"predecessor-version":[{"id":2010,"href":"http:\/\/www.le-professionnel.com\/index.php?rest_route=\/wp\/v2\/product\/2007\/revisions\/2010"}],"wp:featuredmedia":[{"embeddable":true,"href":"http:\/\/www.le-professionnel.com\/index.php?rest_route=\/wp\/v2\/media\/1997"}],"wp:attachment":[{"href":"http:\/\/www.le-professionnel.com\/index.php?rest_route=%2Fwp%2Fv2%2Fmedia&parent=2007"}],"curies":[{"name":"wp","href":"https:\/\/api.w.org\/{rel}","templated":true}]}}