{"id":1999,"date":"2020-12-15T11:11:49","date_gmt":"2020-12-15T11:11:49","guid":{"rendered":"http:\/\/www.le-professionnel.com\/?post_type=product&#038;p=1999"},"modified":"2020-12-15T11:11:58","modified_gmt":"2020-12-15T11:11:58","slug":"force-10318r-437-servante-datelier-jumbo-437-outils","status":"publish","type":"product","link":"http:\/\/www.le-professionnel.com\/?product=force-10318r-437-servante-datelier-jumbo-437-outils","title":{"rendered":"Force 10318R-437 Servante d&rsquo;atelier Jumbo 437 outils"},"content":{"rendered":"<p><strong>Caract\u00e9ristiques:<\/strong><\/p>\n<ul>\n<li>8 Tiroirs sur roulement \u00e0 billes avec syst\u00e8me anti basculement<\/li>\n<li>Ouverture des tiroirs \u00e0 100%<\/li>\n<li>4 Roues en caoutchouc, 2 fixes et 2 rotatives avec frein<\/li>\n<li>Plan de travail en polypropyl\u00e8ne<\/li>\n<li>Verroullage \u00e0 cl\u00e9 centralis\u00e9<\/li>\n<li>2 Porte flacons lat\u00e9rals<\/li>\n<li>Disponible: rouge, noir\u00a0et bleu<\/li>\n<li>Dim. L950 x B500 x H1030 mm<\/li>\n<\/ul>\n<p>&nbsp;<\/p>\n<p><b>Tiroir 1:<\/b><\/p>\n<ul>\n<li>1\/4&Prime; Douilles 6-pans: 4-4.5-5-5.5-6-7-8-9-10-11-12-13 mm<\/li>\n<li>1\/4&Prime; Douilles longue 6-pans: 4-4.5-5-5.5-6-7-8-9-10-11-12-13 mm<\/li>\n<li>1\/4&Prime; Douilles Torx: E4-E5-E6-E7-E8-E10<\/li>\n<li>1\/4&Prime; Douilles Torx longue: E4-E5-E6-E7-E8-E10<\/li>\n<li>1\/4&Prime; Douilles tournevis Hex: 3-4-5-6-7-8-10 mm<\/li>\n<li>1\/4&Prime; Douilles tournevis Philips: PH.0-PH.1-PH.2<\/li>\n<li>1\/4&Prime; Douilles tournevis Pozidriv: PZ.0-PZ.1-PZ.2<\/li>\n<li>1\/4&Prime; Douilles tournevis Fente: 4-5.5-7 mm<\/li>\n<li>1\/4&Prime; Douilles tournevis Torx: T8-T10-T15-T20-T25-T27-T30-T40<\/li>\n<li>1\/4&Prime; Douilles tournevis Torx perc\u00e9: T8H-T10H-T15H-T20H-T25H-T27H-T30H-T40H<\/li>\n<li>1\/4&Prime; Rallonges: 50-100-150 mm<\/li>\n<li>1\/4&Prime; Cardan universel<\/li>\n<li>1\/4&Prime; Douille magn\u00e9tique<\/li>\n<li>1\/4&Prime; Cliquet r\u00e9versible Mini T 48 dents<\/li>\n<li>1\/4&Prime; Cliquet r\u00e9versible 20 dents<\/li>\n<li>1\/4&Prime; Cliquet r\u00e9versible t\u00eate flexible 72 dents<\/li>\n<li>1\/4&Prime; Cliquet r\u00e9versible Mini 20 dents<\/li>\n<li>1\/4&Prime; Cl\u00e9 dynamometrique 5 ~ 25Nm<\/li>\n<li>Tournevis Fente: 3-3.5-4-5.5-6.5-8 mm<\/li>\n<li>Tournevis Boule Fente: 5.5-6.5 mm<\/li>\n<li>Tournevis Philips: PH.0-PH.1-PH.2-PH.3<\/li>\n<li>Tournevis Boule Philips: PH.1-PH.2<\/li>\n<li>Tournevis Torx: T5-T6-T7-T8-T9-T10-T15-T20-T25-T27-T30-T40-T45<\/li>\n<\/ul>\n<p><img loading=\"lazy\" class=\"\" src=\"https:\/\/www.forcetools-kepmar.eu\/WebRoot\/StoreNL\/Shops\/457210838\/MediaGallery\/Lades\/437_lade_1n.jpg\" alt=\"437_lade_1n\" width=\"490\" height=\"280\" \/><\/p>\n<p>&nbsp;<\/p>\n<p><b>Tiroir 2:<\/b><\/p>\n<ul>\n<li>Module vide, permet un rangement ordonn\u00e9 pour visseries, cosses, rivets et joints<\/li>\n<li>Module vide, permet un rangement ordonn\u00e9 pour visseries, cosses, rivets et joints<\/li>\n<li>3\/8&Prime; Douilles 6-pans: 6-7-8-9-10-11-12-13-14-15-16-17-18-19-20-21-22-24 mm<\/li>\n<li>3\/8&Prime; Douilles longue 6-pans: 6-7-8-9-10-11-12-13-14-15-16-17-18-19-20-21-22 mm<\/li>\n<li>3\/8&Prime; Douilles Torx: E4-E5-E6-E7-E8-E10-E11-E12-E14-E16<\/li>\n<li>3\/8&Prime; Douilles Torx longue: E4-E5-E6-E7-E8-E10-E11-E12-E14-E16<\/li>\n<li>3\/8&Prime; Douilles tournevis Hex: 3-4-5-6-7-8-9-10-12 mm<\/li>\n<li>3\/8&Prime; Douilles tournevis Torx: T8-T10-T15-T20-T25-T27-T30-T40-T45-T50-T55-T60<\/li>\n<li>3\/8&Prime; Douilles tournevis Torx perc\u00e9: T8H-T10H-T15H-T20H-T25H-T27H-T30H-T40H-T45H-T50H-T55H-T60H<\/li>\n<li>3\/8&Prime; Douilles tournevis XZN (denture multiple): M5-M6-M8-M9-M10-M12<\/li>\n<li>3\/8&Prime; Cliquet r\u00e9versible 24 dents<\/li>\n<li>3\/8&Prime; Cliquet r\u00e9versible Mini 30 dents<\/li>\n<li>3\/8&Prime; Cliquet r\u00e9versible t\u00eate flexible 72 dents<\/li>\n<li>3\/8&Prime; Cl\u00e9 dynamometrique 19 ~ 110Nm<\/li>\n<li>3\/8&Prime; Douilles pour bougies 16-18-20.6 mm<\/li>\n<li>3\/8&Prime; Rallonges: 44-75-150-250 mm<\/li>\n<li>3\/8&Prime; Poign\u00e9e articul\u00e9e 215 mm<\/li>\n<li>3\/8&Prime; Cardan universel<\/li>\n<li>Adapteur pour rallonge 3\/8&Prime; x 3\/8&Prime;<\/li>\n<\/ul>\n<p><img loading=\"lazy\" class=\"\" src=\"https:\/\/www.forcetools-kepmar.eu\/WebRoot\/StoreNL\/Shops\/457210838\/MediaGallery\/Lades\/437_lade_2.jpg\" alt=\"437_lade_2\" width=\"488\" height=\"284\" \/><\/p>\n<p>&nbsp;<\/p>\n<p><b>Tiroir 3:<\/b><\/p>\n<ul>\n<li>1\/2&Prime; Douilles 6-pans: 8-9-10-11-12-13-14-15-16-17-18-19-20-21-22-23-24-26-27-28-30-32 mm<\/li>\n<li>1\/2&Prime; Douilles longue 6-pans: 8-9-10-11-12-13-14-15-16-17-18-19-20-21-22-23-24-26-27-28-30-32 mm<\/li>\n<li>1\/2&Prime; Douilles \u00e0 choc longue 6-pans: 12-14-17-19-21-22-23-24-27-30-32 mm<\/li>\n<li>1\/2&Prime; Douilles Torx: E10-E11-E12-E14-E16-E18-E20-E24<\/li>\n<li>1\/2&Prime; Douilles Torx longue: E10-E11-E12-E14-E16-E18-E20-E24<\/li>\n<li>1\/2&Prime; Douilles tournevis Hex: 5-6-7-8-10 mm (140mm)<\/li>\n<li>1\/2&Prime; Douilles tournevis Torx: T50-T55-T60-T70<\/li>\n<li>1\/2&Prime; Douilles tournevis Torx: T45-T55-T70 (140mm)<\/li>\n<li>1\/2&Prime; Douilles tournevis Torx perc\u00e9: T50H-T55H-T60H-T70H<\/li>\n<li>1\/2&Prime; Douilles tournevis XZN (denture multiple): M5-M6-M8-M9-M10-M12-M14-M16<\/li>\n<li>1\/2&Prime; Douilles tournevis XZN (denture multiple): M8-M10-M12 (140mm)<\/li>\n<li>1\/2&Prime; Cliquet r\u00e9versible 36 dents<\/li>\n<li>1\/2&Prime; Poign\u00e9e articul\u00e9e 380mm<\/li>\n<li>1\/2&Prime; Poign\u00e9e T 250mm<\/li>\n<li>1\/2&Prime; Rallonge 125mm<\/li>\n<li>1\/2&Prime; Rallonge 250mm<\/li>\n<li>1\/2&Prime; Cardan universel<\/li>\n<\/ul>\n<p><img loading=\"lazy\" class=\"\" src=\"https:\/\/www.forcetools-kepmar.eu\/WebRoot\/StoreNL\/Shops\/457210838\/MediaGallery\/Lades\/437_lade_3.jpg\" alt=\"437_lade_3\" width=\"489\" height=\"281\" \/><\/p>\n<p>&nbsp;<\/p>\n<p><b>Tiroir 4:<\/b><\/p>\n<ul>\n<li>Cl\u00e9s \u00e0 douilles articul\u00e9es: 6&#215;7 &#8211; 8&#215;9 &#8211; 10&#215;11 &#8211; 12&#215;13 &#8211; 14&#215;15 &#8211; 16&#215;17 &#8211; 18&#215;19 &#8211; 20&#215;22 &#8211; 21&#215;23 &#8211; 24&#215;27 mm<\/li>\n<li>Cl\u00e9s polygonales (t\u00eate 75\u00b0): 6&#215;7 &#8211; 8&#215;9 &#8211; 10&#215;11 &#8211; 12&#215;13 &#8211; 14&#215;15 &#8211; 16&#215;17 &#8211; 18&#215;19 &#8211; 21&#215;23 &#8211; 23&#215;26 &#8211; 24&#215;27 &#8211; 25&#215;28 &#8211; 30&#215;32 mm<\/li>\n<li>Cl\u00e9s mixtes: 6 &#8211; 7 &#8211; 8 &#8211; 9 &#8211; 10 &#8211; 11 &#8211; 12 &#8211; 13 &#8211; 14 &#8211; 15 &#8211; 16 &#8211; 17 &#8211; 18 &#8211; 19 &#8211; 20 &#8211; 21 &#8211; 22 &#8211; 23 &#8211; 24 &#8211; 25 &#8211; 26 &#8211; 27 &#8211; 28 &#8211; 29 &#8211; 30 &#8211; 32 mm<\/li>\n<\/ul>\n<p><img loading=\"lazy\" class=\"\" src=\"https:\/\/www.forcetools-kepmar.eu\/WebRoot\/StoreNL\/Shops\/457210838\/MediaGallery\/Lades\/437_lade_4.jpg\" alt=\"437_lade_4\" width=\"490\" height=\"286\" \/><\/p>\n<p>&nbsp;<\/p>\n<p><b>Tiroir 5:<\/b><\/p>\n<ul>\n<li>Cl\u00e9s hexagonales t\u00eate sph\u00e9rique: 2-2.5-3-4-5-6-7-8-10-12 mm<\/li>\n<li>Tournevis \u00e1 douille 6 pans: 4-4.5-5-5.5-6-7-8-9-10-11-12-13-14 mm<\/li>\n<li>Pied \u00e0 coulisse<\/li>\n<li>R\u00e9glet 300mm<\/li>\n<li>Rapporteur d&rsquo;angle<\/li>\n<li>Pointeau automatique<\/li>\n<li>Pointe \u00e0 tracer<\/li>\n<li>M\u00e8tre \u00e0 ruban 5m<\/li>\n<li>Lames de precision 26 pc (MM &amp; Pouce)<\/li>\n<li>Lames de precision 4 &#8211; 62 (Pouce)<\/li>\n<li>Lames de precision 0.25 &#8211; 6mm<\/li>\n<li>Lime plate<\/li>\n<li>Lime demi-ronde<\/li>\n<li>Lime ronde<\/li>\n<li>Lime carr\u00e9e<\/li>\n<li>Lime triangulaire<\/li>\n<\/ul>\n<p><img loading=\"lazy\" class=\"\" src=\"https:\/\/www.forcetools-kepmar.eu\/WebRoot\/StoreNL\/Shops\/457210838\/MediaGallery\/Lades\/437_lade_5.jpg\" alt=\"437_lade_5\" width=\"490\" height=\"282\" \/><\/p>\n<p><b>Tiroir 6:<\/b><\/p>\n<ul>\n<li>Pince circlips int\u00e9rieur \u00e0 bec droits<\/li>\n<li>Pince circlips int\u00e9rieur \u00e0 bec 90\u00b0<\/li>\n<li>Pince circlips ext\u00e9rieur \u00e0 becs droits<\/li>\n<li>Pince circlips ext\u00e9rieur \u00e0 becs 90\u00b0<\/li>\n<li>Pince multiprise 250mm<\/li>\n<li>Pince grip 250mm<\/li>\n<li>Cl\u00e9 \u00e0 molette 250mm<\/li>\n<li>Pince \u00e0 long bec 200mm<\/li>\n<li>Pince \u00e0 long bec coud\u00e9 200mm<\/li>\n<li>Pince universelle 175mm<\/li>\n<li>Pince coupante 175mm<\/li>\n<li>Marteau de m\u00e9canicien 300gr<\/li>\n<li>Marteau sans rebond 400gr<\/li>\n<li>Burin pointu<\/li>\n<li>Pointeau 4mm<\/li>\n<li>Chasse-clous: 2-3-4 mm<\/li>\n<li>Chasse-goupilles: 2-3-4 mm<\/li>\n<li>Burins \u00e0 profil constant: 10-12-15-19-22-25 mm<\/li>\n<li>Scie \u00e0 m\u00e9taux<\/li>\n<li>Cisaille de ferblantier<\/li>\n<li>Couteau cutter<\/li>\n<\/ul>\n<p><img loading=\"lazy\" class=\"\" src=\"https:\/\/www.forcetools-kepmar.eu\/WebRoot\/StoreNL\/Shops\/457210838\/MediaGallery\/Lades\/437_lade_6.jpg\" alt=\"437_lade_6\" width=\"490\" height=\"283\" \/><\/p>\n","protected":false},"excerpt":{"rendered":"<p>Caract\u00e9ristiques: 8 Tiroirs sur roulement \u00e0 billes avec syst\u00e8me anti basculement Ouverture des tiroirs \u00e0 100% 4 Roues en caoutchouc,&#8230;<\/p>\n","protected":false},"featured_media":1997,"template":"","meta":[],"brands":[{"id":29,"name":"FORCE","slug":"force"}],"_links":{"self":[{"href":"http:\/\/www.le-professionnel.com\/index.php?rest_route=\/wp\/v2\/product\/1999"}],"collection":[{"href":"http:\/\/www.le-professionnel.com\/index.php?rest_route=\/wp\/v2\/product"}],"about":[{"href":"http:\/\/www.le-professionnel.com\/index.php?rest_route=\/wp\/v2\/types\/product"}],"version-history":[{"count":1,"href":"http:\/\/www.le-professionnel.com\/index.php?rest_route=\/wp\/v2\/product\/1999\/revisions"}],"predecessor-version":[{"id":2006,"href":"http:\/\/www.le-professionnel.com\/index.php?rest_route=\/wp\/v2\/product\/1999\/revisions\/2006"}],"wp:featuredmedia":[{"embeddable":true,"href":"http:\/\/www.le-professionnel.com\/index.php?rest_route=\/wp\/v2\/media\/1997"}],"wp:attachment":[{"href":"http:\/\/www.le-professionnel.com\/index.php?rest_route=%2Fwp%2Fv2%2Fmedia&parent=1999"}],"curies":[{"name":"wp","href":"https:\/\/api.w.org\/{rel}","templated":true}]}}