{"id":1976,"date":"2020-12-15T00:04:36","date_gmt":"2020-12-15T00:04:36","guid":{"rendered":"http:\/\/www.le-professionnel.com\/?post_type=product&#038;p=1976"},"modified":"2020-12-15T00:04:38","modified_gmt":"2020-12-15T00:04:38","slug":"force-10218c-512-servante-datelier-practical-512-outils","status":"publish","type":"product","link":"http:\/\/www.le-professionnel.com\/?product=force-10218c-512-servante-datelier-practical-512-outils","title":{"rendered":"Force 10218C-512 Servante d&rsquo;atelier Practical 512 outils"},"content":{"rendered":"<p><strong>Caract\u00e9ristiques:<\/strong><\/p>\n<ul>\n<li>Servante d&rsquo;atelier Force Practical\u00a0Series<\/li>\n<li>8 Tiroirs sur roulement \u00e0 billes avec syst\u00e8me anti basculement<\/li>\n<li>Ouverture des tiroirs \u00e0 100%<\/li>\n<li>4 Roues en caoutchouc, 2 fixes et 2 rotatives avec frein<\/li>\n<li>Plan de travail en polypropyl\u00e8ne<\/li>\n<li>Verroullage \u00e0 cl\u00e9 centralis\u00e9<\/li>\n<li>Porte flacons lat\u00e9rals<\/li>\n<li>Disponible: rouge, noir et bleu<\/li>\n<li>Dim. L800 x B500 x H1030 mm<\/li>\n<\/ul>\n<p>&nbsp;<\/p>\n<p><img loading=\"lazy\" class=\"\" src=\"https:\/\/www.forcetools-kepmar.eu\/WebRoot\/StoreNL\/Shops\/457210838\/MediaGallery\/nieuwe_producten\/512.jpg\" alt=\"512\" width=\"796\" height=\"1030\" \/><\/p>\n<p>&nbsp;<\/p>\n<p><b>Tiroir 1:<\/b><\/p>\n<ul>\n<li>Tournevis Fente 3-3.5-4-5.5-6.5-8 mm<\/li>\n<li>Tournevis Boule Fente 5.5-6.5 mm<\/li>\n<li>Tournevis Philips PH.0-PH.1-PH.2-PH.3<\/li>\n<li>Tournevis Boule Philips PH.1-PH.2<\/li>\n<li>Tournevis Torx T10-T15-T20-T25-T27-T30-T40<\/li>\n<li>Jeu de cl\u00e9s m\u00e2les coud\u00e9es Torx T10-T15-T20-T25-T27-T30-T40-T45-T50<\/li>\n<li>Jeu de cl\u00e9s m\u00e2les coud\u00e9es Hex 1.5-2-2.5-3-4-5-6-7-8-10-12 mm<\/li>\n<\/ul>\n<p>&nbsp;<\/p>\n<p><b>Tiroir 2:<\/b><\/p>\n<ul>\n<li>1\/4&Prime; Douilles 4-4.5-5-5.5-6-7-8-9-10-11-12-13 mm<\/li>\n<li>1\/4&Prime; Douilles longue 4-4.5-5-5.5-6-7-8-9-10-11-12-13 mm<\/li>\n<li>1\/4&Prime; Douilles tournevis Philips PH.0-PH.1-PH.2-PH.3<\/li>\n<li>1\/4&Prime; Douilles tournevis Pozidriv PZ.0-PZ.1-PZ.2-PZ.3<\/li>\n<li>1\/4&Prime; Douilles tournevis Fente 3-4-5.5-6-6.5 mm<\/li>\n<li>1\/4&Prime; Douilles tournevis Hex 3-4-5-6-7-8 mm<\/li>\n<li>1\/4&Prime; Douilles tournevis Torx T8-T9-T10-T15-T20-T25-T27-T30-T40<\/li>\n<li>1\/4&Prime; Douilles tournevis Torx perc\u00e9 T8H-T9H-T10H-T15H-T20H-T25H-T27H-T30H-T40H<\/li>\n<li>1\/4&Prime; Cliquet r\u00e9versible 24 dents<\/li>\n<li>1\/4&Prime; Cliquet de poign\u00e9e T 48 dents<\/li>\n<li>1\/4&Prime; Rallonges 50-150 mm<\/li>\n<li>1\/4&Prime; Poign\u00e9e en T 115 mm<\/li>\n<li>1\/4&Prime; Cardan universel<\/li>\n<li>1\/4&Prime; Porte embouts<\/li>\n<li>1\/4&Prime; Tournevis porte-douille carr\u00e9<\/li>\n<li>Jeu de 33 embouts de s\u00e9curit\u00e9<\/li>\n<li>Cl\u00e9s m\u00e2les coud\u00e9es XZN (denture multiple) M5-M6-M8-M10-M12-M14-M16<\/li>\n<li>3\/8&Prime; Douilles 8-9-10-11-12-13-14-15-16-17-18-19-20-21-22 mm<\/li>\n<li>3\/8&Prime; Douilles Torx E4-E5-E6-E7-E8-E10-E11-E12-E14-E16-E18<\/li>\n<li>3\/8&Prime; Douilles longue Torx E4-E5-E6-E7-E8-E10-E11-E12-E14-E16-E18<\/li>\n<li>3\/8&Prime; Douilles tournevis Philips PH.3-PH.4<\/li>\n<li>3\/8&Prime; Douilles tournevis Pozidriv PZ.3-PZ.4<\/li>\n<li>3\/8&Prime; Douilles tournevis Fente 5-5.5-6-6.5-7-8 mm<\/li>\n<li>3\/8&Prime; Cliquet r\u00e9versible 24 dents<\/li>\n<li>3\/8&Prime; Cliquet r\u00e9versible t\u00eate flexible 30 dents<\/li>\n<li>3\/8&Prime; Rallonges 75-150 mm<\/li>\n<li>3\/8&Prime; Cardan universel<\/li>\n<li>3\/8&Prime; Poign\u00e9e en T 165 mm<\/li>\n<li>3\/8&Prime; Douilles pour bougie 14-16-18-20.6 mm<\/li>\n<li>Cl\u00e9s m\u00e2les coud\u00e9es Torx TS 5-pans perc\u00e9s TS10-TS15-TS20-TS25-TS27-TS30-TS40-TS45-TS50<\/li>\n<\/ul>\n<p>&nbsp;<\/p>\n<p><strong>Tiroir 3:<\/strong><\/p>\n<ul>\n<li>1\/2&Prime; Douilles 10-11-12-13-14-15-16-17-18-19-20-21-22-23-24-25-26-27-28-30-32 mm<\/li>\n<li>1\/2&Prime; Douilles longue 10-11-12-13-14-15-16-17-18-19-20-21-22-23-24-25-26-27-28-30-32 mm<\/li>\n<li>1\/2&Prime; Douilles Torx E8-E10-E11-E12-E14-E16-E18-E20-E22-E24<\/li>\n<li>1\/2&Prime; Douilles longue Torx E8-E10-E11-E12-E14-E16-E18-E20-E22-E24<\/li>\n<li>1\/2&Prime; Cliquet r\u00e9versible 24 dents<\/li>\n<li>1\/2&Prime; Poign\u00e9e articul\u00e9e 380 mm<\/li>\n<li>1\/2&Prime; Cardan universel<\/li>\n<li>1\/2&Prime; Rallonges 125-250 mm<\/li>\n<\/ul>\n<p>&nbsp;<\/p>\n<p><b>Tiroir 4:<\/b><\/p>\n<ul>\n<li>Pince circlips int\u00e9rieur \u00e0 bec 90\u00b0<\/li>\n<li>Pince circlips ext\u00e9rieur \u00e0 becs 90\u00b0<\/li>\n<li>Pince circlips int\u00e9rieur \u00e0 bec droits<\/li>\n<li>Pince circlips ext\u00e9rieur \u00e0 becs droits<\/li>\n<li>1\/2&Prime; Douilles tournevis Hex 4-5-6-7-8-9-10-12-14-17-19 mm (55mmL)<\/li>\n<li>1\/2&Prime; Douilles tournevis Hex 4-5-6-7-8-10-11-12-14 mm (100mmL)<\/li>\n<li>1\/2&Prime; Douilles tournevis Torx T20-T25-T27-T30-T40-T45-T50-T55-T60-T70 (55mmL)<\/li>\n<li>1\/2&Prime; Douilles tournevis Torx T20-T25-T27-T30-T40-T45-T50-T55-T60-T70 (100mmL)<\/li>\n<li>1\/2&Prime; Douilles tournevis XZN (denture multiple) M5-M6-M8-M9-M10-M12-M14-M16-M18 (55mmL)<\/li>\n<li>1\/2&Prime; Douilles tournevis XZN (denture multiple) M5-M6-M8-M9-M10-M12-M14-M16-M18 (100mmL)<\/li>\n<li>1\/2&Prime; Douille tournevis XZN perc\u00e9 M16 (55mmL) pour bouchons de boite de vitesse sur VAG<\/li>\n<li>1\/2&Prime; Douille tournevis XZN perc\u00e9 M16 (100mmL) pour bouchons de boite de vitesse sur VAG<\/li>\n<\/ul>\n<p>&nbsp;<\/p>\n<p><b>Tiroir 5:<\/b><\/p>\n<ul>\n<li>Cl\u00e9s mixtes 6-7-8-9-10-11-12-13-14-15-16-17-18-19-21-22-23-24-26-27-28-30-32 mm<\/li>\n<li>Cl\u00e9s polygonales (t\u00eate 75\u00b0) 6&#215;7-8&#215;9-10&#215;11-12&#215;13-14&#215;15-16&#215;17-18&#215;19-20&#215;22-21&#215;23-23&#215;26-24&#215;27-25&#215;28-30&#215;32 mm<\/li>\n<\/ul>\n<p>&nbsp;<\/p>\n<p><b>Tiroir 6:<\/b><\/p>\n<ul>\n<li>Cl\u00e9s mixtes \u00e0 cliquet r\u00e9versible 8-9-10-11-12-13-14-15-16-17-18-19 mm<\/li>\n<li>Mini cl\u00e9s mixtes 8-9-10-11-12-13-14-15-16-17-18-19 mm<\/li>\n<li>Cl\u00e9s \u00e0 tuyauter 8&#215;10-9&#215;11-12&#215;13-14&#215;15-16&#215;18-17&#215;19\u00a0mm<\/li>\n<li>Cl\u00e9s polygonales demi lune 8&#215;10-11&#215;13-12&#215;14-13&#215;15-16&#215;18-17&#215;19 mm<\/li>\n<\/ul>\n<p>&nbsp;<\/p>\n<p><b>Tiroir 7:<\/b><\/p>\n<ul>\n<li>Marteau de m\u00e9canicien 300 gr.<\/li>\n<li>Marteaux sans rebond 400 gr.<\/li>\n<li>Pince grip 250 mm<\/li>\n<li>Pince multiprise 250 mm<\/li>\n<li>Cl\u00e9 \u00e0 molette 250 mm<\/li>\n<li>Pince \u00e0 long bec 200 mm<\/li>\n<li>Pince \u00e0 long bec coud\u00e9 200 mm<\/li>\n<li>Pince universelle 175 mm<\/li>\n<li>Pince coupante 175 mm<\/li>\n<li>Couteau de mecanicien<\/li>\n<li>Pointeau 4 mm<\/li>\n<li>Burin pointu<\/li>\n<li>Burins \u00e0 profil constant 12-19-25 mm<\/li>\n<li>Chasse-goupilles 2-3-4-5-6-8-10 mm<\/li>\n<\/ul>\n<p>&nbsp;<\/p>\n<p><strong>Tiroir 8:<\/strong><\/p>\n<ul>\n<li>1\/2&Prime; Douilles \u00e0 choc 10-11-12-13-14-15-16-17-18-19-20-21-22-23-24-27-30-32 mm<\/li>\n<li>1\/2&Prime; Douilles longues \u00e0 choc 10-11-12-13-14-15-16-17-18-19-20-21-22-23-24-27-30-32 mm<\/li>\n<li>1\/2&Prime; Douilles \u00e0 choc longues pour jantes alu 17-19-21 mm<\/li>\n<li>1\/2&Prime; Douilles \u00e0 choc tournevis Hex 4-5-6-7-8-10-12-14-17-19 mm (60mmL)<\/li>\n<li>1\/2&Prime; Douilles \u00e0 choc tournevis Torx T20-T25-T27-T30-T40-T45-T50-T55-T60-T70 (60mmL)<\/li>\n<li>1\/2&Prime; Douilles \u00e0 choc tournevis XZN (denture multiple) M8-M10-M12 (60mmL)<\/li>\n<li>1\/2&Prime; Douilles \u00e0 choc tournevis XZN (denture multiple) M14-M16-M18 (78mmL)<\/li>\n<li>1\/2&Prime; Rallonges \u00e0 choc 125-250 mm<\/li>\n<li>1\/2&Prime; Cardan \u00e0 choc<\/li>\n<li>1\/2&Prime; Adaptateur \u00e0 choc 3\/8&Prime; x 1\/2&Prime;<\/li>\n<li>1\/2&Prime; Adaptateur \u00e0 choc 3\/4&Prime; x 1\/2&Prime;<\/li>\n<\/ul>\n","protected":false},"excerpt":{"rendered":"<p>Cette servante d&rsquo;atelier de Force Practical Series est robuste, de qualit\u00e9 professionnelle, id\u00e9ale pour votre garage ou atelier.<br \/>\nEquip\u00e9e de 8 modules de servante en mousse avec 512 outils \u00e0 main. Cette servante d&rsquo;atelier offre une capacit\u00e9 de rangement importante pour vos outils. Avec 8 tiroirs, cette servante d&rsquo;atelier r\u00e9pondra \u00e0 vos besoins de rangement d&rsquo;outils pour une dur\u00e9e de vie extr\u00eamement longue.<br \/>\nL&rsquo;ouverture des tiroirs se fait \u00e0 100%. La fermeture se fait par verrouillage centralis\u00e9 (2 cl\u00e9 incluses.)\u00a0Gr\u00e2ce \u00e0 ses 4 roues en caoutchouc, 2 fixes et 2 rotatives avec freins. La peinture ext\u00e9rieure poudr\u00e9e offre une finition impeccable.<br \/>\nGrand plan de travail en polypropyl\u00e8ne, avec rebords int\u00e9gr\u00e9s \u00e9vitant la chute d&rsquo;outils pendant le d\u00e9placement. R\u00e9sistance aux impacts et aux hydrocarbures. 2 poign\u00e9es int\u00e9gr\u00e9es, une pour le d\u00e9placement et une autre permettant de soulever la servante pour le passage d&rsquo;obstacles.<br \/>\nId\u00e9al pour le transport d&rsquo;outils sur les zones de travaux, les chantiers, les ateliers, les garages.<\/p>\n","protected":false},"featured_media":1871,"template":"","meta":[],"brands":[{"id":29,"name":"FORCE","slug":"force"}],"_links":{"self":[{"href":"http:\/\/www.le-professionnel.com\/index.php?rest_route=\/wp\/v2\/product\/1976"}],"collection":[{"href":"http:\/\/www.le-professionnel.com\/index.php?rest_route=\/wp\/v2\/product"}],"about":[{"href":"http:\/\/www.le-professionnel.com\/index.php?rest_route=\/wp\/v2\/types\/product"}],"version-history":[{"count":1,"href":"http:\/\/www.le-professionnel.com\/index.php?rest_route=\/wp\/v2\/product\/1976\/revisions"}],"predecessor-version":[{"id":1985,"href":"http:\/\/www.le-professionnel.com\/index.php?rest_route=\/wp\/v2\/product\/1976\/revisions\/1985"}],"wp:featuredmedia":[{"embeddable":true,"href":"http:\/\/www.le-professionnel.com\/index.php?rest_route=\/wp\/v2\/media\/1871"}],"wp:attachment":[{"href":"http:\/\/www.le-professionnel.com\/index.php?rest_route=%2Fwp%2Fv2%2Fmedia&parent=1976"}],"curies":[{"name":"wp","href":"https:\/\/api.w.org\/{rel}","templated":true}]}}