{"id":1959,"date":"2020-12-14T23:32:59","date_gmt":"2020-12-14T23:32:59","guid":{"rendered":"http:\/\/www.le-professionnel.com\/?post_type=product&#038;p=1959"},"modified":"2020-12-14T23:33:03","modified_gmt":"2020-12-14T23:33:03","slug":"force-10218c-405-servante-datelier-practical-405-outils","status":"publish","type":"product","link":"http:\/\/www.le-professionnel.com\/?product=force-10218c-405-servante-datelier-practical-405-outils","title":{"rendered":"Force 10218C-405 Servante d&rsquo;atelier Practical 405 outils"},"content":{"rendered":"<p><strong>Caract\u00e9ristiques:<\/strong><\/p>\n<ul>\n<li>Servante d&rsquo;atelier Force Practical\u00a0Series<\/li>\n<li>8 Tiroirs sur roulement \u00e0 billes avec syst\u00e8me anti basculement<\/li>\n<li>Ouverture des tiroirs \u00e0 100%<\/li>\n<li>4 Roues en caoutchouc, 2 fixes et 2 rotatives avec frein<\/li>\n<li>Plan de travail en polypropyl\u00e8ne<\/li>\n<li>Verroullage \u00e0 cl\u00e9 centralis\u00e9<\/li>\n<li>Porte flacons lat\u00e9rals<\/li>\n<li>Disponible: rouge, noir et bleu<\/li>\n<li>Dim. L800 x B500 x H1030 mm<\/li>\n<\/ul>\n<p>&nbsp;<\/p>\n<p><img loading=\"lazy\" class=\"\" src=\"https:\/\/www.forcetools-kepmar.eu\/WebRoot\/StoreNL\/Shops\/457210838\/MediaGallery\/Lades\/405.jpg\" alt=\"405\" width=\"548\" height=\"700\" \/><br \/>\n<b>Tiroir 1:<\/b><\/p>\n<ul>\n<li>Tournevis Fente 3-3.5-4-5.5-6.5-8mm<\/li>\n<li>Tournevis Boule Fente 5.5-6.5mm<\/li>\n<li>Tournevis Philips PH.1-PH.2-PH.3<\/li>\n<li>Tournevis Boule Philips PH.1-PH.2<\/li>\n<li>Tournevis Torx T5-T6-T7-T8-T9-T10-T15-T20-T25-T27-T30-T40-T45<\/li>\n<\/ul>\n<p>&nbsp;<\/p>\n<p><strong>Tiroir\u00a02:<\/strong><\/p>\n<ul>\n<li>1\/4&Prime; Douilles\u00a04-4.5-5-5.5-6-7-8-9-10-11-12-13mm<\/li>\n<li>1\/4&Prime; Douilles longue\u00a06-7-8-9-10-11-12-13mm<\/li>\n<li>1\/4&Prime; Douilles Torx\u00a0E4-E5-E6-E7-E8-E10<\/li>\n<li>1\/4&Prime; Douilles longue Torx\u00a0E4-E5-E6-E7-E8-E10<\/li>\n<li>1\/4&Prime; Douilles tournevis Philips\u00a0PH.0-PH.1-PH.2<\/li>\n<li>1\/4&Prime; Douilles tournevis Pozidriv\u00a0PZ.0-PZ.1-PZ.2<\/li>\n<li>1\/4&Prime; Douilles tournevis Fente\u00a03-4-5.5-6.5mm<\/li>\n<li>1\/4&Prime; Douilles tournevis Hex\u00a03-4-5-6-7-8mm<\/li>\n<li>1\/4&Prime; Douilles tournevis Torx\u00a0T8-T10-T15-T20-T25-T27-T30-T40<\/li>\n<li>1\/4&Prime; Douilles tournevis Torx perc\u00e9\u00a0T8H-T10H-T15H-T20H-T25H-T27H-T30H-T40H<\/li>\n<li>1\/4&Prime;\u00a0Cliquet r\u00e9versible 20 dents<\/li>\n<li>1\/4&Prime;\u00a0Cliquet r\u00e9versible t\u00eate flexible 72 dents<\/li>\n<li>1\/4&Prime; Cl\u00e9 dynamometrique\u00a06 ~ 30Nm<\/li>\n<li>Tournevis porte-douille carr\u00e9 1\/4&Prime;<\/li>\n<li>1\/4\u00a0\u00bb Rallonges\u00a050-100-150mm<\/li>\n<li>1\/4&Prime; Adaptateur pour ralogne\u00a03\/8&Prime; x 1\/4&Prime;<\/li>\n<li>1\/4&Prime;\u00a0Cardan universel<\/li>\n<li>1\/4&Prime;\u00a0Douille magn\u00e9tique<\/li>\n<li>Cl\u00e9s m\u00e2les coud\u00e9es 6 pans\u00a01.27-1.5-2-2.5-3-4-5-6-8-10mm<\/li>\n<li>Cl\u00e9s m\u00e2les coud\u00e9es Torx\u00a0T10-T15-T20-T25-T27-T30-T40-T45-T50<\/li>\n<li>Cl\u00e9s m\u00e2les coud\u00e9es Torx\u00a05-pointes TS10-TS15-TS20-TS25-TS27-TS30-TS40-TS45-TS50<\/li>\n<li>Cl\u00e9s m\u00e2les coud\u00e9es XZN\u00a0(denture multiple)\u00a0M5-M6-M8-M10-M12-M14-M16<\/li>\n<li>Tournevis de precision Phillips\u00a0PH.000-PH.00<\/li>\n<li>Tournevis de precision\u00a0Fente\u00a01.0-1.2-1.5-1.8-2.0-2.4mm<\/li>\n<li>Tournevis de precision\u00a0Hex\u00a00.9-1.3-1.5mm<\/li>\n<li>Tournevis de precision\u00a0Torx\u00a0T5-T6-T7-T8<\/li>\n<li>Pince brucelles<\/li>\n<\/ul>\n<p>&nbsp;<\/p>\n<p><strong>Tiroir\u00a03:<\/strong><\/p>\n<ul>\n<li>3\/8&Prime; Douilles\u00a06-7-8-9-10-11-12-13-14-15-16-17-18-19-21-22mm<\/li>\n<li>3\/8&Prime; Douilles longue Cardan Universel\u00a010-11-12-13-14-15-16-17-18-19mm<\/li>\n<li>3\/8&Prime; Douilles Torx\u00a0E6-E7-E8-E10-E11-E12-E14-E16<\/li>\n<li>3\/8&Prime; Douilles longue Torx\u00a0E6-E7-E8-E10-E11-E12-E14-E16<\/li>\n<li>3\/8&Prime; Douilles tournevis Hex\u00a03-4-5-5.5-6-7-8-9-10-12mm<\/li>\n<li>3\/8&Prime; Douilles tournevis Torx\u00a0T8-T10-T15-T20-T25-T27-T30-T40-T45-T50-T55-T60<\/li>\n<li>3\/8&Prime; Douilles tournevis Torx perc\u00e9\u00a0T8H-T10H-T15H-T20H-T25H-T27H-T30H-T40H-T45H-T50H-T55H-T60H<\/li>\n<li>3\/8&Prime; Douilles tournevis\u00a0XZN\u00a0(denture multiple)\u00a0M5-M6-M8-M9-M10-M12<\/li>\n<li>3\/8&Prime; Douille Cardan Universel\u00a0Torx T45<\/li>\n<li>3\/8&Prime;\u00a0Cliquet r\u00e9versible 72 dents<\/li>\n<li>3\/8&Prime;\u00a0Cliquet r\u00e9versible t\u00eate flexible 72 dents<\/li>\n<li>3\/8&Prime; Cl\u00e9 dynamometrique\u00a019 ~ 110Nm<\/li>\n<li>3\/8&Prime; Rallonges\u00a075-150-225mm<\/li>\n<li>3\/8&Prime; Adaptateur pour rallonge\u00a03\/8&Prime; x 3\/8&Prime;<\/li>\n<li>3\/8&Prime;\u00a0Cardan universel<\/li>\n<li>3\/8\u00a0\u00bb Douilles pour bougie\u00a016-18-20.6mm<\/li>\n<li>3\/8\u00a0\u00bb Douilles pour bougie\u00a0avec aimant 250mmL\u00a014-16mm<\/li>\n<li><span id=\"CtlProductDetail1_repeater1_ctl01_Label6\">3\/8\u00a0\u00bb\u00a0Limiteurs de couple 18Nm-24Nm<\/span><\/li>\n<\/ul>\n<p>&nbsp;<\/p>\n<p><strong>Tiroir\u00a04:<\/strong><\/p>\n<ul>\n<li>1\/2&Prime; Douilles\u00a08-10-11-12-13-14-15-16-17-18-19-20-21-22-23-24-26-27-28-30-32mm<\/li>\n<li>1\/2&Prime; Douilles longue Cardan Universel\u00a013-14-15-17-19-21-22-24mm<\/li>\n<li>1\/2&Prime; Douilles Torx\u00a0E8-E10-E12-E14-E16-E18-E20-E24<\/li>\n<li>1\/2&Prime; Douilles longue Torx\u00a0E8-E10-E12-E14-E16-E18-E20-E24<\/li>\n<li>1\/2&Prime; Douilles tournevis Torx\u00a0T45-T50-T55-T60-T70<\/li>\n<li>1\/2&Prime; Douilles tournevis Torx perc\u00e9\u00a0T45H-T50H-T55H-T60H-T70H<\/li>\n<li>1\/2&Prime; Douilles tournevis\u00a0XZN\u00a0(denture multiple)\u00a0M10-M12-M14-M16<\/li>\n<li>1\/2&Prime;\u00a0Cliquet r\u00e9versible 36 dents<\/li>\n<li>1\/2&Prime; Poign\u00e9e articul\u00e9e\u00a0380mm<\/li>\n<li>1\/2&Prime; Cl\u00e9 dynamometrique\u00a040 ~ 210Nm<\/li>\n<li>1\/2&Prime; Rallonges\u00a0125-250mm<\/li>\n<li>1\/2&Prime; Adaptateur pour rallonge\u00a03\/8&Prime; x 1\/2&Prime;<\/li>\n<li>1\/2&Prime;\u00a0Cardan universel<\/li>\n<\/ul>\n<p>&nbsp;<\/p>\n<p><strong>Tiroir\u00a05:<\/strong><\/p>\n<ul>\n<li>Pince de precision universelle 125mm<\/li>\n<li>Pince de precision \u00e0 long bec coud\u00e9 125mm<\/li>\n<li>Pince de precision coupante 125mm<\/li>\n<li>Pince de precision \u00e0 long bec 125mm<\/li>\n<li>Pince de precision circlips \u00e0 bec droits 125mm<\/li>\n<li>Pince de precision \u00e0 becs plats 125mm<\/li>\n<li>Pince de precision coupante diagonale\u00a0125mm<\/li>\n<li>Pince de precision \u00e0 becs demi-ronds\u00a0125mm<\/li>\n<li>Pince \u00e0 long bec\u00a0280mm<\/li>\n<li>Pince \u00e0 long bec coud\u00e9\u00a045\u00b0\u00a0280mm<\/li>\n<li>Pince \u00e0 long bec coud\u00e9\u00a090\u00b0\u00a0280mm<\/li>\n<li>Pince attrape bougie\u00a0280mm<\/li>\n<li>Pince circlips int\u00e9rieur \u00e0 bec 90\u00b0<\/li>\n<li>Pince circlips ext\u00e9rieur \u00e0 becs 90\u00b0<\/li>\n<li>Pince circlips int\u00e9rieur \u00e0 bec droits<\/li>\n<li>Pince circlips ext\u00e9rieur \u00e0 becs droits<\/li>\n<li>Pince \u00e0 sertir<\/li>\n<\/ul>\n<p>&nbsp;<\/p>\n<p><strong>Tiroir\u00a06:<\/strong><\/p>\n<ul>\n<li>Marteau\u00a0300gr<\/li>\n<li>Marteau caoutchouc\u00a0400gr<\/li>\n<li>Pince grip\u00a0250mm<\/li>\n<li>Cl\u00e9 \u00e0 molette\u00a0250mm<\/li>\n<li>Pince multiprise\u00a0250mm<\/li>\n<li>Pince \u00e0 long bec 200mm<\/li>\n<li>Pince \u00e0 long bec coud\u00e9 200mm<\/li>\n<li>Pince universelle 175mm<\/li>\n<li>Pince coupante 175mm<\/li>\n<li>Burins \u00e0 profil constant\u00a012-15-19-26mm<\/li>\n<li>Chasse-goupilles\u00a04-5-6-8mm<\/li>\n<li>Chasse-clous\u00a02.5-4-6mm<\/li>\n<\/ul>\n<p>&nbsp;<\/p>\n<p><strong>Tiroir\u00a07:<\/strong><\/p>\n<ul>\n<li>Cl\u00e9s \u00e0 fourches\u00a06&#215;7-8&#215;9-10&#215;11-12&#215;13-14&#215;15-16&#215;17-18&#215;19-20&#215;22-21x23mm<\/li>\n<li>Cl\u00e9s mixtes\u00a06-7-8-9-10-11-12-13-14-15-16-17-18-19-20-21-22-24mm<\/li>\n<li>Cl\u00e9s polygonales (t\u00eate 75\u00b0)\u00a06&#215;7-8&#215;9-10&#215;11-12&#215;13-14&#215;15-16&#215;17-18&#215;19-20&#215;22-21x23mm<\/li>\n<\/ul>\n<p>&nbsp;<\/p>\n<p><strong>Tiroir\u00a08:<\/strong><\/p>\n<ul>\n<li>Cl\u00e9s \u00e0 tuyauter\u00a08&#215;10-9&#215;11-11&#215;13-12&#215;14-14x19mm<\/li>\n<li>Cl\u00e9s polygonales XL\u00a08&#215;10-12&#215;14-13&#215;15-14&#215;17-16&#215;18-17x19mm<\/li>\n<li>Cl\u00e9s polygonales\u00a0demi-lune\u00a010&#215;12-11&#215;13-14&#215;17-16&#215;18-19x22mm<\/li>\n<\/ul>\n","protected":false},"excerpt":{"rendered":"<p>Cette servante d&rsquo;atelier de Force Practical Series est robuste, de qualit\u00e9 professionnelle, id\u00e9ale pour votre garage ou atelier.<br \/>\nEquip\u00e9e de 8 modules de servante en mousse avec 405 outils \u00e0 main. Cette servante d&rsquo;atelier offre une capacit\u00e9 de rangement importante pour vos outils. Avec 8 tiroirs, cette servante d&rsquo;atelier r\u00e9pondra \u00e0 vos besoins de rangement d&rsquo;outils pour une dur\u00e9e de vie extr\u00eamement longue.<br \/>\nL&rsquo;ouverture des tiroirs se fait \u00e0 100%. La fermeture se fait par verrouillage centralis\u00e9 (2 cl\u00e9 incluses.)\u00a0Gr\u00e2ce \u00e0 ses 4 roues en caoutchouc, 2 fixes et 2 rotatives avec freins. La peinture ext\u00e9rieure poudr\u00e9e offre une finition impeccable.<br \/>\nGrand plan de travail en polypropyl\u00e8ne, avec rebords int\u00e9gr\u00e9s \u00e9vitant la chute d&rsquo;outils pendant le d\u00e9placement. R\u00e9sistance aux impacts et aux hydrocarbures. 2 poign\u00e9es int\u00e9gr\u00e9es, une pour le d\u00e9placement et une autre permettant de soulever la servante pour le passage d&rsquo;obstacles.<br \/>\nId\u00e9al pour le transport d&rsquo;outils sur les zones de travaux, les chantiers, les ateliers, les garages.<\/p>\n","protected":false},"featured_media":1871,"template":"","meta":[],"brands":[{"id":29,"name":"FORCE","slug":"force"}],"_links":{"self":[{"href":"http:\/\/www.le-professionnel.com\/index.php?rest_route=\/wp\/v2\/product\/1959"}],"collection":[{"href":"http:\/\/www.le-professionnel.com\/index.php?rest_route=\/wp\/v2\/product"}],"about":[{"href":"http:\/\/www.le-professionnel.com\/index.php?rest_route=\/wp\/v2\/types\/product"}],"version-history":[{"count":1,"href":"http:\/\/www.le-professionnel.com\/index.php?rest_route=\/wp\/v2\/product\/1959\/revisions"}],"predecessor-version":[{"id":1965,"href":"http:\/\/www.le-professionnel.com\/index.php?rest_route=\/wp\/v2\/product\/1959\/revisions\/1965"}],"wp:featuredmedia":[{"embeddable":true,"href":"http:\/\/www.le-professionnel.com\/index.php?rest_route=\/wp\/v2\/media\/1871"}],"wp:attachment":[{"href":"http:\/\/www.le-professionnel.com\/index.php?rest_route=%2Fwp%2Fv2%2Fmedia&parent=1959"}],"curies":[{"name":"wp","href":"https:\/\/api.w.org\/{rel}","templated":true}]}}