{"id":1943,"date":"2020-12-14T22:55:14","date_gmt":"2020-12-14T22:55:14","guid":{"rendered":"http:\/\/www.le-professionnel.com\/?post_type=product&#038;p=1943"},"modified":"2020-12-14T22:55:24","modified_gmt":"2020-12-14T22:55:24","slug":"force-10218c-308-servante-datelier-practical-308-outils","status":"publish","type":"product","link":"http:\/\/www.le-professionnel.com\/?product=force-10218c-308-servante-datelier-practical-308-outils","title":{"rendered":"Force 10218C-308 Servante d&rsquo;atelier Practical 308 outils"},"content":{"rendered":"<p><strong>Caract\u00e9ristiques:<\/strong><\/p>\n<ul>\n<li>Servante d&rsquo;atelier Force Practical\u00a0Series<\/li>\n<li>8 Tiroirs sur roulement \u00e0 billes avec syst\u00e8me anti basculement<\/li>\n<li>Ouverture des tiroirs \u00e0 100%<\/li>\n<li>4 Roues en caoutchouc, 2 fixes et 2 rotatives avec frein<\/li>\n<li>Plan de travail en polypropyl\u00e8ne<\/li>\n<li>Verroullage \u00e0 cl\u00e9 centralis\u00e9<\/li>\n<li>Porte flacons lat\u00e9rals<\/li>\n<li>Disponible: rouge, noir et bleu<\/li>\n<li>Dim. L800 x B500 x H1030 mm<\/li>\n<\/ul>\n<p>&nbsp;<\/p>\n<p><img loading=\"lazy\" class=\"\" src=\"https:\/\/www.forcetools-kepmar.eu\/WebRoot\/StoreNL\/Shops\/457210838\/MediaGallery\/Lades\/308N.jpg\" alt=\"308N\" width=\"510\" height=\"482\" \/><\/p>\n<p>&nbsp;<\/p>\n<p><b>Tiroir 1:<\/b><\/p>\n<ul>\n<li>Tournevis Fente 3-4-5.5-6.5-8 mm<\/li>\n<li>Tournevis Boule Fente 5.5-6.5 mm<\/li>\n<li>Tournevis Philips PH.0-PH.1-PH.2-PH.3<\/li>\n<li>Tournevis Boule Philips PH.1-PH.2<\/li>\n<li>Tournevis Torx T10-T15-T20-T25-T27-T30-T40<\/li>\n<li>Jeu de cl\u00e9s m\u00e2les coud\u00e9es Torx T10-T15-T20-T25-T27-T30-T40-T45-T50<\/li>\n<li>Jeu de cl\u00e9s m\u00e2les coud\u00e9es 6 pans 1.5-2-2.5-3-4-5-6-7-8-10-12 mm<\/li>\n<li>Aimanteur \/ d\u00e9saimanteur<\/li>\n<\/ul>\n<p>&nbsp;<\/p>\n<p><b>Tiroir 2:<\/b><\/p>\n<ul>\n<li>1\/4&Prime; Douilles 3.2-4-4.5-5-5.5-6-7-8-9-10-11-12-13 mm<\/li>\n<li>1\/4&Prime; Douilles longue 6-7-8-10 mm<\/li>\n<li>1\/4&Prime; Cliquet r\u00e9versible 20 dents<\/li>\n<li>1\/4&Prime; Rallonges 50-100-150 mm<\/li>\n<li>1\/4&Prime; Adaptateur pour rallonge 3\/8&Prime; x 1\/4&Prime;<\/li>\n<li>1\/4&Prime; Cardan universel<\/li>\n<li>1\/4&Prime; Douille magn\u00e9tique<\/li>\n<li>Tournevis porte-douille carr\u00e9 1\/4&Prime;<\/li>\n<li>3\/8&Prime; Douilles 8-9-10-11-12-13-14-15-16-17-18-19 mm<\/li>\n<li>3\/8&Prime; Douilles longue 8-9-10-12-13-14 mm<\/li>\n<li>3\/8&Prime; Cliquet r\u00e9versible 30 dents<\/li>\n<li>3\/8&Prime; Rallonges 75-150 mm<\/li>\n<li>3\/8&Prime; Cardan universel<\/li>\n<li>3\/8&Prime; Adaptateur pour rallonge 1\/2&Prime; x 3\/8&Prime;<\/li>\n<li>3\/8&Prime; Douilles pour bougie avec aimant 14-16-18-20.6 mm<\/li>\n<li>1\/2&Prime; Douilles 10-11-12-13-14-15-16-17-18-19-20-21-22-23-24-26-27-28-30-32 mm<\/li>\n<li>1\/2&Prime; Douilles longue 13-14-15-16-17-19-21-22-24-27-30-32 mm<\/li>\n<li>1\/2&Prime; Cliquet r\u00e9versible 36 dents<\/li>\n<li>1\/2&Prime; Cardan universel<\/li>\n<li>1\/2&Prime; Rallonges 125-250 mm<\/li>\n<li>1\/2&Prime; Adaptateur pour rallonge 3\/8&Prime; x 1\/2&Prime;<\/li>\n<\/ul>\n<p>&nbsp;<\/p>\n<p><b>Tiroir 3:<\/b><\/p>\n<ul>\n<li>1\/4&Prime; Douilles Torx E4-E5-E6-E7-E8-E10<\/li>\n<li>1\/4&Prime; Douilles longue Torx E4-E5-E6-E7-E8-E10<\/li>\n<li>1\/4&Prime; Douilles tournevis Torx T8-T9-T10-T15-T20-T25-T27-T30<\/li>\n<li>1\/4&Prime; Douilles tournevis perc\u00e9es 5 pans TS10-TS15-TS20-TS25-TS27-TS30-TS40<\/li>\n<li>Adaptateur 1\/4&Prime; &#8211; 3\/8&Prime;<\/li>\n<li>3\/8&Prime; Douilles tournevis perc\u00e9es 5 pans TS45-TS50<\/li>\n<li>3\/8&Prime; Douilles Torx Cardan Universel E6-E8-E10-E12<\/li>\n<li>1\/2&Prime; Douilles Torx E11-E12-E14-E16-E18-E20-E22-E24<\/li>\n<li>1\/2&Prime; Douilles longue Torx E11-E12-E14-E16-E18-E20-E22-E24<\/li>\n<li>1\/2&Prime; Douilles tournevis Torx T40-T45-T47-T50-T55-T60-T70-T80 (55mmL)<\/li>\n<li>1\/2&Prime; Douilles tournevis Torx T20-T25-T27-T30-T40-T45-T50-T55-T60-T70-T80-T90-T100 (100mmL)<\/li>\n<li>1\/2&Prime; Douille tournevis Torx T60 (140mmL)<\/li>\n<li>1\/2&Prime; Douille tournevis Torx perc\u00e9 T55H (100mmL)<\/li>\n<li>1\/2&Prime; Douille tournevis Torx perc\u00e9 T70H (105mmL)<\/li>\n<li>1\/2&Prime; Douille tournevis Torx perc\u00e9 T30H (130mmL)<\/li>\n<li>1\/2&Prime; Douille tournevis Torx perc\u00e9 T80H (140mmL)<\/li>\n<li>1\/2&Prime; Douilles Torx Cardan Universel E14-E16-E18-E20-E24<\/li>\n<li>Adaptateur 1\/2&Prime; &#8211; 3\/8&Prime;<\/li>\n<li>Cl\u00e9s polygonales Torx (t\u00eate 75\u00b0) E6xE8-E10xE12-E14xE18-E20xE24<\/li>\n<li>Jeu de cl\u00e9s m\u00e2les coud\u00e9es Torx perc\u00e9 T10H-T15H-T20H-T25H-T27H-T30H-T40H-T45H-T50H<\/li>\n<li>Jeu de cl\u00e9s m\u00e2les coud\u00e9es Torx perc\u00e9es 5 pans TS10-TS15-TS20-TS25-TS27-TS30-TS40-TS45-TS50<\/li>\n<\/ul>\n<p>&nbsp;<\/p>\n<p><b>Tiroir 4:<\/b><\/p>\n<ul>\n<li>Cl\u00e9s \u00e0 fourches 6&#215;7-8&#215;9-10&#215;11-12&#215;13-14&#215;15-16&#215;17-18&#215;19-20&#215;22-21&#215;23 mm<\/li>\n<li>Cl\u00e9s mixtes 6-7-8-9-10-11-12-13-14-15-16-17-18-19-20-21-22-24 mm<\/li>\n<li>Cl\u00e9s polygonales (t\u00eate 75\u00b0) 6&#215;7-8&#215;9-10&#215;11-12&#215;13-14&#215;15-16&#215;17-18&#215;19-20&#215;22-21&#215;23 mm<\/li>\n<\/ul>\n<p>&nbsp;<\/p>\n<p><b>Tiroir 5:<\/b><\/p>\n<ul>\n<li>Pince grip<\/li>\n<li>Pince multiprise<\/li>\n<li>Cl\u00e9 \u00e0 molette<\/li>\n<li>Marteau 300 gr.<\/li>\n<li>Marteau caoutchouc 400 gr.<\/li>\n<li>Burins \u00e0 profil constant 12-15-19-26 mm<\/li>\n<li>Chasse-goupilles 4-5-6-8 mm<\/li>\n<li>Chasse-clous 2.5-4-6 mm<\/li>\n<li>Pince \u00e0 long bec<\/li>\n<li>Pince \u00e0 long bec coud\u00e9<\/li>\n<li>Pince universelle<\/li>\n<li>Pince coupante<\/li>\n<\/ul>\n<p>&nbsp;<\/p>\n<p><b>Tiroir 6:<\/b><\/p>\n<ul>\n<li>Cl\u00e9s \u00e0 douille 6 pans poign\u00e9e en T 5-6-7-8-9-10-11-12-13 mm<\/li>\n<li>Cl\u00e9s hexagonales t\u00eate sph\u00e9rique poign\u00e9e en L 2-2.5-3-4-5-6-7-8-10-12 mm0<\/li>\n<\/ul>\n","protected":false},"excerpt":{"rendered":"<p>Cette servante d&rsquo;atelier de Force Practical Series est robuste, de qualit\u00e9 professionnelle, id\u00e9ale pour votre garage ou atelier.<br \/>\nEquip\u00e9e de 6 modules de servante en mousse avec 308 outils \u00e0 main. Cette servante d&rsquo;atelier offre une capacit\u00e9 de rangement importante pour vos outils. Avec 8 tiroirs, cette servante d&rsquo;atelier r\u00e9pondra \u00e0 vos besoins de rangement d&rsquo;outils pour une dur\u00e9e de vie extr\u00eamement longue.<br \/>\nL&rsquo;ouverture des tiroirs se fait \u00e0 100%. La fermeture se fait par verrouillage centralis\u00e9 (2 cl\u00e9 incluses.)\u00a0Gr\u00e2ce \u00e0 ses 4 roues en caoutchouc, 2 fixes et 2 rotatives avec freins. La peinture ext\u00e9rieure poudr\u00e9e offre une finition impeccable.<br \/>\nGrand plan de travail en polypropyl\u00e8ne, avec rebords int\u00e9gr\u00e9s \u00e9vitant la chute d&rsquo;outils pendant le d\u00e9placement. R\u00e9sistance aux impacts et aux hydrocarbures. 2 poign\u00e9es int\u00e9gr\u00e9es, une pour le d\u00e9placement et une autre permettant de soulever la servante pour le passage d&rsquo;obstacles.<br \/>\nId\u00e9al pour le transport d&rsquo;outils sur les zones de travaux, les chantiers, les ateliers, les garages.<\/p>\n","protected":false},"featured_media":1871,"template":"","meta":[],"brands":[{"id":29,"name":"FORCE","slug":"force"}],"_links":{"self":[{"href":"http:\/\/www.le-professionnel.com\/index.php?rest_route=\/wp\/v2\/product\/1943"}],"collection":[{"href":"http:\/\/www.le-professionnel.com\/index.php?rest_route=\/wp\/v2\/product"}],"about":[{"href":"http:\/\/www.le-professionnel.com\/index.php?rest_route=\/wp\/v2\/types\/product"}],"version-history":[{"count":1,"href":"http:\/\/www.le-professionnel.com\/index.php?rest_route=\/wp\/v2\/product\/1943\/revisions"}],"predecessor-version":[{"id":1949,"href":"http:\/\/www.le-professionnel.com\/index.php?rest_route=\/wp\/v2\/product\/1943\/revisions\/1949"}],"wp:featuredmedia":[{"embeddable":true,"href":"http:\/\/www.le-professionnel.com\/index.php?rest_route=\/wp\/v2\/media\/1871"}],"wp:attachment":[{"href":"http:\/\/www.le-professionnel.com\/index.php?rest_route=%2Fwp%2Fv2%2Fmedia&parent=1943"}],"curies":[{"name":"wp","href":"https:\/\/api.w.org\/{rel}","templated":true}]}}