{"id":1937,"date":"2020-12-14T22:37:45","date_gmt":"2020-12-14T22:37:45","guid":{"rendered":"http:\/\/www.le-professionnel.com\/?post_type=product&#038;p=1937"},"modified":"2020-12-14T22:39:08","modified_gmt":"2020-12-14T22:39:08","slug":"force-10218c-208-servante-datelier-practical-208-outils","status":"publish","type":"product","link":"http:\/\/www.le-professionnel.com\/?product=force-10218c-208-servante-datelier-practical-208-outils","title":{"rendered":"Force 10218C-208 Servante d&rsquo;atelier Practical 208 outils"},"content":{"rendered":"<p><strong>Caract\u00e9ristiques:<\/strong><\/p>\n<ul>\n<li>Servante d&rsquo;atelier Force Practical\u00a0Series<\/li>\n<li>8 Tiroirs sur roulement \u00e0 billes avec syst\u00e8me anti basculement<\/li>\n<li>Ouverture des tiroirs \u00e0 100%<\/li>\n<li>4 Roues en caoutchouc, 2 fixes et 2 rotatives avec frein<\/li>\n<li>Plan de travail en polypropyl\u00e8ne<\/li>\n<li>Verroullage \u00e0 cl\u00e9 centralis\u00e9<\/li>\n<li>Porte flacons lat\u00e9rals<\/li>\n<li>Disponible: rouge, noir et bleu<\/li>\n<li>Dim. L800 x B500 x H1030 mm<\/li>\n<\/ul>\n<p>&nbsp;<\/p>\n<p><img loading=\"lazy\" class=\"\" src=\"https:\/\/www.forcetools-kepmar.eu\/WebRoot\/StoreNL\/Shops\/457210838\/MediaGallery\/Lades\/208.jpg\" alt=\"208\" width=\"758\" height=\"490\" \/><\/p>\n<p><b>Tiroir 1:<\/b><\/p>\n<ul>\n<li>Tournevis Fente: 3-3.5-4-5.5-6.5-8-10 mm<\/li>\n<li>Tournevis Boule Fente: 5.5-6.5 mm<\/li>\n<li>Tournevis Philips: PH.0-PH.1-PH.2-PH.3<\/li>\n<li>Tournevis Boule Philips: PH.1-PH.2<\/li>\n<li>Aimanteur \/ d\u00e9saimanteur<\/li>\n<li>Cl\u00e9s m\u00e2les coud\u00e9es Torx: T10 &#8211; T15 &#8211; T20 &#8211; T25 &#8211; T27 &#8211; T30 &#8211; T40 &#8211; T45 &#8211; T50<\/li>\n<li>Cl\u00e9s m\u00e2les coud\u00e9es Hex t\u00eate sph\u00e9rique: 1.5 &#8211; 2 &#8211; 2.5 &#8211; 3 &#8211; 4 &#8211; 5 &#8211; 6 &#8211; 7 &#8211; 8 &#8211; 10 &#8211; 12 mm<\/li>\n<li>Cl\u00e9s m\u00e2les coud\u00e9es Hex t\u00eate sph\u00e9rique en pouce: 1\/16&Prime; &#8211; 5\/64&Prime; &#8211; 3\/32&Prime; &#8211; 1\/8&Prime; &#8211; 5\/32&Prime; &#8211; 3\/16&Prime; &#8211; 1\/4&Prime; &#8211; 5\/16&Prime; &#8211; 3\/8&Prime; &#8211; 1\/2&Prime;<\/li>\n<\/ul>\n<p>&nbsp;<\/p>\n<p><b>Tiroir 2:<\/b><\/p>\n<ul>\n<li>1\/4&Prime; Douilles 6-pans: 4-5-6-7-8-9-10-11-12-13 mm<\/li>\n<li>1\/4&Prime; Douilles 6-pans en pouce: 5\/32&Prime; &#8211; 3\/16&Prime; &#8211; 7\/32&Prime; &#8211; 1\/4&Prime; &#8211; 9\/32&Prime; &#8211; 5\/16&Prime; &#8211; 11\/32&Prime; &#8211; 3\/8&Prime; &#8211; 7\/16&Prime; &#8211; 1\/2&Prime;<\/li>\n<li>1\/4&Prime; Cliquet r\u00e9versible \u00ab\u00a0Quick-Release\u00a0\u00bb 24 dents<\/li>\n<li>1\/4&Prime; Rallonges: 50-150 mm<\/li>\n<li>1\/4&Prime; Poign\u00e9e T 115 mm<\/li>\n<li>1\/4&Prime; Cardan universel<\/li>\n<li>Tournevis porte-douille carr\u00e9 1\/4&Prime;<\/li>\n<li>3\/8&Prime; Douilles 6-pans: 8-9-10-11-12-13-14-15-16-17-18-19 mm<\/li>\n<li>3\/8&Prime; Douilles 6-pans en pouce: 5\/16&Prime; &#8211; 3\/8&Prime; &#8211; 7\/16&Prime; &#8211; 1\/2&Prime; &#8211; 9\/16&Prime; &#8211; 5\/8&Prime; &#8211; 11\/16&Prime; &#8211; 3\/4&Prime;<\/li>\n<li>3\/8&Prime; Cliquet r\u00e9versible \u00ab\u00a0Quick-Release\u00a0\u00bb 24 dents<\/li>\n<li>3\/8&Prime; Rallonges: 75-150 mm<\/li>\n<li>3\/8&Prime; Poign\u00e9e T 165 mm<\/li>\n<li>3\/8&Prime; Cardan universel<\/li>\n<li>3\/8&Prime; Douilles pour bougies: 16-20.6 mm<\/li>\n<li>1\/2&Prime; Douilles 6-pans: 10-11-12-13-14-15-16-17-18-19-20-21-22-23-24-25-26-27-28-30-32 mm<\/li>\n<li>1\/2&Prime; Douilles 6-pans en pouce: 3\/8&Prime; &#8211; 7\/16&Prime; &#8211; 1\/2&Prime; &#8211; 9\/16&Prime; &#8211; 5\/8&Prime; &#8211; 11\/16&Prime; &#8211; 3\/4&Prime; &#8211; 13\/16&Prime; &#8211; 7\/8&Prime; &#8211; 15\/16&Prime; &#8211; 1&Prime; &#8211; 1-1\/16&Prime; &#8211; 1-1\/8&Prime; &#8211; 1-3\/1&Prime; &#8211; 1-1\/4&Prime;<\/li>\n<li>1\/2&Prime; Cliquet r\u00e9versible \u00ab\u00a0Quick-Release\u00a0\u00bb 24 dents<\/li>\n<li>1\/2&Prime; Rallonges: 125-250 mm<\/li>\n<li>1\/2&Prime; Poign\u00e9e articul\u00e9e 380 mm<\/li>\n<li>1\/2&Prime; Poign\u00e9e T 250 mm<\/li>\n<li>1\/2&Prime; Cardan universel<\/li>\n<\/ul>\n<p>&nbsp;<\/p>\n<p><b>Tiroir 3:<\/b><\/p>\n<ul>\n<li>Cl\u00e9s hexagonales t\u00eate sph\u00e9rique: 2.5-3-4-5-6-7-8 mm<\/li>\n<li>Cl\u00e9s hexagonales t\u00eate sph\u00e9rique en pouce: 3\/32&Prime; &#8211; 1\/8&Prime; &#8211; 5\/32&Prime; &#8211; 3\/16&Prime; &#8211; 1\/4&Prime;- 5\/16&Prime;<\/li>\n<li>Grattoir<\/li>\n<li>Extracteur de clips (large)<\/li>\n<li>Extracteur de clips (\u00e9troit)<\/li>\n<li>Grande crochet<\/li>\n<li>Crochet extracteur de goupilles<\/li>\n<li>Aiguille droite (150mm)<\/li>\n<li>Crochet incurv\u00e9 (150mm)<\/li>\n<li>Crochet coud\u00e9 \u00e0 45\u00b0 (150mm)<\/li>\n<li>Crochet coud\u00e9 \u00e0 90\u00b0 (150mm)<\/li>\n<li>4 Outils pour clips de tableau de bord et garnitures<\/li>\n<\/ul>\n<p>&nbsp;<\/p>\n<p><b>Tiroir 4:<\/b><\/p>\n<ul>\n<li>Cl\u00e9s mixtes: 6-7-8-9-10-11-12-13-14-15-16-17-18-19-20-21-22-23-24-25-26-27-28-30-32 mm<\/li>\n<li>Cl\u00e9s mixtes en pouce: 1\/4&Prime; &#8211; 5\/16&Prime; &#8211; 3\/8&Prime; &#8211; 7\/16&Prime; &#8211; 1\/2&Prime; &#8211; 9\/16&Prime; &#8211; 5\/8&Prime; &#8211; 11\/16&Prime; &#8211; 3\/4&Prime; &#8211; 13\/16&Prime; &#8211; 7\/8&Prime; &#8211; 15\/16&Prime; &#8211; 1&Prime; &#8211; 1-1\/16&Prime; &#8211; 1-1\/8&Prime; &#8211; 1-1\/4&Prime;<\/li>\n<\/ul>\n","protected":false},"excerpt":{"rendered":"<p>Cette servante d&rsquo;atelier de Force Practical Series est robuste, de qualit\u00e9 professionnelle, id\u00e9ale pour votre garage ou atelier.<br \/>\nEquip\u00e9e de 4 modules de servante en mousse avec 208 outils \u00e0 main. Cette servante d&rsquo;atelier offre une capacit\u00e9 de rangement importante pour vos outils. Avec 8 tiroirs, cette servante d&rsquo;atelier r\u00e9pondra \u00e0 vos besoins de rangement d&rsquo;outils pour une dur\u00e9e de vie extr\u00eamement longue.<br \/>\nL&rsquo;ouverture des tiroirs se fait \u00e0 100%. La fermeture se fait par verrouillage centralis\u00e9 (2 cl\u00e9 incluses.)\u00a0Gr\u00e2ce \u00e0 ses 4 roues en caoutchouc, 2 fixes et 2 rotatives avec freins. La peinture ext\u00e9rieure poudr\u00e9e offre une finition impeccable.<br \/>\nGrand plan de travail en polypropyl\u00e8ne, avec rebords int\u00e9gr\u00e9s \u00e9vitant la chute d&rsquo;outils pendant le d\u00e9placement. R\u00e9sistance aux impacts et aux hydrocarbures. 2 poign\u00e9es int\u00e9gr\u00e9es, une pour le d\u00e9placement et une autre permettant de soulever la servante pour le passage d&rsquo;obstacles.<br \/>\nId\u00e9al pour le transport d&rsquo;outils sur les zones de travaux, les chantiers, les ateliers, les garages.<\/p>\n","protected":false},"featured_media":1871,"template":"","meta":[],"brands":[{"id":29,"name":"FORCE","slug":"force"}],"_links":{"self":[{"href":"http:\/\/www.le-professionnel.com\/index.php?rest_route=\/wp\/v2\/product\/1937"}],"collection":[{"href":"http:\/\/www.le-professionnel.com\/index.php?rest_route=\/wp\/v2\/product"}],"about":[{"href":"http:\/\/www.le-professionnel.com\/index.php?rest_route=\/wp\/v2\/types\/product"}],"version-history":[{"count":1,"href":"http:\/\/www.le-professionnel.com\/index.php?rest_route=\/wp\/v2\/product\/1937\/revisions"}],"predecessor-version":[{"id":1942,"href":"http:\/\/www.le-professionnel.com\/index.php?rest_route=\/wp\/v2\/product\/1937\/revisions\/1942"}],"wp:featuredmedia":[{"embeddable":true,"href":"http:\/\/www.le-professionnel.com\/index.php?rest_route=\/wp\/v2\/media\/1871"}],"wp:attachment":[{"href":"http:\/\/www.le-professionnel.com\/index.php?rest_route=%2Fwp%2Fv2%2Fmedia&parent=1937"}],"curies":[{"name":"wp","href":"https:\/\/api.w.org\/{rel}","templated":true}]}}