{"id":1931,"date":"2020-12-14T22:25:59","date_gmt":"2020-12-14T22:25:59","guid":{"rendered":"http:\/\/www.le-professionnel.com\/?post_type=product&#038;p=1931"},"modified":"2025-01-22T12:47:02","modified_gmt":"2025-01-22T12:47:02","slug":"force-10218c-193-servante-datelier-practical-193-outils","status":"publish","type":"product","link":"http:\/\/www.le-professionnel.com\/?product=force-10218c-193-servante-datelier-practical-193-outils","title":{"rendered":"Force 10218C-193 Servante d&rsquo;atelier Practical 193 outils"},"content":{"rendered":"<p><strong>Caract\u00e9ristiques:<\/strong><\/p>\n<ul>\n<li>Servante d&rsquo;atelier Force Practical\u00a0Series<\/li>\n<li>8 Tiroirs sur roulement \u00e0 billes avec syst\u00e8me anti basculement<\/li>\n<li>Ouverture des tiroirs \u00e0 100%<\/li>\n<li>4 Roues en caoutchouc, 2 fixes et 2 rotatives avec frein<\/li>\n<li>Plan de travail en polypropyl\u00e8ne<\/li>\n<li>Verroullage \u00e0 cl\u00e9 centralis\u00e9<\/li>\n<li>Porte flacons lat\u00e9rals<\/li>\n<li>Disponible: rouge, noir et bleu<\/li>\n<li>Dim. L800 x B500 x H1030 mm<\/li>\n<\/ul>\n<p>&nbsp;<\/p>\n<p><img loading=\"lazy\" class=\"\" src=\"https:\/\/www.forcetools-kepmar.eu\/WebRoot\/StoreNL\/Shops\/457210838\/MediaGallery\/Lades\/193.jpg\" alt=\"193\" width=\"771\" height=\"490\" \/><\/p>\n<p>&nbsp;<\/p>\n<p><b>Tiroir 1:<\/b><\/p>\n<ul>\n<li>1\/4&Prime; Douilles\u00a04-4.5-5-5.5-6-7-8-9-10-11-12-13mm<\/li>\n<li>1\/4&Prime; Douilles longue\u00a06-7-8-9-10-11-12-13mm<\/li>\n<li>1\/4&Prime; Douilles Torx\u00a0E4-E5-E6-E7-E8-E10<\/li>\n<li>1\/4&Prime; Douilles tournevis Philips\u00a0PH.0-PH.1-PH.2-PH.3<\/li>\n<li>1\/4&Prime; Douilles tournevis Pozidriv\u00a0PZ.0-PZ.1-PZ.2-PZ.3<\/li>\n<li>1\/4&Prime; Douilles tournevis Fente\u00a03-4-5.5-6.5mm<\/li>\n<li>1\/4&Prime; Douilles tournevis Hex\u00a03-4-5-6-7-8-10mm<\/li>\n<li>1\/4&Prime; Douilles tournevis Torx\u00a0T8-T10-T15-T20-T25-T27-T30-T40<\/li>\n<li>1\/4&Prime; Douilles tournevis Torx perc\u00e9\u00a0T8H-T10H-T15H-T20H-T25H-T27H-T30H-T40H<\/li>\n<li>1\/4&Prime;\u00a0Cliquet r\u00e9versible 20 dents<\/li>\n<li>1\/4&Prime;\u00a0Cliquet r\u00e9versible Mini T<\/li>\n<li>1\/4&Prime; Poign\u00e9e T\u00a0115mm<\/li>\n<li>1\/4\u00a0\u00bb Rallonges\u00a050-100mm<\/li>\n<li>1\/4&Prime;\u00a0Rallonge flexible 145mm<\/li>\n<li>1\/4&Prime;\u00a0Cardan universel<\/li>\n<li>1\/4&Prime;\u00a0Douille magn\u00e9tique<\/li>\n<li>Tournevis porte-douille carr\u00e9 1\/4&Prime;<\/li>\n<\/ul>\n<ul>\n<li>1\/2&Prime; Douilles\u00a010-11-12-13-14-15-16-17-18-19-21-22-24-27-30-32mm<\/li>\n<li>1\/2&Prime; Douilles longue\u00a014-15-17-19-22-24mm<\/li>\n<li>1\/2&Prime; Douilles\u00a0Torx E12-E14-E16-E18-E20-E22-E24<\/li>\n<li>1\/2&Prime;\u00a0Cliquet r\u00e9versible 36 dents<\/li>\n<li>1\/2\u00a0\u00bb Rallonges\u00a0125-250mm<\/li>\n<li>1\/2&Prime;\u00a0Cardan universel<\/li>\n<li>1\/2&Prime; Douilles pour bougies\u00a016-20.6mm<\/li>\n<li>Adaptateur 3\/8&Prime; x 1\/2&Prime;<\/li>\n<li>Cl\u00e9s m\u00e2les coud\u00e9es\u00a06 pans\u00a01.27-1.5-2-2.5-3-4-5-6-8-10mm<\/li>\n<\/ul>\n<p>&nbsp;<\/p>\n<div><b>Tiroir<\/b><strong>\u00a02:<\/strong><\/div>\n<ul>\n<li>Pince \u00e0 long bec\u00a0200mm<\/li>\n<li>Pince universelle\u00a0180mm<\/li>\n<li>Pince coupante\u00a0180mm<\/li>\n<li>Pince grip\u00a0250mm<\/li>\n<li>Pince multiprise\u00a0250mm<\/li>\n<li>Cl\u00e9 \u00e0 molette\u00a0250mm<\/li>\n<li>Tournevis Philips\u00a0PH.1-PH.2-PH.3<\/li>\n<li>Tournevis Boule Philips\u00a0PH.1-PH.2<\/li>\n<li>Tournevis Fente\u00a03-3.5-4-5.5-6.5-8mm<\/li>\n<li>Tournevis Boule Fente\u00a05.5-6.5mm<\/li>\n<li>Aimanteur \/ d\u00e9saimanteur<\/li>\n<\/ul>\n<p>&nbsp;<\/p>\n<div><b>Tiroir<\/b>\u00a0<strong>3:<\/strong><\/div>\n<ul>\n<li>Cl\u00e9s \u00e0 fourches: 6&#215;7-8&#215;9-10&#215;11-12&#215;13-14&#215;15-16&#215;17-18&#215;19-20&#215;22-21x23mm<\/li>\n<li>Cl\u00e9s mixtes: 6-7-8-9-10-11-12-13-14-15-16-17-18-19-20-21-22-24mm<\/li>\n<li>Cl\u00e9s polygonales (t\u00eate 75\u00b0): 6&#215;7-8&#215;9-10&#215;11-12&#215;13-14&#215;15-16&#215;17-18&#215;19-20&#215;22-21x23mm<\/li>\n<\/ul>\n<p>&nbsp;<\/p>\n<div><b>Tiroir<\/b>\u00a0<strong>4:<\/strong><\/div>\n<ul>\n<li>Grattoir<\/li>\n<li>Cutter<\/li>\n<li>M\u00e8tre \u00e0 ruban 5m<\/li>\n<li>Burin pointu<\/li>\n<li>Burins \u00e0 profil constant\u00a012-21-26mm<\/li>\n<li>Chasse-goupilles 2-3-4-5-6-8mm<\/li>\n<li>Chasse-clous\u00a03mm<\/li>\n<li>Pointeau\u00a04mm<\/li>\n<li>Ciseaux\u00a0145mm<\/li>\n<li>Marteau 300gr<\/li>\n<li>Marteau nylon\u00a0400gr<\/li>\n<li>Doigt magn\u00e9tique flexible lumineux<\/li>\n<li>Lames de precision 26 pc (MM &amp; Pouce)<\/li>\n<\/ul>\n","protected":false},"excerpt":{"rendered":"<p>Cette servante d&rsquo;atelier de Force Practical Series est robuste, de qualit\u00e9 professionnelle, id\u00e9ale pour votre garage ou atelier.<br \/>\nEquip\u00e9e de 4 modules de servante en mousse avec 193 outils \u00e0 main. Cette servante d&rsquo;atelier offre une capacit\u00e9 de rangement importante pour vos outils. Avec 8 tiroirs, cette servante d&rsquo;atelier r\u00e9pondra \u00e0 vos besoins de rangement d&rsquo;outils pour une dur\u00e9e de vie extr\u00eamement longue.<br \/>\nL&rsquo;ouverture des tiroirs se fait \u00e0 100%. La fermeture se fait par verrouillage centralis\u00e9 (2 cl\u00e9 incluses.)\u00a0Gr\u00e2ce \u00e0 ses 4 roues en caoutchouc, 2 fixes et 2 rotatives avec freins. La peinture ext\u00e9rieure poudr\u00e9e offre une finition impeccable.<br \/>\nGrand plan de travail en polypropyl\u00e8ne, avec rebords int\u00e9gr\u00e9s \u00e9vitant la chute d&rsquo;outils pendant le d\u00e9placement. R\u00e9sistance aux impacts et aux hydrocarbures. 2 poign\u00e9es int\u00e9gr\u00e9es, une pour le d\u00e9placement et une autre permettant de soulever la servante pour le passage d&rsquo;obstacles.<br \/>\nId\u00e9al pour le transport d&rsquo;outils sur les zones de travaux, les chantiers, les ateliers, les garages.<\/p>\n","protected":false},"featured_media":1871,"template":"","meta":[],"brands":[{"id":29,"name":"FORCE","slug":"force"}],"_links":{"self":[{"href":"http:\/\/www.le-professionnel.com\/index.php?rest_route=\/wp\/v2\/product\/1931"}],"collection":[{"href":"http:\/\/www.le-professionnel.com\/index.php?rest_route=\/wp\/v2\/product"}],"about":[{"href":"http:\/\/www.le-professionnel.com\/index.php?rest_route=\/wp\/v2\/types\/product"}],"version-history":[{"count":1,"href":"http:\/\/www.le-professionnel.com\/index.php?rest_route=\/wp\/v2\/product\/1931\/revisions"}],"predecessor-version":[{"id":1936,"href":"http:\/\/www.le-professionnel.com\/index.php?rest_route=\/wp\/v2\/product\/1931\/revisions\/1936"}],"wp:featuredmedia":[{"embeddable":true,"href":"http:\/\/www.le-professionnel.com\/index.php?rest_route=\/wp\/v2\/media\/1871"}],"wp:attachment":[{"href":"http:\/\/www.le-professionnel.com\/index.php?rest_route=%2Fwp%2Fv2%2Fmedia&parent=1931"}],"curies":[{"name":"wp","href":"https:\/\/api.w.org\/{rel}","templated":true}]}}